{"id":4067,"date":"2025-10-16T13:27:44","date_gmt":"2025-10-16T10:27:44","guid":{"rendered":"https:\/\/tammetorubbq.ee\/?post_type=product&#038;p=4067"},"modified":"2026-04-16T20:00:14","modified_gmt":"2026-04-16T17:00:14","slug":"ninja-karsta-gaisa-friteze-dubulta-kaudze-xl-2-atvilktnes-balta","status":"publish","type":"product","link":"https:\/\/tammetorubbq.ee\/lv\/product-2\/ninja-karsta-gaisa-friteze-dubulta-kaudze-xl-2-atvilktnes-balta\/","title":{"rendered":"Ninja karst\u0101 gaisa frit\u0113ze Double Stack XL ar 2 atvilktn\u0113m (balta)"},"content":{"rendered":"<table class=\"woocommerce-product-attributes shop_attributes\" aria-label=\"Inform\u0101cija par produktu\">\n<tbody>\n<tr class=\"woocommerce-product-attributes-item woocommerce-product-attributes-item--weight\">\n<th class=\"woocommerce-product-attributes-item__label\" style=\"text-align: left;\" scope=\"row\">Svars<\/th>\n<td class=\"woocommerce-product-attributes-item__value\">6,3 kg<\/td>\n<\/tr>\n<tr class=\"woocommerce-product-attributes-item woocommerce-product-attributes-item--dimensions\">\n<th class=\"woocommerce-product-attributes-item__label\" scope=\"row\">Izm\u0113ri<\/th>\n<td class=\"woocommerce-product-attributes-item__value\">17,5 \u00d7 21 \u00d7 44,5 cm<\/td>\n<\/tr>\n<\/tbody>\n<\/table>\n<p>&nbsp;<\/p>\n<p data-start=\"112\" data-end=\"348\"><strong data-start=\"112\" data-end=\"121\">Ninja<\/strong>\u00a0<strong>pre\u010du z\u012bme<\/strong>\u00a0ir paz\u012bstams amerik\u0101\u0146u sadz\u012bves tehnikas z\u012bmols, kas pieder uz\u0146\u0113mumam\u00a0<strong data-start=\"187\" data-end=\"201\">SharkNinja<\/strong>. \u0160is z\u012bmols ir nov\u0113rt\u0113ts par t\u0101\u00a0<strong data-start=\"225\" data-end=\"269\">gudri un lietot\u0101jam draudz\u012bgi risin\u0101jumi.<\/strong>\u00a0kas atvieglo un padara efekt\u012bv\u0101ku ikdienas gatavo\u0161anu.<\/p>\n<p data-start=\"350\" data-end=\"651\">Ninja kl\u0101st\u0101 ietilpst\u00a0<strong data-start=\"380\" data-end=\"434\">blenderi, virtuves kombaini, fritieri, multikr\u0101snis.<\/strong>\u00a0un arvien bie\u017e\u0101k ar\u012b\u00a0<strong data-start=\"452\" data-end=\"474\">\u0101ra virtuves apr\u012bkojums<\/strong>. Visi produkti ir izstr\u0101d\u0101ti t\u0101, lai apvienotu\u00a0<strong data-start=\"507\" data-end=\"564\">funkcionalit\u0101te, uzticam\u012bba un inovat\u012bvs dizains<\/strong>lai nodro\u0161in\u0101tu vislab\u0101ko instrumentu ikvienai virtuvei - gan m\u0101jas, gan profesion\u0101lai virtuvei.<\/p>","protected":false},"excerpt":{"rendered":"<p data-start=\"203\" data-end=\"498\">Ninja Double Stack XL 2 atvilkt\u0146u karst\u0101 gaisa cepe\u0161kr\u0101sns ir gudrs un vietu taupo\u0161s risin\u0101jums ar div\u0101m vertik\u0101li izvietot\u0101m atvilktn\u0113m, kas aiz\u0146em maz\u0101k vietas uz darba virsmas. Katru atvilktni var izmantot ar da\u017e\u0101d\u0101m gatavo\u0161anas programm\u0101m, un abas atvilktnes var str\u0101d\u0101t neatkar\u012bgi vai gatavot vienlaic\u012bgi.<\/p>\n<p data-start=\"500\" data-end=\"514\"><strong data-start=\"500\" data-end=\"512\">Funkcijas<\/strong><\/p>\n<ul data-start=\"515\" data-end=\"995\">\n<li data-start=\"515\" data-end=\"570\">\n<p data-start=\"517\" data-end=\"570\">Vertik\u0101li sakrautas atvilktnes vietas taup\u012b\u0161anai<\/p>\n<\/li>\n<li data-start=\"571\" data-end=\"602\">\n<p data-start=\"573\" data-end=\"602\">Ietilp\u012bba 9,5 l (2 \u00d7 4,75 l)<\/p>\n<\/li>\n<li data-start=\"603\" data-end=\"666\">\n<p data-start=\"605\" data-end=\"666\">Cep\u0161ana \u010detros l\u012bme\u0146os ar ner\u016bs\u0113jo\u0161\u0101 t\u0113rauda plauktiem<\/p>\n<\/li>\n<li data-start=\"667\" data-end=\"714\">\n<p data-start=\"669\" data-end=\"714\">Piem\u0113rots malt\u012b\u0161u pagatavo\u0161anai l\u012bdz 8 person\u0101m<\/p>\n<\/li>\n<li data-start=\"715\" data-end=\"833\">\n<p data-start=\"717\" data-end=\"833\">Izv\u0113le no se\u0161\u0101m cep\u0161anas funkcij\u0101m: karst\u0101 gaisa cep\u0161ana, \u012bpa\u0161i krauk\u0161\u0137\u012bga cep\u0161ana, grauzd\u0113\u0161ana, cep\u0161ana, \u017e\u0101v\u0113\u0161ana, sild\u012b\u0161ana.<\/p>\n<\/li>\n<li data-start=\"834\" data-end=\"926\">\n<p data-start=\"836\" data-end=\"926\">SYNC un MATCH funkcijas, lai sinhroniz\u0113tu cep\u0161anu vai liela daudzuma \u0113dienu gatavo\u0161anu.<\/p>\n<\/li>\n<li data-start=\"927\" data-end=\"951\">\n<p data-start=\"929\" data-end=\"951\">Jaud\u012bgs 2470 W motors<\/p>\n<\/li>\n<li data-start=\"952\" data-end=\"995\">\n<p data-start=\"954\" data-end=\"995\">Energoefekt\u012bv\u0101ka nek\u0101 tradicion\u0101l\u0101 cepe\u0161kr\u0101sns<\/p>\n<\/li>\n<\/ul>\n<p data-start=\"997\" data-end=\"1013\"><strong data-start=\"997\" data-end=\"1011\">Izmanto\u0161ana<\/strong><\/p>\n<ul data-start=\"1014\" data-end=\"1380\">\n<li data-start=\"1014\" data-end=\"1071\">\n<p data-start=\"1016\" data-end=\"1071\">Katr\u0101 atvilktn\u0113 vienlaic\u012bgi var pagatavot l\u012bdz pat \u010detriem da\u017e\u0101diem \u0113dieniem.<\/p>\n<\/li>\n<li data-start=\"1072\" data-end=\"1155\">\n<p data-start=\"1074\" data-end=\"1155\">Katrs nodal\u012bjums darbojas neatkar\u012bgi ar da\u017e\u0101d\u0101m programm\u0101m, temperat\u016br\u0101m un laikiem.<\/p>\n<\/li>\n<li data-start=\"1156\" data-end=\"1219\">\n<p data-start=\"1158\" data-end=\"1219\">Ide\u0101li piem\u0113rots vienlaic\u012bgai galveno \u0113dienu un piedevu pagatavo\u0161anai<\/p>\n<\/li>\n<li data-start=\"1220\" data-end=\"1277\">\n<p data-start=\"1222\" data-end=\"1277\">Cep \u0101tr\u0101k nek\u0101 parast\u0101s ventilatora kr\u0101snis<\/p>\n<\/li>\n<li data-start=\"1278\" data-end=\"1331\">\n<p data-start=\"1280\" data-end=\"1331\">Elektroniskais vad\u012bbas panelis \u0113rtai iestat\u012b\u0161anai<\/p>\n<\/li>\n<li data-start=\"1332\" data-end=\"1380\">\n<p data-start=\"1334\" data-end=\"1380\">Digit\u0101lais taimeris un autom\u0101tisk\u0101s izsl\u0113g\u0161an\u0101s taimeris<\/p>\n<\/li>\n<\/ul>\n<p data-start=\"1382\" data-end=\"1405\"><strong data-start=\"1382\" data-end=\"1403\">Tehniskie dati<\/strong><\/p>\n<ul data-start=\"1406\" data-end=\"1631\">\n<li data-start=\"1406\" data-end=\"1425\">\n<p data-start=\"1408\" data-end=\"1425\">Jauda: 2470 W<\/p>\n<\/li>\n<li data-start=\"1426\" data-end=\"1452\">\n<p data-start=\"1428\" data-end=\"1452\">Ietilp\u012bba: l\u012bdz 2800 g<\/p>\n<\/li>\n<li data-start=\"1453\" data-end=\"1518\">\n<p data-start=\"1455\" data-end=\"1518\">Programmas: cep\u0161ana, \u017e\u0101v\u0113\u0161ana, grauzd\u0113\u0161ana, sild\u012b\u0161ana.<\/p>\n<\/li>\n<li data-start=\"1519\" data-end=\"1537\">\n<p data-start=\"1521\" data-end=\"1537\">Grozu skaits: 2<\/p>\n<\/li>\n<li data-start=\"1538\" data-end=\"1563\">\n<p data-start=\"1540\" data-end=\"1563\">Kop\u0113j\u0101 groza ietilp\u012bba: 9,5 l<\/p>\n<\/li>\n<li data-start=\"1564\" data-end=\"1580\">\n<p data-start=\"1566\" data-end=\"1580\">Displejs: j\u0101<\/p>\n<\/li>\n<li data-start=\"1581\" data-end=\"1616\">\n<p data-start=\"1583\" data-end=\"1616\">Konfigur\u0113\u0161ana, izmantojot lietotni: n\u0113<\/p>\n<\/li>\n<li data-start=\"1617\" data-end=\"1631\">\n<p data-start=\"1619\" data-end=\"1631\">Kr\u0101sa: pel\u0113ka<\/p>\n<\/li>\n<\/ul>\n<p data-start=\"1633\" data-end=\"1649\"><strong data-start=\"1633\" data-end=\"1647\">Pieg\u0101d\u0101<\/strong><\/p>\n<ul data-start=\"1650\" data-end=\"1771\">\n<li data-start=\"1650\" data-end=\"1729\">\n<p data-start=\"1652\" data-end=\"1729\">Divas atvilktnes ar nel\u012bpo\u0161u virsmu un trauku mazg\u0101jam\u0101 ma\u0161\u012bn\u0101, k\u0101 ar\u012b trauku krauk\u0161anas plate<\/p>\n<\/li>\n<li data-start=\"1730\" data-end=\"1771\">\n<p data-start=\"1732\" data-end=\"1771\">Divi ner\u016bs\u0113jo\u0161\u0101 t\u0113rauda re\u017e\u0123i<\/p>\n<\/li>\n<\/ul>\n<p><img loading=\"lazy\" decoding=\"async\" class=\"wp-image-3980\" src=\"http:\/\/tammetorubbq.ee\/wp-content\/uploads\/2025\/10\/Ninja-logo-300x300.webp\" alt=\"Ninja logotips\" width=\"180\" height=\"180\" srcset=\"https:\/\/tammetorubbq.ee\/wp-content\/uploads\/2025\/10\/Ninja-logo-300x300.webp 300w, https:\/\/tammetorubbq.ee\/wp-content\/uploads\/2025\/10\/Ninja-logo-150x150.webp 150w, https:\/\/tammetorubbq.ee\/wp-content\/uploads\/2025\/10\/Ninja-logo-12x12.webp 12w, https:\/\/tammetorubbq.ee\/wp-content\/uploads\/2025\/10\/Ninja-logo-600x600.webp 600w, https:\/\/tammetorubbq.ee\/wp-content\/uploads\/2025\/10\/Ninja-logo-64x64.webp 64w, https:\/\/tammetorubbq.ee\/wp-content\/uploads\/2025\/10\/Ninja-logo.webp 680w\" sizes=\"auto, (max-width: 180px) 100vw, 180px\" \/><\/p>\n<p><a href=\"https:\/\/tammetorubbq.ee\/lv\/maksajiet-velak\/\"><strong>P\u0112RCIET TAGAD, MAKS\u0100JIET V\u0112L\u0100K<\/strong><\/a>\u00a0- bez procentiem!<\/p>\n<p><img loading=\"lazy\" decoding=\"async\" class=\"alignnone wp-image-2646\" src=\"http:\/\/tammetorubbq.ee\/wp-content\/uploads\/2023\/12\/inbank-wordmark.png\" alt=\"\" width=\"167\" height=\"75\" srcset=\"https:\/\/tammetorubbq.ee\/wp-content\/uploads\/2023\/12\/inbank-wordmark.png 300w, https:\/\/tammetorubbq.ee\/wp-content\/uploads\/2023\/12\/inbank-wordmark-18x8.png 18w, https:\/\/tammetorubbq.ee\/wp-content\/uploads\/2023\/12\/inbank-wordmark-64x29.png 64w\" sizes=\"auto, (max-width: 167px) 100vw, 167px\" \/><\/p>\n<p>M\u0113s pied\u0101v\u0101jam ar\u012b iesp\u0113ju maks\u0101t v\u0113l\u0101k - vien\u0101, div\u0101s vai trij\u0101s vien\u0101d\u0101s da\u013c\u0101s bez procentiem vai papildu maksas.<\/p>\n<p>M\u016bsu iepirkumu groz\u0101 varat atrast da\u017e\u0101das maks\u0101jumu iesp\u0113jas.<\/p>","protected":false},"featured_media":4072,"comment_status":"open","ping_status":"closed","template":"","meta":{"_uf_show_specific_survey":0,"_uf_disable_surveys":false},"pwb-brand":[214],"product_brand":[],"product_cat":[194,196],"product_tag":[223],"class_list":{"0":"post-4067","1":"product","2":"type-product","3":"status-publish","4":"has-post-thumbnail","6":"pwb-brand-ninja","7":"product_cat-ninja-koogiseadmed","8":"product_cat-kuumaohufrituurid","9":"product_tag-kuumaohufrituur","11":"first","12":"outofstock","13":"taxable","14":"shipping-taxable","15":"purchasable","16":"product-type-simple"},"brands":[{"id":214,"name":"Ninja","slug":"ninja"}],"_links":{"self":[{"href":"https:\/\/tammetorubbq.ee\/lv\/wp-json\/wp\/v2\/product\/4067","targetHints":{"allow":["GET"]}}],"collection":[{"href":"https:\/\/tammetorubbq.ee\/lv\/wp-json\/wp\/v2\/product"}],"about":[{"href":"https:\/\/tammetorubbq.ee\/lv\/wp-json\/wp\/v2\/types\/product"}],"replies":[{"embeddable":true,"href":"https:\/\/tammetorubbq.ee\/lv\/wp-json\/wp\/v2\/comments?post=4067"}],"wp:featuredmedia":[{"embeddable":true,"href":"https:\/\/tammetorubbq.ee\/lv\/wp-json\/wp\/v2\/media\/4072"}],"wp:attachment":[{"href":"https:\/\/tammetorubbq.ee\/lv\/wp-json\/wp\/v2\/media?parent=4067"}],"wp:term":[{"taxonomy":"pwb-brand","embeddable":true,"href":"https:\/\/tammetorubbq.ee\/lv\/wp-json\/wp\/v2\/pwb-brand?post=4067"},{"taxonomy":"product_brand","embeddable":true,"href":"https:\/\/tammetorubbq.ee\/lv\/wp-json\/wp\/v2\/product_brand?post=4067"},{"taxonomy":"product_cat","embeddable":true,"href":"https:\/\/tammetorubbq.ee\/lv\/wp-json\/wp\/v2\/product_cat?post=4067"},{"taxonomy":"product_tag","embeddable":true,"href":"https:\/\/tammetorubbq.ee\/lv\/wp-json\/wp\/v2\/product_tag?post=4067"}],"curies":[{"name":"wp","href":"https:\/\/api.w.org\/{rel}","templated":true}]}}