{"id":4073,"date":"2025-10-16T13:32:30","date_gmt":"2025-10-16T10:32:30","guid":{"rendered":"https:\/\/tammetorubbq.ee\/?post_type=product&#038;p=4073"},"modified":"2026-04-16T20:00:11","modified_gmt":"2026-04-16T17:00:11","slug":"ninja-karsta-gaisa-friteze-foodi-divzonu-76l-melna","status":"publish","type":"product","link":"https:\/\/tammetorubbq.ee\/lv\/product-2\/ninja-karsta-gaisa-friteze-foodi-divzonu-76l-melna\/","title":{"rendered":"Ninja karst\u0101 gaisa fuzora p\u0101rsegs divzonu 7,6L (melns)"},"content":{"rendered":"<table class=\"woocommerce-product-attributes shop_attributes\" aria-label=\"Inform\u0101cija par produktu\">\n<tbody>\n<tr class=\"woocommerce-product-attributes-item woocommerce-product-attributes-item--weight\">\n<th class=\"woocommerce-product-attributes-item__label\" style=\"text-align: left;\" scope=\"row\">Svars<\/th>\n<td class=\"woocommerce-product-attributes-item__value\">8,2 kg<\/td>\n<\/tr>\n<tr class=\"woocommerce-product-attributes-item woocommerce-product-attributes-item--dimensions\">\n<th class=\"woocommerce-product-attributes-item__label\" scope=\"row\">Izm\u0113ri<\/th>\n<td class=\"woocommerce-product-attributes-item__value\">26,5 \u00d7 38 \u00d7 31,5 cm<\/td>\n<\/tr>\n<\/tbody>\n<\/table>\n<p>&nbsp;<\/p>\n<p data-start=\"112\" data-end=\"348\"><strong data-start=\"112\" data-end=\"121\">Ninja<\/strong>\u00a0<strong>pre\u010du z\u012bme<\/strong>\u00a0ir paz\u012bstams amerik\u0101\u0146u sadz\u012bves tehnikas z\u012bmols, kas pieder uz\u0146\u0113mumam\u00a0<strong data-start=\"187\" data-end=\"201\">SharkNinja<\/strong>. \u0160is z\u012bmols ir nov\u0113rt\u0113ts par t\u0101\u00a0<strong data-start=\"225\" data-end=\"269\">gudri un lietot\u0101jam draudz\u012bgi risin\u0101jumi.<\/strong>\u00a0kas atvieglo un padara efekt\u012bv\u0101ku ikdienas gatavo\u0161anu.<\/p>\n<p data-start=\"350\" data-end=\"651\">Ninja kl\u0101st\u0101 ietilpst\u00a0<strong data-start=\"380\" data-end=\"434\">blenderi, virtuves kombaini, fritieri, multikr\u0101snis.<\/strong>\u00a0un arvien bie\u017e\u0101k ar\u012b\u00a0<strong data-start=\"452\" data-end=\"474\">\u0101ra virtuves apr\u012bkojums<\/strong>. Visi produkti ir izstr\u0101d\u0101ti t\u0101, lai apvienotu\u00a0<strong data-start=\"507\" data-end=\"564\">funkcionalit\u0101te, uzticam\u012bba un inovat\u012bvs dizains<\/strong>lai nodro\u0161in\u0101tu vislab\u0101ko instrumentu ikvienai virtuvei - gan m\u0101jas, gan profesion\u0101lai virtuvei.<\/p>","protected":false},"excerpt":{"rendered":"<p data-start=\"157\" data-end=\"496\">Virtuv\u0113 \u013coti svar\u012bgs ir laiks. Ninja Food divu zonu karst\u0101 gaisa frit\u0113\u017ea \u013cauj vienlaikus gatavot da\u017e\u0101dus \u0113dienus - zivis un \u010dipsus, ga\u013cu un d\u0101rze\u0146us vai burgerus un piedevas - div\u0101s atsevi\u0161\u0137\u0101s gatavo\u0161anas zon\u0101s. Pateicoties SYNC funkcijai, visi \u0113dieni tiek gatavoti vienlaic\u012bgi, pat ja gatavo\u0161anas laiks un temperat\u016bra ir at\u0161\u0137ir\u012bgi.<\/p>\n<p data-start=\"498\" data-end=\"839\">Ier\u012bces kop\u0113j\u0101 ietilp\u012bba ir 7,6 litri - katra gatavo\u0161anas groza ietilp\u012bba ir 3,8 litri. 2400 W jauda un regul\u0113jam\u0101 temperat\u016bra l\u012bdz 240 \u00b0C nodro\u0161ina \u0101tru un prec\u012bzu gatavo\u0161anu. Pateicoties LCD ekr\u0101nam un se\u0161\u0101m autom\u0101tiskaj\u0101m programm\u0101m, to ir viegli lietot. Visas no\u0146emam\u0101s da\u013cas ir ar nel\u012bpo\u0161u virsmu, un t\u0101s var mazg\u0101t trauku mazg\u0101jam\u0101 ma\u0161\u012bn\u0101, t\u0101d\u0113j\u0101di t\u012br\u012b\u0161ana ir \u0101tra un \u0113rta.<\/p>\n<p data-start=\"841\" data-end=\"855\"><strong data-start=\"841\" data-end=\"853\">Funkcijas<\/strong><\/p>\n<ul data-start=\"856\" data-end=\"1329\">\n<li data-start=\"856\" data-end=\"875\">\n<p data-start=\"858\" data-end=\"875\">Jauda: 2400 W<\/p>\n<\/li>\n<li data-start=\"876\" data-end=\"909\">\n<p data-start=\"878\" data-end=\"909\">Maksim\u0101l\u0101 ietilp\u012bba: 3200 g<\/p>\n<\/li>\n<li data-start=\"910\" data-end=\"1017\">\n<p data-start=\"912\" data-end=\"1017\">6 autom\u0101tisk\u0101s programmas: karst\u0101 gaisa cep\u0161ana, grauzd\u0113\u0161ana, cep\u0161ana, sild\u012b\u0161ana, \u017e\u0101v\u0113\u0161ana, \u012bpa\u0161i krauk\u0161\u0137\u012bga.<\/p>\n<\/li>\n<li data-start=\"1018\" data-end=\"1073\">\n<p data-start=\"1020\" data-end=\"1073\">2 \u00d7 3,8 L cep\u0161anas trauki ar nel\u012bpo\u0161u virsmu (kop\u0101 7,6 L)<\/p>\n<\/li>\n<li data-start=\"1074\" data-end=\"1108\">\n<p data-start=\"1076\" data-end=\"1108\">2 daudzfunkcion\u0101las cep\u0161anas pl\u0101tnes<\/p>\n<\/li>\n<li data-start=\"1109\" data-end=\"1148\">\n<p data-start=\"1111\" data-end=\"1148\">Regul\u0113jama temperat\u016bra: 40-240 \u00b0C<\/p>\n<\/li>\n<li data-start=\"1149\" data-end=\"1217\">\n<p data-start=\"1151\" data-end=\"1217\">Autom\u0101tiska SYNC funkcija vienlaic\u012bgai divu zonu gatavo\u0161anai<\/p>\n<\/li>\n<li data-start=\"1218\" data-end=\"1250\">\n<p data-start=\"1220\" data-end=\"1250\">Nesild\u0101ms korpuss, taimeris<\/p>\n<\/li>\n<li data-start=\"1251\" data-end=\"1294\">\n<p data-start=\"1253\" data-end=\"1294\">LCD ekr\u0101ns un elektroniskais vad\u012bbas panelis<\/p>\n<\/li>\n<li data-start=\"1295\" data-end=\"1329\">\n<p data-start=\"1297\" data-end=\"1329\">Mazg\u0101jamas trauku mazg\u0101jam\u0101 ma\u0161\u012bn\u0101<\/p>\n<\/li>\n<\/ul>\n<p><img loading=\"lazy\" decoding=\"async\" class=\"wp-image-3980\" src=\"http:\/\/tammetorubbq.ee\/wp-content\/uploads\/2025\/10\/Ninja-logo-300x300.webp\" alt=\"Ninja logotips\" width=\"180\" height=\"180\" srcset=\"https:\/\/tammetorubbq.ee\/wp-content\/uploads\/2025\/10\/Ninja-logo-300x300.webp 300w, https:\/\/tammetorubbq.ee\/wp-content\/uploads\/2025\/10\/Ninja-logo-150x150.webp 150w, https:\/\/tammetorubbq.ee\/wp-content\/uploads\/2025\/10\/Ninja-logo-12x12.webp 12w, https:\/\/tammetorubbq.ee\/wp-content\/uploads\/2025\/10\/Ninja-logo-600x600.webp 600w, https:\/\/tammetorubbq.ee\/wp-content\/uploads\/2025\/10\/Ninja-logo-64x64.webp 64w, https:\/\/tammetorubbq.ee\/wp-content\/uploads\/2025\/10\/Ninja-logo.webp 680w\" sizes=\"auto, (max-width: 180px) 100vw, 180px\" \/><\/p>\n<p><a href=\"https:\/\/tammetorubbq.ee\/lv\/maksajiet-velak\/\"><strong>P\u0112RCIET TAGAD, MAKS\u0100JIET V\u0112L\u0100K<\/strong><\/a>\u00a0- bez procentiem!<\/p>\n<p><img loading=\"lazy\" decoding=\"async\" class=\"alignnone wp-image-2646\" src=\"http:\/\/tammetorubbq.ee\/wp-content\/uploads\/2023\/12\/inbank-wordmark.png\" alt=\"\" width=\"167\" height=\"75\" srcset=\"https:\/\/tammetorubbq.ee\/wp-content\/uploads\/2023\/12\/inbank-wordmark.png 300w, https:\/\/tammetorubbq.ee\/wp-content\/uploads\/2023\/12\/inbank-wordmark-18x8.png 18w, https:\/\/tammetorubbq.ee\/wp-content\/uploads\/2023\/12\/inbank-wordmark-64x29.png 64w\" sizes=\"auto, (max-width: 167px) 100vw, 167px\" \/><\/p>\n<p>M\u0113s pied\u0101v\u0101jam ar\u012b iesp\u0113ju maks\u0101t v\u0113l\u0101k - vien\u0101, div\u0101s vai trij\u0101s vien\u0101d\u0101s da\u013c\u0101s bez procentiem vai papildu maksas.<\/p>\n<p>M\u016bsu iepirkumu groz\u0101 varat atrast da\u017e\u0101das maks\u0101jumu iesp\u0113jas.<\/p>","protected":false},"featured_media":4077,"comment_status":"open","ping_status":"closed","template":"","meta":{"_uf_show_specific_survey":0,"_uf_disable_surveys":false},"pwb-brand":[214],"product_brand":[],"product_cat":[194,196],"product_tag":[223],"class_list":{"0":"post-4073","1":"product","2":"type-product","3":"status-publish","4":"has-post-thumbnail","6":"pwb-brand-ninja","7":"product_cat-ninja-koogiseadmed","8":"product_cat-kuumaohufrituurid","9":"product_tag-kuumaohufrituur","11":"first","12":"instock","13":"taxable","14":"shipping-taxable","15":"purchasable","16":"product-type-simple"},"brands":[{"id":214,"name":"Ninja","slug":"ninja"}],"_links":{"self":[{"href":"https:\/\/tammetorubbq.ee\/lv\/wp-json\/wp\/v2\/product\/4073","targetHints":{"allow":["GET"]}}],"collection":[{"href":"https:\/\/tammetorubbq.ee\/lv\/wp-json\/wp\/v2\/product"}],"about":[{"href":"https:\/\/tammetorubbq.ee\/lv\/wp-json\/wp\/v2\/types\/product"}],"replies":[{"embeddable":true,"href":"https:\/\/tammetorubbq.ee\/lv\/wp-json\/wp\/v2\/comments?post=4073"}],"wp:featuredmedia":[{"embeddable":true,"href":"https:\/\/tammetorubbq.ee\/lv\/wp-json\/wp\/v2\/media\/4077"}],"wp:attachment":[{"href":"https:\/\/tammetorubbq.ee\/lv\/wp-json\/wp\/v2\/media?parent=4073"}],"wp:term":[{"taxonomy":"pwb-brand","embeddable":true,"href":"https:\/\/tammetorubbq.ee\/lv\/wp-json\/wp\/v2\/pwb-brand?post=4073"},{"taxonomy":"product_brand","embeddable":true,"href":"https:\/\/tammetorubbq.ee\/lv\/wp-json\/wp\/v2\/product_brand?post=4073"},{"taxonomy":"product_cat","embeddable":true,"href":"https:\/\/tammetorubbq.ee\/lv\/wp-json\/wp\/v2\/product_cat?post=4073"},{"taxonomy":"product_tag","embeddable":true,"href":"https:\/\/tammetorubbq.ee\/lv\/wp-json\/wp\/v2\/product_tag?post=4073"}],"curies":[{"name":"wp","href":"https:\/\/api.w.org\/{rel}","templated":true}]}}