{"id":4082,"date":"2025-10-16T13:40:48","date_gmt":"2025-10-16T10:40:48","guid":{"rendered":"https:\/\/tammetorubbq.ee\/?post_type=product&#038;p=4082"},"modified":"2026-04-16T20:00:14","modified_gmt":"2026-04-16T17:00:14","slug":"ninja-karsta-frite-gaisa-friteze-max-pro-62l-melna","status":"publish","type":"product","link":"https:\/\/tammetorubbq.ee\/lv\/product-2\/ninja-karsta-frite-gaisa-friteze-max-pro-62l-melna\/","title":{"rendered":"Ninja karst\u0101 gaisa frit\u0113 Filter MAX PRO 6,2L (melns)"},"content":{"rendered":"<table class=\"woocommerce-product-attributes shop_attributes\" aria-label=\"Inform\u0101cija par produktu\">\n<tbody>\n<tr class=\"woocommerce-product-attributes-item woocommerce-product-attributes-item--weight\">\n<th class=\"woocommerce-product-attributes-item__label\" style=\"text-align: left;\" scope=\"row\">Svars<\/th>\n<td class=\"woocommerce-product-attributes-item__value\">5,8 kg<\/td>\n<\/tr>\n<tr class=\"woocommerce-product-attributes-item woocommerce-product-attributes-item--dimensions\">\n<th class=\"woocommerce-product-attributes-item__label\" scope=\"row\">Izm\u0113ri<\/th>\n<td class=\"woocommerce-product-attributes-item__value\">36 \u00d7 28 \u00d7 30,5 cm<\/td>\n<\/tr>\n<\/tbody>\n<\/table>\n<p>&nbsp;<\/p>\n<p data-start=\"112\" data-end=\"348\"><strong data-start=\"112\" data-end=\"121\">Ninja<\/strong>\u00a0<strong>pre\u010du z\u012bme<\/strong>\u00a0ir paz\u012bstams amerik\u0101\u0146u sadz\u012bves tehnikas z\u012bmols, kas pieder uz\u0146\u0113mumam\u00a0<strong data-start=\"187\" data-end=\"201\">SharkNinja<\/strong>. \u0160is z\u012bmols ir nov\u0113rt\u0113ts par t\u0101\u00a0<strong data-start=\"225\" data-end=\"269\">gudri un lietot\u0101jam draudz\u012bgi risin\u0101jumi.<\/strong>\u00a0kas atvieglo un padara efekt\u012bv\u0101ku ikdienas gatavo\u0161anu.<\/p>\n<p data-start=\"350\" data-end=\"651\">Ninja kl\u0101st\u0101 ietilpst\u00a0<strong data-start=\"380\" data-end=\"434\">blenderi, virtuves kombaini, fritieri, multikr\u0101snis.<\/strong>\u00a0un arvien bie\u017e\u0101k ar\u012b\u00a0<strong data-start=\"452\" data-end=\"474\">\u0101ra virtuves apr\u012bkojums<\/strong>. Visi produkti ir izstr\u0101d\u0101ti t\u0101, lai apvienotu\u00a0<strong data-start=\"507\" data-end=\"564\">funkcionalit\u0101te, uzticam\u012bba un inovat\u012bvs dizains<\/strong>lai nodro\u0161in\u0101tu vislab\u0101ko instrumentu ikvienai virtuvei - gan m\u0101jas, gan profesion\u0101lai virtuvei.<\/p>","protected":false},"excerpt":{"rendered":"<p data-start=\"158\" data-end=\"511\">Mekl\u0113jat vietu taupo\u0161u gaisa fritieri, kur\u0101 var gatavot \u0113dienu visai \u0123imenei? Ninja Air Fryer MAX PRO 6,2 litru tilpuma groz\u0101 var izcept l\u012bdz pat 2 kg vistas ga\u013cas vai 1,4 kg fr\u012b kartupe\u013cu, kas ir ide\u0101li piem\u0113rots l\u012bdz pat \u010detr\u0101m person\u0101m. Pateicoties regul\u0113jamajai Crisper pl\u0101ksnei, \u0113dienu var gatavot div\u0113j\u0101di: vienm\u0113r\u012bgi krauk\u0161\u0137\u012bgu no apak\u0161as vai \u0101tri apcept.<\/p>\n<p data-start=\"513\" data-end=\"806\">Ninja gaisa frit\u0113 tiek pat\u0113r\u0113ts l\u012bdz pat 60% maz\u0101k ener\u0123ijas nek\u0101 parast\u0101 cepe\u0161kr\u0101sn\u012b, t\u0101d\u0113j\u0101di nodro\u0161inot maz\u0101kus ener\u0123ijas r\u0113\u0137inus un tikpat gardus rezult\u0101tus. Ier\u012bcei ir se\u0161as gatavo\u0161anas funkcijas, p\u0101rskat\u0101ms LCD ekr\u0101ns, un visas no\u0146emam\u0101s da\u013cas ir ar nel\u012bpo\u0161u virsmu, un t\u0101s var mazg\u0101t trauku mazg\u0101jam\u0101 ma\u0161\u012bn\u0101, t\u0101p\u0113c to ir viegli lietot un kopt.<\/p>\n<p data-start=\"808\" data-end=\"822\"><strong data-start=\"808\" data-end=\"820\">Funkcijas<\/strong><\/p>\n<ul data-start=\"823\" data-end=\"1264\">\n<li data-start=\"823\" data-end=\"842\">\n<p data-start=\"825\" data-end=\"842\">Jauda: 2000 W<\/p>\n<\/li>\n<li data-start=\"843\" data-end=\"876\">\n<p data-start=\"845\" data-end=\"876\">Maksim\u0101l\u0101 ietilp\u012bba: 2000 g<\/p>\n<\/li>\n<li data-start=\"877\" data-end=\"976\">\n<p data-start=\"879\" data-end=\"976\">6 programmas: karst\u0101 gaisa cep\u0161ana, grauzd\u0113\u0161ana, cep\u0161ana, sild\u012b\u0161ana, \u017e\u0101v\u0113\u0161ana, \u012bpa\u0161i krauk\u0161\u0137\u012bga.<\/p>\n<\/li>\n<li data-start=\"977\" data-end=\"1016\">\n<p data-start=\"979\" data-end=\"1016\">Regul\u0113jama temperat\u016bra: 40-240 \u00b0C<\/p>\n<\/li>\n<li data-start=\"1017\" data-end=\"1064\">\n<p data-start=\"1019\" data-end=\"1064\">6,2 l ietilp\u012bgs cepe\u0161kr\u0101sns grozs, piem\u0113rots l\u012bdz 2 kg \u0113diena<\/p>\n<\/li>\n<li data-start=\"1065\" data-end=\"1121\">\n<p data-start=\"1067\" data-end=\"1121\">Regul\u0113jama krauk\u0161\u0137u pl\u0101tne diviem gatavo\u0161anas l\u012bme\u0146iem<\/p>\n<\/li>\n<li data-start=\"1122\" data-end=\"1160\">\n<p data-start=\"1124\" data-end=\"1160\">LCD ekr\u0101ns un digit\u0101l\u0101 vad\u012bba<\/p>\n<\/li>\n<li data-start=\"1161\" data-end=\"1193\">\n<p data-start=\"1163\" data-end=\"1193\">Nesild\u0101ms korpuss, taimeris<\/p>\n<\/li>\n<li data-start=\"1194\" data-end=\"1245\">\n<p data-start=\"1196\" data-end=\"1245\">Neadhez\u012bvas un trauku mazg\u0101jam\u0101 ma\u0161\u012bn\u0101 mazg\u0101jamas da\u013cas<\/p>\n<\/li>\n<li data-start=\"1246\" data-end=\"1264\">\n<p data-start=\"1248\" data-end=\"1264\">1 cep\u0161anas grozs<\/p>\n<\/li>\n<\/ul>\n<p><img loading=\"lazy\" decoding=\"async\" class=\"wp-image-3980\" src=\"http:\/\/tammetorubbq.ee\/wp-content\/uploads\/2025\/10\/Ninja-logo-300x300.webp\" alt=\"Ninja logotips\" width=\"180\" height=\"180\" srcset=\"https:\/\/tammetorubbq.ee\/wp-content\/uploads\/2025\/10\/Ninja-logo-300x300.webp 300w, https:\/\/tammetorubbq.ee\/wp-content\/uploads\/2025\/10\/Ninja-logo-150x150.webp 150w, https:\/\/tammetorubbq.ee\/wp-content\/uploads\/2025\/10\/Ninja-logo-12x12.webp 12w, https:\/\/tammetorubbq.ee\/wp-content\/uploads\/2025\/10\/Ninja-logo-600x600.webp 600w, https:\/\/tammetorubbq.ee\/wp-content\/uploads\/2025\/10\/Ninja-logo-64x64.webp 64w, https:\/\/tammetorubbq.ee\/wp-content\/uploads\/2025\/10\/Ninja-logo.webp 680w\" sizes=\"auto, (max-width: 180px) 100vw, 180px\" \/><\/p>\n<p><a href=\"https:\/\/tammetorubbq.ee\/lv\/maksajiet-velak\/\"><strong>P\u0112RCIET TAGAD, MAKS\u0100JIET V\u0112L\u0100K<\/strong><\/a>\u00a0- bez procentiem!<\/p>\n<p><img loading=\"lazy\" decoding=\"async\" class=\"alignnone wp-image-2646\" src=\"http:\/\/tammetorubbq.ee\/wp-content\/uploads\/2023\/12\/inbank-wordmark.png\" alt=\"\" width=\"167\" height=\"75\" srcset=\"https:\/\/tammetorubbq.ee\/wp-content\/uploads\/2023\/12\/inbank-wordmark.png 300w, https:\/\/tammetorubbq.ee\/wp-content\/uploads\/2023\/12\/inbank-wordmark-18x8.png 18w, https:\/\/tammetorubbq.ee\/wp-content\/uploads\/2023\/12\/inbank-wordmark-64x29.png 64w\" sizes=\"auto, (max-width: 167px) 100vw, 167px\" \/><\/p>\n<p>M\u0113s pied\u0101v\u0101jam ar\u012b iesp\u0113ju maks\u0101t v\u0113l\u0101k - vien\u0101, div\u0101s vai trij\u0101s vien\u0101d\u0101s da\u013c\u0101s bez procentiem vai papildu maksas.<\/p>\n<p>M\u016bsu iepirkumu groz\u0101 varat atrast da\u017e\u0101das maks\u0101jumu iesp\u0113jas.<\/p>","protected":false},"featured_media":4085,"comment_status":"open","ping_status":"closed","template":"","meta":{"_uf_show_specific_survey":0,"_uf_disable_surveys":false},"pwb-brand":[214],"product_brand":[],"product_cat":[194,196],"product_tag":[223],"class_list":{"0":"post-4082","1":"product","2":"type-product","3":"status-publish","4":"has-post-thumbnail","6":"pwb-brand-ninja","7":"product_cat-ninja-koogiseadmed","8":"product_cat-kuumaohufrituurid","9":"product_tag-kuumaohufrituur","11":"first","12":"instock","13":"taxable","14":"shipping-taxable","15":"purchasable","16":"product-type-simple"},"brands":[{"id":214,"name":"Ninja","slug":"ninja"}],"_links":{"self":[{"href":"https:\/\/tammetorubbq.ee\/lv\/wp-json\/wp\/v2\/product\/4082","targetHints":{"allow":["GET"]}}],"collection":[{"href":"https:\/\/tammetorubbq.ee\/lv\/wp-json\/wp\/v2\/product"}],"about":[{"href":"https:\/\/tammetorubbq.ee\/lv\/wp-json\/wp\/v2\/types\/product"}],"replies":[{"embeddable":true,"href":"https:\/\/tammetorubbq.ee\/lv\/wp-json\/wp\/v2\/comments?post=4082"}],"wp:featuredmedia":[{"embeddable":true,"href":"https:\/\/tammetorubbq.ee\/lv\/wp-json\/wp\/v2\/media\/4085"}],"wp:attachment":[{"href":"https:\/\/tammetorubbq.ee\/lv\/wp-json\/wp\/v2\/media?parent=4082"}],"wp:term":[{"taxonomy":"pwb-brand","embeddable":true,"href":"https:\/\/tammetorubbq.ee\/lv\/wp-json\/wp\/v2\/pwb-brand?post=4082"},{"taxonomy":"product_brand","embeddable":true,"href":"https:\/\/tammetorubbq.ee\/lv\/wp-json\/wp\/v2\/product_brand?post=4082"},{"taxonomy":"product_cat","embeddable":true,"href":"https:\/\/tammetorubbq.ee\/lv\/wp-json\/wp\/v2\/product_cat?post=4082"},{"taxonomy":"product_tag","embeddable":true,"href":"https:\/\/tammetorubbq.ee\/lv\/wp-json\/wp\/v2\/product_tag?post=4082"}],"curies":[{"name":"wp","href":"https:\/\/api.w.org\/{rel}","templated":true}]}}