{"id":4086,"date":"2025-10-16T13:58:27","date_gmt":"2025-10-16T10:58:27","guid":{"rendered":"https:\/\/tammetorubbq.ee\/?post_type=product&#038;p=4086"},"modified":"2026-04-17T08:00:35","modified_gmt":"2026-04-17T05:00:35","slug":"ninja-karsta-frite-gaisa-friteze-pro-47l-peleka","status":"publish","type":"product","link":"https:\/\/tammetorubbq.ee\/lv\/product-2\/ninja-karsta-frite-gaisa-friteze-pro-47l-peleka\/","title":{"rendered":"Ninja karst\u0101 gaisa frit\u0113ze Air Fryer PRO 4,7L (pel\u0113ka)"},"content":{"rendered":"<table class=\"woocommerce-product-attributes shop_attributes\" aria-label=\"Inform\u0101cija par produktu\">\n<tbody>\n<tr class=\"woocommerce-product-attributes-item woocommerce-product-attributes-item--weight\">\n<th class=\"woocommerce-product-attributes-item__label\" style=\"text-align: left;\" scope=\"row\">Svars<\/th>\n<td class=\"woocommerce-product-attributes-item__value\">4,8 kg<\/td>\n<\/tr>\n<tr class=\"woocommerce-product-attributes-item woocommerce-product-attributes-item--dimensions\">\n<th class=\"woocommerce-product-attributes-item__label\" scope=\"row\">Izm\u0113ri<\/th>\n<td class=\"woocommerce-product-attributes-item__value\">36 \u00d7 28,5 \u00d7 26,5 cm<\/td>\n<\/tr>\n<\/tbody>\n<\/table>\n<p>&nbsp;<\/p>\n<p data-start=\"112\" data-end=\"348\"><strong data-start=\"112\" data-end=\"121\">Ninja<\/strong>\u00a0<strong>pre\u010du z\u012bme<\/strong>\u00a0ir paz\u012bstams amerik\u0101\u0146u sadz\u012bves tehnikas z\u012bmols, kas pieder uz\u0146\u0113mumam\u00a0<strong data-start=\"187\" data-end=\"201\">SharkNinja<\/strong>. \u0160is z\u012bmols ir nov\u0113rt\u0113ts par t\u0101\u00a0<strong data-start=\"225\" data-end=\"269\">gudri un lietot\u0101jam draudz\u012bgi risin\u0101jumi.<\/strong>\u00a0kas atvieglo un padara efekt\u012bv\u0101ku ikdienas gatavo\u0161anu.<\/p>\n<p data-start=\"350\" data-end=\"651\">Ninja kl\u0101st\u0101 ietilpst\u00a0<strong data-start=\"380\" data-end=\"434\">blenderi, virtuves kombaini, fritieri, multikr\u0101snis.<\/strong>\u00a0un arvien bie\u017e\u0101k ar\u012b\u00a0<strong data-start=\"452\" data-end=\"474\">\u0101ra virtuves apr\u012bkojums<\/strong>. Visi produkti ir izstr\u0101d\u0101ti t\u0101, lai apvienotu\u00a0<strong data-start=\"507\" data-end=\"564\">funkcionalit\u0101te, uzticam\u012bba un inovat\u012bvs dizains<\/strong>lai nodro\u0161in\u0101tu vislab\u0101ko instrumentu ikvienai virtuvei - gan m\u0101jas, gan profesion\u0101lai virtuvei.<\/p>","protected":false},"excerpt":{"rendered":"<p data-start=\"141\" data-end=\"433\">Ninja Air Fryer PRO \u013cauj pagatavot gardus un krauk\u0161\u0137\u012bgus \u0113dienus, izmantojot l\u012bdz pat 75% maz\u0101k tauku nek\u0101 parastaj\u0101 frit\u0113. AirCrisp tehnolo\u0123ija izmanto p\u0101rkars\u0113tu gaisu, lai ieg\u016btu zeltaini br\u016bnu un krauk\u0161\u0137\u012bgu rezult\u0101tu l\u012bdz pat 210\u00b0C temperat\u016br\u0101 - \u0101tr\u0101k un energoefekt\u012bv\u0101k nek\u0101 parast\u0101 cepe\u0161kr\u0101sn\u012b.<\/p>\n<p data-start=\"435\" data-end=\"787\">Digit\u0101lais vad\u012bbas panelis un \u010detras iepriek\u0161 iestat\u012btas programmas atvieglo lieto\u0161anu gan ies\u0101c\u0113jiem, gan pieredz\u0113ju\u0161iem pav\u0101riem. Ar 4,7 litru lielu gatavo\u0161anas grozu ar nel\u012bpo\u0161u virsmu var pagatavot l\u012bdz 1 kg \u0113diena vienlaikus. Uztur\u0113\u0161ana ir \u0101tra un vienk\u0101r\u0161a, jo visas no\u0146emam\u0101s da\u013cas var mazg\u0101t trauku mazg\u0101jam\u0101 ma\u0161\u012bn\u0101. Kompakta un efekt\u012bva virtuves ier\u012bce ikdienas lieto\u0161anai.<\/p>\n<p data-start=\"789\" data-end=\"803\"><strong data-start=\"789\" data-end=\"801\">Funkcijas<\/strong><\/p>\n<ul data-start=\"804\" data-end=\"1130\">\n<li data-start=\"804\" data-end=\"823\">\n<p data-start=\"806\" data-end=\"823\">Jauda: 1750 W<\/p>\n<\/li>\n<li data-start=\"824\" data-end=\"897\">\n<p data-start=\"826\" data-end=\"897\">4 programmas: karst\u0101 gaisa cep\u0161ana, grauzd\u0113\u0161ana, sild\u012b\u0161ana, \u017e\u0101v\u0113\u0161ana.<\/p>\n<\/li>\n<li data-start=\"898\" data-end=\"937\">\n<p data-start=\"900\" data-end=\"937\">Regul\u0113jama temperat\u016bra: 40-210 \u00b0C<\/p>\n<\/li>\n<li data-start=\"938\" data-end=\"986\">\n<p data-start=\"940\" data-end=\"986\">4,7 L gatavo\u0161anas grozs - l\u012bdz 1 kg \u0113diena.<\/p>\n<\/li>\n<li data-start=\"987\" data-end=\"1026\">\n<p data-start=\"989\" data-end=\"1026\">LCD ekr\u0101ns un digit\u0101lais vad\u012bbas panelis<\/p>\n<\/li>\n<li data-start=\"1027\" data-end=\"1059\">\n<p data-start=\"1029\" data-end=\"1059\">Nesild\u0101ms korpuss, taimeris<\/p>\n<\/li>\n<li data-start=\"1060\" data-end=\"1111\">\n<p data-start=\"1062\" data-end=\"1111\">Neadhez\u012bvas un trauku mazg\u0101jam\u0101 ma\u0161\u012bn\u0101 mazg\u0101jamas da\u013cas<\/p>\n<\/li>\n<li data-start=\"1112\" data-end=\"1130\">\n<p data-start=\"1114\" data-end=\"1130\">Grozu skaits: 1<\/p>\n<\/li>\n<\/ul>\n<p><img loading=\"lazy\" decoding=\"async\" class=\"wp-image-3980\" src=\"http:\/\/tammetorubbq.ee\/wp-content\/uploads\/2025\/10\/Ninja-logo-300x300.webp\" alt=\"Ninja logotips\" width=\"180\" height=\"180\" srcset=\"https:\/\/tammetorubbq.ee\/wp-content\/uploads\/2025\/10\/Ninja-logo-300x300.webp 300w, https:\/\/tammetorubbq.ee\/wp-content\/uploads\/2025\/10\/Ninja-logo-150x150.webp 150w, https:\/\/tammetorubbq.ee\/wp-content\/uploads\/2025\/10\/Ninja-logo-12x12.webp 12w, https:\/\/tammetorubbq.ee\/wp-content\/uploads\/2025\/10\/Ninja-logo-600x600.webp 600w, https:\/\/tammetorubbq.ee\/wp-content\/uploads\/2025\/10\/Ninja-logo-64x64.webp 64w, https:\/\/tammetorubbq.ee\/wp-content\/uploads\/2025\/10\/Ninja-logo.webp 680w\" sizes=\"auto, (max-width: 180px) 100vw, 180px\" \/><\/p>\n<p><a href=\"https:\/\/tammetorubbq.ee\/lv\/maksajiet-velak\/\"><strong>P\u0112RCIET TAGAD, MAKS\u0100JIET V\u0112L\u0100K<\/strong><\/a>\u00a0- bez procentiem!<\/p>\n<p><img loading=\"lazy\" decoding=\"async\" class=\"alignnone wp-image-2646\" src=\"http:\/\/tammetorubbq.ee\/wp-content\/uploads\/2023\/12\/inbank-wordmark.png\" alt=\"\" width=\"167\" height=\"75\" srcset=\"https:\/\/tammetorubbq.ee\/wp-content\/uploads\/2023\/12\/inbank-wordmark.png 300w, https:\/\/tammetorubbq.ee\/wp-content\/uploads\/2023\/12\/inbank-wordmark-18x8.png 18w, https:\/\/tammetorubbq.ee\/wp-content\/uploads\/2023\/12\/inbank-wordmark-64x29.png 64w\" sizes=\"auto, (max-width: 167px) 100vw, 167px\" \/><\/p>\n<p>M\u0113s pied\u0101v\u0101jam ar\u012b iesp\u0113ju maks\u0101t v\u0113l\u0101k - vien\u0101, div\u0101s vai trij\u0101s vien\u0101d\u0101s da\u013c\u0101s bez procentiem vai papildu maksas.<\/p>\n<p>M\u016bsu iepirkumu groz\u0101 varat atrast da\u017e\u0101das maks\u0101jumu iesp\u0113jas.<\/p>","protected":false},"featured_media":4089,"comment_status":"open","ping_status":"closed","template":"","meta":{"_uf_show_specific_survey":0,"_uf_disable_surveys":false},"pwb-brand":[214],"product_brand":[],"product_cat":[194,196],"product_tag":[223],"class_list":{"0":"post-4086","1":"product","2":"type-product","3":"status-publish","4":"has-post-thumbnail","6":"pwb-brand-ninja","7":"product_cat-ninja-koogiseadmed","8":"product_cat-kuumaohufrituurid","9":"product_tag-kuumaohufrituur","11":"first","12":"instock","13":"taxable","14":"shipping-taxable","15":"purchasable","16":"product-type-simple"},"brands":[{"id":214,"name":"Ninja","slug":"ninja"}],"_links":{"self":[{"href":"https:\/\/tammetorubbq.ee\/lv\/wp-json\/wp\/v2\/product\/4086","targetHints":{"allow":["GET"]}}],"collection":[{"href":"https:\/\/tammetorubbq.ee\/lv\/wp-json\/wp\/v2\/product"}],"about":[{"href":"https:\/\/tammetorubbq.ee\/lv\/wp-json\/wp\/v2\/types\/product"}],"replies":[{"embeddable":true,"href":"https:\/\/tammetorubbq.ee\/lv\/wp-json\/wp\/v2\/comments?post=4086"}],"wp:featuredmedia":[{"embeddable":true,"href":"https:\/\/tammetorubbq.ee\/lv\/wp-json\/wp\/v2\/media\/4089"}],"wp:attachment":[{"href":"https:\/\/tammetorubbq.ee\/lv\/wp-json\/wp\/v2\/media?parent=4086"}],"wp:term":[{"taxonomy":"pwb-brand","embeddable":true,"href":"https:\/\/tammetorubbq.ee\/lv\/wp-json\/wp\/v2\/pwb-brand?post=4086"},{"taxonomy":"product_brand","embeddable":true,"href":"https:\/\/tammetorubbq.ee\/lv\/wp-json\/wp\/v2\/product_brand?post=4086"},{"taxonomy":"product_cat","embeddable":true,"href":"https:\/\/tammetorubbq.ee\/lv\/wp-json\/wp\/v2\/product_cat?post=4086"},{"taxonomy":"product_tag","embeddable":true,"href":"https:\/\/tammetorubbq.ee\/lv\/wp-json\/wp\/v2\/product_tag?post=4086"}],"curies":[{"name":"wp","href":"https:\/\/api.w.org\/{rel}","templated":true}]}}