{"id":4090,"date":"2025-10-16T14:03:24","date_gmt":"2025-10-16T11:03:24","guid":{"rendered":"https:\/\/tammetorubbq.ee\/?post_type=product&#038;p=4090"},"modified":"2026-04-19T18:01:08","modified_gmt":"2026-04-19T15:01:08","slug":"ninja-karsta-frite-gaisa-friteze-38l-peleka","status":"publish","type":"product","link":"https:\/\/tammetorubbq.ee\/lv\/product-2\/ninja-karsta-frite-gaisa-friteze-38l-peleka\/","title":{"rendered":"Ninja karst\u0101 gaisa frit\u0113 gaisa frit\u0113ze 3,8L (pel\u0113ka)"},"content":{"rendered":"<table class=\"woocommerce-product-attributes shop_attributes\" aria-label=\"Inform\u0101cija par produktu\">\n<tbody>\n<tr class=\"woocommerce-product-attributes-item woocommerce-product-attributes-item--weight\">\n<th class=\"woocommerce-product-attributes-item__label\" style=\"text-align: left;\" scope=\"row\">Svars<\/th>\n<td class=\"woocommerce-product-attributes-item__value\">4,4 kg<\/td>\n<\/tr>\n<tr class=\"woocommerce-product-attributes-item woocommerce-product-attributes-item--dimensions\">\n<th class=\"woocommerce-product-attributes-item__label\" scope=\"row\">Izm\u0113ri<\/th>\n<td class=\"woocommerce-product-attributes-item__value\">33,8 \u00d7 27,9 \u00d7 34,5 cm<\/td>\n<\/tr>\n<\/tbody>\n<\/table>\n<p>&nbsp;<\/p>\n<p data-start=\"112\" data-end=\"348\"><strong data-start=\"112\" data-end=\"121\">Ninja<\/strong>\u00a0<strong>pre\u010du z\u012bme<\/strong>\u00a0ir paz\u012bstams amerik\u0101\u0146u sadz\u012bves tehnikas z\u012bmols, kas pieder uz\u0146\u0113mumam\u00a0<strong data-start=\"187\" data-end=\"201\">SharkNinja<\/strong>. \u0160is z\u012bmols ir nov\u0113rt\u0113ts par t\u0101\u00a0<strong data-start=\"225\" data-end=\"269\">gudri un lietot\u0101jam draudz\u012bgi risin\u0101jumi.<\/strong>\u00a0kas atvieglo un padara efekt\u012bv\u0101ku ikdienas gatavo\u0161anu.<\/p>\n<p data-start=\"350\" data-end=\"651\">Ninja kl\u0101st\u0101 ietilpst\u00a0<strong data-start=\"380\" data-end=\"434\">blenderi, virtuves kombaini, fritieri, multikr\u0101snis.<\/strong>\u00a0un arvien bie\u017e\u0101k ar\u012b\u00a0<strong data-start=\"452\" data-end=\"474\">\u0101ra virtuves apr\u012bkojums<\/strong>. Visi produkti ir izstr\u0101d\u0101ti t\u0101, lai apvienotu\u00a0<strong data-start=\"507\" data-end=\"564\">funkcionalit\u0101te, uzticam\u012bba un inovat\u012bvs dizains<\/strong>lai nodro\u0161in\u0101tu vislab\u0101ko instrumentu ikvienai virtuvei - gan m\u0101jas, gan profesion\u0101lai virtuvei.<\/p>","protected":false},"excerpt":{"rendered":"<p data-start=\"137\" data-end=\"468\">Atkl\u0101jiet \u0101tru un vienk\u0101r\u0161u veidu, k\u0101 pagatavot gardus \u0113dienus un uzkodas, izmantojot maz e\u013c\u013cas vai bez t\u0101s. Sal\u012bdzinot ar parasto cep\u0161anu, Ninja Air Fryer samazina tauku daudzumu l\u012bdz pat 75%, vienlaikus saglab\u0101jot krauk\u0161\u0137\u012bgu tekst\u016bru un lielisku gar\u0161u - neatkar\u012bgi no t\u0101, vai tie ir zeltainie fr\u012b kartupe\u013ci, cepti d\u0101rze\u0146i vai citi iecien\u012bti \u0113dieni.<\/p>\n<p data-start=\"470\" data-end=\"849\">T\u0101 ir daudz vair\u0101k nek\u0101 tikai frit\u0113ze - ar \u010detr\u0101m gatavo\u0161anas funkcij\u0101m j\u016bs varat ar\u012b grauzd\u0113t, kars\u0113t un \u017e\u0101v\u0113t \u0113dienu. 3,8 litru lielaj\u0101 pann\u0101 ar keramikas p\u0101rkl\u0101jumu var ievietot l\u012bdz 900 g \u0113diena, un to ir viegli t\u012br\u012bt, jo visas no\u0146emam\u0101s da\u013cas var mazg\u0101t trauku mazg\u0101jam\u0101 ma\u0161\u012bn\u0101. Kompaktais dizains un vienk\u0101r\u0161\u0101 LCD vad\u012bba padara frit\u0113t\u0101ju ide\u0101li piem\u0113rotu ikdienas lieto\u0161anai.<\/p>\n<p data-start=\"851\" data-end=\"865\"><strong data-start=\"851\" data-end=\"863\">Funkcijas<\/strong><\/p>\n<ul data-start=\"866\" data-end=\"1250\">\n<li data-start=\"866\" data-end=\"885\">\n<p data-start=\"868\" data-end=\"885\">Jauda: 1550 W<\/p>\n<\/li>\n<li data-start=\"886\" data-end=\"961\">\n<p data-start=\"888\" data-end=\"961\">4 funkcijas: karst\u0101 gaisa cep\u0161ana, cep\u0161ana, kars\u0113\u0161ana, sild\u012b\u0161ana, \u017e\u0101v\u0113\u0161ana.<\/p>\n<\/li>\n<li data-start=\"962\" data-end=\"1001\">\n<p data-start=\"964\" data-end=\"1001\">Regul\u0113jama temperat\u016bra: 40-210 \u00b0C<\/p>\n<\/li>\n<li data-start=\"1002\" data-end=\"1047\">\n<p data-start=\"1004\" data-end=\"1047\">3,8 L panna un cep\u0161anas papl\u0101te<\/p>\n<\/li>\n<li data-start=\"1048\" data-end=\"1076\">\n<p data-start=\"1050\" data-end=\"1076\">Ietilpst l\u012bdz 900 g p\u0101rtikas produktu<\/p>\n<\/li>\n<li data-start=\"1077\" data-end=\"1109\">\n<p data-start=\"1079\" data-end=\"1109\">Nesild\u0101ms korpuss, taimeris<\/p>\n<\/li>\n<li data-start=\"1110\" data-end=\"1187\">\n<p data-start=\"1112\" data-end=\"1187\">Neadhez\u012bva apdare, visas no\u0146emam\u0101s da\u013cas var mazg\u0101t trauku mazg\u0101jam\u0101 ma\u0161\u012bn\u0101<\/p>\n<\/li>\n<li data-start=\"1188\" data-end=\"1231\">\n<p data-start=\"1190\" data-end=\"1231\">LCD ekr\u0101ns un elektroniskais vad\u012bbas panelis<\/p>\n<\/li>\n<li data-start=\"1232\" data-end=\"1250\">\n<p data-start=\"1234\" data-end=\"1250\">Grozu skaits: 1<\/p>\n<\/li>\n<\/ul>\n<p><img loading=\"lazy\" decoding=\"async\" class=\"wp-image-3980\" src=\"http:\/\/tammetorubbq.ee\/wp-content\/uploads\/2025\/10\/Ninja-logo-300x300.webp\" alt=\"Ninja logotips\" width=\"180\" height=\"180\" srcset=\"https:\/\/tammetorubbq.ee\/wp-content\/uploads\/2025\/10\/Ninja-logo-300x300.webp 300w, https:\/\/tammetorubbq.ee\/wp-content\/uploads\/2025\/10\/Ninja-logo-150x150.webp 150w, https:\/\/tammetorubbq.ee\/wp-content\/uploads\/2025\/10\/Ninja-logo-12x12.webp 12w, https:\/\/tammetorubbq.ee\/wp-content\/uploads\/2025\/10\/Ninja-logo-600x600.webp 600w, https:\/\/tammetorubbq.ee\/wp-content\/uploads\/2025\/10\/Ninja-logo-64x64.webp 64w, https:\/\/tammetorubbq.ee\/wp-content\/uploads\/2025\/10\/Ninja-logo.webp 680w\" sizes=\"auto, (max-width: 180px) 100vw, 180px\" \/><\/p>\n<p><a href=\"https:\/\/tammetorubbq.ee\/lv\/maksajiet-velak\/\"><strong>P\u0112RCIET TAGAD, MAKS\u0100JIET V\u0112L\u0100K<\/strong><\/a>\u00a0- bez procentiem!<\/p>\n<p><img loading=\"lazy\" decoding=\"async\" class=\"alignnone wp-image-2646\" src=\"http:\/\/tammetorubbq.ee\/wp-content\/uploads\/2023\/12\/inbank-wordmark.png\" alt=\"\" width=\"167\" height=\"75\" srcset=\"https:\/\/tammetorubbq.ee\/wp-content\/uploads\/2023\/12\/inbank-wordmark.png 300w, https:\/\/tammetorubbq.ee\/wp-content\/uploads\/2023\/12\/inbank-wordmark-18x8.png 18w, https:\/\/tammetorubbq.ee\/wp-content\/uploads\/2023\/12\/inbank-wordmark-64x29.png 64w\" sizes=\"auto, (max-width: 167px) 100vw, 167px\" \/><\/p>\n<p>M\u0113s pied\u0101v\u0101jam ar\u012b iesp\u0113ju maks\u0101t v\u0113l\u0101k - vien\u0101, div\u0101s vai trij\u0101s vien\u0101d\u0101s da\u013c\u0101s bez procentiem vai papildu maksas.<\/p>\n<p>M\u016bsu iepirkumu groz\u0101 varat atrast da\u017e\u0101das maks\u0101jumu iesp\u0113jas.<\/p>","protected":false},"featured_media":4093,"comment_status":"open","ping_status":"closed","template":"","meta":{"_uf_show_specific_survey":0,"_uf_disable_surveys":false},"pwb-brand":[214],"product_brand":[],"product_cat":[194,196],"product_tag":[223],"class_list":{"0":"post-4090","1":"product","2":"type-product","3":"status-publish","4":"has-post-thumbnail","6":"pwb-brand-ninja","7":"product_cat-ninja-koogiseadmed","8":"product_cat-kuumaohufrituurid","9":"product_tag-kuumaohufrituur","11":"first","12":"outofstock","13":"taxable","14":"shipping-taxable","15":"purchasable","16":"product-type-simple"},"brands":[{"id":214,"name":"Ninja","slug":"ninja"}],"_links":{"self":[{"href":"https:\/\/tammetorubbq.ee\/lv\/wp-json\/wp\/v2\/product\/4090","targetHints":{"allow":["GET"]}}],"collection":[{"href":"https:\/\/tammetorubbq.ee\/lv\/wp-json\/wp\/v2\/product"}],"about":[{"href":"https:\/\/tammetorubbq.ee\/lv\/wp-json\/wp\/v2\/types\/product"}],"replies":[{"embeddable":true,"href":"https:\/\/tammetorubbq.ee\/lv\/wp-json\/wp\/v2\/comments?post=4090"}],"wp:featuredmedia":[{"embeddable":true,"href":"https:\/\/tammetorubbq.ee\/lv\/wp-json\/wp\/v2\/media\/4093"}],"wp:attachment":[{"href":"https:\/\/tammetorubbq.ee\/lv\/wp-json\/wp\/v2\/media?parent=4090"}],"wp:term":[{"taxonomy":"pwb-brand","embeddable":true,"href":"https:\/\/tammetorubbq.ee\/lv\/wp-json\/wp\/v2\/pwb-brand?post=4090"},{"taxonomy":"product_brand","embeddable":true,"href":"https:\/\/tammetorubbq.ee\/lv\/wp-json\/wp\/v2\/product_brand?post=4090"},{"taxonomy":"product_cat","embeddable":true,"href":"https:\/\/tammetorubbq.ee\/lv\/wp-json\/wp\/v2\/product_cat?post=4090"},{"taxonomy":"product_tag","embeddable":true,"href":"https:\/\/tammetorubbq.ee\/lv\/wp-json\/wp\/v2\/product_tag?post=4090"}],"curies":[{"name":"wp","href":"https:\/\/api.w.org\/{rel}","templated":true}]}}