{"id":4097,"date":"2025-10-16T14:19:12","date_gmt":"2025-10-16T11:19:12","guid":{"rendered":"https:\/\/tammetorubbq.ee\/?post_type=product&#038;p=4097"},"modified":"2026-04-20T12:00:20","modified_gmt":"2026-04-20T09:00:20","slug":"ninja-woodfire-koksnes-granulu-maisijums-visiem-merkiem-900g","status":"publish","type":"product","link":"https:\/\/tammetorubbq.ee\/lv\/product-2\/ninja-woodfire-koksnes-granulu-maisijums-visiem-merkiem-900g\/","title":{"rendered":"Ninja Woodfire koksnes granulas univers\u0101ls mais\u012bjums 900g"},"content":{"rendered":"<table class=\"woocommerce-product-attributes shop_attributes\" aria-label=\"Inform\u0101cija par produktu\">\n<tbody>\n<tr class=\"woocommerce-product-attributes-item woocommerce-product-attributes-item--weight\">\n<th class=\"woocommerce-product-attributes-item__label\" style=\"text-align: left;\" scope=\"row\">Svars<\/th>\n<td class=\"woocommerce-product-attributes-item__value\">0,9 kg<\/td>\n<\/tr>\n<\/tbody>\n<\/table>\n<p>&nbsp;<\/p>\n<p data-start=\"112\" data-end=\"348\"><strong data-start=\"112\" data-end=\"121\">Ninja<\/strong>\u00a0<strong>pre\u010du z\u012bme<\/strong>\u00a0ir paz\u012bstams amerik\u0101\u0146u sadz\u012bves tehnikas z\u012bmols, kas pieder uz\u0146\u0113mumam\u00a0<strong data-start=\"187\" data-end=\"201\">SharkNinja<\/strong>. \u0160is z\u012bmols ir nov\u0113rt\u0113ts par t\u0101\u00a0<strong data-start=\"225\" data-end=\"269\">gudri un lietot\u0101jam draudz\u012bgi risin\u0101jumi.<\/strong>\u00a0kas atvieglo un padara efekt\u012bv\u0101ku ikdienas gatavo\u0161anu.<\/p>\n<p data-start=\"350\" data-end=\"651\">Ninja kl\u0101st\u0101 ietilpst\u00a0<strong data-start=\"380\" data-end=\"434\">blenderi, virtuves kombaini, fritieri, multikr\u0101snis.<\/strong>\u00a0un arvien bie\u017e\u0101k ar\u012b\u00a0<strong data-start=\"452\" data-end=\"474\">\u0101ra virtuves apr\u012bkojums<\/strong>. Visi produkti ir izstr\u0101d\u0101ti t\u0101, lai apvienotu\u00a0<strong data-start=\"507\" data-end=\"564\">funkcionalit\u0101te, uzticam\u012bba un inovat\u012bvs dizains<\/strong>lai nodro\u0161in\u0101tu vislab\u0101ko instrumentu ikvienai virtuvei - gan m\u0101jas, gan profesion\u0101lai virtuvei.<\/p>\n<p data-start=\"350\" data-end=\"651\">\n<p><iframe loading=\"lazy\" title=\"\u0100ra grils | Iepaz\u012bstieties ar Ninja Woodfire\u2122 \u0101ra grilu\" src=\"https:\/\/www.youtube.com\/embed\/VnBPKYraHWU?feature=oembed\" width=\"500\" height=\"281\" frameborder=\"0\" allowfullscreen=\"allowfullscreen\" data-mce-fragment=\"1\"><\/iframe><\/p>","protected":false},"excerpt":{"rendered":"<p data-start=\"124\" data-end=\"343\">Pie\u0161\u0137iriet gril\u0113\u0161anai papildu gar\u0161u ar Ninja 100% granul\u0101m, kas izgatavotas no dab\u012bg\u0101m koksnes granul\u0101m. Granulas ar maigu un saldu gar\u0161u ir lieliski piem\u0113rotas visu veidu \u0113dieniem, \u012bpa\u0161i ziv\u012bm un d\u0101rze\u0146iem.<\/p>\n<p data-start=\"345\" data-end=\"359\"><strong data-start=\"345\" data-end=\"357\">Funkcijas<\/strong><\/p>\n<ul data-start=\"360\" data-end=\"525\">\n<li data-start=\"360\" data-end=\"395\">\n<p data-start=\"362\" data-end=\"395\">100% dab\u012bg\u0101s koksnes granulas<\/p>\n<\/li>\n<li data-start=\"396\" data-end=\"429\">\n<p data-start=\"398\" data-end=\"429\">L\u012bdzsvarots gar\u0161as profils<\/p>\n<\/li>\n<li data-start=\"430\" data-end=\"456\">\n<p data-start=\"432\" data-end=\"456\">L\u012bdz 20 gril\u0113\u0161anas cikliem<\/p>\n<\/li>\n<li data-start=\"457\" data-end=\"483\">\n<p data-start=\"459\" data-end=\"483\">Optim\u0101ls d\u016bmu arom\u0101ts<\/p>\n<\/li>\n<li data-start=\"484\" data-end=\"525\">\n<p data-start=\"486\" data-end=\"525\">Sader\u012bgs ar vis\u0101m Ninja Woodfire ier\u012bc\u0113m<\/p>\n<\/li>\n<\/ul>\n<p><img loading=\"lazy\" decoding=\"async\" class=\"wp-image-3980\" src=\"http:\/\/tammetorubbq.ee\/wp-content\/uploads\/2025\/10\/Ninja-logo-300x300.webp\" alt=\"Ninja logotips\" width=\"180\" height=\"180\" srcset=\"https:\/\/tammetorubbq.ee\/wp-content\/uploads\/2025\/10\/Ninja-logo-300x300.webp 300w, https:\/\/tammetorubbq.ee\/wp-content\/uploads\/2025\/10\/Ninja-logo-150x150.webp 150w, https:\/\/tammetorubbq.ee\/wp-content\/uploads\/2025\/10\/Ninja-logo-12x12.webp 12w, https:\/\/tammetorubbq.ee\/wp-content\/uploads\/2025\/10\/Ninja-logo-600x600.webp 600w, https:\/\/tammetorubbq.ee\/wp-content\/uploads\/2025\/10\/Ninja-logo-64x64.webp 64w, https:\/\/tammetorubbq.ee\/wp-content\/uploads\/2025\/10\/Ninja-logo.webp 680w\" sizes=\"auto, (max-width: 180px) 100vw, 180px\" \/><\/p>","protected":false},"featured_media":4098,"comment_status":"open","ping_status":"closed","template":"","meta":{"_uf_show_specific_survey":0,"_uf_disable_surveys":false},"pwb-brand":[214],"product_brand":[],"product_cat":[194,195,54],"product_tag":[109,226,225],"class_list":{"0":"post-4097","1":"product","2":"type-product","3":"status-publish","4":"has-post-thumbnail","6":"pwb-brand-ninja","7":"product_cat-ninja-koogiseadmed","8":"product_cat-elektrilised-grillid-suitsutajad","9":"product_cat-puidupellet","10":"product_tag-elektrigrill","11":"product_tag-ninja-puidupellet","12":"product_tag-puidupellet","14":"first","15":"instock","16":"taxable","17":"shipping-taxable","18":"purchasable","19":"product-type-simple"},"brands":[{"id":214,"name":"Ninja","slug":"ninja"}],"_links":{"self":[{"href":"https:\/\/tammetorubbq.ee\/lv\/wp-json\/wp\/v2\/product\/4097","targetHints":{"allow":["GET"]}}],"collection":[{"href":"https:\/\/tammetorubbq.ee\/lv\/wp-json\/wp\/v2\/product"}],"about":[{"href":"https:\/\/tammetorubbq.ee\/lv\/wp-json\/wp\/v2\/types\/product"}],"replies":[{"embeddable":true,"href":"https:\/\/tammetorubbq.ee\/lv\/wp-json\/wp\/v2\/comments?post=4097"}],"wp:featuredmedia":[{"embeddable":true,"href":"https:\/\/tammetorubbq.ee\/lv\/wp-json\/wp\/v2\/media\/4098"}],"wp:attachment":[{"href":"https:\/\/tammetorubbq.ee\/lv\/wp-json\/wp\/v2\/media?parent=4097"}],"wp:term":[{"taxonomy":"pwb-brand","embeddable":true,"href":"https:\/\/tammetorubbq.ee\/lv\/wp-json\/wp\/v2\/pwb-brand?post=4097"},{"taxonomy":"product_brand","embeddable":true,"href":"https:\/\/tammetorubbq.ee\/lv\/wp-json\/wp\/v2\/product_brand?post=4097"},{"taxonomy":"product_cat","embeddable":true,"href":"https:\/\/tammetorubbq.ee\/lv\/wp-json\/wp\/v2\/product_cat?post=4097"},{"taxonomy":"product_tag","embeddable":true,"href":"https:\/\/tammetorubbq.ee\/lv\/wp-json\/wp\/v2\/product_tag?post=4097"}],"curies":[{"name":"wp","href":"https:\/\/api.w.org\/{rel}","templated":true}]}}