{"id":4117,"date":"2025-10-16T14:47:15","date_gmt":"2025-10-16T11:47:15","guid":{"rendered":"https:\/\/tammetorubbq.ee\/?post_type=product&#038;p=4117"},"modified":"2026-04-16T20:00:14","modified_gmt":"2026-04-16T17:00:14","slug":"ninja-woodfire-pro-xl-elektriskais-grils-ar-kupinataju-un-fritieri","status":"publish","type":"product","link":"https:\/\/tammetorubbq.ee\/lv\/product-2\/ninja-woodfire-pro-xl-elektriskais-grils-ar-kupinataju-un-fritieri\/","title":{"rendered":"Ninja Woodfire Pro XL Elektriskais grils, k\u016bpin\u0101t\u0101js un gaisa frit\u0113t\u0101js"},"content":{"rendered":"<table class=\"woocommerce-product-attributes shop_attributes\" aria-label=\"Inform\u0101cija par produktu\">\n<tbody>\n<tr class=\"woocommerce-product-attributes-item woocommerce-product-attributes-item--weight\">\n<th class=\"woocommerce-product-attributes-item__label\" style=\"text-align: left;\" scope=\"row\">Svars<\/th>\n<td class=\"woocommerce-product-attributes-item__value\">18 kg<\/td>\n<\/tr>\n<tr class=\"woocommerce-product-attributes-item woocommerce-product-attributes-item--dimensions\">\n<th class=\"woocommerce-product-attributes-item__label\" scope=\"row\">Izm\u0113ri<\/th>\n<td class=\"woocommerce-product-attributes-item__value\">51 \u00d7 57 \u00d7 41 cm<\/td>\n<\/tr>\n<\/tbody>\n<\/table>\n<p data-start=\"112\" data-end=\"348\"><strong data-start=\"112\" data-end=\"121\">Ninja<\/strong>\u00a0<strong>pre\u010du z\u012bme<\/strong>\u00a0ir paz\u012bstams amerik\u0101\u0146u sadz\u012bves tehnikas z\u012bmols, kas pieder uz\u0146\u0113mumam\u00a0<strong data-start=\"187\" data-end=\"201\">SharkNinja<\/strong>. \u0160is z\u012bmols ir nov\u0113rt\u0113ts par t\u0101\u00a0<strong data-start=\"225\" data-end=\"269\">gudri un lietot\u0101jam draudz\u012bgi risin\u0101jumi.<\/strong>\u00a0kas atvieglo un padara efekt\u012bv\u0101ku ikdienas gatavo\u0161anu.<\/p>\n<p data-start=\"350\" data-end=\"651\">Ninja kl\u0101st\u0101 ietilpst\u00a0<strong data-start=\"380\" data-end=\"434\">blenderi, virtuves kombaini, fritieri, multikr\u0101snis.<\/strong>\u00a0un arvien bie\u017e\u0101k ar\u012b\u00a0<strong data-start=\"452\" data-end=\"474\">\u0101ra virtuves apr\u012bkojums<\/strong>. Visi produkti ir izstr\u0101d\u0101ti t\u0101, lai apvienotu\u00a0<strong data-start=\"507\" data-end=\"564\">funkcionalit\u0101te, uzticam\u012bba un inovat\u012bvs dizains<\/strong>lai nodro\u0161in\u0101tu vislab\u0101ko instrumentu ikvienai virtuvei - gan m\u0101jas, gan profesion\u0101lai virtuvei.<\/p>\n<p><iframe loading=\"lazy\" title=\"\u0100ra grils | Iepaz\u012bstieties ar Ninja Woodfire\u2122 \u0101ra grilu\" src=\"https:\/\/www.youtube.com\/embed\/VnBPKYraHWU?feature=oembed\" width=\"500\" height=\"281\" frameborder=\"0\" allowfullscreen=\"allowfullscreen\" data-mce-fragment=\"1\"><\/iframe><\/p>","protected":false},"excerpt":{"rendered":"<p data-start=\"172\" data-end=\"537\">Ninja Woodfire Pro XL ir lielas ietilp\u012bbas \u0101ra virtuves ier\u012bce, kas. <strong>apvieno elektrisko grilu, k\u016bpin\u0101t\u0101ju, gaisa fritieri un cep\u0161anas funkciju.<\/strong>. Vied\u0101 gatavo\u0161anas sist\u0113ma ar ieb\u016bv\u0113tu p\u0101rtikas termometru nodro\u0161ina prec\u012bzu un gar\u0161\u012bgu rezult\u0101tu katru reizi. Elektriskajai ier\u012bcei nav nepiecie\u0161ams kurin\u0101mais vai g\u0101ze, t\u0101p\u0113c t\u0101 ir piem\u0113rota lieto\u0161anai visu gadu - uz terases, balkona vai d\u0101rz\u0101.<\/p>\n<p data-start=\"539\" data-end=\"557\"><strong data-start=\"539\" data-end=\"555\">Galven\u0101s iez\u012bmes<\/strong><\/p>\n<ul data-start=\"558\" data-end=\"1008\">\n<li data-start=\"558\" data-end=\"632\">\n<p data-start=\"560\" data-end=\"632\">4 gatavo\u0161anas funkcijas: gril\u0113\u0161ana, k\u016bpin\u0101\u0161ana, cep\u0161ana gais\u0101, grauzd\u0113\u0161ana.<\/p>\n<\/li>\n<li data-start=\"633\" data-end=\"675\">\n<p data-start=\"635\" data-end=\"675\">Vieds ieb\u016bv\u0113ts p\u0101rtikas termometrs<\/p>\n<\/li>\n<li data-start=\"676\" data-end=\"735\">\n<p data-start=\"678\" data-end=\"735\">D\u016bmkanna Woodfire Smoker 100% dab\u012bg\u0101m koksnes granul\u0101m<\/p>\n<\/li>\n<li data-start=\"736\" data-end=\"791\">\n<p data-start=\"738\" data-end=\"791\">Elektr\u012bba (1,6 m kabelis) - nav nepiecie\u0161ama liesma vai g\u0101ze<\/p>\n<\/li>\n<li data-start=\"792\" data-end=\"875\">\n<p data-start=\"794\" data-end=\"875\">Pret laikapst\u0101k\u013cu iedarb\u012bbu iztur\u012bgs korpuss (IPX4), piem\u0113rots lieto\u0161anai \u0101rpus telp\u0101m visu gadu.<\/p>\n<\/li>\n<li data-start=\"876\" data-end=\"922\">\n<p data-start=\"878\" data-end=\"922\">\u0100tra sasil\u0161ana un stabila temperat\u016bra<\/p>\n<\/li>\n<li data-start=\"923\" data-end=\"1008\">\n<p data-start=\"925\" data-end=\"1008\">Komplekt\u0101 ietilpst: 2 granulu iepakojumi, granulu l\u0101psti\u0146a, krauk\u0161\u0137in\u0101\u0161anas grozs un recep\u0161u gr\u0101mati\u0146a.<\/p>\n<\/li>\n<\/ul>\n<p data-start=\"1010\" data-end=\"1030\"><strong data-start=\"1010\" data-end=\"1028\">Tehnisk\u0101 inform\u0101cija<\/strong><\/p>\n<ul data-start=\"1031\" data-end=\"1502\">\n<li data-start=\"1031\" data-end=\"1059\">\n<p data-start=\"1033\" data-end=\"1059\">Grila veids: elektriskais grils<\/p>\n<\/li>\n<li data-start=\"1060\" data-end=\"1082\">\n<p data-start=\"1062\" data-end=\"1082\">Grila laukums: 1395 cm\u00b2<\/p>\n<\/li>\n<li data-start=\"1083\" data-end=\"1115\">\n<p data-start=\"1085\" data-end=\"1115\">Cep\u0161anas zonas izm\u0113rs: 45 \u00d7 31 cm<\/p>\n<\/li>\n<li data-start=\"1116\" data-end=\"1132\">\n<p data-start=\"1118\" data-end=\"1132\">Ar v\u0101ku: j\u0101<\/p>\n<\/li>\n<li data-start=\"1133\" data-end=\"1152\">\n<p data-start=\"1135\" data-end=\"1152\">Jauda: 2400 W<\/p>\n<\/li>\n<li data-start=\"1153\" data-end=\"1193\">\n<p data-start=\"1155\" data-end=\"1193\">Regul\u0113jams termostats: l\u012bdz 240 \u00b0C<\/p>\n<\/li>\n<li data-start=\"1194\" data-end=\"1223\">\n<p data-start=\"1196\" data-end=\"1223\">Konvekcijas sist\u0113ma: j\u0101<\/p>\n<\/li>\n<li data-start=\"1224\" data-end=\"1257\">\n<p data-start=\"1226\" data-end=\"1257\">LED temperat\u016bras indikatori: j\u0101<\/p>\n<\/li>\n<li data-start=\"1258\" data-end=\"1290\">\n<p data-start=\"1260\" data-end=\"1290\">Autom\u0101tiska izsl\u0113g\u0161an\u0101s: j\u0101<\/p>\n<\/li>\n<li data-start=\"1291\" data-end=\"1502\">\n<p data-start=\"1293\" data-end=\"1502\">\u012apa\u0161as \u012bpa\u0161\u012bbas:<br data-start=\"1305\" data-end=\"1308\" \/>- ieb\u016bv\u0113ts grila termometrs<br data-start=\"1340\" data-end=\"1343\" \/>- No\u0146emamas nel\u012bpo\u0161as virsmas<br data-start=\"1379\" data-end=\"1382\" \/>- pretsl\u012bdo\u0161as k\u0101jas<br data-start=\"1407\" data-end=\"1410\" \/>- viegli t\u012br\u0101ma konstrukcija<br data-start=\"1447\" data-end=\"1450\" \/>- pret laikapst\u0101k\u013cu iedarb\u012bbu iztur\u012bgs korpuss<br data-start=\"1475\" data-end=\"1478\" \/>- 4 gatavo\u0161anas programmas<\/p>\n<\/li>\n<\/ul>\n<p data-start=\"1504\" data-end=\"1519\"><strong data-start=\"1504\" data-end=\"1517\">Jauda<\/strong><\/p>\n<ul data-start=\"1520\" data-end=\"1581\">\n<li data-start=\"1520\" data-end=\"1581\">\n<p data-start=\"1522\" data-end=\"1581\">L\u012bdz 10 burgeriem, 6 steikiem vai 2 l\u012bdz 3 kg vistas ga\u013cas vienlaic\u012bgi.<\/p>\n<\/li>\n<\/ul>\n<p data-start=\"1583\" data-end=\"1821\"><strong data-start=\"1583\" data-end=\"1604\">Granulu izmanto\u0161ana<\/strong><br data-start=\"1604\" data-end=\"1607\" \/>Izmanto tikai <a href=\"https:\/\/tammetorubbq.ee\/lv\/produkta-birka\/ninja-koksnes-granulas\/\"><strong>Ninja Woodfire cietkoksnes granulas<\/strong><\/a>, kas \u0113dienam pie\u0161\u0137ir d\u016bmu, nevis karstuma, gar\u0161u. Viena kausi\u0146a granulu nodro\u0161ina pietiekami daudz d\u016bmu vienai cep\u0161anas reizei. Komplekt\u0101 ir iek\u013cauti divi starta iepakojumi.<\/p>\n<p><img loading=\"lazy\" decoding=\"async\" class=\"wp-image-3980\" src=\"http:\/\/tammetorubbq.ee\/wp-content\/uploads\/2025\/10\/Ninja-logo-300x300.webp\" alt=\"Ninja logotips\" width=\"180\" height=\"180\" srcset=\"https:\/\/tammetorubbq.ee\/wp-content\/uploads\/2025\/10\/Ninja-logo-300x300.webp 300w, https:\/\/tammetorubbq.ee\/wp-content\/uploads\/2025\/10\/Ninja-logo-150x150.webp 150w, https:\/\/tammetorubbq.ee\/wp-content\/uploads\/2025\/10\/Ninja-logo-12x12.webp 12w, https:\/\/tammetorubbq.ee\/wp-content\/uploads\/2025\/10\/Ninja-logo-600x600.webp 600w, https:\/\/tammetorubbq.ee\/wp-content\/uploads\/2025\/10\/Ninja-logo-64x64.webp 64w, https:\/\/tammetorubbq.ee\/wp-content\/uploads\/2025\/10\/Ninja-logo.webp 680w\" sizes=\"auto, (max-width: 180px) 100vw, 180px\" \/><\/p>\n<p><a href=\"https:\/\/tammetorubbq.ee\/lv\/maksajiet-velak\/\"><strong>P\u0112RCIET TAGAD, MAKS\u0100JIET V\u0112L\u0100K<\/strong><\/a>\u00a0- bez procentiem!<\/p>\n<p><img loading=\"lazy\" decoding=\"async\" class=\"alignnone wp-image-2646\" src=\"http:\/\/tammetorubbq.ee\/wp-content\/uploads\/2023\/12\/inbank-wordmark.png\" alt=\"\" width=\"167\" height=\"75\" srcset=\"https:\/\/tammetorubbq.ee\/wp-content\/uploads\/2023\/12\/inbank-wordmark.png 300w, https:\/\/tammetorubbq.ee\/wp-content\/uploads\/2023\/12\/inbank-wordmark-18x8.png 18w, https:\/\/tammetorubbq.ee\/wp-content\/uploads\/2023\/12\/inbank-wordmark-64x29.png 64w\" sizes=\"auto, (max-width: 167px) 100vw, 167px\" \/><\/p>\n<p>M\u0113s pied\u0101v\u0101jam ar\u012b iesp\u0113ju maks\u0101t v\u0113l\u0101k - vien\u0101, div\u0101s vai trij\u0101s vien\u0101d\u0101s da\u013c\u0101s bez procentiem vai papildu maksas.<\/p>\n<p>M\u016bsu iepirkumu groz\u0101 varat atrast da\u017e\u0101das maks\u0101jumu iesp\u0113jas.<\/p>","protected":false},"featured_media":4122,"comment_status":"open","ping_status":"closed","template":"","meta":{"_uf_show_specific_survey":0,"_uf_disable_surveys":false},"pwb-brand":[214],"product_brand":[],"product_cat":[194,108,195,196,56],"product_tag":[109,223,135],"class_list":{"0":"post-4117","1":"product","2":"type-product","3":"status-publish","4":"has-post-thumbnail","6":"pwb-brand-ninja","7":"product_cat-ninja-koogiseadmed","8":"product_cat-elektrigrillid","9":"product_cat-elektrilised-grillid-suitsutajad","10":"product_cat-kuumaohufrituurid","11":"product_cat-pelletgrillid","12":"product_tag-elektrigrill","13":"product_tag-kuumaohufrituur","14":"product_tag-pelletgrillid","16":"first","17":"instock","18":"taxable","19":"shipping-taxable","20":"purchasable","21":"product-type-simple"},"brands":[{"id":214,"name":"Ninja","slug":"ninja"}],"_links":{"self":[{"href":"https:\/\/tammetorubbq.ee\/lv\/wp-json\/wp\/v2\/product\/4117","targetHints":{"allow":["GET"]}}],"collection":[{"href":"https:\/\/tammetorubbq.ee\/lv\/wp-json\/wp\/v2\/product"}],"about":[{"href":"https:\/\/tammetorubbq.ee\/lv\/wp-json\/wp\/v2\/types\/product"}],"replies":[{"embeddable":true,"href":"https:\/\/tammetorubbq.ee\/lv\/wp-json\/wp\/v2\/comments?post=4117"}],"wp:featuredmedia":[{"embeddable":true,"href":"https:\/\/tammetorubbq.ee\/lv\/wp-json\/wp\/v2\/media\/4122"}],"wp:attachment":[{"href":"https:\/\/tammetorubbq.ee\/lv\/wp-json\/wp\/v2\/media?parent=4117"}],"wp:term":[{"taxonomy":"pwb-brand","embeddable":true,"href":"https:\/\/tammetorubbq.ee\/lv\/wp-json\/wp\/v2\/pwb-brand?post=4117"},{"taxonomy":"product_brand","embeddable":true,"href":"https:\/\/tammetorubbq.ee\/lv\/wp-json\/wp\/v2\/product_brand?post=4117"},{"taxonomy":"product_cat","embeddable":true,"href":"https:\/\/tammetorubbq.ee\/lv\/wp-json\/wp\/v2\/product_cat?post=4117"},{"taxonomy":"product_tag","embeddable":true,"href":"https:\/\/tammetorubbq.ee\/lv\/wp-json\/wp\/v2\/product_tag?post=4117"}],"curies":[{"name":"wp","href":"https:\/\/api.w.org\/{rel}","templated":true}]}}