{"id":4123,"date":"2025-10-16T14:55:08","date_gmt":"2025-10-16T11:55:08","guid":{"rendered":"https:\/\/tammetorubbq.ee\/?post_type=product&#038;p=4123"},"modified":"2026-04-17T00:00:12","modified_gmt":"2026-04-16T21:00:12","slug":"ninja-woodfire-elektriskais-grils-bbq-kupinatajs","status":"publish","type":"product","link":"https:\/\/tammetorubbq.ee\/lv\/product-2\/ninja-woodfire-elektriskais-grils-bbq-kupinatajs\/","title":{"rendered":"Ninja Woodfire elektriskais grils, k\u016bpin\u0101t\u0101js un gaisa frit\u0113t\u0101js"},"content":{"rendered":"<table class=\"woocommerce-product-attributes shop_attributes\" aria-label=\"Inform\u0101cija par produktu\">\n<tbody>\n<tr class=\"woocommerce-product-attributes-item woocommerce-product-attributes-item--weight\">\n<th class=\"woocommerce-product-attributes-item__label\" style=\"text-align: left;\" scope=\"row\">Svars<\/th>\n<td class=\"woocommerce-product-attributes-item__value\">12 kg<\/td>\n<\/tr>\n<tr class=\"woocommerce-product-attributes-item woocommerce-product-attributes-item--dimensions\">\n<th class=\"woocommerce-product-attributes-item__label\" scope=\"row\">Izm\u0113ri<\/th>\n<td class=\"woocommerce-product-attributes-item__value\">46 \u00d7 46 \u00d7 34 cm<\/td>\n<\/tr>\n<\/tbody>\n<\/table>\n<p data-start=\"112\" data-end=\"348\"><strong data-start=\"112\" data-end=\"121\">Ninja<\/strong>\u00a0<strong>pre\u010du z\u012bme<\/strong>\u00a0ir paz\u012bstams amerik\u0101\u0146u sadz\u012bves tehnikas z\u012bmols, kas pieder uz\u0146\u0113mumam\u00a0<strong data-start=\"187\" data-end=\"201\">SharkNinja<\/strong>. \u0160is z\u012bmols ir nov\u0113rt\u0113ts par t\u0101\u00a0<strong data-start=\"225\" data-end=\"269\">gudri un lietot\u0101jam draudz\u012bgi risin\u0101jumi.<\/strong>\u00a0kas atvieglo un padara efekt\u012bv\u0101ku ikdienas gatavo\u0161anu.<\/p>\n<p data-start=\"350\" data-end=\"651\">Ninja kl\u0101st\u0101 ietilpst\u00a0<strong data-start=\"380\" data-end=\"434\">blenderi, virtuves kombaini, fritieri, multikr\u0101snis.<\/strong>\u00a0un arvien bie\u017e\u0101k ar\u012b\u00a0<strong data-start=\"452\" data-end=\"474\">\u0101ra virtuves apr\u012bkojums<\/strong>. Visi produkti ir izstr\u0101d\u0101ti t\u0101, lai apvienotu\u00a0<strong data-start=\"507\" data-end=\"564\">funkcionalit\u0101te, uzticam\u012bba un inovat\u012bvs dizains<\/strong>lai nodro\u0161in\u0101tu vislab\u0101ko instrumentu ikvienai virtuvei - gan m\u0101jas, gan profesion\u0101lai virtuvei.<\/p>\n<p><iframe loading=\"lazy\" title=\"\u0100ra grils | Iepaz\u012bstieties ar Ninja Woodfire\u2122 \u0101ra grilu\" src=\"https:\/\/www.youtube.com\/embed\/VnBPKYraHWU?feature=oembed\" width=\"500\" height=\"281\" frameborder=\"0\" allowfullscreen=\"allowfullscreen\" data-mce-fragment=\"1\"><\/iframe><\/p>","protected":false},"excerpt":{"rendered":"<p data-start=\"163\" data-end=\"422\">Daudzfunkcion\u0101la \u0101ra virtuves ier\u012bce, kas. <strong>apvieno elektrisk\u0101 grila, k\u016bpin\u0101t\u0101ja un karst\u0101 gaisa frit\u0113zes iesp\u0113jas.<\/strong>. T\u0101 darbojas ar elektr\u012bbu un tai nav nepiecie\u0161amas ogles vai g\u0101ze, t\u0101p\u0113c t\u0101 pied\u0101v\u0101 vienk\u0101r\u0161u un t\u012bru veidu, k\u0101 gril\u0113t visu gadu - uz terases, balkona, d\u0101rz\u0101 vai kempinga teritorij\u0101.<\/p>\n<p data-start=\"424\" data-end=\"442\"><strong data-start=\"424\" data-end=\"440\">Galven\u0101s iez\u012bmes<\/strong><\/p>\n<ul data-start=\"443\" data-end=\"880\">\n<li data-start=\"443\" data-end=\"558\">\n<p data-start=\"445\" data-end=\"558\">7 gatavo\u0161anas funkcijas: gril\u0113\u0161ana, k\u016bpin\u0101\u0161ana, frit\u0113\u0161ana, cep\u0161ana, cep\u0161ana, sild\u012b\u0161ana, \u017e\u0101v\u0113\u0161ana.<\/p>\n<\/li>\n<li data-start=\"559\" data-end=\"623\">\n<p data-start=\"561\" data-end=\"623\">Integr\u0113ta d\u016bmu kaste 100% dab\u012bg\u0101m koksnes granul\u0101m<\/p>\n<\/li>\n<li data-start=\"624\" data-end=\"658\">\n<p data-start=\"626\" data-end=\"658\">Elektroapg\u0101de (1,6 m str\u0101vas kabelis)<\/p>\n<\/li>\n<li data-start=\"659\" data-end=\"743\">\n<p data-start=\"661\" data-end=\"743\">Pret laikapst\u0101k\u013cu iedarb\u012bbu iztur\u012bgs korpuss (IPX4) - piem\u0113rots lieto\u0161anai \u0101rpus telp\u0101m visu gadu<\/p>\n<\/li>\n<li data-start=\"744\" data-end=\"779\">\n<p data-start=\"746\" data-end=\"779\">Maksim\u0101l\u0101 temperat\u016bra: 260 \u00b0C<\/p>\n<\/li>\n<li data-start=\"780\" data-end=\"880\">\n<p data-start=\"782\" data-end=\"880\">Komplekt\u0101 ietilpst: 2 Ninja Woodfire granulu iepakojumi, granulu l\u0101psti\u0146a, krauk\u0161\u0137in\u0101\u0161anas grozs un recep\u0161u gr\u0101mati\u0146a.<\/p>\n<\/li>\n<\/ul>\n<p data-start=\"882\" data-end=\"902\"><strong data-start=\"882\" data-end=\"900\">Tehnisk\u0101 inform\u0101cija<\/strong><\/p>\n<ul data-start=\"903\" data-end=\"1313\">\n<li data-start=\"903\" data-end=\"931\">\n<p data-start=\"905\" data-end=\"931\">Grila veids: elektriskais grils<\/p>\n<\/li>\n<li data-start=\"932\" data-end=\"954\">\n<p data-start=\"934\" data-end=\"954\">Grila laukums: 1036 cm\u00b2<\/p>\n<\/li>\n<li data-start=\"955\" data-end=\"987\">\n<p data-start=\"957\" data-end=\"987\">Cep\u0161anas zonas izm\u0113rs: 28 \u00d7 37 cm<\/p>\n<\/li>\n<li data-start=\"988\" data-end=\"1004\">\n<p data-start=\"990\" data-end=\"1004\">Ar v\u0101ku: j\u0101<\/p>\n<\/li>\n<li data-start=\"1005\" data-end=\"1024\">\n<p data-start=\"1007\" data-end=\"1024\">Jauda: 2400 W<\/p>\n<\/li>\n<li data-start=\"1025\" data-end=\"1124\">\n<p data-start=\"1027\" data-end=\"1124\">Programmas: gril\u0113\u0161ana, k\u016bpin\u0101\u0161ana, frit\u0113\u0161ana, cep\u0161ana, cep\u0161ana, sild\u012b\u0161ana, \u017e\u0101v\u0113\u0161ana.<\/p>\n<\/li>\n<li data-start=\"1125\" data-end=\"1153\">\n<p data-start=\"1127\" data-end=\"1153\">Regul\u0113jama temperat\u016bra<\/p>\n<\/li>\n<li data-start=\"1154\" data-end=\"1205\">\n<p data-start=\"1156\" data-end=\"1205\">No\u0146emamas nepielipin\u0101mas pl\u0101ksnes un pilienu papl\u0101tes<\/p>\n<\/li>\n<li data-start=\"1206\" data-end=\"1248\">\n<p data-start=\"1208\" data-end=\"1248\">LCD displejs un LED temperat\u016bras indikatori<\/p>\n<\/li>\n<li data-start=\"1249\" data-end=\"1286\">\n<p data-start=\"1251\" data-end=\"1286\">Taimeris un autom\u0101tisk\u0101 izsl\u0113g\u0161an\u0101s<\/p>\n<\/li>\n<li data-start=\"1287\" data-end=\"1313\">\n<p data-start=\"1289\" data-end=\"1313\">Pretsl\u012bd\u0113\u0161anas k\u0101jas<\/p>\n<\/li>\n<\/ul>\n<p data-start=\"1315\" data-end=\"1537\"><strong data-start=\"1315\" data-end=\"1336\">Granulu izmanto\u0161ana<\/strong><br data-start=\"1336\" data-end=\"1339\" \/>Izmanto tikai <a href=\"https:\/\/tammetorubbq.ee\/lv\/produkta-birka\/ninja-koksnes-granulas\/\"><strong>Ninja Woodfire cietkoksnes granulas<\/strong><\/a>, kas \u0113dieniem pie\u0161\u0137ir d\u016bmu, nevis karstuma, arom\u0101tu. Ar vienu kausi\u0146u pietiek vienai cep\u0161anas reizei. Komplekt\u0101 ir iek\u013cauta granulu s\u0101kumpakete.<\/p>\n<p><img loading=\"lazy\" decoding=\"async\" class=\"wp-image-3980\" src=\"http:\/\/tammetorubbq.ee\/wp-content\/uploads\/2025\/10\/Ninja-logo-300x300.webp\" alt=\"Ninja logotips\" width=\"180\" height=\"180\" srcset=\"https:\/\/tammetorubbq.ee\/wp-content\/uploads\/2025\/10\/Ninja-logo-300x300.webp 300w, https:\/\/tammetorubbq.ee\/wp-content\/uploads\/2025\/10\/Ninja-logo-150x150.webp 150w, https:\/\/tammetorubbq.ee\/wp-content\/uploads\/2025\/10\/Ninja-logo-12x12.webp 12w, https:\/\/tammetorubbq.ee\/wp-content\/uploads\/2025\/10\/Ninja-logo-600x600.webp 600w, https:\/\/tammetorubbq.ee\/wp-content\/uploads\/2025\/10\/Ninja-logo-64x64.webp 64w, https:\/\/tammetorubbq.ee\/wp-content\/uploads\/2025\/10\/Ninja-logo.webp 680w\" sizes=\"auto, (max-width: 180px) 100vw, 180px\" \/><\/p>\n<p><a href=\"https:\/\/tammetorubbq.ee\/lv\/maksajiet-velak\/\"><strong>P\u0112RCIET TAGAD, MAKS\u0100JIET V\u0112L\u0100K<\/strong><\/a>\u00a0- bez procentiem!<\/p>\n<p><img loading=\"lazy\" decoding=\"async\" class=\"alignnone wp-image-2646\" src=\"http:\/\/tammetorubbq.ee\/wp-content\/uploads\/2023\/12\/inbank-wordmark.png\" alt=\"\" width=\"167\" height=\"75\" srcset=\"https:\/\/tammetorubbq.ee\/wp-content\/uploads\/2023\/12\/inbank-wordmark.png 300w, https:\/\/tammetorubbq.ee\/wp-content\/uploads\/2023\/12\/inbank-wordmark-18x8.png 18w, https:\/\/tammetorubbq.ee\/wp-content\/uploads\/2023\/12\/inbank-wordmark-64x29.png 64w\" sizes=\"auto, (max-width: 167px) 100vw, 167px\" \/><\/p>\n<p>M\u0113s pied\u0101v\u0101jam ar\u012b iesp\u0113ju maks\u0101t v\u0113l\u0101k - vien\u0101, div\u0101s vai trij\u0101s vien\u0101d\u0101s da\u013c\u0101s bez procentiem vai papildu maksas.<\/p>\n<p>M\u016bsu iepirkumu groz\u0101 varat atrast da\u017e\u0101das maks\u0101jumu iesp\u0113jas.<\/p>","protected":false},"featured_media":4127,"comment_status":"open","ping_status":"closed","template":"","meta":{"_uf_show_specific_survey":0,"_uf_disable_surveys":false},"pwb-brand":[214],"product_brand":[],"product_cat":[194,108,195,196,56],"product_tag":[109,223,135],"class_list":{"0":"post-4123","1":"product","2":"type-product","3":"status-publish","4":"has-post-thumbnail","6":"pwb-brand-ninja","7":"product_cat-ninja-koogiseadmed","8":"product_cat-elektrigrillid","9":"product_cat-elektrilised-grillid-suitsutajad","10":"product_cat-kuumaohufrituurid","11":"product_cat-pelletgrillid","12":"product_tag-elektrigrill","13":"product_tag-kuumaohufrituur","14":"product_tag-pelletgrillid","16":"first","17":"instock","18":"taxable","19":"shipping-taxable","20":"purchasable","21":"product-type-simple"},"brands":[{"id":214,"name":"Ninja","slug":"ninja"}],"_links":{"self":[{"href":"https:\/\/tammetorubbq.ee\/lv\/wp-json\/wp\/v2\/product\/4123","targetHints":{"allow":["GET"]}}],"collection":[{"href":"https:\/\/tammetorubbq.ee\/lv\/wp-json\/wp\/v2\/product"}],"about":[{"href":"https:\/\/tammetorubbq.ee\/lv\/wp-json\/wp\/v2\/types\/product"}],"replies":[{"embeddable":true,"href":"https:\/\/tammetorubbq.ee\/lv\/wp-json\/wp\/v2\/comments?post=4123"}],"wp:featuredmedia":[{"embeddable":true,"href":"https:\/\/tammetorubbq.ee\/lv\/wp-json\/wp\/v2\/media\/4127"}],"wp:attachment":[{"href":"https:\/\/tammetorubbq.ee\/lv\/wp-json\/wp\/v2\/media?parent=4123"}],"wp:term":[{"taxonomy":"pwb-brand","embeddable":true,"href":"https:\/\/tammetorubbq.ee\/lv\/wp-json\/wp\/v2\/pwb-brand?post=4123"},{"taxonomy":"product_brand","embeddable":true,"href":"https:\/\/tammetorubbq.ee\/lv\/wp-json\/wp\/v2\/product_brand?post=4123"},{"taxonomy":"product_cat","embeddable":true,"href":"https:\/\/tammetorubbq.ee\/lv\/wp-json\/wp\/v2\/product_cat?post=4123"},{"taxonomy":"product_tag","embeddable":true,"href":"https:\/\/tammetorubbq.ee\/lv\/wp-json\/wp\/v2\/product_tag?post=4123"}],"curies":[{"name":"wp","href":"https:\/\/api.w.org\/{rel}","templated":true}]}}