{"id":4147,"date":"2025-10-27T14:37:29","date_gmt":"2025-10-27T12:37:29","guid":{"rendered":"https:\/\/tammetorubbq.ee\/?post_type=product&#038;p=4147"},"modified":"2026-04-30T03:00:14","modified_gmt":"2026-04-30T00:00:14","slug":"char-griller-portativais-grils-ziepju-grils-kupinatajs","status":"publish","type":"product","link":"https:\/\/tammetorubbq.ee\/lv\/toode\/char-griller-kaasaskantav-soegrill-suitsukast\/","title":{"rendered":"Char-Griller p\u0101rn\u0113s\u0101jamais og\u013cu grils un k\u016bpin\u0101tava"},"content":{"rendered":"<table class=\"woocommerce-product-attributes shop_attributes\" aria-label=\"Inform\u0101cija par produktu\">\n<tbody>\n<tr class=\"woocommerce-product-attributes-item woocommerce-product-attributes-item--weight\">\n<th class=\"woocommerce-product-attributes-item__label\" style=\"text-align: left;\" scope=\"row\">Svars<\/th>\n<td class=\"woocommerce-product-attributes-item__value\">19 kg<\/td>\n<\/tr>\n<tr class=\"woocommerce-product-attributes-item woocommerce-product-attributes-item--dimensions\">\n<th class=\"woocommerce-product-attributes-item__label\" scope=\"row\">Izm\u0113ri<\/th>\n<td class=\"woocommerce-product-attributes-item__value\">54 \u00d7 48 \u00d7 48 cm<\/td>\n<\/tr>\n<\/tbody>\n<\/table>\n<h4 data-start=\"1465\" data-end=\"1491\"><strong data-start=\"1470\" data-end=\"1491\">Tehniskie dati<\/strong><\/h4>\n<ul data-start=\"1492\" data-end=\"1727\">\n<li data-start=\"1492\" data-end=\"1537\">\n<p data-start=\"1494\" data-end=\"1537\"><strong data-start=\"1494\" data-end=\"1509\">Grillipind:<\/strong> 250 taisnst\u016bri \/ ~ 1613 cm\u00b2<\/p>\n<\/li>\n<li data-start=\"1538\" data-end=\"1564\">\n<p data-start=\"1540\" data-end=\"1564\"><strong data-start=\"1540\" data-end=\"1551\">Restid:<\/strong> iztur\u012bgs \u010duguns<\/p>\n<\/li>\n<li data-start=\"1565\" data-end=\"1603\">\n<p data-start=\"1567\" data-end=\"1603\"><strong data-start=\"1567\" data-end=\"1580\">Materi\u0101ls:<\/strong> pulverkr\u0101sots t\u0113rauds<\/p>\n<\/li>\n<li data-start=\"1604\" data-end=\"1655\">\n<p data-start=\"1606\" data-end=\"1655\"><strong data-start=\"1606\" data-end=\"1622\">K\u0101 lietot:<\/strong> br\u012bvi st\u0101vo\u0161s grils vai k\u016bpin\u0101tava<\/p>\n<\/li>\n<li data-start=\"1656\" data-end=\"1727\">\n<p data-start=\"1658\" data-end=\"1727\"><strong data-start=\"1658\" data-end=\"1678\">Piem\u0113roti mode\u013ci:<\/strong> 5030, 5050, 5650, 2121, 2123, 2137, 2827, 2828<\/p>\n<\/li>\n<\/ul>","protected":false},"excerpt":{"rendered":"<p><strong data-start=\"317\" data-end=\"374\">Teksasas stila d\u016bmi - jebkur\u0101 laik\u0101 un jebkur\u0101 viet\u0101!<\/strong><\/p>\n<p>Char-Griller\u00ae portat\u012bvais og\u013cu grils ir daudzpus\u012bga ier\u012bce, kas darbojas gan k\u0101. <strong data-start=\"450\" data-end=\"472\">k\u0101 br\u012bvi st\u0101vo\u0161s grils<\/strong> k\u0101 ar\u012b <strong data-start=\"480\" data-end=\"504\">k\u0101 s\u0101nu d\u016bmu kaste<\/strong> Char-Griller mucu gril\u0113\u0161anas ier\u012bc\u0113m. Ide\u0101li piem\u0113rots ce\u013cojumiem, kempingiem vai nopietn\u0101kiem gril\u0113\u0161anas entuziastiem.<\/p>\n<h4 data-start=\"622\" data-end=\"648\"><strong data-start=\"627\" data-end=\"648\">Galven\u0101s iez\u012bmes<\/strong><\/h4>\n<p data-start=\"650\" data-end=\"802\">\ud83d\udd25 <strong data-start=\"653\" data-end=\"675\">2-in-1 funkcija:<\/strong><br data-start=\"675\" data-end=\"678\" \/>Darbojas gan <strong data-start=\"689\" data-end=\"708\">k\u0101 atsevi\u0161\u0137s grils<\/strong> k\u0101 ar\u012b <strong data-start=\"716\" data-end=\"733\">k\u0101 d\u016bmu kaste<\/strong> (piem\u0113rots mode\u013ciem 5030, 5050, 5650, 2121, 2123, 2137, 2827 un 2828).<\/p>\n<p data-start=\"804\" data-end=\"974\">\ud83c\udf54 <strong data-start=\"807\" data-end=\"838\">Daudz vietas gril\u0113\u0161anai:<\/strong><br data-start=\"838\" data-end=\"841\" \/>250 taisnst\u016brveida (aptuveni 1613 cm\u00b2) gatavo\u0161anas virsma ar iztur\u012bgu <strong data-start=\"897\" data-end=\"914\">ar bumbi\u0146\u0101m<\/strong> - pietiekami daudz vietas, lai <strong data-start=\"938\" data-end=\"952\">12 burgeri<\/strong> vienlaikus gril\u0113\u0161anai.<\/p>\n<p data-start=\"976\" data-end=\"1118\">\ud83d\udcaa <strong data-start=\"979\" data-end=\"1009\">Iztur\u012bga konstrukcija:<\/strong><br data-start=\"1009\" data-end=\"1012\" \/>Ra\u017eots <strong data-start=\"1024\" data-end=\"1059\">biezs t\u0113rauda pulverkr\u0101sas p\u0101rkl\u0101jums<\/strong>, kas nodro\u0161ina lielisku siltuma saglab\u0101\u0161anu un ilgu kalpo\u0161anas laiku.<\/p>\n<p data-start=\"1120\" data-end=\"1278\">\ud83d\ude97 <strong data-start=\"1123\" data-end=\"1150\">Viegli p\u0101rn\u0113s\u0101jams:<\/strong><br data-start=\"1150\" data-end=\"1153\" \/>Kompakts dizains un <strong data-start=\"1173\" data-end=\"1195\">\u0113rti rokturi<\/strong> tas ir ide\u0101ls grils ce\u013cojumiem, autofurgoniem vai pas\u0101kumiem br\u012bv\u0101 dab\u0101.<\/p>\n<p data-start=\"1280\" data-end=\"1458\">\u2699\ufe0f <strong data-start=\"1283\" data-end=\"1312\">Viegli lietojams un kopjams:<\/strong><br data-start=\"1312\" data-end=\"1315\" \/>Divi regul\u0113jami <strong data-start=\"1334\" data-end=\"1348\">ar gaisa v\u0101rstu<\/strong> var prec\u012bzi kontrol\u0113t temperat\u016bru un <strong data-start=\"1393\" data-end=\"1418\">no\u0146emams pelnu trauks<\/strong> padara t\u012br\u012b\u0161anu \u0101tru un vienk\u0101r\u0161u.<\/p>\n<p data-start=\"1280\" data-end=\"1458\"><strong data-start=\"965\" data-end=\"994\">Pagariniet sava grila kalpo\u0161anas laiku<\/strong> un vienm\u0113r turiet to t\u012bru un gatavu lieto\u0161anai - izv\u0113lieties <a href=\"https:\/\/tammetorubbq.ee\/lv\/product-2\/parnesajama-grila-un-dumu-krasns-parklajs-char-griller-kas-ir-izturigs-pret-laikapstakliem\/\"><strong>ori\u0123in\u0101ls laikapst\u0101k\u013ciem iztur\u012bgs Char-Griller v\u0101ks<\/strong><\/a>!<\/p>\n<p><img loading=\"lazy\" decoding=\"async\" class=\"size-full wp-image-1726\" src=\"http:\/\/tammetorubbq.ee\/wp-content\/uploads\/2024\/05\/char-griller_brandmark_1x.png\" alt=\"og\u013cu grilleris\" width=\"195\" height=\"195\" srcset=\"https:\/\/tammetorubbq.ee\/wp-content\/uploads\/2024\/05\/char-griller_brandmark_1x.png 195w, https:\/\/tammetorubbq.ee\/wp-content\/uploads\/2024\/05\/char-griller_brandmark_1x-150x150.png 150w, https:\/\/tammetorubbq.ee\/wp-content\/uploads\/2024\/05\/char-griller_brandmark_1x-12x12.png 12w, https:\/\/tammetorubbq.ee\/wp-content\/uploads\/2024\/05\/char-griller_brandmark_1x-64x64.png 64w\" sizes=\"auto, (max-width: 195px) 100vw, 195px\" \/><\/p>","protected":false},"featured_media":4148,"comment_status":"open","ping_status":"closed","template":"","meta":{"_uf_show_specific_survey":0,"_uf_disable_surveys":false},"pwb-brand":[95],"product_brand":[],"product_cat":[53,57,169],"product_tag":[78],"class_list":{"0":"post-4147","1":"product","2":"type-product","3":"status-publish","4":"has-post-thumbnail","6":"pwb-brand-chargriller","7":"product_cat-grillid","8":"product_cat-bbq-suitsuahjud","9":"product_cat-soegrillid","10":"product_tag-soegrill","12":"first","13":"instock","14":"taxable","15":"shipping-taxable","16":"purchasable","17":"product-type-simple"},"brands":[{"id":95,"name":"CharGriller","slug":"oglskrejejs"}],"_links":{"self":[{"href":"https:\/\/tammetorubbq.ee\/lv\/wp-json\/wp\/v2\/product\/4147","targetHints":{"allow":["GET"]}}],"collection":[{"href":"https:\/\/tammetorubbq.ee\/lv\/wp-json\/wp\/v2\/product"}],"about":[{"href":"https:\/\/tammetorubbq.ee\/lv\/wp-json\/wp\/v2\/types\/product"}],"replies":[{"embeddable":true,"href":"https:\/\/tammetorubbq.ee\/lv\/wp-json\/wp\/v2\/comments?post=4147"}],"wp:featuredmedia":[{"embeddable":true,"href":"https:\/\/tammetorubbq.ee\/lv\/wp-json\/wp\/v2\/media\/4148"}],"wp:attachment":[{"href":"https:\/\/tammetorubbq.ee\/lv\/wp-json\/wp\/v2\/media?parent=4147"}],"wp:term":[{"taxonomy":"pwb-brand","embeddable":true,"href":"https:\/\/tammetorubbq.ee\/lv\/wp-json\/wp\/v2\/pwb-brand?post=4147"},{"taxonomy":"product_brand","embeddable":true,"href":"https:\/\/tammetorubbq.ee\/lv\/wp-json\/wp\/v2\/product_brand?post=4147"},{"taxonomy":"product_cat","embeddable":true,"href":"https:\/\/tammetorubbq.ee\/lv\/wp-json\/wp\/v2\/product_cat?post=4147"},{"taxonomy":"product_tag","embeddable":true,"href":"https:\/\/tammetorubbq.ee\/lv\/wp-json\/wp\/v2\/product_tag?post=4147"}],"curies":[{"name":"wp","href":"https:\/\/api.w.org\/{rel}","templated":true}]}}