{"id":4150,"date":"2025-10-27T14:46:33","date_gmt":"2025-10-27T12:46:33","guid":{"rendered":"https:\/\/tammetorubbq.ee\/?post_type=product&#038;p=4150"},"modified":"2026-04-29T12:00:07","modified_gmt":"2026-04-29T09:00:07","slug":"parnesajama-grila-un-dumu-krasns-parklajs-char-griller-kas-ir-izturigs-pret-laikapstakliem","status":"publish","type":"product","link":"https:\/\/tammetorubbq.ee\/lv\/toode\/char-griller-kaasaskantava-soegrilli-ja-suitsuahju-ilmastikukindel-kate\/","title":{"rendered":"Char-Griller p\u0101rn\u0113s\u0101jamais kokog\u013cu grils un k\u016bpin\u0101tavas v\u0113jtveris"},"content":{"rendered":"<p><strong data-start=\"830\" data-end=\"848\">Izm\u0113ri: <\/strong><strong data-start=\"851\" data-end=\"878\">2,54 \u00d7 26,16 \u00d7 29,97 cm<\/strong><\/p>","protected":false},"excerpt":{"rendered":"<p><strong data-start=\"271\" data-end=\"307\">Aizsarg\u0101jiet savu grila grilu no jebk\u0101diem laikapst\u0101k\u013ciem!<\/strong><\/p>\n<p>\u0160is iztur\u012bgais Char-Griller\u00ae p\u0101rsegs ir \u012bpa\u0161i izstr\u0101d\u0101ts p\u0101rn\u0113s\u0101jamiem kokog\u013cu griliem un k\u016bpin\u0101t\u0101jiem (s\u0101nu griliem), lai pasarg\u0101tu tos no lietus, saules, v\u0113ja un putek\u013ciem.<\/p>\n<h4 data-start=\"498\" data-end=\"515\"><strong data-start=\"503\" data-end=\"515\">Funkcijas<\/strong><\/h4>\n<p data-start=\"517\" data-end=\"706\">\ud83d\udee1\ufe0f <strong data-start=\"521\" data-end=\"550\">Materi\u0101ls, kas iztur\u012bgs pret laikapst\u0101k\u013ciem:<\/strong><br data-start=\"550\" data-end=\"553\" \/>Izgatavots no augstas kvalit\u0101tes <strong data-start=\"579\" data-end=\"621\">no poliestera un polivinilhlor\u012bda mais\u012bjuma<\/strong>, kas nodro\u0161ina iztur\u012bbu pret \u016bdeni un UV starojumu un aizsarg\u0101 grilu pret koroziju un izbal\u0113\u0161anu.<\/p>\n<p data-start=\"708\" data-end=\"825\">\ud83c\udf2c\ufe0f <strong data-start=\"712\" data-end=\"731\">Stingra fiks\u0101cija:<\/strong><br data-start=\"731\" data-end=\"734\" \/>Apr\u012bkots <strong data-start=\"745\" data-end=\"766\">ar mont\u0101\u017eas kron\u0161teinu<\/strong>kas notur p\u0101rsegu stingri viet\u0101 pat stipr\u0101 v\u0113j\u0101.<\/p>\n<p data-start=\"827\" data-end=\"958\">\ud83d\udccf <strong data-start=\"830\" data-end=\"848\">Prec\u012bzi m\u0113r\u012bjumi:<\/strong><br data-start=\"848\" data-end=\"851\" \/><strong data-start=\"851\" data-end=\"878\">2,54 \u00d7 26,16 \u00d7 29,97 cm<\/strong> - ide\u0101li piem\u0113rots Char-Griller p\u0101rn\u0113s\u0101jamajiem kokog\u013cu griliem un k\u016bpin\u0101tav\u0101m.<\/p>\n<p data-start=\"827\" data-end=\"958\"><strong data-start=\"965\" data-end=\"994\">Pagariniet sava grila kalpo\u0161anas laiku<\/strong> un vienm\u0113r uztur\u0113t to t\u012bru un gatavu lieto\u0161anai - izv\u0113lieties ori\u0123in\u0101lo Char-Griller v\u0101ku!<\/p>\n<p data-start=\"827\" data-end=\"958\"><img loading=\"lazy\" decoding=\"async\" class=\"size-full wp-image-1726\" src=\"http:\/\/tammetorubbq.ee\/wp-content\/uploads\/2024\/05\/char-griller_brandmark_1x.png\" alt=\"og\u013cu grilleris\" width=\"195\" height=\"195\" srcset=\"https:\/\/tammetorubbq.ee\/wp-content\/uploads\/2024\/05\/char-griller_brandmark_1x.png 195w, https:\/\/tammetorubbq.ee\/wp-content\/uploads\/2024\/05\/char-griller_brandmark_1x-150x150.png 150w, https:\/\/tammetorubbq.ee\/wp-content\/uploads\/2024\/05\/char-griller_brandmark_1x-12x12.png 12w, https:\/\/tammetorubbq.ee\/wp-content\/uploads\/2024\/05\/char-griller_brandmark_1x-64x64.png 64w\" sizes=\"auto, (max-width: 195px) 100vw, 195px\" \/><\/p>","protected":false},"featured_media":4151,"comment_status":"open","ping_status":"closed","template":"","meta":{"_uf_show_specific_survey":0,"_uf_disable_surveys":false},"pwb-brand":[95],"product_brand":[],"product_cat":[53,88],"product_tag":[227,239,78],"class_list":{"0":"post-4150","1":"product","2":"type-product","3":"status-publish","4":"has-post-thumbnail","6":"pwb-brand-chargriller","7":"product_cat-grillid","8":"product_cat-grillide-lisatarvikud","9":"product_tag-grillikate","10":"product_tag-ilmastikukindel-kate","11":"product_tag-soegrill","13":"first","14":"instock","15":"taxable","16":"shipping-taxable","17":"purchasable","18":"product-type-simple"},"brands":[{"id":95,"name":"CharGriller","slug":"oglskrejejs"}],"_links":{"self":[{"href":"https:\/\/tammetorubbq.ee\/lv\/wp-json\/wp\/v2\/product\/4150","targetHints":{"allow":["GET"]}}],"collection":[{"href":"https:\/\/tammetorubbq.ee\/lv\/wp-json\/wp\/v2\/product"}],"about":[{"href":"https:\/\/tammetorubbq.ee\/lv\/wp-json\/wp\/v2\/types\/product"}],"replies":[{"embeddable":true,"href":"https:\/\/tammetorubbq.ee\/lv\/wp-json\/wp\/v2\/comments?post=4150"}],"wp:featuredmedia":[{"embeddable":true,"href":"https:\/\/tammetorubbq.ee\/lv\/wp-json\/wp\/v2\/media\/4151"}],"wp:attachment":[{"href":"https:\/\/tammetorubbq.ee\/lv\/wp-json\/wp\/v2\/media?parent=4150"}],"wp:term":[{"taxonomy":"pwb-brand","embeddable":true,"href":"https:\/\/tammetorubbq.ee\/lv\/wp-json\/wp\/v2\/pwb-brand?post=4150"},{"taxonomy":"product_brand","embeddable":true,"href":"https:\/\/tammetorubbq.ee\/lv\/wp-json\/wp\/v2\/product_brand?post=4150"},{"taxonomy":"product_cat","embeddable":true,"href":"https:\/\/tammetorubbq.ee\/lv\/wp-json\/wp\/v2\/product_cat?post=4150"},{"taxonomy":"product_tag","embeddable":true,"href":"https:\/\/tammetorubbq.ee\/lv\/wp-json\/wp\/v2\/product_tag?post=4150"}],"curies":[{"name":"wp","href":"https:\/\/api.w.org\/{rel}","templated":true}]}}