{"id":4184,"date":"2025-11-04T17:19:36","date_gmt":"2025-11-04T15:19:36","guid":{"rendered":"https:\/\/tammetorubbq.ee\/?post_type=product&#038;p=4184"},"modified":"2026-05-06T17:00:02","modified_gmt":"2026-05-06T14:00:02","slug":"tammetoru-bbq-kinkekaart-100e","status":"publish","type":"product","link":"https:\/\/tammetorubbq.ee\/lv\/toode\/tammetoru-bbq-kinkekaart-100e\/","title":{"rendered":"Tammet\u00f5ru BBQ kinkekaart 100\u20ac"},"content":{"rendered":"<p><strong data-start=\"65\" data-end=\"90\">Virtuaalne kinkekaart<\/strong> saadetakse otse sinu e-posti aadressile \u2013 mugav, kiire ja lihtne viis kinkida r\u00f5\u00f5mu!<\/p>\n<p><strong data-start=\"943\" data-end=\"968\">Kinkekaardi kehtivus:<\/strong> 1 aasta alates ostukuup\u00e4evast.<\/p>\n<p><strong>Kinkekaarti saab kasutada \u00fchekordselt. Kasutamata j\u00e4\u00e4nud summat ei tagastata ega vahetata rahaks.<\/strong><\/p>\n<p>**Virtuaalne kinkekaart on digitaalse kujul kingitus, mis ei ole f\u00fc\u00fcsiline kaart, vaid saadetakse saajale e-posti teel v\u00f5i m\u00f5ne muu digikanali kaudu. See sisaldab unikaalset koodi, mida saab kasutada ostude tegemiseks Tammet\u00f5ru BBQ e-poes.<\/p>","protected":false},"excerpt":{"rendered":"<p data-start=\"184\" data-end=\"510\"><strong>Kinkekaart on ideaalne valik, kui soovid kinkida vabadust ja r\u00f5\u00f5mu ise valida! <\/strong><\/p>\n<p data-start=\"184\" data-end=\"510\">Meie kinkekaardid sobivad igaks t\u00e4htp\u00e4evaks \u2013 olgu see s\u00fcnnip\u00e4ev, j\u00f5ulud, t\u00e4nut\u00e4heks tehtud \u017eest v\u00f5i lihtsalt s\u00fcdamest tulnud \u00fcllatus.<\/p>\n<p data-start=\"184\" data-end=\"510\">Valides kinkekaardi, kingid elamuse, kvaliteedi ja v\u00f5imaluse leida just see, mida kingisaaja t\u00f5eliselt soovib.<\/p>\n<p data-start=\"512\" data-end=\"691\">Tahad r\u00f5\u00f5mustada t\u00f5elist BBQ- ja grillis\u00f5pra, kuid ei tea t\u00e4pselt, mida valida? Siis on meie kinkekaart kindla peale minek \u2013 lase kingisaajal ise valida oma lemmikud meie poest.<\/p>\n<p data-start=\"693\" data-end=\"864\">Kinkekaarte on saadaval kolmes v\u00e4\u00e4rtuses: <strong data-start=\"735\" data-end=\"758\">25 \u20ac, 50 \u20ac ja 100 \u20ac<\/strong>.<\/p>\n<p data-start=\"693\" data-end=\"864\">\ud83d\udd52 <strong data-start=\"943\" data-end=\"968\">Kinkekaardi kehtivus:<\/strong> 1 aasta alates ostukuup\u00e4evast.<\/p>\n<p data-start=\"693\" data-end=\"864\">\ud83d\udca1 <strong>Profesion\u0101\u013cu padoms:<\/strong> Kui soovid 50 \u20ac v\u00f5i 100 \u20ac eest rohkem r\u00f5\u00f5mu jagada, vali lihtsalt mitu 25 \u20ac kinkekaarti \u2013 lihtne ja paindlik!<\/p>\n<p><img loading=\"lazy\" decoding=\"async\" class=\"wp-image-4185\" src=\"http:\/\/tammetorubbq.ee\/wp-content\/uploads\/2025\/11\/logo-tammetoru-bbq-final-PNG-300x300.png\" alt=\"Egles gril\u0113\u0161anas vieta\" width=\"128\" height=\"128\" srcset=\"https:\/\/tammetorubbq.ee\/wp-content\/uploads\/2025\/11\/logo-tammetoru-bbq-final-PNG-300x300.png 300w, https:\/\/tammetorubbq.ee\/wp-content\/uploads\/2025\/11\/logo-tammetoru-bbq-final-PNG-150x150.png 150w, https:\/\/tammetorubbq.ee\/wp-content\/uploads\/2025\/11\/logo-tammetoru-bbq-final-PNG-12x12.png 12w, https:\/\/tammetorubbq.ee\/wp-content\/uploads\/2025\/11\/logo-tammetoru-bbq-final-PNG-64x64.png 64w, https:\/\/tammetorubbq.ee\/wp-content\/uploads\/2025\/11\/logo-tammetoru-bbq-final-PNG.png 393w\" sizes=\"auto, (max-width: 128px) 100vw, 128px\" \/><\/p>","protected":false},"featured_media":4191,"comment_status":"open","ping_status":"closed","template":"","meta":{"_uf_show_specific_survey":0,"_uf_disable_surveys":false},"pwb-brand":[],"product_brand":[],"product_cat":[233],"product_tag":[234],"class_list":{"0":"post-4184","1":"product","2":"type-product","3":"status-publish","4":"has-post-thumbnail","6":"product_cat-kinkekaardid","7":"product_tag-kinkekaart","9":"first","10":"instock","11":"taxable","12":"shipping-taxable","13":"purchasable","14":"product-type-simple"},"brands":[],"_links":{"self":[{"href":"https:\/\/tammetorubbq.ee\/lv\/wp-json\/wp\/v2\/product\/4184","targetHints":{"allow":["GET"]}}],"collection":[{"href":"https:\/\/tammetorubbq.ee\/lv\/wp-json\/wp\/v2\/product"}],"about":[{"href":"https:\/\/tammetorubbq.ee\/lv\/wp-json\/wp\/v2\/types\/product"}],"replies":[{"embeddable":true,"href":"https:\/\/tammetorubbq.ee\/lv\/wp-json\/wp\/v2\/comments?post=4184"}],"wp:featuredmedia":[{"embeddable":true,"href":"https:\/\/tammetorubbq.ee\/lv\/wp-json\/wp\/v2\/media\/4191"}],"wp:attachment":[{"href":"https:\/\/tammetorubbq.ee\/lv\/wp-json\/wp\/v2\/media?parent=4184"}],"wp:term":[{"taxonomy":"pwb-brand","embeddable":true,"href":"https:\/\/tammetorubbq.ee\/lv\/wp-json\/wp\/v2\/pwb-brand?post=4184"},{"taxonomy":"product_brand","embeddable":true,"href":"https:\/\/tammetorubbq.ee\/lv\/wp-json\/wp\/v2\/product_brand?post=4184"},{"taxonomy":"product_cat","embeddable":true,"href":"https:\/\/tammetorubbq.ee\/lv\/wp-json\/wp\/v2\/product_cat?post=4184"},{"taxonomy":"product_tag","embeddable":true,"href":"https:\/\/tammetorubbq.ee\/lv\/wp-json\/wp\/v2\/product_tag?post=4184"}],"curies":[{"name":"wp","href":"https:\/\/api.w.org\/{rel}","templated":true}]}}