{"id":423,"date":"2023-12-03T11:53:15","date_gmt":"2023-12-03T09:53:15","guid":{"rendered":"https:\/\/tammetorubbq.ee\/?post_type=product&#038;p=423"},"modified":"2026-04-14T22:00:46","modified_gmt":"2026-04-14T19:00:46","slug":"kamado-joe-classic-i","status":"publish","type":"product","link":"https:\/\/tammetorubbq.ee\/lv\/product-2\/kamado-joe-classic-i\/","title":{"rendered":"Kamado Joe Classic I"},"content":{"rendered":"<p>Kamado Joe keramiskais grils ir ide\u0101la izm\u0113ra pagalma gril\u0113\u0161anai gan uz zemas, gan augstas uguns, un tas ir piem\u0113rots ar\u012b k\u016bpin\u0101\u0161anai. Grilam ir biezu sienu karstumiztur\u012bgs keramikas korpuss, kas iesl\u0113dz d\u016bmus un mitrumu jebkur\u0101 temperat\u016br\u0101. Gatavo\u0161anas re\u017e\u0123is ir izgatavots no augstas kvalit\u0101tes 304 ner\u016bs\u0113jo\u0161\u0101 t\u0113rauda. Classic I standarta apr\u012bkojum\u0101 ietilpst ar\u012b daudzpl\u0101k\u0161\u0146u keramikas AMP kurtuve, uzticams cinkota t\u0113rauda pamatnes r\u0101mis uz rite\u0146iem un patent\u0113ta izvelkama pelnu paplate, kas \u013cauj viegli t\u012br\u012bt grilu. No 2020. gada Classic I modelim b\u016bs pieejama ar\u012b elast\u012bg\u0101 gatavo\u0161anas sist\u0113ma \"Divide &amp; Conquer\u00ae\".<\/p>\n<p>&nbsp;<\/p>\n<p>Komplekt\u0101 ietilpst<\/p>\n<ul>\n<li>18\" (46 cm) keramiskais grils ar cinkota t\u0113rauda pamatnes r\u0101mi un blo\u0137\u0113jamiem rite\u0146iem.<\/li>\n<li>Ar salok\u0101miem augsta bl\u012bvuma poliuret\u0101na s\u0101nu plauktiem un rokturi.<\/li>\n<li>Tr\u012bs l\u012bme\u0146u \"Divide &amp; Conquer\u00ae\" sist\u0113ma elast\u012bgai gatavo\u0161anai, t. i., ieskaitot 2 gabalu pusm\u0113ness keramikas karstuma deflektoru (karstuma sadal\u012bt\u0101ju) un 2 gabalu ner\u016bs\u0113jo\u0161\u0101 t\u0113rauda (304) pusm\u0113ness grila palikt\u0146us (46 cm diametr\u0101) - papildu grila palikt\u0146us var ieg\u0101d\u0101ties k\u0101 papildapr\u012bkojumu.<\/li>\n<li>Patent\u0113ta ievelkama ner\u016bs\u0113jo\u0161\u0101 t\u0113rauda (304) pelnu trauks viegl\u0101kai grila t\u012br\u012b\u0161anai.<\/li>\n<li>Ieb\u016bv\u0113ts termometrs.<\/li>\n<li>AMP daudzpane\u013cu kurtuve (piecu da\u013cu, nedestrukt\u012bva).<\/li>\n<li>Ner\u016bs\u0113jo\u0161\u0101 t\u0113rauda piederumu stat\u012bvs \"Accessory Rack\".<\/li>\n<li>Grila re\u017e\u0123a pacel\u0161anas stie\u0146i.<\/li>\n<\/ul>\n<p>PIEZ\u012aME: Kamado Joe keramikas deta\u013c\u0101m ir ierobe\u017eota m\u016b\u017ea garantija (garantijas nosac\u012bjumi: <a href=\"http:\/\/tammetorubbq.ee\/wp-content\/uploads\/2023\/12\/Kamado_Joe_garantii-1.docx\" target=\"_blank\" rel=\"noopener\">skat\u012bt \u0161eit<\/a>); ieskaitot keramikas fl\u012bzes, siltuma atstarot\u0101jus un bl\u012bv\u0113juma fl\u012bzes 3 gadi; met\u0101ls un \u010duguns 5 gadi; termometrs un bl\u012bves 1 gads.<\/p>\n<p>&nbsp;<\/p>\n<p><strong>Tehnisk\u0101 inform\u0101cija<\/strong><\/p>\n<p>CAL 90 kg<\/p>\n<p>Iepakojuma izm\u0113ri 75 \u00d7 75 \u00d7 88 cm<\/p>\n<p>Kop\u0113jie izm\u0113ri 118 (garums) x 121 (augstums) x 71 (platums) cm<\/p>\n<p>AREA \u00d8 1646cm\u00b2<\/p>\n<p>TEMPERAT\u016aRAS DIAPAZONS 82\u00b0C - 399\u00b0C<\/p>\n<p>PRODUKTS Kamado Joe<\/p>\n<p>&nbsp;<\/p>\n<p><strong>Garantii<\/strong> &#8211; Kamado Joe keraamilistele osadele kehtib piiratud eluaegne garantii (garantiitingimused: <strong><a href=\"https:\/\/tammetorubbq.ee\/wp-content\/uploads\/2026\/02\/Kamado_Joe_garantii.pdf\">skat\u012bt \u0161eit<\/a><\/strong>); ieskaitot keramikas fl\u012bzes, siltuma atstarot\u0101jus un bl\u012bv\u0113juma fl\u012bzes 3 gadi; met\u0101ls un \u010duguns 5 gadi; termometrs un bl\u012bves 1 gads.<\/p>","protected":false},"excerpt":{"rendered":"<h4>Kaasa kingitus + TASUTA tarne.<\/h4>\n<ul>\n<li>Augst\u0101k\u0101 kvalit\u0101te pasaul\u0113!<\/li>\n<li>Lab\u0101k\u0101 v\u0113rt\u012bba par naudu!<\/li>\n<li><strong>L\u012bdz \u0161im lab\u0101k\u0101 izv\u0113le keramikas grilu jom\u0101!<\/strong><\/li>\n<li>P\u0101rdot\u0101kais vec\u0101kais Kamado Joe grila modelis - Classic I.<\/li>\n<li>Grila stat\u012bvs \u00d8 47 cm (18\"), cepe\u0161kr\u0101sns iek\u0161\u0113jais \u00d8 50 cm, cepe\u0161kr\u0101sns \u0101r\u0113jais \u00d8 57 cm, svars 90 kg.<\/li>\n<\/ul>\n<p>Kindlasti soovitame ka juurde osta\u00a0<a href=\"https:\/\/tammetorubbq.ee\/lv\/product-2\/kamado-joe-classic-ilmastikukindel-grillikate\/\"><strong>ilmastikukindla grillikatte<\/strong><\/a>\u00a0mis pakub usaldusv\u00e4\u00e4rset kaitset vihma, lume, p\u00e4ikese ja mustuse eest, pikendades grilli eluiga ning hoides selle puhtana j\u00e4rgmiseks kasutuskorraks.<\/p>\n<p><span style=\"color: #000000;\"><strong>Oleme tootja Kamado Joe ametlik esindaja, edasim\u00fc\u00fcja Eestis!<\/strong><\/span><\/p>\n<p><img loading=\"lazy\" decoding=\"async\" class=\"wp-image-1531\" src=\"http:\/\/tammetorubbq.ee\/wp-content\/uploads\/2024\/03\/kamado-joe-logo-300x40.webp\" alt=\"Kamado Joe logotips\" width=\"180\" height=\"24\" srcset=\"https:\/\/tammetorubbq.ee\/wp-content\/uploads\/2024\/03\/kamado-joe-logo-300x40.webp 300w, https:\/\/tammetorubbq.ee\/wp-content\/uploads\/2024\/03\/kamado-joe-logo-768x104.webp 768w, https:\/\/tammetorubbq.ee\/wp-content\/uploads\/2024\/03\/kamado-joe-logo-18x2.webp 18w, https:\/\/tammetorubbq.ee\/wp-content\/uploads\/2024\/03\/kamado-joe-logo-600x81.webp 600w, https:\/\/tammetorubbq.ee\/wp-content\/uploads\/2024\/03\/kamado-joe-logo-64x9.webp 64w, https:\/\/tammetorubbq.ee\/wp-content\/uploads\/2024\/03\/kamado-joe-logo.webp 1024w\" sizes=\"auto, (max-width: 180px) 100vw, 180px\" \/><\/p>\n<p><a href=\"https:\/\/tammetorubbq.ee\/lv\/maksajiet-velak\/\"><strong>P\u0112RCIET TAGAD, MAKS\u0100JIET V\u0112L\u0100K<\/strong><\/a> - bez procentiem!<\/p>\n<p><img loading=\"lazy\" decoding=\"async\" class=\"alignnone wp-image-2646\" src=\"http:\/\/tammetorubbq.ee\/wp-content\/uploads\/2023\/12\/inbank-wordmark.png\" alt=\"\" width=\"167\" height=\"75\" srcset=\"https:\/\/tammetorubbq.ee\/wp-content\/uploads\/2023\/12\/inbank-wordmark.png 300w, https:\/\/tammetorubbq.ee\/wp-content\/uploads\/2023\/12\/inbank-wordmark-18x8.png 18w, https:\/\/tammetorubbq.ee\/wp-content\/uploads\/2023\/12\/inbank-wordmark-64x29.png 64w\" sizes=\"auto, (max-width: 167px) 100vw, 167px\" \/><\/p>\n<p>M\u0113s pied\u0101v\u0101jam ar\u012b iesp\u0113ju maks\u0101t v\u0113l\u0101k - vien\u0101, div\u0101s vai trij\u0101s vien\u0101d\u0101s da\u013c\u0101s bez procentiem vai papildu maksas.<\/p>\n<p>M\u016bsu iepirkumu groz\u0101 varat atrast da\u017e\u0101das maks\u0101jumu iesp\u0113jas.<\/p>","protected":false},"featured_media":424,"comment_status":"open","ping_status":"closed","template":"","meta":{"_uf_show_specific_survey":0,"_uf_disable_surveys":false},"pwb-brand":[69],"product_brand":[],"product_cat":[53,55],"product_tag":[126,325,316,127,78],"class_list":{"0":"post-423","1":"product","2":"type-product","3":"status-publish","4":"has-post-thumbnail","6":"pwb-brand-kamado-joe","7":"product_cat-grillid","8":"product_cat-keraamilised-grillid","9":"product_tag-kamado-joe","10":"product_tag-kamado-joe-classic","11":"product_tag-kamado-joe-keraamiline-grill","12":"product_tag-keraamilised-grillid","13":"product_tag-soegrill","15":"first","16":"instock","17":"taxable","18":"shipping-taxable","19":"purchasable","20":"product-type-simple"},"brands":[{"id":69,"name":"Kamado Joe","slug":"kamado-joe"}],"_links":{"self":[{"href":"https:\/\/tammetorubbq.ee\/lv\/wp-json\/wp\/v2\/product\/423","targetHints":{"allow":["GET"]}}],"collection":[{"href":"https:\/\/tammetorubbq.ee\/lv\/wp-json\/wp\/v2\/product"}],"about":[{"href":"https:\/\/tammetorubbq.ee\/lv\/wp-json\/wp\/v2\/types\/product"}],"replies":[{"embeddable":true,"href":"https:\/\/tammetorubbq.ee\/lv\/wp-json\/wp\/v2\/comments?post=423"}],"wp:featuredmedia":[{"embeddable":true,"href":"https:\/\/tammetorubbq.ee\/lv\/wp-json\/wp\/v2\/media\/424"}],"wp:attachment":[{"href":"https:\/\/tammetorubbq.ee\/lv\/wp-json\/wp\/v2\/media?parent=423"}],"wp:term":[{"taxonomy":"pwb-brand","embeddable":true,"href":"https:\/\/tammetorubbq.ee\/lv\/wp-json\/wp\/v2\/pwb-brand?post=423"},{"taxonomy":"product_brand","embeddable":true,"href":"https:\/\/tammetorubbq.ee\/lv\/wp-json\/wp\/v2\/product_brand?post=423"},{"taxonomy":"product_cat","embeddable":true,"href":"https:\/\/tammetorubbq.ee\/lv\/wp-json\/wp\/v2\/product_cat?post=423"},{"taxonomy":"product_tag","embeddable":true,"href":"https:\/\/tammetorubbq.ee\/lv\/wp-json\/wp\/v2\/product_tag?post=423"}],"curies":[{"name":"wp","href":"https:\/\/api.w.org\/{rel}","templated":true}]}}