{"id":4292,"date":"2025-11-24T11:49:53","date_gmt":"2025-11-24T09:49:53","guid":{"rendered":"https:\/\/tammetorubbq.ee\/?post_type=product&#038;p=4292"},"modified":"2026-04-15T08:00:06","modified_gmt":"2026-04-15T05:00:06","slug":"maldon-meresoola-helbed-125g","status":"publish","type":"product","link":"https:\/\/tammetorubbq.ee\/lv\/product-2\/maldon-meresoola-helbed-125g\/","title":{"rendered":"Maldon meresoola helbed 125g"},"content":{"rendered":"<p>Kop\u0161 1882. gada Osbornu \u0123imenei piedero\u0161ais uz\u0146\u0113mums Maldon Salt Company Limited ra\u017eo pasaul\u0113 visaugst\u0101k nov\u0113rt\u0113tos dab\u012bgos j\u016bras s\u0101ls koktei\u013cus. Maldonas p\u0101rslu s\u0101li ir apstiprin\u0101jusi Biolo\u0123isk\u0101s p\u0101rtikas feder\u0101cija, un t\u0101 ir sertific\u0113ta k\u0101 ko\u0161era. Maldonas s\u0101\u013ci ir pieejami praktiski vis\u0101 pasaul\u0113, un tie ir absol\u016bts kvalit\u0101tes virsotn\u0113!<\/p>\n<ul>\n<li>Maldons ir piem\u0113rots ga\u013cas, zivju, j\u016bras vel\u0161u, d\u0101rze\u0146u, m\u0113r\u010du, zupu un marin\u0101\u017eu pagatavo\u0161anai. Tom\u0113r to galvenok\u0101rt izmanto, lai pie\u0161\u0137irtu \u0113dienam gal\u012bgo gar\u0161u, piem\u0113ram, kratot ga\u013cu tie\u0161i pirms \u0113\u0161anas.<\/li>\n<li>Maldonas s\u0101ls p\u0101rslas atbr\u012bvo savu s\u0101\u013cumu ar nedaudz saldu piesk\u0101rienu un pie\u0161\u0137ir \u0113dienam v\u0113l vienu gardu tekst\u016bras sl\u0101ni un mut\u0113 k\u016bsto\u0161u krauk\u0161\u0137\u012bgumu.<\/li>\n<li>Maldonas maigaj\u0101m, krauk\u0161\u0137\u012bgaj\u0101m, br\u012bni\u0161\u0137\u012bgi pl\u0101naj\u0101m s\u0101ls p\u0101rsl\u0101m piem\u012bt svaiga intensit\u0101te un t\u012bra gar\u0161a, kas satur ide\u0101lu dab\u012bgo miner\u0101lvielu l\u012bdzsvaru, lai uzlabotu jebkuru \u0113dienu!<\/li>\n<li>Lietojot Maldonas p\u0101rslu s\u0101li, j\u016bs pat\u0113r\u0113siet maz\u0101k s\u0101ls nek\u0101 citk\u0101rt, jo p\u0101rslas ir \u013coti pl\u0101nas un t\u0101s pievieno ga\u013cai galvenok\u0101rt p\u0113c cep\u0161anas\/grauzd\u0113\u0161anas (tie\u0161i pirms \u0113\u0161anas), t\u0101p\u0113c s\u0101ls daudzums parasti ir daudz maz\u0101ks. S\u0101ls krauk\u0161\u0137\u012bgums mut\u0113 atver ar\u012b m\u016bsu gar\u0161as k\u0101rpi\u0146as un padara ga\u013cu (\u0113dienu) daudz gar\u0161\u012bg\u0101ku.<\/li>\n<\/ul>\n<p>Ar\u012b Igaunij\u0101 arvien popul\u0101r\u0101ka k\u013c\u016bst Maldona s\u0101\u013cu izmanto\u0161ana.<\/p>","protected":false},"excerpt":{"rendered":"<p>Maldonas m\u012bkst\u0101s, krauk\u0161\u0137\u012bg\u0101s j\u016bras s\u0101ls p\u0101rslas satur perfekti sabalans\u0113tu dab\u012bgo miner\u0101lvielu daudzumu, nodro\u0161inot svaigu intensit\u0101ti un t\u012bru gar\u0161u, kas izce\u013c jebkuru \u0113dienu.<\/p>\n<ul>\n<li>Lab\u0101k\u0101 unik\u0101l\u0101 kvalit\u0101te pasaul\u0113!<\/li>\n<li>Ra\u017eots Anglij\u0101 (kop\u0161 1882. gada)<\/li>\n<li>S\u0101ls satur ide\u0101lu miner\u0101lvielu l\u012bdzsvaru, un t\u0101 ir dab\u012bga, bez piedev\u0101m.<\/li>\n<li>Izteiksm\u012bgi piram\u012bdas formas, \u012bpa\u0161i pl\u0101ni s\u0101ls krist\u0101li.<\/li>\n<li>Maldonas p\u0101rslu s\u0101ls ir t\u0101s import\u0113t\u0101ja Enn Tobrelutsu iecien\u012bt\u0101kais produkts!<\/li>\n<li>Kop\u0161 2012. gada Maldon Salt Company ir ofici\u0101lais j\u016bras s\u0101ls pieg\u0101d\u0101t\u0101js karaliskajai \u0123imenei!<\/li>\n<\/ul>\n<p><img loading=\"lazy\" decoding=\"async\" class=\"wp-image-1589\" src=\"http:\/\/tammetorubbq.ee\/wp-content\/uploads\/2024\/04\/Maldon-salt-logo-300x225.png\" alt=\"Maldona s\u0101ls\" width=\"229\" height=\"172\" srcset=\"https:\/\/tammetorubbq.ee\/wp-content\/uploads\/2024\/04\/Maldon-salt-logo-300x225.png 300w, https:\/\/tammetorubbq.ee\/wp-content\/uploads\/2024\/04\/Maldon-salt-logo-16x12.png 16w, https:\/\/tammetorubbq.ee\/wp-content\/uploads\/2024\/04\/Maldon-salt-logo-64x48.png 64w, https:\/\/tammetorubbq.ee\/wp-content\/uploads\/2024\/04\/Maldon-salt-logo.png 600w\" sizes=\"auto, (max-width: 229px) 100vw, 229px\" \/><\/p>","protected":false},"featured_media":4254,"comment_status":"open","ping_status":"closed","template":"","meta":{"_uf_show_specific_survey":0,"_uf_disable_surveys":false},"pwb-brand":[91],"product_brand":[],"product_cat":[90],"product_tag":[311,237],"class_list":{"0":"post-4292","1":"product","2":"type-product","3":"status-publish","4":"has-post-thumbnail","6":"pwb-brand-maldon","7":"product_cat-soolad","8":"product_tag-maldon","9":"product_tag-meresool","11":"first","12":"instock","13":"taxable","14":"shipping-taxable","15":"purchasable","16":"product-type-simple"},"brands":[{"id":91,"name":"Maldona","slug":"maldon"}],"_links":{"self":[{"href":"https:\/\/tammetorubbq.ee\/lv\/wp-json\/wp\/v2\/product\/4292","targetHints":{"allow":["GET"]}}],"collection":[{"href":"https:\/\/tammetorubbq.ee\/lv\/wp-json\/wp\/v2\/product"}],"about":[{"href":"https:\/\/tammetorubbq.ee\/lv\/wp-json\/wp\/v2\/types\/product"}],"replies":[{"embeddable":true,"href":"https:\/\/tammetorubbq.ee\/lv\/wp-json\/wp\/v2\/comments?post=4292"}],"wp:featuredmedia":[{"embeddable":true,"href":"https:\/\/tammetorubbq.ee\/lv\/wp-json\/wp\/v2\/media\/4254"}],"wp:attachment":[{"href":"https:\/\/tammetorubbq.ee\/lv\/wp-json\/wp\/v2\/media?parent=4292"}],"wp:term":[{"taxonomy":"pwb-brand","embeddable":true,"href":"https:\/\/tammetorubbq.ee\/lv\/wp-json\/wp\/v2\/pwb-brand?post=4292"},{"taxonomy":"product_brand","embeddable":true,"href":"https:\/\/tammetorubbq.ee\/lv\/wp-json\/wp\/v2\/product_brand?post=4292"},{"taxonomy":"product_cat","embeddable":true,"href":"https:\/\/tammetorubbq.ee\/lv\/wp-json\/wp\/v2\/product_cat?post=4292"},{"taxonomy":"product_tag","embeddable":true,"href":"https:\/\/tammetorubbq.ee\/lv\/wp-json\/wp\/v2\/product_tag?post=4292"}],"curies":[{"name":"wp","href":"https:\/\/api.w.org\/{rel}","templated":true}]}}