{"id":4301,"date":"2025-11-24T16:32:37","date_gmt":"2025-11-24T14:32:37","guid":{"rendered":"https:\/\/tammetorubbq.ee\/?post_type=product&#038;p=4301"},"modified":"2026-04-15T03:00:21","modified_gmt":"2026-04-15T00:00:21","slug":"big-swede-badass-veggie-boost-rub-250g","status":"publish","type":"product","link":"https:\/\/tammetorubbq.ee\/lv\/product-2\/big-swede-badass-veggie-boost-rub-250g\/","title":{"rendered":"Big Swede Badass Veggie Boost Rub 250g"},"content":{"rendered":"<p><strong>Sast\u0101vda\u013cas<\/strong>\u00a0Sool, k\u00f6\u00f6giviljapuljong (sool, palmirasv, suhkur, kartulit\u00e4rklis, malodekstriin,\u00a0<strong>SELLER,<\/strong> dekstroos), roosuhkur, k\u00fc\u00fcslauk, sibul, must pipar, sidrunipipar, SINEP, murulauk, petersell, pune, t\u00fc\u00fcmian, paprika, suitsupaprika, MSG, p\u00e4rmiekstrakt.<\/p>\n<p>Toitev\u00e4\u00e4rtus (keskmised v\u00e4\u00e4rtused)100 g kohta.<\/p>\n<p>Energia: 656 kJ\/157 kcal; rasvad 1 g, millest k\u00fcllastunud rasvhapped: 0 g; s\u00fcsivesikud 30 g, millest suhkrud 19 g; valgud 4 g; sool 26 g.<\/p>","protected":false},"excerpt":{"rendered":"<p><strong>Big Swede Badass Veggie Boost\u00a0on julge maitseaine, mis on spetsiaalselt loodud k\u00f6\u00f6giviljadele!<\/strong><\/p>\n<p>See on ideaalne balanss v\u00e4rsketest \u00fcrtidest ja s\u00fcgavamatest soolakatest, soolastest nootidest, mis ei domineeri, vaid t\u00f5stavad k\u00f6\u00f6giviljade loomulikku maitset esile.<\/p>\n<p>Sobib suurep\u00e4raselt r\u00f6stitud, grillitud v\u00f5i suitsutatud k\u00f6\u00f6giviljadega \u2013 selle asemel, et \u201es\u00f6\u00f6d oma roheline \ud83e\udd66\ud83e\udd55\ud83c\udf3d \u00e4ra\u201c, muutub see naudinguks.<\/p>\n<p>Lisaks on rub <strong data-start=\"488\" data-end=\"506\">vegan\u2011s\u00f5bralik<\/strong>, lisades roogadele head maitset ja tekstuuri.<\/p>\n<p><strong data-start=\"397\" data-end=\"409\">\ud83d\udca1 Profesion\u0101\u013cu padoms:<\/strong> H\u00f5\u00f5ru rub enne grillimist \u00f5liga kergelt kokku \u2013 tulemuseks kr\u00f5bedad ja maitserikkad k\u00f6\u00f6giviljad, mis r\u00f5\u00f5mustavad nii vegan\u2011kui ka lihaarmastajat.<\/p>\n<p>Veel \u00fcks p\u00f5nev fakt \u2013 legend linna peal \u00fctleb, et parim ribi, mida keegi proovinud on, sai just selle maitseainega t\u00e4iusliku maitse.<\/p>\n<p><img loading=\"lazy\" decoding=\"async\" class=\"wp-image-4171\" src=\"http:\/\/tammetorubbq.ee\/wp-content\/uploads\/2025\/11\/Big-Swede-BBQ-logo-300x300.jpg\" alt=\"Big Swede BBQ\" width=\"183\" height=\"183\" srcset=\"https:\/\/tammetorubbq.ee\/wp-content\/uploads\/2025\/11\/Big-Swede-BBQ-logo-300x300.jpg 300w, https:\/\/tammetorubbq.ee\/wp-content\/uploads\/2025\/11\/Big-Swede-BBQ-logo-150x150.jpg 150w, https:\/\/tammetorubbq.ee\/wp-content\/uploads\/2025\/11\/Big-Swede-BBQ-logo-12x12.jpg 12w, https:\/\/tammetorubbq.ee\/wp-content\/uploads\/2025\/11\/Big-Swede-BBQ-logo-64x64.jpg 64w, https:\/\/tammetorubbq.ee\/wp-content\/uploads\/2025\/11\/Big-Swede-BBQ-logo.jpg 436w\" sizes=\"auto, (max-width: 183px) 100vw, 183px\" \/><\/p>","protected":false},"featured_media":4302,"comment_status":"open","ping_status":"closed","template":"","meta":{"_uf_show_specific_survey":0,"_uf_disable_surveys":false},"pwb-brand":[229],"product_brand":[],"product_cat":[21],"product_tag":[121,122],"class_list":{"0":"post-4301","1":"product","2":"type-product","3":"status-publish","4":"has-post-thumbnail","6":"pwb-brand-big-swede-bbq","7":"product_cat-maitseainesegud","8":"product_tag-koogiviljad","9":"product_tag-searibi","11":"first","12":"instock","13":"taxable","14":"shipping-taxable","15":"purchasable","16":"product-type-simple"},"brands":[{"id":229,"name":"Big Swede BBQ","slug":"big-swede-bbq"}],"_links":{"self":[{"href":"https:\/\/tammetorubbq.ee\/lv\/wp-json\/wp\/v2\/product\/4301","targetHints":{"allow":["GET"]}}],"collection":[{"href":"https:\/\/tammetorubbq.ee\/lv\/wp-json\/wp\/v2\/product"}],"about":[{"href":"https:\/\/tammetorubbq.ee\/lv\/wp-json\/wp\/v2\/types\/product"}],"replies":[{"embeddable":true,"href":"https:\/\/tammetorubbq.ee\/lv\/wp-json\/wp\/v2\/comments?post=4301"}],"wp:featuredmedia":[{"embeddable":true,"href":"https:\/\/tammetorubbq.ee\/lv\/wp-json\/wp\/v2\/media\/4302"}],"wp:attachment":[{"href":"https:\/\/tammetorubbq.ee\/lv\/wp-json\/wp\/v2\/media?parent=4301"}],"wp:term":[{"taxonomy":"pwb-brand","embeddable":true,"href":"https:\/\/tammetorubbq.ee\/lv\/wp-json\/wp\/v2\/pwb-brand?post=4301"},{"taxonomy":"product_brand","embeddable":true,"href":"https:\/\/tammetorubbq.ee\/lv\/wp-json\/wp\/v2\/product_brand?post=4301"},{"taxonomy":"product_cat","embeddable":true,"href":"https:\/\/tammetorubbq.ee\/lv\/wp-json\/wp\/v2\/product_cat?post=4301"},{"taxonomy":"product_tag","embeddable":true,"href":"https:\/\/tammetorubbq.ee\/lv\/wp-json\/wp\/v2\/product_tag?post=4301"}],"curies":[{"name":"wp","href":"https:\/\/api.w.org\/{rel}","templated":true}]}}