{"id":4354,"date":"2025-11-27T12:44:15","date_gmt":"2025-11-27T10:44:15","guid":{"rendered":"https:\/\/tammetorubbq.ee\/?post_type=product&#038;p=4354"},"modified":"2026-04-15T00:00:11","modified_gmt":"2026-04-14T21:00:11","slug":"kamado-joe-kettle-joe-iimastikukindel-grillikate","status":"publish","type":"product","link":"https:\/\/tammetorubbq.ee\/lv\/product-2\/kamado-joe-kettle-joe-iimastikukindel-grillikate\/","title":{"rendered":"Kamado Joe Kettle Joe iImastikukindel grillikate"},"content":{"rendered":"<h4 data-start=\"947\" data-end=\"983\"><strong data-start=\"952\" data-end=\"983\">Miks valida see grillikate?<\/strong><\/h4>\n<ul data-start=\"984\" data-end=\"1155\">\n<li data-start=\"984\" data-end=\"1048\">\n<p data-start=\"986\" data-end=\"1048\">Pikendab grilli eluiga ja hoiab selle v\u00e4ljan\u00e4gemise v\u00e4rskena<\/p>\n<\/li>\n<li data-start=\"1049\" data-end=\"1096\">\n<p data-start=\"1051\" data-end=\"1096\">Kaitseb grilli v\u00e4litingimustes hoiustamisel<\/p>\n<\/li>\n<li data-start=\"1097\" data-end=\"1155\">\n<p data-start=\"1099\" data-end=\"1155\">Mugav kasutada ja vastupidav ka intensiivsel kasutamisel<\/p>\n<\/li>\n<\/ul>","protected":false},"excerpt":{"rendered":"<p data-start=\"133\" data-end=\"366\">Kaitse oma Kamado Joe Junior grill maksimaalse mugavuse ja kindlusega! See kvaliteetne <strong data-start=\"220\" data-end=\"250\">ilmastikukindel grillikate<\/strong> hoiab sinu grilli turvaliselt kaitstud aastaringselt \u2013 olgu tegemist vihma, lume, UV-kiirguse v\u00f5i tugevama tuulega.<\/p>\n<h4 data-start=\"368\" data-end=\"385\"><strong data-start=\"373\" data-end=\"385\">Funkcijas<\/strong><\/h4>\n<ul data-start=\"386\" data-end=\"945\">\n<li data-start=\"386\" data-end=\"494\">\n<p data-start=\"388\" data-end=\"494\"><strong data-start=\"388\" data-end=\"408\">T\u00e4iuslik sobivus<\/strong> Kamado Joe Junior mudelile \u2013 spetsiaalselt vormitud t\u00e4pseks ja tihedaks istuvuseks.<\/p>\n<\/li>\n<li data-start=\"495\" data-end=\"593\">\n<p data-start=\"497\" data-end=\"593\"><strong data-start=\"497\" data-end=\"536\">Vastupidav ilmastikukindel materjal<\/strong> \u2013 kaitseb grilli niiskuse, mustuse ja pleekimise eest.<\/p>\n<\/li>\n<li data-start=\"594\" data-end=\"690\">\n<p data-start=\"596\" data-end=\"690\"><strong data-start=\"596\" data-end=\"622\">UV-kaitsega pealispind<\/strong> \u2013 hoiab \u00e4ra materjali lagunemise ja v\u00e4rvi tuhmumise p\u00e4ikese k\u00e4es.<\/p>\n<\/li>\n<li data-start=\"691\" data-end=\"796\">\n<p data-start=\"693\" data-end=\"796\"><strong data-start=\"693\" data-end=\"713\">Tugevad \u00f5mblused<\/strong> \u2013 tagavad pika kasutusea ning vastupidavuse ka sagedasel peale- ja mahav\u00f5tmisel.<\/p>\n<\/li>\n<li data-start=\"797\" data-end=\"872\">\n<p data-start=\"799\" data-end=\"872\"><strong data-start=\"799\" data-end=\"817\">Kinnitusrihmad<\/strong> \u2013 hoiavad katte kindlalt paigal ka tuulistes oludes.<\/p>\n<\/li>\n<li data-start=\"873\" data-end=\"945\">\n<p data-start=\"875\" data-end=\"945\"><strong data-start=\"875\" data-end=\"894\">Viegli kopjams<\/strong> \u2013 vajadusel saab kergesti puhastada niiske lapiga.<\/p>\n<\/li>\n<\/ul>\n<p>&nbsp;<\/p>\n<p><img loading=\"lazy\" decoding=\"async\" class=\"alignnone wp-image-1531\" src=\"http:\/\/tammetorubbq.ee\/wp-content\/uploads\/2024\/03\/kamado-joe-logo-300x40.webp\" alt=\"Kamado Joe logotips\" width=\"248\" height=\"33\" srcset=\"https:\/\/tammetorubbq.ee\/wp-content\/uploads\/2024\/03\/kamado-joe-logo-300x40.webp 300w, https:\/\/tammetorubbq.ee\/wp-content\/uploads\/2024\/03\/kamado-joe-logo-768x104.webp 768w, https:\/\/tammetorubbq.ee\/wp-content\/uploads\/2024\/03\/kamado-joe-logo-18x2.webp 18w, https:\/\/tammetorubbq.ee\/wp-content\/uploads\/2024\/03\/kamado-joe-logo-600x81.webp 600w, https:\/\/tammetorubbq.ee\/wp-content\/uploads\/2024\/03\/kamado-joe-logo-64x9.webp 64w, https:\/\/tammetorubbq.ee\/wp-content\/uploads\/2024\/03\/kamado-joe-logo.webp 1024w\" sizes=\"auto, (max-width: 248px) 100vw, 248px\" \/><\/p>","protected":false},"featured_media":4355,"comment_status":"open","ping_status":"closed","template":"","meta":{"_uf_show_specific_survey":0,"_uf_disable_surveys":false},"pwb-brand":[69],"product_brand":[],"product_cat":[88],"product_tag":[136,239,126,328,323],"class_list":{"0":"post-4354","1":"product","2":"type-product","3":"status-publish","4":"has-post-thumbnail","6":"pwb-brand-kamado-joe","7":"product_cat-grillide-lisatarvikud","8":"product_tag-grillide-lisatarvikud","9":"product_tag-ilmastikukindel-kate","10":"product_tag-kamado-joe","11":"product_tag-kamado-joe-kettle-joe","12":"product_tag-kamado-joe-lisatarvikud","14":"first","15":"instock","16":"taxable","17":"shipping-taxable","18":"purchasable","19":"product-type-simple"},"brands":[{"id":69,"name":"Kamado Joe","slug":"kamado-joe"}],"_links":{"self":[{"href":"https:\/\/tammetorubbq.ee\/lv\/wp-json\/wp\/v2\/product\/4354","targetHints":{"allow":["GET"]}}],"collection":[{"href":"https:\/\/tammetorubbq.ee\/lv\/wp-json\/wp\/v2\/product"}],"about":[{"href":"https:\/\/tammetorubbq.ee\/lv\/wp-json\/wp\/v2\/types\/product"}],"replies":[{"embeddable":true,"href":"https:\/\/tammetorubbq.ee\/lv\/wp-json\/wp\/v2\/comments?post=4354"}],"wp:featuredmedia":[{"embeddable":true,"href":"https:\/\/tammetorubbq.ee\/lv\/wp-json\/wp\/v2\/media\/4355"}],"wp:attachment":[{"href":"https:\/\/tammetorubbq.ee\/lv\/wp-json\/wp\/v2\/media?parent=4354"}],"wp:term":[{"taxonomy":"pwb-brand","embeddable":true,"href":"https:\/\/tammetorubbq.ee\/lv\/wp-json\/wp\/v2\/pwb-brand?post=4354"},{"taxonomy":"product_brand","embeddable":true,"href":"https:\/\/tammetorubbq.ee\/lv\/wp-json\/wp\/v2\/product_brand?post=4354"},{"taxonomy":"product_cat","embeddable":true,"href":"https:\/\/tammetorubbq.ee\/lv\/wp-json\/wp\/v2\/product_cat?post=4354"},{"taxonomy":"product_tag","embeddable":true,"href":"https:\/\/tammetorubbq.ee\/lv\/wp-json\/wp\/v2\/product_tag?post=4354"}],"curies":[{"name":"wp","href":"https:\/\/api.w.org\/{rel}","templated":true}]}}