{"id":4366,"date":"2025-11-27T14:59:27","date_gmt":"2025-11-27T12:59:27","guid":{"rendered":"https:\/\/tammetorubbq.ee\/?post_type=product&#038;p=4366"},"modified":"2026-04-14T14:00:19","modified_gmt":"2026-04-14T11:00:19","slug":"grilli-supertohus-puhastusaine-pihustiga-500ml","status":"publish","type":"product","link":"https:\/\/tammetorubbq.ee\/lv\/product-2\/grilli-supertohus-puhastusaine-pihustiga-500ml\/","title":{"rendered":"Grilli supert\u00f5hus puhastusaine pihustiga 500ml"},"content":{"rendered":"<p data-start=\"991\" data-end=\"1009\"><strong>Tehniline info:<\/strong><\/p>\n<ul data-start=\"1010\" data-end=\"1143\">\n<li data-start=\"1010\" data-end=\"1026\">\n<p data-start=\"1012\" data-end=\"1026\">Maht: 500 ml<\/p>\n<\/li>\n<li data-start=\"1027\" data-end=\"1078\">\n<p data-start=\"1029\" data-end=\"1078\">T\u00fc\u00fcp: tugevatoimeline leeliseline puhastusspray<\/p>\n<\/li>\n<li data-start=\"1079\" data-end=\"1143\">\n<p data-start=\"1081\" data-end=\"1143\">Kasutusvaldkond: grillid, ahjud, suitsuahjud, k\u00f6\u00f6gikubud jpm<\/p>\n<\/li>\n<\/ul>\n<p><strong data-start=\"1233\" data-end=\"1249\">Hoiustamine:<\/strong> Hoida kuivas ja h\u00e4sti ventileeritud ruumis temperatuuril +5\u2026+30 \u00b0C, eemal otsesest p\u00e4ikesevalgusest, s\u00e4demetest, lahtisest leegist ja kuumadest pindadest.<\/p>\n<p class=\"\" data-start=\"320\" data-end=\"485\"><strong data-start=\"320\" data-end=\"332\">Koostis: <\/strong>Sisaldab &lt;8% kaaliumh\u00fcdroksiidi (CAS: 1310-58-3), &lt;2% sulfoonhappe (C14-17-sek-alkaan, naatriumsoolad), &lt;5% anioonsed pindaktiivsed ained, l\u00f5hnaained.<\/p>\n<p class=\"\" data-start=\"1070\" data-end=\"1147\"><strong data-start=\"1070\" data-end=\"1096\">F\u00fc\u00fcsikalised omadused: <\/strong>Vedel, leeliseline (pH 12,5\u201313,5), vees segunev.<\/p>","protected":false},"excerpt":{"rendered":"<p data-start=\"129\" data-end=\"364\">T\u00f5hus lahendus grilli, BBQ-restide, suitsuahju, filtrite, \u00f5hupuhastite, kaminaukse ja ahjuukse puhastamiseks. Tugevalt leeliseline ja kontsentreeritud puhastussprei <strong>eemaldab kiiresti ka k\u00f5ige t\u00f5rksamad rasva-, tahma- ja k\u00fcpsetusj\u00e4\u00e4gid<\/strong>.<\/p>\n<h3 data-start=\"366\" data-end=\"378\">Funkcijas<\/h3>\n<ul data-start=\"379\" data-end=\"678\">\n<li data-start=\"379\" data-end=\"439\">\n<p data-start=\"381\" data-end=\"439\">V\u00e4ga kontsentreeritud koostis eemaldab ka p\u00fcsiva mustuse<\/p>\n<\/li>\n<li data-start=\"440\" data-end=\"515\">\n<p data-start=\"442\" data-end=\"515\">Ohutu kasutamisel vastavalt juhistele \u2013 ei kahjusta puhastatavaid pindu<\/p>\n<\/li>\n<li data-start=\"516\" data-end=\"569\">\n<p data-start=\"518\" data-end=\"569\">T\u00f5hus vana rasva, tahma ja k\u00f5rbenud j\u00e4\u00e4kide vastu<\/p>\n<\/li>\n<li data-start=\"570\" data-end=\"619\">\n<p data-start=\"572\" data-end=\"619\">\u00d6konoomne \u2013 tugev toime juba v\u00e4ikese kogusega<\/p>\n<\/li>\n<li data-start=\"620\" data-end=\"678\">\n<p data-start=\"622\" data-end=\"678\">Sobib nii koduseks kui ka professionaalseks kasutuseks<\/p>\n<\/li>\n<\/ul>\n<h3 data-start=\"680\" data-end=\"697\">Lietot\u0101ja rokasgr\u0101mata<\/h3>\n<ol data-start=\"698\" data-end=\"989\">\n<li data-start=\"698\" data-end=\"739\">\n<p data-start=\"701\" data-end=\"739\">Pihusta toodet puhastatavale pinnale<\/p>\n<\/li>\n<li data-start=\"740\" data-end=\"769\">\n<p data-start=\"743\" data-end=\"769\">Lase m\u00f5juda 5\u201310 minutit<\/p>\n<\/li>\n<li data-start=\"770\" data-end=\"816\">\n<p data-start=\"773\" data-end=\"816\">P\u00fchi pind niiske k\u00e4sna v\u00f5i lapiga puhtaks<\/p>\n<\/li>\n<li data-start=\"817\" data-end=\"872\">\n<p data-start=\"820\" data-end=\"872\">Vajadusel j\u00e4ta kauemaks m\u00f5juma v\u00f5i korda puhastust<\/p>\n<\/li>\n<li data-start=\"873\" data-end=\"938\">\n<p data-start=\"876\" data-end=\"938\">\u00c4ra kasuta kahjustatud, alumiiniumist v\u00f5i tsingitud pindadel<\/p>\n<\/li>\n<li data-start=\"939\" data-end=\"989\">\n<p data-start=\"942\" data-end=\"989\">Pese p\u00e4rast kasutamist k\u00e4ed hoolikalt puhtaks<\/p>\n<\/li>\n<\/ol>\n<p>Sobib suurep\u00e4raselt igap\u00e4evaseks puhastuseks nii kodudes kui ka toitlustusettev\u00f5tetes.<\/p>","protected":false},"featured_media":4368,"comment_status":"open","ping_status":"closed","template":"","meta":{"_uf_show_specific_survey":0,"_uf_disable_surveys":false},"pwb-brand":[],"product_brand":[],"product_cat":[88,30],"product_tag":[],"class_list":{"0":"post-4366","1":"product","2":"type-product","3":"status-publish","4":"has-post-thumbnail","6":"product_cat-grillide-lisatarvikud","7":"product_cat-grillimise-tarvikud","9":"first","10":"instock","11":"taxable","12":"shipping-taxable","13":"purchasable","14":"product-type-simple"},"brands":[],"_links":{"self":[{"href":"https:\/\/tammetorubbq.ee\/lv\/wp-json\/wp\/v2\/product\/4366","targetHints":{"allow":["GET"]}}],"collection":[{"href":"https:\/\/tammetorubbq.ee\/lv\/wp-json\/wp\/v2\/product"}],"about":[{"href":"https:\/\/tammetorubbq.ee\/lv\/wp-json\/wp\/v2\/types\/product"}],"replies":[{"embeddable":true,"href":"https:\/\/tammetorubbq.ee\/lv\/wp-json\/wp\/v2\/comments?post=4366"}],"wp:featuredmedia":[{"embeddable":true,"href":"https:\/\/tammetorubbq.ee\/lv\/wp-json\/wp\/v2\/media\/4368"}],"wp:attachment":[{"href":"https:\/\/tammetorubbq.ee\/lv\/wp-json\/wp\/v2\/media?parent=4366"}],"wp:term":[{"taxonomy":"pwb-brand","embeddable":true,"href":"https:\/\/tammetorubbq.ee\/lv\/wp-json\/wp\/v2\/pwb-brand?post=4366"},{"taxonomy":"product_brand","embeddable":true,"href":"https:\/\/tammetorubbq.ee\/lv\/wp-json\/wp\/v2\/product_brand?post=4366"},{"taxonomy":"product_cat","embeddable":true,"href":"https:\/\/tammetorubbq.ee\/lv\/wp-json\/wp\/v2\/product_cat?post=4366"},{"taxonomy":"product_tag","embeddable":true,"href":"https:\/\/tammetorubbq.ee\/lv\/wp-json\/wp\/v2\/product_tag?post=4366"}],"curies":[{"name":"wp","href":"https:\/\/api.w.org\/{rel}","templated":true}]}}