{"id":443,"date":"2023-12-03T12:06:54","date_gmt":"2023-12-03T10:06:54","guid":{"rendered":"https:\/\/tammetorubbq.ee\/?post_type=product&#038;p=443"},"modified":"2026-04-14T18:01:33","modified_gmt":"2026-04-14T15:01:33","slug":"kamado-joe-classic-ii","status":"publish","type":"product","link":"https:\/\/tammetorubbq.ee\/lv\/product-2\/kamado-joe-classic-ii\/","title":{"rendered":"Kamado Joe Classic II"},"content":{"rendered":"<p><strong>Komplekt\u0101 ietilpst:<\/strong><\/p>\n<ul>\n<li>18\" (46 cm) keramiskais grils ar cinkota t\u0113rauda pamatnes r\u0101mi un blo\u0137\u0113jamiem rite\u0146iem<\/li>\n<li>Gatavi salok\u0101mi augsta bl\u012bvuma poliuret\u0101na s\u0101nu plaukti un rokturis<\/li>\n<li>Tr\u012bs l\u012bme\u0146u \"Divide &amp; Conquer\u00ae\" sist\u0113ma elast\u012bgai gatavo\u0161anai, t. i., ieskaitot 2 gabalu pusm\u0113ness keramikas siltuma deflektoru (siltuma izklied\u0113t\u0101ju) un 2 gabalu ner\u016bs\u0113jo\u0161\u0101 t\u0113rauda (304) pusm\u0113ness grila palikt\u0146us (46 cm diametr\u0101) - papildu grila palikt\u0146i pieejami k\u0101 papildu apr\u012bkojums.<\/li>\n<li>Patent\u0113ta ievelkama ner\u016bs\u0113jo\u0161\u0101 t\u0113rauda (304) pelnu trauks viegl\u0101kai grila t\u012br\u012b\u0161anai<\/li>\n<li>Ieb\u016bv\u0113ts termometrs<\/li>\n<li>Alum\u012bnija aug\u0161\u0113j\u0101 ventil\u0101cijas atvere \"Kontrol Tower\"<\/li>\n<li>\"Hing Air Lift\" (t. i., v\u0101ks ar amordu)<\/li>\n<li>AMP Daudzpane\u013cu (t. i., daudzda\u013c\u012bga, nedestrukt\u012bva) kurtuve<\/li>\n<li>Karstumiztur\u012bga stikla \u0161\u0137iedras starplika ar stiep\u013cu sietu<\/li>\n<li>Ner\u016bs\u0113jo\u0161\u0101 t\u0113rauda (304) v\u0101ka skavas skava<\/li>\n<li>Ner\u016bs\u0113jo\u0161\u0101 t\u0113rauda piederumu stat\u012bvs \"Accessory Rack\"<\/li>\n<li>Grila re\u017e\u0123a pacel\u0161anas stie\u0146i<\/li>\n<li>Tuharoop<\/li>\n<\/ul>\n<p>PIEZ\u012aME: Kamado Joe keramikas deta\u013c\u0101m ir ierobe\u017eota m\u016b\u017ea garantija (garantijas nosac\u012bjumi: <a href=\"http:\/\/tammetorubbq.ee\/wp-content\/uploads\/2023\/12\/Kamado_Joe_garantii-1.docx\" target=\"_blank\" rel=\"noopener\">skat\u012bt \u0161eit<\/a>); ieskaitot keramikas fl\u012bzes, siltuma atstarot\u0101jus un bl\u012bv\u0113juma fl\u012bzes 3 gadi; met\u0101ls un \u010duguns 5 gadi; termometrs un bl\u012bves 1 gads.<\/p>\n<p>&nbsp;<\/p>\n<p><strong>Tehnisk\u0101 inform\u0101cija<\/strong><\/p>\n<p>Svars 105,23 kg<\/p>\n<p>Iepakojuma izm\u0113ri 84 \u00d7 75 \u00d7 88 cm<\/p>\n<p>Virsma \u00d8 \u00d8 46 cm, st 651cm\u00b2<\/p>\n<p>TEMPERAT\u016aRAS DIAPAZONS 80 - 400 \u00b0C<\/p>\n<p>Kop\u0113jie izm\u0113ri 118 (garums) x 121 (augstums) x 71 (platums) cm<\/p>\n<p>IEK\u0100RTAS PL\u0100TS, ieskaitot gr\u012bdu 1034 cm2<\/p>\n<p>ALARMA ARE\u0100LS AR DV\u012aM ATV\u0112RIEM \/ PIEDZ\u012aVES ATV\u0112RIEM 1291 cm2 \/ 1677 cm2<\/p>\n<p>PRODUKTS Kamado Joe<\/p>\n<p>&nbsp;<\/p>\n<p><strong>Garantii<\/strong> &#8211; Kamado Joe keraamilistele osadele kehtib piiratud eluaegne garantii (garantiitingimused: <strong><a href=\"https:\/\/tammetorubbq.ee\/wp-content\/uploads\/2026\/02\/Kamado_Joe_garantii.pdf\">skat\u012bt \u0161eit<\/a><\/strong>); ieskaitot keramikas fl\u012bzes, siltuma atstarot\u0101jus un bl\u012bv\u0113juma fl\u012bzes 3 gadi; met\u0101ls un \u010duguns 5 gadi; termometrs un bl\u012bves 1 gads.<\/p>","protected":false},"excerpt":{"rendered":"<h4>Kaasa kingitus + TASUTA tarne.<\/h4>\n<p class=\"\" data-start=\"0\" data-end=\"58\"><strong data-start=\"0\" data-end=\"58\">Kamado Joe Classic II - Inovat\u012bvs keramikas grils uz kokog\u013cu ogl\u0113m<\/strong><\/p>\n<p class=\"\" data-start=\"60\" data-end=\"395\">Kamado Joe Classic II ir Kamado grilu pasaules pionieris, kas pied\u0101v\u0101 inovat\u012bvas funkcijas, kas padara gril\u0113\u0161anu un gatavo\u0161anu \u012bpa\u0161i \u0113rtu un elast\u012bgu. \u0160is grils ir ide\u0101li piem\u0113rots lieto\u0161anai piem\u0101jas pagalm\u0101, pied\u0101v\u0101jot gan zemas, gan augstas temperat\u016bras gril\u0113\u0161anas, gatavo\u0161anas un k\u016bpin\u0101\u0161anas iesp\u0113jas.<\/p>\n<p class=\"\" data-start=\"416\" data-end=\"627\"><strong data-start=\"416\" data-end=\"438\">Keramikas korpuss<\/strong> - Kamado Joe Classic II ir biezu sienu karstumiztur\u012bgs keramikas korpuss, kas sp\u0113j iesl\u0113gt d\u016bmus un mitrumu jebkur\u0101 temperat\u016br\u0101, nodro\u0161inot prec\u012bzi kontrol\u0113tu un vienm\u0113r\u012bgu gatavo\u0161anu.<\/p>\n<p class=\"\" data-start=\"631\" data-end=\"834\"><strong data-start=\"631\" data-end=\"648\">Gaisa pac\u0113l\u0101ja iekarin\u0101\u0161ana<\/strong> - Grilam ir unik\u0101la pretsvara viru sist\u0113ma, kas \u013cauj viegli un bez piep\u016bles atv\u0113rt kupolu. T\u0101 \"Air Lift\" sist\u0113ma samazina gr\u016bt\u012bbas atv\u0113rt v\u0101ku un padara gril\u0113\u0161anu v\u0113l \u0113rt\u0101ku.<\/p>\n<p class=\"\" data-start=\"838\" data-end=\"1044\"><strong data-start=\"838\" data-end=\"855\">Vad\u012bbas tornis<\/strong> - Grilam ir laikapst\u0101k\u013ciem dro\u0161a, augstas precizit\u0101tes aug\u0161\u0113j\u0101 ventil\u0101cijas atvere, kas nodro\u0161ina prec\u012bzu temperat\u016bras kontroli, lai gril\u0113\u0161ana b\u016btu nevainojama jebkuros laikapst\u0101k\u013cos.<\/p>\n<p class=\"\" data-start=\"1048\" data-end=\"1215\"><strong data-start=\"1048\" data-end=\"1064\">Cep\u0161anas papl\u0101te<\/strong> - Kamado Joe Classic II panna ir izgatavota no augstas kvalit\u0101tes ner\u016bs\u0113jo\u0161\u0101 t\u0113rauda (304), kas nodro\u0161ina ilgsto\u0161u iztur\u012bbu un uzticam\u012bbu.<\/p>\n<p class=\"\" data-start=\"1219\" data-end=\"1472\"><strong data-start=\"1219\" data-end=\"1248\">Divide &amp; Conquer\u00ae sist\u0113ma<\/strong> - \u0160\u012b elast\u012bg\u0101 gatavo\u0161anas sist\u0113ma \u013cauj izmantot da\u017e\u0101das pl\u0101tnes un l\u012bme\u0146us, lai vienlaikus gatavotu \u0113dienu da\u017e\u0101d\u0101s temperat\u016br\u0101s, t\u0101d\u0113j\u0101di nodro\u0161inot v\u0113l liel\u0101ku elast\u012bbu gatavo\u0161anas proces\u0101.<\/p>\n<p class=\"\" data-start=\"1476\" data-end=\"1664\"><strong data-start=\"1476\" data-end=\"1501\">Keramiskais kam\u012bns<\/strong> - Kamado Joe Classic II ir keramikas kurtuve ar vair\u0101kiem pane\u013ciem, kas nodro\u0161ina vienm\u0113r\u012bgu un konsekventu karstuma veido\u0161anos, lai katrs og\u013cu un d\u016bmu bloks tiktu izmantots efekt\u012bvi.<\/p>\n<p class=\"\" data-start=\"1668\" data-end=\"1808\"><strong data-start=\"1668\" data-end=\"1689\">Rite\u0146u \u0161asija uz rite\u0146iem<\/strong> - Grils ir apr\u012bkots ar iztur\u012bgu cinkota t\u0113rauda pamatnes r\u0101mi uz rite\u0146iem, kas \u013cauj to viegli p\u0101rvietot un novietot.<\/p>\n<p class=\"\" data-start=\"1812\" data-end=\"1965\"><strong data-start=\"1812\" data-end=\"1840\">No\u0146emams pelnu trauks<\/strong> - Kamado Joe Classic II ir patent\u0113ta izvelkama pelnu trauks, kas padara grila t\u012br\u012b\u0161anu viegl\u0101ku un \u0113rt\u0101ku.<\/p>\n<h5 data-start=\"1967\" data-end=\"2269\">Kamado Joe Classic II ir lieliska izv\u0113le ikvienam gril\u0113\u0161anas entuziastam, kur\u0161 nov\u0113rt\u0113 kvalit\u0101ti, inov\u0101cijas un daudzpus\u012bbu. \u0160is grils ir ide\u0101li piem\u0113rots ikdienas gril\u0113\u0161anai, k\u016bpin\u0101\u0161anai, cep\u0161anai un pat k\u016bku gatavo\u0161anai, nodro\u0161inot visu nepiecie\u0161amo ide\u0101lai gril\u0113\u0161anas pieredzei.<\/h5>\n<ul>\n<li>Augst\u0101k\u0101 kvalit\u0101te pasaul\u0113!<\/li>\n<li>Lab\u0101k\u0101 v\u0113rt\u012bba par naudu!<\/li>\n<li><strong>L\u012bdz \u0161im lab\u0101k\u0101 izv\u0113le keramikas grilu jom\u0101!<\/strong><\/li>\n<li>Lab\u0101k p\u0101rdotais Kamado Joe grils!<\/li>\n<li>Grila re\u017e\u0123is \u00d8 47 cm (18\"), cepe\u0161kr\u0101sns iek\u0161\u0113jais \u00d8 50 cm, cepe\u0161kr\u0101sns \u0101r\u0113jais \u00d8 57 cm, svars 105 kg.<\/li>\n<\/ul>\n<p>Kindlasti soovitame ka juurde osta\u00a0<a href=\"https:\/\/tammetorubbq.ee\/lv\/product-2\/kamado-joe-classic-ilmastikukindel-grillikate\/\"><strong>ilmastikukindla grillikatte<\/strong><\/a>\u00a0mis pakub usaldusv\u00e4\u00e4rset kaitset vihma, lume, p\u00e4ikese ja mustuse eest, pikendades grilli eluiga ning hoides selle puhtana j\u00e4rgmiseks kasutuskorraks.<\/p>\n<p><span style=\"color: #000000;\"><strong>Oleme tootja Kamado Joe ametlik esindaja, edasim\u00fc\u00fcja Eestis!<\/strong><\/span><\/p>\n<p><img loading=\"lazy\" decoding=\"async\" class=\"wp-image-1531\" src=\"http:\/\/tammetorubbq.ee\/wp-content\/uploads\/2024\/03\/kamado-joe-logo-300x40.webp\" alt=\"Kamado Joe logotips\" width=\"180\" height=\"24\" srcset=\"https:\/\/tammetorubbq.ee\/wp-content\/uploads\/2024\/03\/kamado-joe-logo-300x40.webp 300w, https:\/\/tammetorubbq.ee\/wp-content\/uploads\/2024\/03\/kamado-joe-logo-768x104.webp 768w, https:\/\/tammetorubbq.ee\/wp-content\/uploads\/2024\/03\/kamado-joe-logo-18x2.webp 18w, https:\/\/tammetorubbq.ee\/wp-content\/uploads\/2024\/03\/kamado-joe-logo-600x81.webp 600w, https:\/\/tammetorubbq.ee\/wp-content\/uploads\/2024\/03\/kamado-joe-logo-64x9.webp 64w, https:\/\/tammetorubbq.ee\/wp-content\/uploads\/2024\/03\/kamado-joe-logo.webp 1024w\" sizes=\"auto, (max-width: 180px) 100vw, 180px\" \/><\/p>\n<p><a href=\"https:\/\/tammetorubbq.ee\/lv\/maksajiet-velak\/\"><strong>P\u0112RCIET TAGAD, MAKS\u0100JIET V\u0112L\u0100K<\/strong><\/a> - bez procentiem!<\/p>\n<p><img loading=\"lazy\" decoding=\"async\" class=\"alignnone wp-image-2646\" src=\"http:\/\/tammetorubbq.ee\/wp-content\/uploads\/2023\/12\/inbank-wordmark.png\" alt=\"Inbank\" width=\"167\" height=\"75\" srcset=\"https:\/\/tammetorubbq.ee\/wp-content\/uploads\/2023\/12\/inbank-wordmark.png 300w, https:\/\/tammetorubbq.ee\/wp-content\/uploads\/2023\/12\/inbank-wordmark-18x8.png 18w, https:\/\/tammetorubbq.ee\/wp-content\/uploads\/2023\/12\/inbank-wordmark-64x29.png 64w\" sizes=\"auto, (max-width: 167px) 100vw, 167px\" \/><\/p>\n<p>M\u0113s pied\u0101v\u0101jam ar\u012b iesp\u0113ju maks\u0101t v\u0113l\u0101k - vien\u0101, div\u0101s vai trij\u0101s vien\u0101d\u0101s da\u013c\u0101s bez procentiem vai papildu maksas.<\/p>\n<p>M\u016bsu iepirkumu groz\u0101 varat atrast da\u017e\u0101das maks\u0101jumu iesp\u0113jas.<\/p>","protected":false},"featured_media":431,"comment_status":"open","ping_status":"closed","template":"","meta":{"_uf_show_specific_survey":0,"_uf_disable_surveys":false},"pwb-brand":[69],"product_brand":[],"product_cat":[53,55],"product_tag":[126,325,316,127,78],"class_list":{"0":"post-443","1":"product","2":"type-product","3":"status-publish","4":"has-post-thumbnail","6":"pwb-brand-kamado-joe","7":"product_cat-grillid","8":"product_cat-keraamilised-grillid","9":"product_tag-kamado-joe","10":"product_tag-kamado-joe-classic","11":"product_tag-kamado-joe-keraamiline-grill","12":"product_tag-keraamilised-grillid","13":"product_tag-soegrill","15":"first","16":"instock","17":"taxable","18":"shipping-taxable","19":"purchasable","20":"product-type-simple"},"brands":[{"id":69,"name":"Kamado Joe","slug":"kamado-joe"}],"_links":{"self":[{"href":"https:\/\/tammetorubbq.ee\/lv\/wp-json\/wp\/v2\/product\/443","targetHints":{"allow":["GET"]}}],"collection":[{"href":"https:\/\/tammetorubbq.ee\/lv\/wp-json\/wp\/v2\/product"}],"about":[{"href":"https:\/\/tammetorubbq.ee\/lv\/wp-json\/wp\/v2\/types\/product"}],"replies":[{"embeddable":true,"href":"https:\/\/tammetorubbq.ee\/lv\/wp-json\/wp\/v2\/comments?post=443"}],"wp:featuredmedia":[{"embeddable":true,"href":"https:\/\/tammetorubbq.ee\/lv\/wp-json\/wp\/v2\/media\/431"}],"wp:attachment":[{"href":"https:\/\/tammetorubbq.ee\/lv\/wp-json\/wp\/v2\/media?parent=443"}],"wp:term":[{"taxonomy":"pwb-brand","embeddable":true,"href":"https:\/\/tammetorubbq.ee\/lv\/wp-json\/wp\/v2\/pwb-brand?post=443"},{"taxonomy":"product_brand","embeddable":true,"href":"https:\/\/tammetorubbq.ee\/lv\/wp-json\/wp\/v2\/product_brand?post=443"},{"taxonomy":"product_cat","embeddable":true,"href":"https:\/\/tammetorubbq.ee\/lv\/wp-json\/wp\/v2\/product_cat?post=443"},{"taxonomy":"product_tag","embeddable":true,"href":"https:\/\/tammetorubbq.ee\/lv\/wp-json\/wp\/v2\/product_tag?post=443"}],"curies":[{"name":"wp","href":"https:\/\/api.w.org\/{rel}","templated":true}]}}