{"id":448,"date":"2023-12-03T12:21:20","date_gmt":"2023-12-03T10:21:20","guid":{"rendered":"https:\/\/tammetorubbq.ee\/?post_type=product&#038;p=448"},"modified":"2026-04-14T14:00:39","modified_gmt":"2026-04-14T11:00:39","slug":"kamado-joe-classic-iii","status":"publish","type":"product","link":"https:\/\/tammetorubbq.ee\/lv\/product-2\/kamado-joe-classic-iii\/","title":{"rendered":"Kamado Joe Classic III"},"content":{"rendered":"<p>Classic III komplekt\u0101 ir iek\u013cauts jaun\u0101kais jaunin\u0101jums - revolucion\u0101rs hiperbolisk\u0101s d\u016bmu kameras saturs \"<em>SloRoller<\/em>\", kur\u0101 izmantota virpu\u013cojo\u0161a gaisa pl\u016bsmas tehnolo\u0123ija, kas regul\u0113 karstumu un d\u016bmus. T\u0101 ir izstr\u0101d\u0101ta, lai uzlabotu \u0113diena gar\u0161u un tekst\u016bru, gatavojot zem\u0101 un l\u0113n\u0101 temperat\u016br\u0101 l\u012bdz 260 \u00b0C. To var viegli nomain\u012bt pret keramikas karstuma deflektoru vai piln\u012bb\u0101 no\u0146emt, lai apceptu vai gril\u0113tu augst\u0101kaj\u0101 temperat\u016br\u0101. T\u0101pat k\u0101 iepriek\u0161\u0113jam modelim Classic II grils, tam ir biezu sienu karstumiztur\u012bgs keramikas apvalks, kas blo\u0137\u0113 d\u016bmus un mitrumu jebkur\u0101 temperat\u016br\u0101. Viegli atveramajam kupoli\u0146am ir pretsvara viras (t\u0101 sauktais \"arbor\").\"\"<em>Gaisa pac\u0113l\u0101js\"<\/em>\u00a0un pret laikapst\u0101k\u013ciem iztur\u012bgs \/ augstas precizit\u0101tes aug\u0161\u0113jais ventil\u0101cijas atv\u0113rums \"<em>Vad\u012bbas tornis<\/em>\". Cep\u0161anas plaukts ir izgatavots no \u013coti augstas kvalit\u0101tes 304 ner\u016bs\u0113jo\u0161\u0101 t\u0113rauda. Citas Classic III inov\u0101cijas ietver \u010detru l\u012bme\u0146u daudzfunkcion\u0101lu gatavo\u0161anas sist\u0113mu \"<em>Sadal\u012bt &amp;<\/em>\u00a0Conquer\u00ae\" ar ner\u016bs\u0113jo\u0161\u0101 t\u0113rauda kokog\u013cu ragu, karstumiztur\u012bgiem\/pulverkr\u0101sotiem alum\u012bnija s\u0101nu plauktiem, augstas kvalit\u0101tes cinkota t\u0113rauda pamatnes r\u0101mi ar riten\u012b\u0161iem, kas ir iztur\u012bgs pret laikapst\u0101k\u013ciem, modernu keramikas daudzpane\u013cu kurtuvi un patent\u0113tu izvelkamu pelnu trauku.<\/p>\n<p>&nbsp;<\/p>\n<p><strong>Komplekt\u0101 ietilpst<\/strong><\/p>\n<ul>\n<li>18\" (46 cm) keramiskais grils ar cinkota t\u0113rauda inovat\u012bvu pamatni un aizsl\u0113dzamiem rite\u0146iem.<\/li>\n<li>Patent\u0113ta hiperboliska d\u016bmu kamera \"SloRoller\"<\/li>\n<li>Apr\u012bkots ar salok\u0101miem alum\u012bnija s\u0101nu plauktiem un augsta bl\u012bvuma poliuret\u0101na rokturi.<\/li>\n<li>\u010cetru l\u012bme\u0146u \"Divide &amp; Conquer\u00ae\" sist\u0113ma elast\u012bgai gatavo\u0161anai, t. i., ieskaitot 2 gab. pusm\u0113ness keramikas siltuma deflektorus (siltuma sadal\u012bt\u0101jus) un 2 gab. ner\u016bs\u0113jo\u0161\u0101 t\u0113rauda (304) pusm\u0113ness gril\u0113\u0161anas re\u017e\u0123i (46 cm diametrs) - papildu gril\u0113\u0161anas re\u017e\u0123us var ieg\u0101d\u0101ties k\u0101 papildapr\u012bkojumu.<\/li>\n<li>Patent\u0113ta ievelkama ner\u016bs\u0113jo\u0161\u0101 t\u0113rauda (304) pelnu trauks viegl\u0101kai grila t\u012br\u012b\u0161anai<\/li>\n<li>Ieb\u016bv\u0113ts termometrs<\/li>\n<li>Alum\u012bnija aug\u0161\u0113j\u0101 ventil\u0101cijas atvere \"Kontrol Tower\"<\/li>\n<li>Hing \"Air Lift\" (t. i., v\u0101ks ar aizb\u012bdni)<\/li>\n<li>AMP Daudzpane\u013cu (t. i., daudzda\u013c\u012bga, nedestrukt\u012bva) kurtuve<\/li>\n<li>Ner\u016bs\u0113jo\u0161\u0101 t\u0113rauda (304) koferis kokogl\u0113m, kas nodro\u0161ina v\u0113l vienm\u0113r\u012bg\u0101ku kokog\u013cu kv\u0113lumu.<\/li>\n<li>Karstumiztur\u012bga stikla \u0161\u0137iedras starplika ar stiep\u013cu sietu<\/li>\n<li>Ner\u016bs\u0113jo\u0161\u0101 t\u0113rauda (304) v\u0101ka aizdares skava<\/li>\n<li>Ner\u016bs\u0113jo\u0161\u0101 t\u0113rauda piederumu stat\u012bvs \"Accessory Rack\"<\/li>\n<li>Grila re\u017e\u0123a pacel\u0161anas stie\u0146i<\/li>\n<li>Tuharoop<\/li>\n<\/ul>\n<p>&nbsp;<\/p>\n<p><strong>Tehnisk\u0101 inform\u0101cija<\/strong><\/p>\n<p>Svars 128 kg<\/p>\n<p>Iepakojuma izm\u0113ri 111 x 84 x 75 cm<\/p>\n<p>Kop\u0113jie izm\u0113ri 119 (garums) x 123 (augstums) x 73 (platums) cm<\/p>\n<p>Virsma \u00d8 \u00d8 46 cm, st 651cm\u00b2<\/p>\n<p>HEAT 80 - 400 \u00b0C (ar SloRoller l\u012bdz maksim\u0101li 260 \u00b0C)<\/p>\n<p>GAISA KONDICION\u0112\u0160ANA PERSONAS PERSONAS PL\u0100\u0160\u0160A, T\u012aL\u012aDZOT Gr\u012bDU 1034cm\u00b2<\/p>\n<p>Gatavo\u0161anas zona ar div\u0101m gril\u0113\u0161anas ier\u012bc\u0113m 1291cm\u00b2<\/p>\n<p>GAISA KONDICION\u0112\u0160ANAS ZONA AR DVIEM R\u0100MIEM UN PUSMALKU 1677cm\u00b2<\/p>\n<p>GAISA KONDICION\u0112\u0160ANAS PL\u0100TS AR TREIZIEM R\u0100MIEM UN PERSONU 2320cm\u00b2<\/p>\n<p>&nbsp;<\/p>\n<p><strong>Garantii<\/strong> &#8211; Kamado Joe keraamilistele osadele kehtib piiratud eluaegne garantii (garantiitingimused: <strong><a href=\"https:\/\/tammetorubbq.ee\/wp-content\/uploads\/2026\/02\/Kamado_Joe_garantii.pdf\">skat\u012bt \u0161eit<\/a><\/strong>); ieskaitot keramikas fl\u012bzes, siltuma atstarot\u0101jus un bl\u012bv\u0113juma fl\u012bzes 3 gadi; met\u0101ls un \u010duguns 5 gadi; termometrs un bl\u012bves 1 gads.<\/p>","protected":false},"excerpt":{"rendered":"<h4>Kaasa kingitus + TASUTA tarne.<\/h4>\n<h4>Augst\u0101k\u0101s klases keramikas b\u0101rbekj\u016b gard\u0113\u017eiem<\/h4>\n<p>Kamado Joe Classic III ir vismodern\u0101kais Kamado Joe kl\u0101sta p\u0101rst\u0101vis, kas paredz\u0113ts \u012bstiem gril\u0113\u0161anas entuziastiem, kuri nepie\u013cauj kompromisus attiec\u012bb\u0101 uz kvalit\u0101ti. Inovat\u012bvi risin\u0101jumi, patent\u0113tas tehnolo\u0123ijas un maksim\u0101li vienk\u0101r\u0161a lieto\u0161ana padara \u0161o grilu par absol\u016btu l\u012bderi sav\u0101 klas\u0113.<\/p>\n<p data-start=\"1873\" data-end=\"2178\">Keramikas grils Kamado Joe Classic III apvieno inov\u0101cijas un trad\u012bcijas, pied\u0101v\u0101jot jums iesp\u0113ju gatavot k\u0101 profesion\u0101lim - sav\u0101 pagalm\u0101, restor\u0101n\u0101 vai jebkur\u0101 \u0101ra virtuv\u0113. Ide\u0101li piem\u0113rots gril\u0113\u0161anai, k\u016bpin\u0101\u0161anai, klasiskai gril\u0113\u0161anai un gril\u0113\u0161anai liel\u0101 karstum\u0101.<\/p>\n<p data-start=\"1873\" data-end=\"2178\"><strong>Ja mekl\u0113jat bezkompromisa kvalit\u0101ti un \u012bstu grila pieredzi, \u0161is ir tie\u0161i jums piem\u0113rots grila grils.<\/strong><\/p>\n<ul>\n<li>Pasaules klases kvalit\u0101te<\/li>\n<li>Lab\u0101k\u0101 v\u0113rt\u012bba par naudu!<\/li>\n<li><strong>L\u012bdz \u0161im lab\u0101k\u0101 izv\u0113le keramikas grilu jom\u0101!<\/strong><\/li>\n<li>Jauns vislab\u0101k p\u0101rdot\u0101 Kamado Joe grila modelis!<\/li>\n<li>Grila re\u017e\u0123is \u00d8 47 cm (18\"), cepe\u0161kr\u0101sns iek\u0161\u0113jais \u00d8 50 cm, cepe\u0161kr\u0101sns \u0101r\u0113jais \u00d8 57 cm, svars 128 kg.<\/li>\n<\/ul>\n<p>Kindlasti soovitame ka juurde osta\u00a0<a href=\"https:\/\/tammetorubbq.ee\/lv\/product-2\/kamado-joe-classic-ilmastikukindel-grillikate\/\"><strong>ilmastikukindla grillikatte<\/strong><\/a>\u00a0mis pakub usaldusv\u00e4\u00e4rset kaitset vihma, lume, p\u00e4ikese ja mustuse eest, pikendades grilli eluiga ning hoides selle puhtana j\u00e4rgmiseks kasutuskorraks.<\/p>\n<p><span style=\"color: #000000;\"><strong>Oleme tootja Kamado Joe ametlik esindaja, edasim\u00fc\u00fcja Eestis!<\/strong><\/span><\/p>\n<p><img loading=\"lazy\" decoding=\"async\" class=\"alignnone wp-image-1531\" src=\"http:\/\/tammetorubbq.ee\/wp-content\/uploads\/2024\/03\/kamado-joe-logo-300x40.webp\" alt=\"Kamado Joe logotips\" width=\"180\" height=\"24\" srcset=\"https:\/\/tammetorubbq.ee\/wp-content\/uploads\/2024\/03\/kamado-joe-logo-300x40.webp 300w, https:\/\/tammetorubbq.ee\/wp-content\/uploads\/2024\/03\/kamado-joe-logo-768x104.webp 768w, https:\/\/tammetorubbq.ee\/wp-content\/uploads\/2024\/03\/kamado-joe-logo-18x2.webp 18w, https:\/\/tammetorubbq.ee\/wp-content\/uploads\/2024\/03\/kamado-joe-logo-600x81.webp 600w, https:\/\/tammetorubbq.ee\/wp-content\/uploads\/2024\/03\/kamado-joe-logo-64x9.webp 64w, https:\/\/tammetorubbq.ee\/wp-content\/uploads\/2024\/03\/kamado-joe-logo.webp 1024w\" sizes=\"auto, (max-width: 180px) 100vw, 180px\" \/><\/p>\n<p><a href=\"https:\/\/tammetorubbq.ee\/lv\/maksajiet-velak\/\"><strong>P\u0112RCIET TAGAD, MAKS\u0100JIET V\u0112L\u0100K<\/strong><\/a>\u00a0- bez procentiem!<\/p>\n<p><img loading=\"lazy\" decoding=\"async\" class=\"alignnone wp-image-2646\" src=\"http:\/\/tammetorubbq.ee\/wp-content\/uploads\/2023\/12\/inbank-wordmark.png\" alt=\"Inbank\" width=\"169\" height=\"76\" srcset=\"https:\/\/tammetorubbq.ee\/wp-content\/uploads\/2023\/12\/inbank-wordmark.png 300w, https:\/\/tammetorubbq.ee\/wp-content\/uploads\/2023\/12\/inbank-wordmark-18x8.png 18w, https:\/\/tammetorubbq.ee\/wp-content\/uploads\/2023\/12\/inbank-wordmark-64x29.png 64w\" sizes=\"auto, (max-width: 169px) 100vw, 169px\" \/><\/p>\n<p>M\u0113s pied\u0101v\u0101jam ar\u012b iesp\u0113ju maks\u0101t v\u0113l\u0101k - vien\u0101, div\u0101s vai trij\u0101s vien\u0101d\u0101s da\u013c\u0101s bez procentiem vai papildu maksas.<\/p>\n<p>M\u016bsu iepirkumu groz\u0101 varat atrast da\u017e\u0101das maks\u0101jumu iesp\u0113jas.<\/p>","protected":false},"featured_media":449,"comment_status":"open","ping_status":"closed","template":"","meta":{"_uf_show_specific_survey":0,"_uf_disable_surveys":false},"pwb-brand":[69],"product_brand":[],"product_cat":[53,55],"product_tag":[126,325,316,127,78],"class_list":{"0":"post-448","1":"product","2":"type-product","3":"status-publish","4":"has-post-thumbnail","6":"pwb-brand-kamado-joe","7":"product_cat-grillid","8":"product_cat-keraamilised-grillid","9":"product_tag-kamado-joe","10":"product_tag-kamado-joe-classic","11":"product_tag-kamado-joe-keraamiline-grill","12":"product_tag-keraamilised-grillid","13":"product_tag-soegrill","15":"first","16":"instock","17":"taxable","18":"shipping-taxable","19":"purchasable","20":"product-type-simple"},"brands":[{"id":69,"name":"Kamado Joe","slug":"kamado-joe"}],"_links":{"self":[{"href":"https:\/\/tammetorubbq.ee\/lv\/wp-json\/wp\/v2\/product\/448","targetHints":{"allow":["GET"]}}],"collection":[{"href":"https:\/\/tammetorubbq.ee\/lv\/wp-json\/wp\/v2\/product"}],"about":[{"href":"https:\/\/tammetorubbq.ee\/lv\/wp-json\/wp\/v2\/types\/product"}],"replies":[{"embeddable":true,"href":"https:\/\/tammetorubbq.ee\/lv\/wp-json\/wp\/v2\/comments?post=448"}],"wp:featuredmedia":[{"embeddable":true,"href":"https:\/\/tammetorubbq.ee\/lv\/wp-json\/wp\/v2\/media\/449"}],"wp:attachment":[{"href":"https:\/\/tammetorubbq.ee\/lv\/wp-json\/wp\/v2\/media?parent=448"}],"wp:term":[{"taxonomy":"pwb-brand","embeddable":true,"href":"https:\/\/tammetorubbq.ee\/lv\/wp-json\/wp\/v2\/pwb-brand?post=448"},{"taxonomy":"product_brand","embeddable":true,"href":"https:\/\/tammetorubbq.ee\/lv\/wp-json\/wp\/v2\/product_brand?post=448"},{"taxonomy":"product_cat","embeddable":true,"href":"https:\/\/tammetorubbq.ee\/lv\/wp-json\/wp\/v2\/product_cat?post=448"},{"taxonomy":"product_tag","embeddable":true,"href":"https:\/\/tammetorubbq.ee\/lv\/wp-json\/wp\/v2\/product_tag?post=448"}],"curies":[{"name":"wp","href":"https:\/\/api.w.org\/{rel}","templated":true}]}}