{"id":458,"date":"2023-12-03T12:27:52","date_gmt":"2023-12-03T10:27:52","guid":{"rendered":"https:\/\/tammetorubbq.ee\/?post_type=product&#038;p=458"},"modified":"2026-04-14T14:00:24","modified_gmt":"2026-04-14T11:00:24","slug":"kamado-joe-konnected-joe","status":"publish","type":"product","link":"https:\/\/tammetorubbq.ee\/lv\/product-2\/kamado-joe-konnected-joe\/","title":{"rendered":"Kamado Joe Konnected Classic Joe"},"content":{"rendered":"<p>Izbaudiet jaunu keramikas gril\u0113\u0161anas laikmetu ar digit\u0101lo og\u013cu grilu Kamado Joe Konnected Joe\u2122. Konnected Joe\u2122 \u013cauj viegli uzkars\u0113t grilu. Vienk\u0101r\u0161i nospiediet autom\u0101tisk\u0101s uguns iedarbin\u0101\u0161anas (AFS\u2122) pogu, lai aizdedzin\u0101tu ogles. Iestatiet v\u0113lamo gatavo\u0161anas temperat\u016bru, izmantojot digit\u0101lo Kontrol Board\u2122 vai Kamado Joe lietotni, un \u013caujiet Kontrol Fan\u2122 paveikt p\u0101r\u0113jo darbu. Ar vair\u0101k\u0101m gatavo\u0161anas funkcij\u0101m Konnected Joe\u2122 \u013cauj izbaud\u012bt Kamado gril\u0113\u0161anu vislab\u0101kaj\u0101 veid\u0101. Autom\u0101tiskais gatavo\u0161anas re\u017e\u012bms pied\u0101v\u0101 piln\u012bgu digit\u0101lo kontroli, vai ar\u012b izm\u0113\u0123iniet klasisko re\u017e\u012bmu bez autom\u0101tikas, lai g\u016btu tradicion\u0101lu Kamado pieredzi.<\/p>\n<p><strong>PILNS AR FUNKCIJ\u0100M!<\/strong><\/p>\n<ul>\n<li>46 cm WiFi keramiskais grils ar 1613 cm\u00b2 gatavo\u0161anas virsmu.<\/li>\n<li>AFS (Automatic Fire Starter) poga, ko var izmantot, lai uzreiz aizdedzin\u0101tu ogles.<\/li>\n<li>Digit\u0101lais vad\u012bbas panelis ar temperat\u016bras diagramm\u0101m, br\u012bdin\u0101jumiem un vair\u0101kiem gatavo\u0161anas re\u017e\u012bmiem<\/li>\n<li>Izmantojiet Kamado Joe lietotni, lai iestat\u012btu temperat\u016bru un laiku, uzraudz\u012btu ga\u013cas \u012bpa\u0161\u012bbas un atkl\u0101tu jaunas receptes.<\/li>\n<li>Kontrol Fan autom\u0101tiski uztur v\u0113lamo temperat\u016bru no 107\u00b0C l\u012bdz 370\u00b0C.<\/li>\n<li>Autom\u0101tiskais gatavo\u0161anas re\u017e\u012bms digit\u0101li savienotai gatavo\u0161anai vai manu\u0101lais gatavo\u0161anas re\u017e\u012bms tradicion\u0101lajai kamado gril\u0113\u0161anai.<\/li>\n<li>Kontrol Tower\u2122 aug\u0161\u0113jais ventilators nodro\u0161ina vienm\u0113r\u012bgu gaisa pl\u016bsmu, atverot un aizverot v\u0101ku.<\/li>\n<li>Ietver pacel\u0161anas rokturus, lai grilu var\u0113tu viegli un dro\u0161i pacelt.<\/li>\n<li>Air Lift\u2122 viras iev\u0113rojami samazina kupola, t. i., grila v\u0101ka, svaru.<\/li>\n<li>2 l\u012bme\u0146u daudzfunkcion\u0101l\u0101 gatavo\u0161anas sist\u0113ma Divide &amp; Conquer da\u017e\u0101du \u0113dienu gatavo\u0161anai da\u017e\u0101d\u0101s temperat\u016br\u0101s<\/li>\n<li>Smags un iztur\u012bgs t\u0113rauda re\u017e\u0123a r\u0101mis ar pulverkr\u0101sas p\u0101rkl\u0101jumu un blo\u0137\u0113jamiem rite\u0146iem.<\/li>\n<li>Citas iek\u013cautas funkcijas un piederumi: ner\u016bs\u0113jo\u0161\u0101 t\u0113rauda v\u0101ka aizb\u0101zni, uzlabot\u0101 daudzpane\u013cu (AMP) kurtuve, ner\u016bs\u0113jo\u0161\u0101 t\u0113rauda gatavo\u0161anas plaukti, salok\u0101mi alum\u012bnija s\u0101nu plaukti, grila plauktu pac\u0113l\u0101js vai knaibles grila plauktu pacel\u0161anai, pelnu trauks, karstuma deflektori (pusm\u0113ness akmens pl\u0101ksnes), piederumu spole un 1 ga\u013cas zonde.<\/li>\n<li>Konnected Joe\u2122 ir sader\u012bgs ar lauka virtuv\u0113m, t. i., to var izmantot ar\u012b autonomi. S\u012bk\u0101ku inform\u0101ciju skatiet lietot\u0101ja rokasgr\u0101mat\u0101.<\/li>\n<li>Sader\u012bgs ar Classic Joe\u2122 v\u0101kiem un piederumiem, bet ne ar Classic Joe kokog\u013cu grozu.<\/li>\n<\/ul>\n<p>&nbsp;<\/p>\n<p><strong>Tehnisk\u0101 inform\u0101cija<\/strong><\/p>\n<p>Platums: 119 cm<\/p>\n<p>Augstums: 122 cm<\/p>\n<p>Grila svars: 98 kg<\/p>\n<p>Temperat\u016bras diapazons: no 100\u00b0C l\u012bdz 400\u00b0C<\/p>\n<p>Gatavo\u0161anas virsma: 46 cm grila re\u017e\u0123a diametrs<\/p>\n<p>&nbsp;<\/p>\n<p>PIEZ\u012aME: Kamado Joe keramikas deta\u013c\u0101m ir ierobe\u017eota m\u016b\u017ea garantija (garantijas nosac\u012bjumi: <a href=\"http:\/\/tammetorubbq.ee\/wp-content\/uploads\/2023\/12\/Kamado_Joe_garantii-1.docx\" target=\"_blank\" rel=\"noopener\">skat\u012bt \u0161eit<\/a>); ieskaitot keramikas fl\u012bzes, siltuma atstarot\u0101jus un bl\u012bv\u0113juma fl\u012bzes 3 gadi; met\u0101ls un \u010duguns 5 gadi; termometrs un bl\u012bves 1 gads.<\/p>\n<p>&nbsp;<\/p>","protected":false},"excerpt":{"rendered":"<h4>Kaasa kingitus + TASUTA tarne.<\/h4>\n<p><strong>KONNECTED JOE\u2122 DIGITAALNE KERAAMILINE S\u00d6EGRILL JA SUITSUAHI K\u00d5IK \u00dcHES!<\/strong><\/p>\n<p>Inovat\u012bva, unik\u0101la Kamado Joe\u2122 digit\u0101l\u0101 keramisk\u0101 grila kr\u0101sns<\/p>\n<ul>\n<li>Augst\u0101k\u0101 kvalit\u0101te pasaul\u0113! Lab\u0101kais cenas un v\u0113rt\u012bbas attiec\u012bba!<\/li>\n<li><strong>L\u012bdz \u0161im lab\u0101k\u0101 izv\u0113le keramikas grilu jom\u0101!<\/strong><\/li>\n<li>Kokog\u013cu aizdedzin\u0101\u0161ana no pogas!<\/li>\n<li>Savieno\u0161an\u0101s ar lietotni!<\/li>\n<li>Digit\u0101lais vad\u012bbas panelis!<\/li>\n<li>Grafisk\u0101 tablo temperat\u016bras kontrolei!<\/li>\n<li>Grila re\u017e\u0123is \u00d8 47 cm (18\"), cepe\u0161kr\u0101sns iek\u0161\u0113jais \u00d8 50 cm, cepe\u0161kr\u0101sns \u0101r\u0113jais \u00d8 57 cm, svars 98 kg.<\/li>\n<\/ul>\n<p><span style=\"color: #000000;\"><strong>Oleme tootja Kamado Joe ametlik esindaja, edasim\u00fc\u00fcja Eestis!<\/strong><\/span><\/p>\n<p><img loading=\"lazy\" decoding=\"async\" class=\"alignnone wp-image-1531\" src=\"http:\/\/tammetorubbq.ee\/wp-content\/uploads\/2024\/03\/kamado-joe-logo-300x40.webp\" alt=\"Kamado Joe logotips\" width=\"180\" height=\"24\" srcset=\"https:\/\/tammetorubbq.ee\/wp-content\/uploads\/2024\/03\/kamado-joe-logo-300x40.webp 300w, https:\/\/tammetorubbq.ee\/wp-content\/uploads\/2024\/03\/kamado-joe-logo-768x104.webp 768w, https:\/\/tammetorubbq.ee\/wp-content\/uploads\/2024\/03\/kamado-joe-logo-18x2.webp 18w, https:\/\/tammetorubbq.ee\/wp-content\/uploads\/2024\/03\/kamado-joe-logo-600x81.webp 600w, https:\/\/tammetorubbq.ee\/wp-content\/uploads\/2024\/03\/kamado-joe-logo-64x9.webp 64w, https:\/\/tammetorubbq.ee\/wp-content\/uploads\/2024\/03\/kamado-joe-logo.webp 1024w\" sizes=\"auto, (max-width: 180px) 100vw, 180px\" \/><\/p>\n<p><a href=\"https:\/\/tammetorubbq.ee\/lv\/maksajiet-velak\/\"><strong>P\u0112RCIET TAGAD, MAKS\u0100JIET V\u0112L\u0100K<\/strong><\/a> - bez procentiem!<\/p>\n<p><img loading=\"lazy\" decoding=\"async\" class=\"alignnone wp-image-2646\" src=\"http:\/\/tammetorubbq.ee\/wp-content\/uploads\/2023\/12\/inbank-wordmark.png\" alt=\"Inbank\" width=\"167\" height=\"75\" srcset=\"https:\/\/tammetorubbq.ee\/wp-content\/uploads\/2023\/12\/inbank-wordmark.png 300w, https:\/\/tammetorubbq.ee\/wp-content\/uploads\/2023\/12\/inbank-wordmark-18x8.png 18w, https:\/\/tammetorubbq.ee\/wp-content\/uploads\/2023\/12\/inbank-wordmark-64x29.png 64w\" sizes=\"auto, (max-width: 167px) 100vw, 167px\" \/><\/p>\n<p>M\u0113s pied\u0101v\u0101jam ar\u012b iesp\u0113ju maks\u0101t v\u0113l\u0101k - vien\u0101, div\u0101s vai trij\u0101s vien\u0101d\u0101s da\u013c\u0101s bez procentiem vai papildu maksas.<\/p>\n<p>M\u016bsu iepirkumu groz\u0101 varat atrast da\u017e\u0101das maks\u0101jumu iesp\u0113jas.<\/p>","protected":false},"featured_media":652,"comment_status":"open","ping_status":"closed","template":"","meta":{"_uf_show_specific_survey":0,"_uf_disable_surveys":false},"pwb-brand":[69],"product_brand":[],"product_cat":[53,55],"product_tag":[126,325,316,127,346,78],"class_list":{"0":"post-458","1":"product","2":"type-product","3":"status-publish","4":"has-post-thumbnail","6":"pwb-brand-kamado-joe","7":"product_cat-grillid","8":"product_cat-keraamilised-grillid","9":"product_tag-kamado-joe","10":"product_tag-kamado-joe-classic","11":"product_tag-kamado-joe-keraamiline-grill","12":"product_tag-keraamilised-grillid","13":"product_tag-konnected-joe","14":"product_tag-soegrill","16":"first","17":"instock","18":"taxable","19":"shipping-taxable","20":"purchasable","21":"product-type-simple"},"brands":[{"id":69,"name":"Kamado Joe","slug":"kamado-joe"}],"_links":{"self":[{"href":"https:\/\/tammetorubbq.ee\/lv\/wp-json\/wp\/v2\/product\/458","targetHints":{"allow":["GET"]}}],"collection":[{"href":"https:\/\/tammetorubbq.ee\/lv\/wp-json\/wp\/v2\/product"}],"about":[{"href":"https:\/\/tammetorubbq.ee\/lv\/wp-json\/wp\/v2\/types\/product"}],"replies":[{"embeddable":true,"href":"https:\/\/tammetorubbq.ee\/lv\/wp-json\/wp\/v2\/comments?post=458"}],"wp:featuredmedia":[{"embeddable":true,"href":"https:\/\/tammetorubbq.ee\/lv\/wp-json\/wp\/v2\/media\/652"}],"wp:attachment":[{"href":"https:\/\/tammetorubbq.ee\/lv\/wp-json\/wp\/v2\/media?parent=458"}],"wp:term":[{"taxonomy":"pwb-brand","embeddable":true,"href":"https:\/\/tammetorubbq.ee\/lv\/wp-json\/wp\/v2\/pwb-brand?post=458"},{"taxonomy":"product_brand","embeddable":true,"href":"https:\/\/tammetorubbq.ee\/lv\/wp-json\/wp\/v2\/product_brand?post=458"},{"taxonomy":"product_cat","embeddable":true,"href":"https:\/\/tammetorubbq.ee\/lv\/wp-json\/wp\/v2\/product_cat?post=458"},{"taxonomy":"product_tag","embeddable":true,"href":"https:\/\/tammetorubbq.ee\/lv\/wp-json\/wp\/v2\/product_tag?post=458"}],"curies":[{"name":"wp","href":"https:\/\/api.w.org\/{rel}","templated":true}]}}