{"id":460,"date":"2023-12-03T12:34:20","date_gmt":"2023-12-03T10:34:20","guid":{"rendered":"https:\/\/tammetorubbq.ee\/?post_type=product&#038;p=460"},"modified":"2026-04-14T14:01:27","modified_gmt":"2026-04-14T11:01:27","slug":"kamado-joe-big-ii-stand-alone","status":"publish","type":"product","link":"https:\/\/tammetorubbq.ee\/lv\/product-2\/kamado-joe-big-ii-stand-alone\/","title":{"rendered":"Kamado Joe Big II Stand Alone"},"content":{"rendered":"<p>Keramiskais Kamado Joe grils \/ BBQ cepe\u0161kr\u0101sns, kas ir pionieris Kamado grilu pasaul\u0113 un ar\u012b inov\u0101ciju jom\u0101. Ide\u0101ls izm\u0113rs pagalma gril\u0113\u0161anai gan uz zemas, gan augstas uguns, k\u0101 ar\u012b k\u016bpin\u0101\u0161anai. Grilam ir biezu sienu karstumiztur\u012bgs keramikas korpuss, kas blo\u0137\u0113 d\u016bmus un mitrumu jebkur\u0101 temperat\u016br\u0101. Viegli atveramajam kupolam ir pret\u0113ji l\u012bdzsvarota \"Air Lift\" viru sist\u0113ma un laikapst\u0101k\u013ciem iztur\u012bgs\/herm\u0113tiski nosl\u0113gts \"Konrol Tower\" aug\u0161\u0113jais ventil\u0101cijas caurlaides meh\u0101nisms. Gatavo\u0161anas plaukts ir izgatavots no \u013coti augstas kvalit\u0101tes 304. ner\u016bs\u0113jo\u0161\u0101 t\u0113rauda. Big II standarta apr\u012bkojum\u0101 ietilpst ar\u012b elast\u012bga gatavo\u0161anas sist\u0113ma \"Divide &amp; Conquer\u00ae\", daudzpl\u0101k\u0161\u0146u keramisk\u0101 kurtuve, uzticams cinkota t\u0113rauda pamatnes r\u0101mis uz rite\u0146iem un patent\u0113ta izvelkama pelnu paplate, kas \u013cauj viegli t\u012br\u012bt grilu.<\/p>\n<p>&nbsp;<\/p>\n<p><strong>Komplekt\u0101 ietilpst <\/strong><\/p>\n<ul>\n<li>24\" (61 cm) keramiskais grils Stand Alone versija, t.i., bez r\u0101mja un bez s\u0101nu pane\u013ciem.<\/li>\n<li>Gatavs augsta bl\u012bvuma poliuret\u0101na rokturis<\/li>\n<li>Tr\u012bs l\u012bme\u0146u \"Divide &amp; Conquer\u00ae\" sist\u0113ma elast\u012bgai gatavo\u0161anai, t. i., ieskaitot 2 gabalu pusm\u0113ness keramikas karstuma deflektoru (karstuma sadal\u012bt\u0101ju) un 2 gabalu ner\u016bs\u0113jo\u0161\u0101 t\u0113rauda (304) pusm\u0113ness grila palikt\u0146us (61 cm diametr\u0101) - papildu grila palikt\u0146i pieejami k\u0101 papildu apr\u012bkojums.<\/li>\n<li>Patent\u0113ta ievelkama ner\u016bs\u0113jo\u0161\u0101 t\u0113rauda (304) pelnu trauks viegl\u0101kai grila t\u012br\u012b\u0161anai<\/li>\n<li>Ieb\u016bv\u0113ts termometrs<\/li>\n<li>Alum\u012bnija aug\u0161\u0113j\u0101 ventil\u0101cijas atvere \"Kontrol Tower\"<\/li>\n<li>\"Hing Air Lift\" (t. i., v\u0101ks ar amordu)<\/li>\n<li>AMP Daudzpane\u013cu (t. i., daudzda\u013c\u012bga, nedestrukt\u012bva) kurtuve<\/li>\n<li>Karstumiztur\u012bga stikla \u0161\u0137iedras starplika ar stiep\u013cu sietu<\/li>\n<li>Ner\u016bs\u0113jo\u0161\u0101 t\u0113rauda (304) v\u0101ka skavas skava<\/li>\n<li>Grila re\u017e\u0123a pacel\u0161anas stie\u0146i<\/li>\n<li>Tuharoop<\/li>\n<\/ul>\n<p>&nbsp;<\/p>\n<p><strong>Tehnisk\u0101 inform\u0101cija<\/strong><\/p>\n<p>Svars 169 kg<\/p>\n<p>Iepakojuma izm\u0113ri 90 \u00d7 90 \u00d7 100 cm<\/p>\n<p>TEMPERAT\u016aRAS DIAPAZONS 82\u00b0C - 399\u00b0C<\/p>\n<p>Kop\u0113jie izm\u0113ri 127 cm (garums) x 137 cm (augstums) x 79 cm (platums)<\/p>\n<p>ATVESEL\u012aBAS PL\u0100TS \u00d8 \u00d8 61 cm, st 923cm\u00b2<\/p>\n<p>&nbsp;<\/p>\n<p><strong>Garantii<\/strong> &#8211; Kamado Joe keraamilistele osadele kehtib piiratud eluaegne garantii (garantiitingimused: <strong><a href=\"https:\/\/tammetorubbq.ee\/wp-content\/uploads\/2026\/02\/Kamado_Joe_garantii.pdf\">skat\u012bt \u0161eit<\/a><\/strong>); ieskaitot keramikas fl\u012bzes, siltuma atstarot\u0101jus un bl\u012bv\u0113juma fl\u012bzes 3 gadi; met\u0101ls un \u010duguns 5 gadi; termometrs un bl\u012bves 1 gads.<\/p>","protected":false},"excerpt":{"rendered":"<h4>Kaasa kingitus + TASUTA tarne.<\/h4>\n<ul>\n<li>Augst\u0101k\u0101 kvalit\u0101te pasaul\u0113!<\/li>\n<li>Lab\u0101k\u0101 v\u0113rt\u012bba par naudu!<\/li>\n<li><strong>L\u012bdz \u0161im lab\u0101k\u0101 izv\u0113le keramikas grilu jom\u0101!<\/strong><\/li>\n<li>Kamado Joe Big keramikas grils Stand Alone versija, t. i., bez r\u0101mja un bez s\u0101nu pane\u013ciem.<\/li>\n<li>Grila re\u017e\u0123is \u00d8 61 cm (24\"), cepe\u0161kr\u0101sns iek\u0161\u0113jais \u00d8 63 cm, cepe\u0161kr\u0101sns \u0101r\u0113jais \u00d8 72 cm, svars 169 kg.<\/li>\n<\/ul>\n<p>Kindlasti soovitame ka juurde osta\u00a0<a href=\"https:\/\/tammetorubbq.ee\/lv\/product-2\/kamado-joe-big-dome-stand-alone-ilmastikukindel-grillikate\/\"><strong>ilmastikukindla grillikatte<\/strong><\/a>\u00a0mis pakub usaldusv\u00e4\u00e4rset kaitset vihma, lume, p\u00e4ikese ja mustuse eest, pikendades grilli eluiga ning hoides selle puhtana j\u00e4rgmiseks kasutuskorraks.<\/p>\n<p><span style=\"color: #000000;\"><strong>Oleme tootja Kamado Joe ametlik esindaja, edasim\u00fc\u00fcja Eestis!<\/strong><\/span><\/p>\n<p><img loading=\"lazy\" decoding=\"async\" class=\"wp-image-1531\" src=\"http:\/\/tammetorubbq.ee\/wp-content\/uploads\/2024\/03\/kamado-joe-logo-300x40.webp\" alt=\"Kamado Joe logotips\" width=\"180\" height=\"24\" srcset=\"https:\/\/tammetorubbq.ee\/wp-content\/uploads\/2024\/03\/kamado-joe-logo-300x40.webp 300w, https:\/\/tammetorubbq.ee\/wp-content\/uploads\/2024\/03\/kamado-joe-logo-768x104.webp 768w, https:\/\/tammetorubbq.ee\/wp-content\/uploads\/2024\/03\/kamado-joe-logo-18x2.webp 18w, https:\/\/tammetorubbq.ee\/wp-content\/uploads\/2024\/03\/kamado-joe-logo-600x81.webp 600w, https:\/\/tammetorubbq.ee\/wp-content\/uploads\/2024\/03\/kamado-joe-logo-64x9.webp 64w, https:\/\/tammetorubbq.ee\/wp-content\/uploads\/2024\/03\/kamado-joe-logo.webp 1024w\" sizes=\"auto, (max-width: 180px) 100vw, 180px\" \/><\/p>\n<p><a href=\"https:\/\/tammetorubbq.ee\/lv\/maksajiet-velak\/\"><strong>P\u0112RCIET TAGAD, MAKS\u0100JIET V\u0112L\u0100K<\/strong><\/a> - bez procentiem!<\/p>\n<p><img loading=\"lazy\" decoding=\"async\" class=\"alignnone wp-image-2646\" src=\"http:\/\/tammetorubbq.ee\/wp-content\/uploads\/2023\/12\/inbank-wordmark.png\" alt=\"Inbank\" width=\"167\" height=\"75\" srcset=\"https:\/\/tammetorubbq.ee\/wp-content\/uploads\/2023\/12\/inbank-wordmark.png 300w, https:\/\/tammetorubbq.ee\/wp-content\/uploads\/2023\/12\/inbank-wordmark-18x8.png 18w, https:\/\/tammetorubbq.ee\/wp-content\/uploads\/2023\/12\/inbank-wordmark-64x29.png 64w\" sizes=\"auto, (max-width: 167px) 100vw, 167px\" \/><\/p>\n<p>M\u0113s pied\u0101v\u0101jam ar\u012b iesp\u0113ju maks\u0101t v\u0113l\u0101k - vien\u0101, div\u0101s vai trij\u0101s vien\u0101d\u0101s da\u013c\u0101s bez procentiem vai papildu maksas.<\/p>\n<p>M\u016bsu iepirkumu groz\u0101 varat atrast da\u017e\u0101das maks\u0101jumu iesp\u0113jas.<\/p>","protected":false},"featured_media":461,"comment_status":"open","ping_status":"closed","template":"","meta":{"_uf_show_specific_survey":0,"_uf_disable_surveys":false},"pwb-brand":[69],"product_brand":[],"product_cat":[53,55],"product_tag":[126,326,316,127,78],"class_list":{"0":"post-460","1":"product","2":"type-product","3":"status-publish","4":"has-post-thumbnail","6":"pwb-brand-kamado-joe","7":"product_cat-grillid","8":"product_cat-keraamilised-grillid","9":"product_tag-kamado-joe","10":"product_tag-kamado-joe-big-joe","11":"product_tag-kamado-joe-keraamiline-grill","12":"product_tag-keraamilised-grillid","13":"product_tag-soegrill","15":"first","16":"instock","17":"taxable","18":"shipping-taxable","19":"purchasable","20":"product-type-simple"},"brands":[{"id":69,"name":"Kamado Joe","slug":"kamado-joe"}],"_links":{"self":[{"href":"https:\/\/tammetorubbq.ee\/lv\/wp-json\/wp\/v2\/product\/460","targetHints":{"allow":["GET"]}}],"collection":[{"href":"https:\/\/tammetorubbq.ee\/lv\/wp-json\/wp\/v2\/product"}],"about":[{"href":"https:\/\/tammetorubbq.ee\/lv\/wp-json\/wp\/v2\/types\/product"}],"replies":[{"embeddable":true,"href":"https:\/\/tammetorubbq.ee\/lv\/wp-json\/wp\/v2\/comments?post=460"}],"wp:featuredmedia":[{"embeddable":true,"href":"https:\/\/tammetorubbq.ee\/lv\/wp-json\/wp\/v2\/media\/461"}],"wp:attachment":[{"href":"https:\/\/tammetorubbq.ee\/lv\/wp-json\/wp\/v2\/media?parent=460"}],"wp:term":[{"taxonomy":"pwb-brand","embeddable":true,"href":"https:\/\/tammetorubbq.ee\/lv\/wp-json\/wp\/v2\/pwb-brand?post=460"},{"taxonomy":"product_brand","embeddable":true,"href":"https:\/\/tammetorubbq.ee\/lv\/wp-json\/wp\/v2\/product_brand?post=460"},{"taxonomy":"product_cat","embeddable":true,"href":"https:\/\/tammetorubbq.ee\/lv\/wp-json\/wp\/v2\/product_cat?post=460"},{"taxonomy":"product_tag","embeddable":true,"href":"https:\/\/tammetorubbq.ee\/lv\/wp-json\/wp\/v2\/product_tag?post=460"}],"curies":[{"name":"wp","href":"https:\/\/api.w.org\/{rel}","templated":true}]}}