{"id":4606,"date":"2025-12-08T11:38:37","date_gmt":"2025-12-08T09:38:37","guid":{"rendered":"https:\/\/tammetorubbq.ee\/?post_type=product&#038;p=4606"},"modified":"2026-04-04T18:01:56","modified_gmt":"2026-04-04T15:01:56","slug":"kulmsuitsu-generaator","status":"publish","type":"product","link":"https:\/\/tammetorubbq.ee\/lv\/product-2\/kulmsuitsu-generaator\/","title":{"rendered":"Turnpike BBQ k\u00fclmsuitsu generaator"},"content":{"rendered":"<p data-start=\"89\" data-end=\"130\"><strong data-start=\"755\" data-end=\"766\">Izm\u0113ri:<\/strong> 23 x 19 x 4.5 cm<\/p>\n<h3 data-start=\"89\" data-end=\"130\"><strong>Lab\u0101kie padomi aukst\u0101s sm\u0113\u0137\u0113\u0161anas jom\u0101<\/strong><\/h3>\n<p data-start=\"132\" data-end=\"397\"><strong data-start=\"132\" data-end=\"149\">D\u016bmu \u0161\u0137eldas<\/strong><br data-start=\"149\" data-end=\"152\" \/>Z\u0101l\u0101jam j\u0101b\u016bt t\u012bram un sausam. Mitras \u0161\u0137eldas nedegs pareizi. Glab\u0101jiet ko\u0161\u013c\u0101jam\u0101s gumijas saus\u0101 telp\u0101, vajadz\u012bbas gad\u012bjum\u0101 \u017e\u0101v\u0113jiet mikrovi\u013c\u0146u kr\u0101sn\u012b (30 sek. liel\u0101 karstum\u0101) vai cepe\u0161kr\u0101sn\u012b (90 \u00b0C uz 30 min.). Ja \u010dipsi nedeg vienm\u0113r\u012bgi, izmantojiet 20% ozolkoka \u010dip\u0161us sl\u0101n\u012b.<\/p>\n<p data-start=\"399\" data-end=\"603\"><strong data-start=\"399\" data-end=\"415\">D\u016bmu kamera<\/strong><br data-start=\"415\" data-end=\"418\" \/>ProQ \u0123enerators darbojas visos grilos ar v\u0101ku un ar\u012b pa\u0161tais\u012bt\u0101s k\u016bpin\u0101tav\u0101s. Kamerai nav j\u0101b\u016bt herm\u0113tiskai - nepiecie\u0161ama tikai neliela gaisa kust\u012bba no apak\u0161as uz aug\u0161u.<\/p>\n<p data-start=\"605\" data-end=\"804\"><strong data-start=\"605\" data-end=\"622\">Gatavo\u0161an\u0101s<\/strong><br data-start=\"622\" data-end=\"625\" \/>P\u0101rbaudiet, vai \u0123enerators nav boj\u0101ts. Piepildiet ar ko\u0161\u013c\u0101jamo gumiju, uzb\u0101ciet uz l\u012bdzenas virsmas, viegli piespiediet un izl\u012bdziniet labirintu ar pirkstu gar centru, atst\u0101jot aug\u0161\u0113jo sl\u0101ni nedaudz va\u013c\u012bgu.<\/p>\n<p data-start=\"806\" data-end=\"1069\"><strong data-start=\"806\" data-end=\"819\">Cenz\u016bra<\/strong><br data-start=\"819\" data-end=\"822\" \/>Novietojiet t\u0113jas gaismi\u0146u vai pav\u0113rsiet virtuves degli pret liesmu k\u0101d\u0101 st\u016br\u012b. Kad deglis iedegas, iz\u0146emiet sveci un \u013caujiet \u0123eneratoram 5-10 min\u016btes degt \u0101r\u0101. P\u0113c tam ievietojiet to d\u016bmvad\u0101 un p\u0113c 30 min\u016bt\u0113m p\u0101rbaudiet, vai d\u016bmi nav izpl\u016bdu\u0161i vai p\u0101rl\u0113ku\u0161i uz n\u0101kamo kan\u0101lu.<\/p>\n<p data-start=\"1071\" data-end=\"1280\"><strong data-start=\"1071\" data-end=\"1092\">Fumig\u0101cijas laik\u0101<\/strong><br data-start=\"1092\" data-end=\"1095\" \/>Uzraugiet d\u016bmu progresu, jo \u012bpa\u0161i ilg\u0101 procesa laik\u0101. Iz\u0146em\u0161anas laik\u0101 valk\u0101jiet cimdus - \u0123enerators var b\u016bt karsts. Auksti k\u016bpiniet temperat\u016br\u0101, kas zem\u0101ka par 21 \u00b0C, v\u0113lams v\u0113s\u0101k\u0101 laik\u0101 vai nakt\u012b.<\/p>\n<p data-start=\"1282\" data-end=\"1441\"><strong data-start=\"1282\" data-end=\"1297\">T\u012br\u012b\u0161ana<\/strong><br data-start=\"1297\" data-end=\"1300\" \/>Iztuk\u0161ojiet pelnus nedego\u0161\u0101 trauk\u0101. Ja uz \u0123eneratora uzkr\u0101jas sve\u0137i vai kv\u0113pi, iem\u0113rciet to ziepj\u016bden\u012b, not\u012briet ar suku un r\u016bp\u012bgi nosusiniet.<\/p>","protected":false},"excerpt":{"rendered":"<p data-start=\"83\" data-end=\"309\">Kas tahad ise k\u00fclmsuitsutada? Siis on k\u00fclmsuitsugeneraator lausa h\u00e4davajalik.<\/p>\n<p data-start=\"83\" data-end=\"309\">K\u00fclmsuitsugeneraatorit kasutatakse koos (peaaegu t\u00e4ielikult) suletud suitsukambriga &#8211; n\u00e4iteks kamado, barbecue, suitsuahi, suitsukapp v\u00f5i isegi tavaline pappkast.<\/p>\n<p data-start=\"83\" data-end=\"309\"><em><strong>Lieliski piem\u0113rots zivju, siera, bekona, sviesta un citu p\u0101rtikas produktu k\u016bpin\u0101\u0161anai zem\u0101 temperat\u016br\u0101.<\/strong><\/em><\/p>\n<p data-start=\"311\" data-end=\"753\"><strong data-start=\"311\" data-end=\"323\">Funkcijas<\/strong><br data-start=\"323\" data-end=\"326\" \/>\u2022 Lihtne kasutada \u2013 t\u00e4ida generaator suitsupuruga ja s\u00fc\u00fcta \u00fches servas teek\u00fc\u00fcnlaga<br data-start=\"413\" data-end=\"416\" \/>- Piem\u0113rots liel\u0101kajai da\u013cai grila iek\u0101rtu un k\u016bpin\u0101tavu<br data-start=\"467\" data-end=\"470\" \/>- Piem\u0113rots cepe\u0161kr\u0101sn\u012bm l\u012bdz 150 litriem, deg\u0161anas laiks l\u012bdz 12 stund\u0101m.<br data-start=\"496\" data-end=\"499\" \/>- Piem\u0113rots ar\u012b pa\u0161izgatavotiem risin\u0101jumiem (piem\u0113ram, kartona k\u0101rba, met\u0101la skapis), ja ir pieejama gaisa iepl\u016bdes un izpl\u016bdes atvere.<br data-start=\"598\" data-end=\"601\" \/>- Izgatavots no ner\u016bs\u0113jo\u0161\u0101 t\u0113rauda - iztur\u012bgs un r\u016bsas iztur\u012bgs<br data-start=\"665\" data-end=\"668\" \/>-\u00a0<strong>NB!<\/strong>\u00a0t\u016bl\u012bt p\u0113c aizdeg\u0161anas iz\u0146emiet t\u0113jas gaismi\u0146u.<br data-start=\"713\" data-end=\"716\" \/>- Tikai lieto\u0161anai \u0101rpus telp\u0101m<\/p>\n<p data-start=\"311\" data-end=\"753\">Kompakts, efekt\u012bvs un praktisks r\u012bks tiem, kas v\u0113las eksperiment\u0113t ar auksto sm\u0113\u0137\u0113\u0161anu m\u0101j\u0101s.<\/p>\n<p data-start=\"311\" data-end=\"753\"><strong>\ud83d\udca1 Profesion\u0101\u013cu padoms:<\/strong> Kasuta peeneteralist suitsupuru ja koputa t\u00e4idetud generaatorit kergelt vastu lauda, et puru \u00fchtlaselt settiks ning p\u00f5lemine oleks stabiilsem ja pikema kestusega.<\/p>\n<p><img loading=\"lazy\" decoding=\"async\" class=\"wp-image-4200\" src=\"http:\/\/tammetorubbq.ee\/wp-content\/uploads\/2025\/11\/Turnpike-logo-300x109.png\" alt=\"Turnpike logo\" width=\"245\" height=\"89\" srcset=\"https:\/\/tammetorubbq.ee\/wp-content\/uploads\/2025\/11\/Turnpike-logo-300x109.png 300w, https:\/\/tammetorubbq.ee\/wp-content\/uploads\/2025\/11\/Turnpike-logo-18x7.png 18w, https:\/\/tammetorubbq.ee\/wp-content\/uploads\/2025\/11\/Turnpike-logo-64x23.png 64w, https:\/\/tammetorubbq.ee\/wp-content\/uploads\/2025\/11\/Turnpike-logo.png 390w\" sizes=\"auto, (max-width: 245px) 100vw, 245px\" \/><\/p>","protected":false},"featured_media":4607,"comment_status":"closed","ping_status":"closed","template":"","meta":{"_uf_show_specific_survey":0,"_uf_disable_surveys":false},"pwb-brand":[117],"product_brand":[],"product_cat":[30],"product_tag":[252,312],"class_list":{"0":"post-4606","1":"product","2":"type-product","3":"status-publish","4":"has-post-thumbnail","6":"pwb-brand-turnpike-bbq","7":"product_cat-grillimise-tarvikud","8":"product_tag-kulmsuitsu-generaator","9":"product_tag-kulmsuitsutamine","11":"first","12":"instock","13":"taxable","14":"shipping-taxable","15":"purchasable","16":"product-type-simple"},"brands":[{"id":117,"name":"Turnpike BBQ","slug":"turnpike-bbq"}],"_links":{"self":[{"href":"https:\/\/tammetorubbq.ee\/lv\/wp-json\/wp\/v2\/product\/4606","targetHints":{"allow":["GET"]}}],"collection":[{"href":"https:\/\/tammetorubbq.ee\/lv\/wp-json\/wp\/v2\/product"}],"about":[{"href":"https:\/\/tammetorubbq.ee\/lv\/wp-json\/wp\/v2\/types\/product"}],"replies":[{"embeddable":true,"href":"https:\/\/tammetorubbq.ee\/lv\/wp-json\/wp\/v2\/comments?post=4606"}],"wp:featuredmedia":[{"embeddable":true,"href":"https:\/\/tammetorubbq.ee\/lv\/wp-json\/wp\/v2\/media\/4607"}],"wp:attachment":[{"href":"https:\/\/tammetorubbq.ee\/lv\/wp-json\/wp\/v2\/media?parent=4606"}],"wp:term":[{"taxonomy":"pwb-brand","embeddable":true,"href":"https:\/\/tammetorubbq.ee\/lv\/wp-json\/wp\/v2\/pwb-brand?post=4606"},{"taxonomy":"product_brand","embeddable":true,"href":"https:\/\/tammetorubbq.ee\/lv\/wp-json\/wp\/v2\/product_brand?post=4606"},{"taxonomy":"product_cat","embeddable":true,"href":"https:\/\/tammetorubbq.ee\/lv\/wp-json\/wp\/v2\/product_cat?post=4606"},{"taxonomy":"product_tag","embeddable":true,"href":"https:\/\/tammetorubbq.ee\/lv\/wp-json\/wp\/v2\/product_tag?post=4606"}],"curies":[{"name":"wp","href":"https:\/\/api.w.org\/{rel}","templated":true}]}}