{"id":4727,"date":"2025-12-30T10:09:04","date_gmt":"2025-12-30T08:09:04","guid":{"rendered":"https:\/\/tammetorubbq.ee\/?post_type=product&#038;p=4727"},"modified":"2026-04-14T22:00:19","modified_gmt":"2026-04-14T19:00:19","slug":"barbecoa-smokey-beef-bbq-kaste-500ml","status":"publish","type":"product","link":"https:\/\/tammetorubbq.ee\/lv\/product-2\/barbecoa-smokey-beef-bbq-kaste-500ml\/","title":{"rendered":"Barbecoa Smokey Beef BBQ kaste 500ml"},"content":{"rendered":"<p><strong data-start=\"0\" data-end=\"16\">Sast\u0101vda\u013cas: <\/strong>vesi, suhkur, <strong data-start=\"33\" data-end=\"44\">SOJAOAD<\/strong>, <strong data-start=\"46\" data-end=\"64\">NISU (GLUTEEN)<\/strong>, looduslik \u00e4\u00e4dikas, modifitseeritud maisit\u00e4rklis, sool, tomat, <strong data-start=\"128\" data-end=\"137\">SINEP<\/strong>, v\u00fcrtsid (sisaldab <strong data-start=\"157\" data-end=\"169\">SELLERIT<\/strong>), v\u00e4rvained (p\u00f5letatud suhkru siirup, paprikaekstrakt), k\u00fc\u00fcslauk, sibul, maitsetugevdajad (naatriumglutamaat, ammooniumkloriid), toiduhapped (sidrunhape, piimhape), looduslikud l\u00f5hna- ja maitseained, suitsumaitseaine, meemaitseaine, s\u00e4ilitusained (kaaliumsorbaat, naatriumbensoaat).<\/p>\n<p>&nbsp;<\/p>\n<p data-start=\"0\" data-end=\"53\"><strong data-start=\"0\" data-end=\"51\">Tutvu Tom Bertels\u2019i ja Barbecoa BBQ meeskonnaga<\/strong><\/p>\n<p data-start=\"55\" data-end=\"294\"><strong>Tom Bertels<\/strong> on tunnustatud Euroopa BBQ-meister, tuntud oma tipptasemel brisketi valmistamise oskuste ja rahvusvaheliste auhindade poolest. Tema retseptid, sealhulgas <strong>Smokey Beef<\/strong> kaste, toovad esile s\u00fcgava umami ja \u00f5rnalt suitsuse maitse.<\/p>\n<p data-start=\"296\" data-end=\"578\" data-is-last-node=\"\" data-is-only-node=\"\"><strong>Barbecoa BBQ meeskond<\/strong>, tegutsedes alates 2022. aastast, koosneb kirglikest BBQ-professionaalidest, kes on v\u00f5itnud mitmeid rahvusvahelisi tiitleid, sealhulgas Belgia meistritiitleid. Iga nende valmistatud liha peegeldab p\u00fchendumust, oskust ja visadust, viies BBQ-kunsti tipptasemele.<\/p>","protected":false},"excerpt":{"rendered":"<p><strong data-start=\"0\" data-end=\"15\" data-is-only-node=\"\">Smokey Beef<\/strong> on t\u00f5eline steigi\u00adkaste! See on spetsiaalselt v\u00e4lja t\u00f6\u00f6tatud j\u00f5uliste maitsetega, t\u00e4iusliku suitsuse n\u00fcansiga ja s\u00fcgava umamiga, mis t\u00e4iendab ja r\u00f5hutab liha loomulikku maitset. Auhinnatud retsept Euroopa BBQ brisketi meistrilt <strong data-start=\"244\" data-end=\"262\">Tom Bertelsilt<\/strong>, kaste p\u00f5hineb Barbecoa Euroopa Brisketi Meistri loodud kastmel.<\/p>\n<p data-start=\"39\" data-end=\"314\">Kasuta Barbecoa Smokey Beef BBQ kastet l\u00f5ppviimistluskastmena steigi v\u00f5i rebitud veiseliha jaoks. See sobib suurep\u00e4raselt ka hautistele, et lisada neile t\u00e4iendavat maitsek\u00fcllust. See kaste ei ole m\u00f5eldud liha maitset \u00fcle domineerima, vaid seda esile tooma. Sobib nautimiseks nii kuumalt kui ka k\u00fclmalt.<\/p>\n<p data-start=\"316\" data-end=\"390\" data-is-last-node=\"\" data-is-only-node=\"\">\u26a0\ufe0f <strong data-start=\"319\" data-end=\"331\">Hoiatus:<\/strong> \u00e4ra k\u00fcpseta otsesel leegil, kuna kaste v\u00f5ib k\u00f5rbema minna.<\/p>\n<p data-start=\"316\" data-end=\"390\" data-is-last-node=\"\" data-is-only-node=\"\">\ud83e\udd69 Ideaalne steigi, rebitud veiseliha, burgerite, l\u00fchikeste ribide, brisketi ja hautiste jaoks.<\/p>\n<p data-start=\"316\" data-end=\"390\" data-is-last-node=\"\" data-is-only-node=\"\"><strong data-start=\"0\" data-end=\"12\" data-is-only-node=\"\">\ud83d\udca1 Profesion\u0101\u013cu padoms:<\/strong> M\u00e4\u00e4ri kastet liha peale vahetult enne serveerimist v\u00f5i kasuta glasuurina grillimisel viimastel minutitel \u2013 see t\u00f5stab esile kaste suitsuse umami ja hoiab liha mahlase.<\/p>\n<p><img loading=\"lazy\" decoding=\"async\" class=\"size-medium wp-image-4732\" src=\"http:\/\/tammetorubbq.ee\/wp-content\/uploads\/2025\/12\/Barbecoa-logo--300x107.png\" alt=\"Barbecoa logo\" width=\"300\" height=\"107\" srcset=\"https:\/\/tammetorubbq.ee\/wp-content\/uploads\/2025\/12\/Barbecoa-logo--300x107.png 300w, https:\/\/tammetorubbq.ee\/wp-content\/uploads\/2025\/12\/Barbecoa-logo--768x274.png 768w, https:\/\/tammetorubbq.ee\/wp-content\/uploads\/2025\/12\/Barbecoa-logo--18x6.png 18w, https:\/\/tammetorubbq.ee\/wp-content\/uploads\/2025\/12\/Barbecoa-logo--600x214.png 600w, https:\/\/tammetorubbq.ee\/wp-content\/uploads\/2025\/12\/Barbecoa-logo--64x23.png 64w, https:\/\/tammetorubbq.ee\/wp-content\/uploads\/2025\/12\/Barbecoa-logo-.png 828w\" sizes=\"auto, (max-width: 300px) 100vw, 300px\" \/><\/p>","protected":false},"featured_media":4728,"comment_status":"closed","ping_status":"closed","template":"","meta":{"_uf_show_specific_survey":0,"_uf_disable_surveys":false},"pwb-brand":[256],"product_brand":[],"product_cat":[22],"product_tag":[257,176,138,119,165],"class_list":{"0":"post-4727","1":"product","2":"type-product","3":"status-publish","4":"has-post-thumbnail","6":"pwb-brand-barbecoa","7":"product_cat-kastmed-ja-marinaadid","8":"product_tag-barbecoa","9":"product_tag-brisket","10":"product_tag-burger","11":"product_tag-veiseliha","12":"product_tag-veiseribi","14":"first","15":"instock","16":"taxable","17":"shipping-taxable","18":"purchasable","19":"product-type-simple"},"brands":[{"id":256,"name":"Barbecoa","slug":"barbecoa"}],"_links":{"self":[{"href":"https:\/\/tammetorubbq.ee\/lv\/wp-json\/wp\/v2\/product\/4727","targetHints":{"allow":["GET"]}}],"collection":[{"href":"https:\/\/tammetorubbq.ee\/lv\/wp-json\/wp\/v2\/product"}],"about":[{"href":"https:\/\/tammetorubbq.ee\/lv\/wp-json\/wp\/v2\/types\/product"}],"replies":[{"embeddable":true,"href":"https:\/\/tammetorubbq.ee\/lv\/wp-json\/wp\/v2\/comments?post=4727"}],"wp:featuredmedia":[{"embeddable":true,"href":"https:\/\/tammetorubbq.ee\/lv\/wp-json\/wp\/v2\/media\/4728"}],"wp:attachment":[{"href":"https:\/\/tammetorubbq.ee\/lv\/wp-json\/wp\/v2\/media?parent=4727"}],"wp:term":[{"taxonomy":"pwb-brand","embeddable":true,"href":"https:\/\/tammetorubbq.ee\/lv\/wp-json\/wp\/v2\/pwb-brand?post=4727"},{"taxonomy":"product_brand","embeddable":true,"href":"https:\/\/tammetorubbq.ee\/lv\/wp-json\/wp\/v2\/product_brand?post=4727"},{"taxonomy":"product_cat","embeddable":true,"href":"https:\/\/tammetorubbq.ee\/lv\/wp-json\/wp\/v2\/product_cat?post=4727"},{"taxonomy":"product_tag","embeddable":true,"href":"https:\/\/tammetorubbq.ee\/lv\/wp-json\/wp\/v2\/product_tag?post=4727"}],"curies":[{"name":"wp","href":"https:\/\/api.w.org\/{rel}","templated":true}]}}