{"id":474,"date":"2023-12-03T12:44:11","date_gmt":"2023-12-03T10:44:11","guid":{"rendered":"https:\/\/tammetorubbq.ee\/?post_type=product&#038;p=474"},"modified":"2026-04-15T00:00:02","modified_gmt":"2026-04-14T21:00:02","slug":"kamado-joe-big-iii-stand-alone","status":"publish","type":"product","link":"https:\/\/tammetorubbq.ee\/lv\/product-2\/kamado-joe-big-iii-stand-alone\/","title":{"rendered":"Kamado Joe Big III Stand Alone"},"content":{"rendered":"<p>Big III komplekt\u0101 ir iek\u013cauts jaun\u0101kais jaunin\u0101jums - revolucion\u0101rs hiperbolisk\u0101s d\u016bmu kameras saturs \"<em>SloRoller<\/em>\", kur\u0101 izmantota virpu\u013cojo\u0161a gaisa pl\u016bsmas tehnolo\u0123ija, kas regul\u0113 karstumu un d\u016bmus. T\u0101 ir izstr\u0101d\u0101ta, lai uzlabotu \u0113diena gar\u0161u un tekst\u016bru, gatavojot zem\u0101 un l\u0113n\u0101 temperat\u016br\u0101 l\u012bdz 260 \u00b0C. To var viegli nomain\u012bt pret keramikas karstuma deflektoru vai piln\u012bb\u0101 no\u0146emt, lai apceptu vai gril\u0113tu augst\u0101kaj\u0101 temperat\u016br\u0101. T\u0101pat k\u0101 t\u0101 priek\u0161g\u0101j\u0113jam Big II grilam, tam ir biezu sienu karstumiztur\u012bgs keramikas apvalks, kas blo\u0137\u0113 d\u016bmus un mitrumu jebkur\u0101 temperat\u016br\u0101. Viegli atveramajam kupoli\u0146am ir pretsvara viras (t\u0101 saukt\u0101 \"arbor\").\"\"<em>Gaisa pac\u0113l\u0101js\"<\/em>\u00a0un pret laikapst\u0101k\u013ciem iztur\u012bgs \/ augstas precizit\u0101tes aug\u0161\u0113jais ventil\u0101cijas atv\u0113rums \"<em>Vad\u012bbas tornis<\/em>\". Cep\u0161anas plaukts ir izgatavots no \u013coti augstas kvalit\u0101tes 304 ner\u016bs\u0113jo\u0161\u0101 t\u0113rauda. Citas Big III inov\u0101cijas ietver \u010detru l\u012bme\u0146u daudzfunkcion\u0101lo gatavo\u0161anas sist\u0113mu \"<em>Sadal\u012bt &amp;<\/em>\u00a0Conquer\u00ae\" ar ner\u016bs\u0113jo\u0161\u0101 t\u0113rauda kokog\u013cu grozu, modernu vair\u0101ku pane\u013cu keramikas kurtuvi un patent\u0113tu ievelkamu pelnu trauku.<\/p>\n<p>&nbsp;<\/p>\n<p>Komplekt\u0101 ietilpst<\/p>\n<ul>\n<li>24\" (61 cm) keramisk\u0101 grila cepe\u0161kr\u0101sns<\/li>\n<li>Patent\u0113ta hiperboliska d\u016bmu kamera \"SloRoller\"<\/li>\n<li>Augsta bl\u012bvuma poliuret\u0101na rokturis<\/li>\n<li>\u010cetru l\u012bme\u0146u \"Divide &amp; Conquer\u00ae\" sist\u0113ma elast\u012bgai gatavo\u0161anai, t. i., ieskaitot 2 gab. pusm\u0113ness keramikas siltuma deflektorus (siltuma sadal\u012bt\u0101jus) un 2 gab. ner\u016bs\u0113jo\u0161\u0101 t\u0113rauda (304) pusm\u0113ness re\u017e\u0123us (61 cm diametrs) - papildu re\u017e\u0123us var ieg\u0101d\u0101ties k\u0101 papildapr\u012bkojumu.<\/li>\n<li>Patent\u0113ta ievelkama ner\u016bs\u0113jo\u0161\u0101 t\u0113rauda (304) pelnu trauks viegl\u0101kai grila t\u012br\u012b\u0161anai<\/li>\n<li>Ieb\u016bv\u0113ts termometrs<\/li>\n<li>Alum\u012bnija aug\u0161\u0113j\u0101 ventil\u0101cijas atvere \"Kontrol Tower\"<\/li>\n<li>Hing \"Air Lift\" (t. i., v\u0101ks ar aizb\u012bdni)<\/li>\n<li>AMP Daudzpane\u013cu (t. i., daudzda\u013c\u012bga, nedestrukt\u012bva) kurtuve<\/li>\n<li>Ner\u016bs\u0113jo\u0161\u0101 t\u0113rauda (304) koferis kokogl\u0113m, kas nodro\u0161ina v\u0113l vienm\u0113r\u012bg\u0101ku kokog\u013cu kv\u0113lumu.<\/li>\n<li>Karstumiztur\u012bga stikla \u0161\u0137iedras starplika ar stiep\u013cu sietu<\/li>\n<li>Ner\u016bs\u0113jo\u0161\u0101 t\u0113rauda (304) v\u0101ka aizdares skava<\/li>\n<li>Ner\u016bs\u0113jo\u0161\u0101 t\u0113rauda piederumu stat\u012bvs \"Accessory Rack\"<\/li>\n<li>Grila re\u017e\u0123a pacel\u0161anas stie\u0146i<\/li>\n<li>Tuharoop<\/li>\n<\/ul>\n<p>&nbsp;<\/p>\n<p>Tehnisk\u0101 inform\u0101cija<\/p>\n<p>Svars 198 kg<\/p>\n<p>PAPILDU IZM\u0112RI 115 \u00d7 90 \u00d7 98 cm, k\u0101jas 46 x 73 x 73 cm<\/p>\n<p>Kop\u0113jie izm\u0113ri 72,4 cm (garums) x 96,5 cm (augstums) x 90,9 cm (platums)<\/p>\n<p>IZM\u0112RI, ieskaitot pamatni 148,3 cm (garums) x 136,4 cm (platums) x 90,9 cm (platums)<\/p>\n<p>TEMPERAT\u016aRAS DIAPAZONS 82\u00b0C - 399\u00b0C<\/p>\n<p>ATVESEL\u012aBAS PL\u0100TS \u00d8 \u00d8 61 cm, st 5558cm\u00b2<\/p>\n<p>PRODUKTS Kamado Joe<\/p>\n<p>&nbsp;<\/p>\n<p><strong>Garantii<\/strong> &#8211; Kamado Joe keraamilistele osadele kehtib piiratud eluaegne garantii (garantiitingimused: <strong><a href=\"https:\/\/tammetorubbq.ee\/wp-content\/uploads\/2026\/02\/Kamado_Joe_garantii.pdf\">skat\u012bt \u0161eit<\/a><\/strong>); ieskaitot keramikas fl\u012bzes, siltuma atstarot\u0101jus un bl\u012bv\u0113juma fl\u012bzes 3 gadi; met\u0101ls un \u010duguns 5 gadi; termometrs un bl\u012bves 1 gads.<\/p>","protected":false},"excerpt":{"rendered":"<h4>Kaasa kingitus + TASUTA tarne.<\/h4>\n<ul>\n<li>Pasaules klases kvalit\u0101te<\/li>\n<li>Lab\u0101k\u0101 v\u0113rt\u012bba par naudu!<\/li>\n<li><strong>L\u012bdz \u0161im lab\u0101k\u0101 izv\u0113le keramikas grilu jom\u0101!<\/strong><\/li>\n<li>Big III mode\u013ca autonom\u0101 versija, t. i., bez r\u0101mja un bez s\u0101nu pane\u013ciem.<\/li>\n<li>Grila re\u017e\u0123is \u00d8 61 cm (24\"), cepe\u0161kr\u0101sns iek\u0161\u0113jais \u00d8 63 cm, cepe\u0161kr\u0101sns \u0101r\u0113jais \u00d8 72 cm, svars 198 kg.<\/li>\n<\/ul>\n<p>Kindlasti soovitame ka juurde osta\u00a0<a href=\"https:\/\/tammetorubbq.ee\/lv\/product-2\/kamado-joe-big-dome-stand-alone-ilmastikukindel-grillikate\/\"><strong>ilmastikukindla grillikatte<\/strong><\/a>\u00a0mis pakub usaldusv\u00e4\u00e4rset kaitset vihma, lume, p\u00e4ikese ja mustuse eest, pikendades grilli eluiga ning hoides selle puhtana j\u00e4rgmiseks kasutuskorraks.<\/p>\n<p><span style=\"color: #000000;\"><strong>Oleme tootja Kamado Joe ametlik esindaja, edasim\u00fc\u00fcja Eestis!<\/strong><\/span><\/p>\n<p><img loading=\"lazy\" decoding=\"async\" class=\"alignnone wp-image-1531\" src=\"http:\/\/tammetorubbq.ee\/wp-content\/uploads\/2024\/03\/kamado-joe-logo-300x40.webp\" alt=\"Kamado Joe logotips\" width=\"180\" height=\"24\" srcset=\"https:\/\/tammetorubbq.ee\/wp-content\/uploads\/2024\/03\/kamado-joe-logo-300x40.webp 300w, https:\/\/tammetorubbq.ee\/wp-content\/uploads\/2024\/03\/kamado-joe-logo-768x104.webp 768w, https:\/\/tammetorubbq.ee\/wp-content\/uploads\/2024\/03\/kamado-joe-logo-18x2.webp 18w, https:\/\/tammetorubbq.ee\/wp-content\/uploads\/2024\/03\/kamado-joe-logo-600x81.webp 600w, https:\/\/tammetorubbq.ee\/wp-content\/uploads\/2024\/03\/kamado-joe-logo-64x9.webp 64w, https:\/\/tammetorubbq.ee\/wp-content\/uploads\/2024\/03\/kamado-joe-logo.webp 1024w\" sizes=\"auto, (max-width: 180px) 100vw, 180px\" \/><\/p>\n<p><a href=\"https:\/\/tammetorubbq.ee\/lv\/maksajiet-velak\/\"><strong>P\u0112RCIET TAGAD, MAKS\u0100JIET V\u0112L\u0100K<\/strong><\/a> - bez procentiem!<\/p>\n<p><img loading=\"lazy\" decoding=\"async\" class=\"alignnone wp-image-2646\" src=\"http:\/\/tammetorubbq.ee\/wp-content\/uploads\/2023\/12\/inbank-wordmark.png\" alt=\"Inbank\" width=\"167\" height=\"75\" srcset=\"https:\/\/tammetorubbq.ee\/wp-content\/uploads\/2023\/12\/inbank-wordmark.png 300w, https:\/\/tammetorubbq.ee\/wp-content\/uploads\/2023\/12\/inbank-wordmark-18x8.png 18w, https:\/\/tammetorubbq.ee\/wp-content\/uploads\/2023\/12\/inbank-wordmark-64x29.png 64w\" sizes=\"auto, (max-width: 167px) 100vw, 167px\" \/><\/p>\n<p>M\u0113s pied\u0101v\u0101jam ar\u012b iesp\u0113ju maks\u0101t v\u0113l\u0101k - vien\u0101, div\u0101s vai trij\u0101s vien\u0101d\u0101s da\u013c\u0101s bez procentiem vai papildu maksas.<\/p>\n<p>M\u016bsu iepirkumu groz\u0101 varat atrast da\u017e\u0101das maks\u0101jumu iesp\u0113jas.<\/p>","protected":false},"featured_media":475,"comment_status":"open","ping_status":"closed","template":"","meta":{"_uf_show_specific_survey":0,"_uf_disable_surveys":false},"pwb-brand":[69],"product_brand":[],"product_cat":[53,55],"product_tag":[126,326,316,127,78],"class_list":{"0":"post-474","1":"product","2":"type-product","3":"status-publish","4":"has-post-thumbnail","6":"pwb-brand-kamado-joe","7":"product_cat-grillid","8":"product_cat-keraamilised-grillid","9":"product_tag-kamado-joe","10":"product_tag-kamado-joe-big-joe","11":"product_tag-kamado-joe-keraamiline-grill","12":"product_tag-keraamilised-grillid","13":"product_tag-soegrill","15":"first","16":"instock","17":"taxable","18":"shipping-taxable","19":"purchasable","20":"product-type-simple"},"brands":[{"id":69,"name":"Kamado Joe","slug":"kamado-joe"}],"_links":{"self":[{"href":"https:\/\/tammetorubbq.ee\/lv\/wp-json\/wp\/v2\/product\/474","targetHints":{"allow":["GET"]}}],"collection":[{"href":"https:\/\/tammetorubbq.ee\/lv\/wp-json\/wp\/v2\/product"}],"about":[{"href":"https:\/\/tammetorubbq.ee\/lv\/wp-json\/wp\/v2\/types\/product"}],"replies":[{"embeddable":true,"href":"https:\/\/tammetorubbq.ee\/lv\/wp-json\/wp\/v2\/comments?post=474"}],"wp:featuredmedia":[{"embeddable":true,"href":"https:\/\/tammetorubbq.ee\/lv\/wp-json\/wp\/v2\/media\/475"}],"wp:attachment":[{"href":"https:\/\/tammetorubbq.ee\/lv\/wp-json\/wp\/v2\/media?parent=474"}],"wp:term":[{"taxonomy":"pwb-brand","embeddable":true,"href":"https:\/\/tammetorubbq.ee\/lv\/wp-json\/wp\/v2\/pwb-brand?post=474"},{"taxonomy":"product_brand","embeddable":true,"href":"https:\/\/tammetorubbq.ee\/lv\/wp-json\/wp\/v2\/product_brand?post=474"},{"taxonomy":"product_cat","embeddable":true,"href":"https:\/\/tammetorubbq.ee\/lv\/wp-json\/wp\/v2\/product_cat?post=474"},{"taxonomy":"product_tag","embeddable":true,"href":"https:\/\/tammetorubbq.ee\/lv\/wp-json\/wp\/v2\/product_tag?post=474"}],"curies":[{"name":"wp","href":"https:\/\/api.w.org\/{rel}","templated":true}]}}