{"id":4766,"date":"2025-12-30T15:40:40","date_gmt":"2025-12-30T13:40:40","guid":{"rendered":"https:\/\/tammetorubbq.ee\/?post_type=product&#038;p=4766"},"modified":"2026-04-15T00:00:16","modified_gmt":"2026-04-14T21:00:16","slug":"barbecoa-sweet-rub-250g","status":"publish","type":"product","link":"https:\/\/tammetorubbq.ee\/lv\/product-2\/barbecoa-sweet-rub-250g\/","title":{"rendered":"Barbecoa Sweet Rub 250g"},"content":{"rendered":"<p data-start=\"0\" data-end=\"88\"><strong data-start=\"0\" data-end=\"17\">Sast\u0101vda\u013cas: <\/strong>sool, roosuhkur, must pipar, paprika, sibul, k\u00fc\u00fcslauk, <strong data-start=\"75\" data-end=\"85\">SELLER<\/strong>.<\/p>\n<p data-start=\"90\" data-end=\"155\" data-is-last-node=\"\" data-is-only-node=\"\"><strong data-start=\"90\" data-end=\"155\" data-is-last-node=\"\">See Sweet BBQ Rub on gluteenivaba ega sisalda p\u00e4hklite j\u00e4lgi.<\/strong><\/p>\n<div style=\"width: 606px;\" class=\"wp-video\"><video class=\"wp-video-shortcode\" id=\"video-4766-1\" width=\"606\" height=\"1080\" preload=\"metadata\" controls=\"controls\"><source type=\"video\/mp4\" src=\"http:\/\/tammetorubbq.ee\/wp-content\/uploads\/2025\/12\/2f7441ab7d574e41a78871fc5cc59e95.HD-1080p-7.2Mbps-58273892.mp4?_=1\" \/><a href=\"http:\/\/tammetorubbq.ee\/wp-content\/uploads\/2025\/12\/2f7441ab7d574e41a78871fc5cc59e95.HD-1080p-7.2Mbps-58273892.mp4\">http:\/\/tammetorubbq.ee\/wp-content\/uploads\/2025\/12\/2f7441ab7d574e41a78871fc5cc59e95.HD-1080p-7.2Mbps-58273892.mp4<\/a><\/video><\/div>\n<p data-start=\"0\" data-end=\"53\"><strong data-start=\"0\" data-end=\"51\">Tutvu Tom Bertels\u2019i ja Barbecoa BBQ meeskonnaga<\/strong><\/p>\n<p data-start=\"55\" data-end=\"294\"><strong>Tom Bertels<\/strong>\u00a0on tunnustatud Euroopa BBQ-meister, tuntud oma tipptasemel brisketi valmistamise oskuste ja rahvusvaheliste auhindade poolest. Tema retseptid toovad esile s\u00fcgava umami ja \u00f5rnalt suitsuse maitse.<\/p>\n<p data-start=\"296\" data-end=\"578\" data-is-last-node=\"\" data-is-only-node=\"\"><strong>Barbecoa BBQ meeskond<\/strong>, tegutsedes alates 2022. aastast, koosneb kirglikest BBQ-professionaalidest, kes on v\u00f5itnud mitmeid rahvusvahelisi tiitleid, sealhulgas Belgia meistritiitleid. Iga nende valmistatud liha peegeldab p\u00fchendumust, oskust ja visadust, viies BBQ-kunsti tipptasemele.<\/p>","protected":false},"excerpt":{"rendered":"<p data-start=\"0\" data-end=\"374\"><strong>Barbecoa Sweet<\/strong> on BBQ-rub, mis sobib ideaalselt roogade valmistamiseks <em data-start=\"112\" data-end=\"124\">low &amp; slow<\/em> meetodil. V\u00f5id seda kasutada piisavalt palju, nii et liha on veel vaevu n\u00e4ha. Aja, kuumuse ja suitsu m\u00f5jul tekib lihale m\u00f5nus bark ehk koorik, kuhu koguneb tohutult maitset. T\u00e4nu suhkrule rub ka karamelliseerub, lisades bark\u2019ile veel \u00fche maitsekihi.<\/p>\n<p data-start=\"376\" data-end=\"599\">Lase rub\u2019il <strong data-start=\"388\" data-end=\"411\">v\u00e4hemalt 30 minutit<\/strong> lihal seista enne, kui asetad liha BBQ-le. \u00d5hemate lihat\u00fckkide puhul ei ole vaja seda \u00fcle\u00f6\u00f6 teha. Paksemate lihat\u00fckkide, nagu n\u00e4iteks <em data-start=\"546\" data-end=\"559\">pulled pork<\/em>, puhul v\u00f5ib see aga v\u00e4ga h\u00e4sti toimida.<\/p>\n<p data-start=\"601\" data-end=\"755\">Sobib suurep\u00e4raselt ka n\u00e4iteks kana r\u00f6stimiseks kaudsel kuumusel. Sel juhul ei ole vaja rub\u2019i v\u00e4ga palju kasutada.<\/p>\n<p data-start=\"908\" data-end=\"1015\">\u26a0\ufe0f <strong data-start=\"911\" data-end=\"926\">Uzman\u012bbu:<\/strong> k\u00f5rgel ja otsesel kuumusel kipub rub k\u00f5rbema, seega otsene grillimine ei ole soovitatav.<\/p>\n<p data-start=\"1017\" data-end=\"1240\" data-is-last-node=\"\" data-is-only-node=\"\"><strong data-start=\"1017\" data-end=\"1029\">\ud83d\udca1 Profesion\u0101\u013cu padoms:<\/strong> Kui soovid eriti mahlast tulemust, kasuta rub\u2019i koos madala ja stabiilse temperatuuriga ning piserda liha aeg-ajalt \u00f5una- v\u00f5i veepihustiga \u2013 see aitab maitsetel paremini esile tulla ja hoiab bark\u2019i t\u00e4iuslikuna.<\/p>\n<p><img loading=\"lazy\" decoding=\"async\" class=\"size-medium wp-image-4732\" src=\"http:\/\/tammetorubbq.ee\/wp-content\/uploads\/2025\/12\/Barbecoa-logo--300x107.png\" alt=\"Barbecoa logo\" width=\"300\" height=\"107\" srcset=\"https:\/\/tammetorubbq.ee\/wp-content\/uploads\/2025\/12\/Barbecoa-logo--300x107.png 300w, https:\/\/tammetorubbq.ee\/wp-content\/uploads\/2025\/12\/Barbecoa-logo--768x274.png 768w, https:\/\/tammetorubbq.ee\/wp-content\/uploads\/2025\/12\/Barbecoa-logo--18x6.png 18w, https:\/\/tammetorubbq.ee\/wp-content\/uploads\/2025\/12\/Barbecoa-logo--600x214.png 600w, https:\/\/tammetorubbq.ee\/wp-content\/uploads\/2025\/12\/Barbecoa-logo--64x23.png 64w, https:\/\/tammetorubbq.ee\/wp-content\/uploads\/2025\/12\/Barbecoa-logo-.png 828w\" sizes=\"auto, (max-width: 300px) 100vw, 300px\" \/><\/p>","protected":false},"featured_media":4767,"comment_status":"closed","ping_status":"closed","template":"","meta":{"_uf_show_specific_survey":0,"_uf_disable_surveys":false},"pwb-brand":[256],"product_brand":[],"product_cat":[21],"product_tag":[257,118,159,166,114,122],"class_list":{"0":"post-4766","1":"product","2":"type-product","3":"status-publish","4":"has-post-thumbnail","6":"pwb-brand-barbecoa","7":"product_cat-maitseainesegud","8":"product_tag-barbecoa","9":"product_tag-kanaliha","10":"product_tag-kanatiivad","11":"product_tag-rebitudliha","12":"product_tag-sealiha","13":"product_tag-searibi","15":"first","16":"instock","17":"taxable","18":"shipping-taxable","19":"purchasable","20":"product-type-simple"},"brands":[{"id":256,"name":"Barbecoa","slug":"barbecoa"}],"_links":{"self":[{"href":"https:\/\/tammetorubbq.ee\/lv\/wp-json\/wp\/v2\/product\/4766","targetHints":{"allow":["GET"]}}],"collection":[{"href":"https:\/\/tammetorubbq.ee\/lv\/wp-json\/wp\/v2\/product"}],"about":[{"href":"https:\/\/tammetorubbq.ee\/lv\/wp-json\/wp\/v2\/types\/product"}],"replies":[{"embeddable":true,"href":"https:\/\/tammetorubbq.ee\/lv\/wp-json\/wp\/v2\/comments?post=4766"}],"wp:featuredmedia":[{"embeddable":true,"href":"https:\/\/tammetorubbq.ee\/lv\/wp-json\/wp\/v2\/media\/4767"}],"wp:attachment":[{"href":"https:\/\/tammetorubbq.ee\/lv\/wp-json\/wp\/v2\/media?parent=4766"}],"wp:term":[{"taxonomy":"pwb-brand","embeddable":true,"href":"https:\/\/tammetorubbq.ee\/lv\/wp-json\/wp\/v2\/pwb-brand?post=4766"},{"taxonomy":"product_brand","embeddable":true,"href":"https:\/\/tammetorubbq.ee\/lv\/wp-json\/wp\/v2\/product_brand?post=4766"},{"taxonomy":"product_cat","embeddable":true,"href":"https:\/\/tammetorubbq.ee\/lv\/wp-json\/wp\/v2\/product_cat?post=4766"},{"taxonomy":"product_tag","embeddable":true,"href":"https:\/\/tammetorubbq.ee\/lv\/wp-json\/wp\/v2\/product_tag?post=4766"}],"curies":[{"name":"wp","href":"https:\/\/api.w.org\/{rel}","templated":true}]}}