{"id":4787,"date":"2026-01-04T13:50:47","date_gmt":"2026-01-04T11:50:47","guid":{"rendered":"https:\/\/tammetorubbq.ee\/?post_type=product&#038;p=4787"},"modified":"2026-04-14T18:01:35","modified_gmt":"2026-04-14T15:01:35","slug":"kinders-the-steak-blend-rub-175g","status":"publish","type":"product","link":"https:\/\/tammetorubbq.ee\/lv\/product-2\/kinders-the-steak-blend-rub-175g\/","title":{"rendered":"Kinder\u2019s The Steak Blend Rub 175g"},"content":{"rendered":"<p data-start=\"957\" data-end=\"1065\"><strong data-start=\"957\" data-end=\"973\">Sast\u0101vda\u013cas:<\/strong> meresool, must pipar, k\u00fc\u00fcslauk, sibul, purustatud punane pipar, sidrunikoor, seenepulber.<\/p>\n<p data-start=\"1067\" data-end=\"1089\"><strong data-start=\"1067\" data-end=\"1081\">Netokogus:<\/strong> 175 g<\/p>","protected":false},"excerpt":{"rendered":"<p data-start=\"175\" data-end=\"656\">T\u00f5sta steikide maitse uuele tasemele <strong data-start=\"216\" data-end=\"239\">The Steak Blend Rub<\/strong>\u2019iga! Kinder\u2019s signatuurne steak seasoning algab meresoola ja purustatud musta pipra baasil ning sisaldab ainulaadset v\u00fcrtside segu \u2013 k\u00fc\u00fcslauk, sibul, kergelt purustatud punane pipar ja sidrunikoor, mis r\u00f5hutavad kvaliteetse steiki rikkalikku maitset. L\u00f5petuseks on lisatud eriline seenesegu, mis toob esile veiseliha s\u00fcgava, mahlase maitse. <strong>Lihtsalt \u00f6eldes \u2013 see on parim steak seasoning, mida on suudetud v\u00e4lja t\u00f6\u00f6tada!<\/strong><\/p>\n<p data-start=\"658\" data-end=\"743\">Sobib ideaalselt steikidele, aga ka sealiha, l\u00f5he ja muude roogade maitsestamiseks.<\/p>\n<p data-start=\"658\" data-end=\"743\"><strong data-start=\"745\" data-end=\"757\">\ud83d\udca1 Profesion\u0101\u013cu padoms:<\/strong> H\u00f5\u00f5ru liha m\u00f5lemalt poolt seguga v\u00e4hemalt 30 minutit enne grillimist v\u00f5i pannile panemist. Grillimisel lisa segu kergelt ka peale k\u00fcpsetamise alguses, et saada rikkalik, aromaatne kr\u00f5be maitse.<\/p>\n<p data-start=\"658\" data-end=\"743\"><img loading=\"lazy\" decoding=\"async\" class=\"alignnone wp-image-4780\" src=\"http:\/\/tammetorubbq.ee\/wp-content\/uploads\/2026\/01\/kinders-logo-black.svg\" alt=\"\" width=\"177\" height=\"112\" \/><\/p>","protected":false},"featured_media":4788,"comment_status":"closed","ping_status":"closed","template":"","meta":{"_uf_show_specific_survey":0,"_uf_disable_surveys":false},"pwb-brand":[265],"product_brand":[],"product_cat":[21],"product_tag":[266,259,114,123,119],"class_list":{"0":"post-4787","1":"product","2":"type-product","3":"status-publish","4":"has-post-thumbnail","6":"pwb-brand-kinders","7":"product_cat-maitseainesegud","8":"product_tag-kinders","9":"product_tag-lohe","10":"product_tag-sealiha","11":"product_tag-steik","12":"product_tag-veiseliha","14":"first","15":"instock","16":"taxable","17":"shipping-taxable","18":"purchasable","19":"product-type-simple"},"brands":[{"id":265,"name":"Kinder's","slug":"kinders"}],"_links":{"self":[{"href":"https:\/\/tammetorubbq.ee\/lv\/wp-json\/wp\/v2\/product\/4787","targetHints":{"allow":["GET"]}}],"collection":[{"href":"https:\/\/tammetorubbq.ee\/lv\/wp-json\/wp\/v2\/product"}],"about":[{"href":"https:\/\/tammetorubbq.ee\/lv\/wp-json\/wp\/v2\/types\/product"}],"replies":[{"embeddable":true,"href":"https:\/\/tammetorubbq.ee\/lv\/wp-json\/wp\/v2\/comments?post=4787"}],"wp:featuredmedia":[{"embeddable":true,"href":"https:\/\/tammetorubbq.ee\/lv\/wp-json\/wp\/v2\/media\/4788"}],"wp:attachment":[{"href":"https:\/\/tammetorubbq.ee\/lv\/wp-json\/wp\/v2\/media?parent=4787"}],"wp:term":[{"taxonomy":"pwb-brand","embeddable":true,"href":"https:\/\/tammetorubbq.ee\/lv\/wp-json\/wp\/v2\/pwb-brand?post=4787"},{"taxonomy":"product_brand","embeddable":true,"href":"https:\/\/tammetorubbq.ee\/lv\/wp-json\/wp\/v2\/product_brand?post=4787"},{"taxonomy":"product_cat","embeddable":true,"href":"https:\/\/tammetorubbq.ee\/lv\/wp-json\/wp\/v2\/product_cat?post=4787"},{"taxonomy":"product_tag","embeddable":true,"href":"https:\/\/tammetorubbq.ee\/lv\/wp-json\/wp\/v2\/product_tag?post=4787"}],"curies":[{"name":"wp","href":"https:\/\/api.w.org\/{rel}","templated":true}]}}