{"id":4797,"date":"2026-01-04T14:48:02","date_gmt":"2026-01-04T12:48:02","guid":{"rendered":"https:\/\/tammetorubbq.ee\/?post_type=product&#038;p=4797"},"modified":"2026-04-15T03:00:19","modified_gmt":"2026-04-15T00:00:19","slug":"kinders-honey-hot-bbq-kaste-439g","status":"publish","type":"product","link":"https:\/\/tammetorubbq.ee\/lv\/product-2\/kinders-honey-hot-bbq-kaste-439g\/","title":{"rendered":"Kinder\u2019s Honey Hot BBQ kaste 439g"},"content":{"rendered":"<p><strong data-start=\"563\" data-end=\"579\">Sast\u0101vda\u013cas: <\/strong>tomatip\u00fcree (vesi, tomatipasta), pruun suhkur, suhkur, \u00e4\u00e4dikas, naturaalne suitsumaitse, sool, maisit\u00e4rklis, Worcestershire\u2019i kaste (\u00e4\u00e4dikas, melass, maisisiirup, vesi, sool, karamelliv\u00e4rv, k\u00fc\u00fcslaugupulber, suhkur, v\u00fcrtsid, tamarind, naturaalne maitseaine), r\u00f6stitud kuivatatud k\u00fc\u00fcslauk, sibulapulber, k\u00fc\u00fcslaugupulber, karamelliv\u00e4rv, purustatud punane pipar, ksantaankummi.<\/p>\n<p><strong data-start=\"857\" data-end=\"871\">Netokogus:<\/strong>\u00a0439 g<\/p>","protected":false},"excerpt":{"rendered":"<p>Viimase 70 aasta jooksul on Kinder\u2019s-i perekord proovinud ja arvendanud mitmeid BBQ kastmete maitseid. Just nii kaua v\u00f5ttis see aega &#8211; sellest kogemusest s\u00fcndiski ideaalne BBQ kaste \u2013 <strong>Kinder\u2019s Honey Hot BBQ<\/strong>. See on valmistatud k\u00f5rgeima kvaliteediga tomatitest, magus, kergelt suitsune ja pakub m\u00f5nusat v\u00fcrtsikat maitsel\u00f6\u00f6ki.<\/p>\n<p>Kastme konsistents on ideaalne nii dipiks kui ka glasuuriks. Sobib suurep\u00e4raselt ka burgerite ja k\u00f6\u00f6giviljade juurde dipina.<\/p>\n<p><strong data-start=\"959\" data-end=\"971\"><img decoding=\"async\" class=\"emoji\" role=\"img\" draggable=\"false\" src=\"https:\/\/s.w.org\/images\/core\/emoji\/17.0.2\/svg\/1f4a1.svg\" alt=\"\ud83d\udca1\" \/> Profesion\u0101\u013cu padoms: <\/strong>kasuta kastet nii enne kui ka p\u00e4rast k\u00fcpsetamist: m\u00e4\u00e4ri liha enne grilli, et maitsed imenduksid, ja lisa veel viimastel minutitel, et saada kaunis karamellistunud glasuur.<\/p>\n<p>&nbsp;<\/p>\n<p><img loading=\"lazy\" decoding=\"async\" class=\"alignnone wp-image-4780\" src=\"http:\/\/tammetorubbq.ee\/wp-content\/uploads\/2026\/01\/kinders-logo-black.svg\" alt=\"\" width=\"177\" height=\"112\" \/><\/p>","protected":false},"featured_media":4798,"comment_status":"closed","ping_status":"closed","template":"","meta":{"_uf_show_specific_survey":0,"_uf_disable_surveys":false},"pwb-brand":[265],"product_brand":[],"product_cat":[22],"product_tag":[118,159,266,121,259,114,122],"class_list":{"0":"post-4797","1":"product","2":"type-product","3":"status-publish","4":"has-post-thumbnail","6":"pwb-brand-kinders","7":"product_cat-kastmed-ja-marinaadid","8":"product_tag-kanaliha","9":"product_tag-kanatiivad","10":"product_tag-kinders","11":"product_tag-koogiviljad","12":"product_tag-lohe","13":"product_tag-sealiha","14":"product_tag-searibi","16":"first","17":"instock","18":"taxable","19":"shipping-taxable","20":"purchasable","21":"product-type-simple"},"brands":[{"id":265,"name":"Kinder's","slug":"kinders"}],"_links":{"self":[{"href":"https:\/\/tammetorubbq.ee\/lv\/wp-json\/wp\/v2\/product\/4797","targetHints":{"allow":["GET"]}}],"collection":[{"href":"https:\/\/tammetorubbq.ee\/lv\/wp-json\/wp\/v2\/product"}],"about":[{"href":"https:\/\/tammetorubbq.ee\/lv\/wp-json\/wp\/v2\/types\/product"}],"replies":[{"embeddable":true,"href":"https:\/\/tammetorubbq.ee\/lv\/wp-json\/wp\/v2\/comments?post=4797"}],"wp:featuredmedia":[{"embeddable":true,"href":"https:\/\/tammetorubbq.ee\/lv\/wp-json\/wp\/v2\/media\/4798"}],"wp:attachment":[{"href":"https:\/\/tammetorubbq.ee\/lv\/wp-json\/wp\/v2\/media?parent=4797"}],"wp:term":[{"taxonomy":"pwb-brand","embeddable":true,"href":"https:\/\/tammetorubbq.ee\/lv\/wp-json\/wp\/v2\/pwb-brand?post=4797"},{"taxonomy":"product_brand","embeddable":true,"href":"https:\/\/tammetorubbq.ee\/lv\/wp-json\/wp\/v2\/product_brand?post=4797"},{"taxonomy":"product_cat","embeddable":true,"href":"https:\/\/tammetorubbq.ee\/lv\/wp-json\/wp\/v2\/product_cat?post=4797"},{"taxonomy":"product_tag","embeddable":true,"href":"https:\/\/tammetorubbq.ee\/lv\/wp-json\/wp\/v2\/product_tag?post=4797"}],"curies":[{"name":"wp","href":"https:\/\/api.w.org\/{rel}","templated":true}]}}