{"id":4807,"date":"2026-01-04T18:37:08","date_gmt":"2026-01-04T16:37:08","guid":{"rendered":"https:\/\/tammetorubbq.ee\/?post_type=product&#038;p=4807"},"modified":"2026-04-14T22:01:08","modified_gmt":"2026-04-14T19:01:08","slug":"kinders-gold-bbq-kaste-434g","status":"publish","type":"product","link":"https:\/\/tammetorubbq.ee\/lv\/product-2\/kinders-gold-bbq-kaste-434g\/","title":{"rendered":"Kinder\u2019s Gold BBQ kaste 434g"},"content":{"rendered":"<p data-start=\"963\" data-end=\"1120\"><strong data-start=\"963\" data-end=\"979\">Sast\u0101vda\u013cas:<\/strong> tomatipasta, pruun suhkur, \u00e4\u00e4dikas, vesi, sinep, sool, paprika, suitsutatud paprika, sibulapulber, k\u00fc\u00fcslaugupulber, must pipar, maitseained.<\/p>\n<p data-start=\"1122\" data-end=\"1142\"><strong data-start=\"1122\" data-end=\"1136\">Netokogus:<\/strong> 434 g<\/p>","protected":false},"excerpt":{"rendered":"<p data-start=\"170\" data-end=\"422\"><strong>Kinder\u2019s Gold BBQ kaste<\/strong> on inspireeritud Carolina BBQ traditsioonidest ning valmistatud k\u00f5rgeima kvaliteediga tomatitest. See kaste on m\u00f5nusalt magus, kergelt hapukas ja \u00f5rna suitsuse noodiga, pakkudes tasakaalustatud ja rikkalikku maitset igale roale.<\/p>\n<p data-start=\"424\" data-end=\"772\">Gold BBQ kaste sobib suurep\u00e4raselt kana, pulled pork\u2019i, k\u00fcpsetatud ubade ning makaronide ja juustuga roogade juurde. T\u00e4nu oma ideaalsele konsistentsile on see ideaalne ka kanaribade dipiks ja liha glasuurimiseks grillil.<\/p>\n<p data-start=\"424\" data-end=\"772\"><strong data-start=\"774\" data-end=\"786\"><img decoding=\"async\" class=\"emoji\" role=\"img\" draggable=\"false\" src=\"https:\/\/s.w.org\/images\/core\/emoji\/17.0.2\/svg\/1f4a1.svg\" alt=\"\ud83d\udca1\" \/> Profesion\u0101\u013cu padoms:<\/strong> kasuta kastet liha marineerimiseks paar tundi enne k\u00fcpsetamist v\u00f5i pintselda seda lihale grillimise l\u00f5ppfaasis, et saavutada kaunilt karamellistunud ja maitsek\u00fcllane tulemus.<\/p>\n<p data-start=\"424\" data-end=\"772\">\n<p data-start=\"424\" data-end=\"772\"><img loading=\"lazy\" decoding=\"async\" class=\"alignnone  wp-image-4780\" src=\"http:\/\/tammetorubbq.ee\/wp-content\/uploads\/2026\/01\/kinders-logo-black.svg\" alt=\"\" width=\"180\" height=\"114\" \/><\/p>","protected":false},"featured_media":4808,"comment_status":"closed","ping_status":"closed","template":"","meta":{"_uf_show_specific_survey":0,"_uf_disable_surveys":false},"pwb-brand":[265],"product_brand":[],"product_cat":[22],"product_tag":[118,159,266,114,122],"class_list":{"0":"post-4807","1":"product","2":"type-product","3":"status-publish","4":"has-post-thumbnail","6":"pwb-brand-kinders","7":"product_cat-kastmed-ja-marinaadid","8":"product_tag-kanaliha","9":"product_tag-kanatiivad","10":"product_tag-kinders","11":"product_tag-sealiha","12":"product_tag-searibi","14":"first","15":"instock","16":"taxable","17":"shipping-taxable","18":"purchasable","19":"product-type-simple"},"brands":[{"id":265,"name":"Kinder's","slug":"kinders"}],"_links":{"self":[{"href":"https:\/\/tammetorubbq.ee\/lv\/wp-json\/wp\/v2\/product\/4807","targetHints":{"allow":["GET"]}}],"collection":[{"href":"https:\/\/tammetorubbq.ee\/lv\/wp-json\/wp\/v2\/product"}],"about":[{"href":"https:\/\/tammetorubbq.ee\/lv\/wp-json\/wp\/v2\/types\/product"}],"replies":[{"embeddable":true,"href":"https:\/\/tammetorubbq.ee\/lv\/wp-json\/wp\/v2\/comments?post=4807"}],"wp:featuredmedia":[{"embeddable":true,"href":"https:\/\/tammetorubbq.ee\/lv\/wp-json\/wp\/v2\/media\/4808"}],"wp:attachment":[{"href":"https:\/\/tammetorubbq.ee\/lv\/wp-json\/wp\/v2\/media?parent=4807"}],"wp:term":[{"taxonomy":"pwb-brand","embeddable":true,"href":"https:\/\/tammetorubbq.ee\/lv\/wp-json\/wp\/v2\/pwb-brand?post=4807"},{"taxonomy":"product_brand","embeddable":true,"href":"https:\/\/tammetorubbq.ee\/lv\/wp-json\/wp\/v2\/product_brand?post=4807"},{"taxonomy":"product_cat","embeddable":true,"href":"https:\/\/tammetorubbq.ee\/lv\/wp-json\/wp\/v2\/product_cat?post=4807"},{"taxonomy":"product_tag","embeddable":true,"href":"https:\/\/tammetorubbq.ee\/lv\/wp-json\/wp\/v2\/product_tag?post=4807"}],"curies":[{"name":"wp","href":"https:\/\/api.w.org\/{rel}","templated":true}]}}