{"id":4928,"date":"2026-01-18T14:09:37","date_gmt":"2026-01-18T12:09:37","guid":{"rendered":"https:\/\/tammetorubbq.ee\/?post_type=product&#038;p=4928"},"modified":"2026-04-05T23:00:39","modified_gmt":"2026-04-05T20:00:39","slug":"smeg-hakklihamasin-koogikombainile","status":"publish","type":"product","link":"https:\/\/tammetorubbq.ee\/lv\/product-2\/smeg-hakklihamasin-koogikombainile\/","title":{"rendered":"Smeg hakklihamasin k\u00f6\u00f6gikombainile"},"content":{"rendered":"<ul>\n<li data-start=\"46\" data-end=\"68\">\n<p data-start=\"48\" data-end=\"68\"><strong data-start=\"48\" data-end=\"59\">K\u00f5rgus:<\/strong> 166 mm<\/p>\n<\/li>\n<li data-start=\"69\" data-end=\"95\">\n<p data-start=\"71\" data-end=\"95\"><strong data-start=\"71\" data-end=\"84\">Netokaal:<\/strong> 1,800 kg<\/p>\n<\/li>\n<li data-start=\"96\" data-end=\"121\" data-is-last-node=\"\">\n<p data-start=\"98\" data-end=\"121\" data-is-last-node=\"\"><strong data-start=\"98\" data-end=\"112\">Brutokaal:<\/strong> 2,550 kg<\/p>\n<\/li>\n<\/ul>\n<p>&nbsp;<\/p>\n<h3 data-start=\"107\" data-end=\"150\">Smeg \u2013 stiil ja kvaliteet teie k\u00f6\u00f6gis<\/h3>\n<p data-start=\"152\" data-end=\"502\">Avastage Smeg v\u00e4ikeelektroonika, mis \u00fchendab\u00a0<strong>Itaalia disain<\/strong>i, funktsionaalsuse ja kvaliteedi. Alates retrostiilis r\u00f6steritest ja kohvimasinatest kuni modernsete blenderite ja veekeetjateni \u2013 Smeg tooted toovad teie k\u00f6\u00f6ki erilise elegantsi. Iga seade on loodud vastupidavaks ja mugavaks kasutamiseks, pakkudes samal ajal stiilset visuaalset elamust.<\/p>\n<p data-start=\"504\" data-end=\"611\">Valige Smeg ja muutke igap\u00e4evane toiduvalmistamine nauditavaks \u2013 sest hea disain ei ole kunagi \u00fcleliigne.<\/p>","protected":false},"excerpt":{"rendered":"<ul>\n<li data-start=\"90\" data-end=\"142\">\n<p data-start=\"92\" data-end=\"142\">Korpus, silinder ja spiraal: alumiiniumisulamist<\/p>\n<\/li>\n<li data-start=\"143\" data-end=\"411\">\n<p data-start=\"145\" data-end=\"175\"><strong data-start=\"145\" data-end=\"173\">Komplektis lisatarvikud:<\/strong><\/p>\n<ul data-start=\"178\" data-end=\"411\">\n<li data-start=\"178\" data-end=\"275\">\n<p data-start=\"180\" data-end=\"275\">3 roostevabast terasest ketast lihvimiseks: j\u00e4me (\u00d8 8 mm), keskmine (\u00d8 4,2 mm), peen (\u00d8 3 mm)<\/p>\n<\/li>\n<li data-start=\"278\" data-end=\"320\">\n<p data-start=\"280\" data-end=\"320\">Plastikust vorsti- ja kebbe-lisatarvik<\/p>\n<\/li>\n<li data-start=\"323\" data-end=\"358\">\n<p data-start=\"325\" data-end=\"358\">Silikoonist ketas puhastamiseks<\/p>\n<\/li>\n<li data-start=\"361\" data-end=\"411\">\n<p data-start=\"363\" data-end=\"411\">Surupulk koostisosade parema sisestamise jaoks<\/p>\n<\/li>\n<\/ul>\n<\/li>\n<\/ul>\n<p data-start=\"187\" data-end=\"249\"><strong data-start=\"187\" data-end=\"220\">Sobib Smeg k\u00f6\u00f6gikombainidele:<\/strong> SMF01, SMF02, SMF03, SMF13<\/p>\n<p><img loading=\"lazy\" decoding=\"async\" class=\"wp-image-4840\" src=\"http:\/\/tammetorubbq.ee\/wp-content\/uploads\/2026\/01\/Smeg_logo.svg-300x60.png\" alt=\"Smeg\" width=\"230\" height=\"46\" srcset=\"https:\/\/tammetorubbq.ee\/wp-content\/uploads\/2026\/01\/Smeg_logo.svg-300x60.png 300w, https:\/\/tammetorubbq.ee\/wp-content\/uploads\/2026\/01\/Smeg_logo.svg-1024x204.png 1024w, https:\/\/tammetorubbq.ee\/wp-content\/uploads\/2026\/01\/Smeg_logo.svg-768x153.png 768w, https:\/\/tammetorubbq.ee\/wp-content\/uploads\/2026\/01\/Smeg_logo.svg-1536x305.png 1536w, https:\/\/tammetorubbq.ee\/wp-content\/uploads\/2026\/01\/Smeg_logo.svg-2048x407.png 2048w, https:\/\/tammetorubbq.ee\/wp-content\/uploads\/2026\/01\/Smeg_logo.svg-18x4.png 18w, https:\/\/tammetorubbq.ee\/wp-content\/uploads\/2026\/01\/Smeg_logo.svg-600x119.png 600w, https:\/\/tammetorubbq.ee\/wp-content\/uploads\/2026\/01\/Smeg_logo.svg-64x13.png 64w\" sizes=\"auto, (max-width: 230px) 100vw, 230px\" \/><\/p>\n<p>&nbsp;<\/p>\n<p><a href=\"https:\/\/tammetorubbq.ee\/lv\/maksajiet-velak\/\"><strong>P\u0112RCIET TAGAD, MAKS\u0100JIET V\u0112L\u0100K<\/strong><\/a>\u00a0- bez procentiem!<\/p>\n<p><img loading=\"lazy\" decoding=\"async\" class=\"alignnone wp-image-2646\" src=\"http:\/\/tammetorubbq.ee\/wp-content\/uploads\/2023\/12\/inbank-wordmark.png\" alt=\"\" width=\"167\" height=\"75\" srcset=\"https:\/\/tammetorubbq.ee\/wp-content\/uploads\/2023\/12\/inbank-wordmark.png 300w, https:\/\/tammetorubbq.ee\/wp-content\/uploads\/2023\/12\/inbank-wordmark-18x8.png 18w, https:\/\/tammetorubbq.ee\/wp-content\/uploads\/2023\/12\/inbank-wordmark-64x29.png 64w\" sizes=\"auto, (max-width: 167px) 100vw, 167px\" \/><\/p>\n<p>M\u0113s pied\u0101v\u0101jam ar\u012b iesp\u0113ju maks\u0101t v\u0113l\u0101k - vien\u0101, div\u0101s vai trij\u0101s vien\u0101d\u0101s da\u013c\u0101s bez procentiem vai papildu maksas.<\/p>\n<p>M\u016bsu iepirkumu groz\u0101 varat atrast da\u017e\u0101das maks\u0101jumu iesp\u0113jas.<\/p>","protected":false},"featured_media":4929,"comment_status":"closed","ping_status":"closed","template":"","meta":{"_uf_show_specific_survey":0,"_uf_disable_surveys":false},"pwb-brand":[275],"product_brand":[],"product_cat":[278],"product_tag":[222,276,279],"class_list":{"0":"post-4928","1":"product","2":"type-product","3":"status-publish","4":"has-post-thumbnail","6":"pwb-brand-smeg","7":"product_cat-lisatarvikud","8":"product_tag-koogikombain","9":"product_tag-smeg","10":"product_tag-smeg-lisatarvikud","12":"first","13":"instock","14":"taxable","15":"shipping-taxable","16":"purchasable","17":"product-type-simple"},"brands":[{"id":275,"name":"Smeg","slug":"smeg"}],"_links":{"self":[{"href":"https:\/\/tammetorubbq.ee\/lv\/wp-json\/wp\/v2\/product\/4928","targetHints":{"allow":["GET"]}}],"collection":[{"href":"https:\/\/tammetorubbq.ee\/lv\/wp-json\/wp\/v2\/product"}],"about":[{"href":"https:\/\/tammetorubbq.ee\/lv\/wp-json\/wp\/v2\/types\/product"}],"replies":[{"embeddable":true,"href":"https:\/\/tammetorubbq.ee\/lv\/wp-json\/wp\/v2\/comments?post=4928"}],"wp:featuredmedia":[{"embeddable":true,"href":"https:\/\/tammetorubbq.ee\/lv\/wp-json\/wp\/v2\/media\/4929"}],"wp:attachment":[{"href":"https:\/\/tammetorubbq.ee\/lv\/wp-json\/wp\/v2\/media?parent=4928"}],"wp:term":[{"taxonomy":"pwb-brand","embeddable":true,"href":"https:\/\/tammetorubbq.ee\/lv\/wp-json\/wp\/v2\/pwb-brand?post=4928"},{"taxonomy":"product_brand","embeddable":true,"href":"https:\/\/tammetorubbq.ee\/lv\/wp-json\/wp\/v2\/product_brand?post=4928"},{"taxonomy":"product_cat","embeddable":true,"href":"https:\/\/tammetorubbq.ee\/lv\/wp-json\/wp\/v2\/product_cat?post=4928"},{"taxonomy":"product_tag","embeddable":true,"href":"https:\/\/tammetorubbq.ee\/lv\/wp-json\/wp\/v2\/product_tag?post=4928"}],"curies":[{"name":"wp","href":"https:\/\/api.w.org\/{rel}","templated":true}]}}