{"id":4943,"date":"2026-01-18T14:58:51","date_gmt":"2026-01-18T12:58:51","guid":{"rendered":"https:\/\/tammetorubbq.ee\/?post_type=product&#038;p=4943"},"modified":"2026-04-05T23:00:54","modified_gmt":"2026-04-05T20:00:54","slug":"smeg-koogikombain-50ndate-stiil-1000-w-must","status":"publish","type":"product","link":"https:\/\/tammetorubbq.ee\/lv\/product-2\/smeg-koogikombain-50ndate-stiil-1000-w-must\/","title":{"rendered":"Smeg k\u00f6\u00f6gikombain 50`ndate stiil 1000 W (must)"},"content":{"rendered":"<h3 class=\"text-xl font-semibold\">Tehniskie dati<\/h3>\n<table class=\"table text-base\">\n<tbody>\n<tr>\n<th class=\"align-top w-1\/2 pl-0 py-1\">Z\u012bmols<\/th>\n<td class=\"align-top w-1\/2 py-1\">Smeg<\/td>\n<\/tr>\n<tr>\n<th class=\"align-top w-1\/2 pl-0 py-1\">Tooteperekond<\/th>\n<td class=\"align-top w-1\/2 py-1\">retro<\/td>\n<\/tr>\n<tr>\n<th class=\"align-top w-1\/2 pl-0 py-1\">Nimiv\u00f5imsus W<\/th>\n<td class=\"align-top w-1\/2 py-1\">1000<\/td>\n<\/tr>\n<tr>\n<th class=\"align-top w-1\/2 pl-0 py-1\">Disain<\/th>\n<td class=\"align-top w-1\/2 py-1\">50\u00b4ndate stiil<\/td>\n<\/tr>\n<tr>\n<th class=\"align-top w-1\/2 pl-0 py-1\">V\u00e4rvus<\/th>\n<td class=\"align-top w-1\/2 py-1\">Must<\/td>\n<\/tr>\n<tr>\n<th class=\"align-top w-1\/2 pl-0 py-1\">Pakendi k\u00f5rgus<\/th>\n<td class=\"align-top w-1\/2 py-1\">46<\/td>\n<\/tr>\n<tr>\n<th class=\"align-top w-1\/2 pl-0 py-1\">Pakendi laius<\/th>\n<td class=\"align-top w-1\/2 py-1\">46<\/td>\n<\/tr>\n<tr>\n<th class=\"align-top w-1\/2 pl-0 py-1\">Pakendi s\u00fcgavus<\/th>\n<td class=\"align-top w-1\/2 py-1\">25,5<\/td>\n<\/tr>\n<\/tbody>\n<\/table>\n<p>&nbsp;<\/p>\n<h3 data-start=\"107\" data-end=\"150\">Smeg \u2013 stiil ja kvaliteet teie k\u00f6\u00f6gis<\/h3>\n<p data-start=\"152\" data-end=\"502\">Avastage Smeg v\u00e4ikeelektroonika, mis \u00fchendab\u00a0<strong>Itaalia disain<\/strong>i, funktsionaalsuse ja kvaliteedi. Alates retrostiilis r\u00f6steritest ja kohvimasinatest kuni modernsete blenderite ja veekeetjateni \u2013 Smeg tooted toovad teie k\u00f6\u00f6ki erilise elegantsi. Iga seade on loodud vastupidavaks ja mugavaks kasutamiseks, pakkudes samal ajal stiilset visuaalset elamust.<\/p>\n<p data-start=\"504\" data-end=\"611\">Valige Smeg ja muutke igap\u00e4evane toiduvalmistamine nauditavaks \u2013 sest hea disain ei ole kunagi \u00fcleliigne.<\/p>","protected":false},"excerpt":{"rendered":"<p data-start=\"83\" data-end=\"139\"><strong data-start=\"83\" data-end=\"137\">K\u00f6\u00f6gikombain \/ taignasegaja, 1950. aastate stiilis<\/strong><\/p>\n<ul data-start=\"141\" data-end=\"411\">\n<li data-start=\"141\" data-end=\"203\">\n<p data-start=\"143\" data-end=\"203\"><strong data-start=\"143\" data-end=\"168\">Mootori turvalukustus<\/strong>\u00a0segamispea \u00fcles t\u00f5stetud asendis<\/p>\n<\/li>\n<li data-start=\"204\" data-end=\"243\">\n<p data-start=\"206\" data-end=\"243\"><strong data-start=\"206\" data-end=\"232\">Kiiruse reguleerimine:<\/strong>\u00a010 astet<\/p>\n<\/li>\n<li data-start=\"244\" data-end=\"281\">\n<p data-start=\"246\" data-end=\"281\"><strong data-start=\"246\" data-end=\"264\">Sujuv k\u00e4ivitus<\/strong>\u00a0(Smooth Start)<\/p>\n<\/li>\n<li data-start=\"282\" data-end=\"322\">\n<p data-start=\"284\" data-end=\"322\"><strong data-start=\"284\" data-end=\"306\">Lisaseadmete port:<\/strong>\u00a0frontaalotsak<\/p>\n<\/li>\n<li data-start=\"323\" data-end=\"380\">\n<p data-start=\"325\" data-end=\"380\"><strong data-start=\"325\" data-end=\"342\">Planetaarajam<\/strong>\u00a0tagab koostisosade \u00fchtlase segamise<\/p>\n<\/li>\n<li data-start=\"381\" data-end=\"411\">\n<p data-start=\"383\" data-end=\"411\"><strong data-start=\"383\" data-end=\"409\">Pretsl\u012bd\u0113\u0161anas k\u0101jas<\/strong><\/p>\n<\/li>\n<\/ul>\n<p data-start=\"413\" data-end=\"430\"><strong data-start=\"413\" data-end=\"428\">Iek\u013cauts:<\/strong><\/p>\n<ul data-start=\"431\" data-end=\"618\">\n<li data-start=\"431\" data-end=\"475\">\n<p data-start=\"433\" data-end=\"475\">4,8 l roostevabast terasest segamiskauss<\/p>\n<\/li>\n<li data-start=\"476\" data-end=\"508\">\n<p data-start=\"478\" data-end=\"508\">Roostevabast terasest vispel<\/p>\n<\/li>\n<li data-start=\"509\" data-end=\"524\">\n<p data-start=\"511\" data-end=\"524\">Taignakonks<\/p>\n<\/li>\n<li data-start=\"525\" data-end=\"555\">\n<p data-start=\"527\" data-end=\"555\">Alumiiniumist segamisotsak<\/p>\n<\/li>\n<li data-start=\"556\" data-end=\"589\">\n<p data-start=\"558\" data-end=\"589\">Silikoonist otstega vahustaja<\/p>\n<\/li>\n<li data-start=\"590\" data-end=\"618\">\n<p data-start=\"592\" data-end=\"618\">Plastikust pritsmekaitse<\/p>\n<\/li>\n<\/ul>\n<p data-start=\"620\" data-end=\"703\"><strong data-start=\"620\" data-end=\"640\">Izm\u0113ri\u00a0<\/strong>(K\u00d7L\u00d7S)<strong data-start=\"620\" data-end=\"640\">:<\/strong>\u00a0378 \u00d7 405 \u00d7 221 mm (490 mm segamispea \u00fcles t\u00f5stetud asendis).<\/p>\n<p data-start=\"620\" data-end=\"703\"><strong>Vaata ka lisatarvikuid: <a href=\"https:\/\/tammetorubbq.ee\/lv\/product-2\/smeg-riivide-ja-loikurite-komplekt-koogikombainile\/\">SMSG01<\/a>,\u00a0<a href=\"https:\/\/tammetorubbq.ee\/lv\/product-2\/smeg-pasta-rullija-150-koogikombainile\/\">SMPR01<\/a>,\u00a0<a href=\"https:\/\/tammetorubbq.ee\/lv\/product-2\/smeg-hakklihamasin-koogikombainile\/\">SMMG01<\/a><\/strong><\/p>\n<p><img loading=\"lazy\" decoding=\"async\" class=\"wp-image-4840\" src=\"http:\/\/tammetorubbq.ee\/wp-content\/uploads\/2026\/01\/Smeg_logo.svg-300x60.png\" alt=\"Smeg\" width=\"230\" height=\"46\" srcset=\"https:\/\/tammetorubbq.ee\/wp-content\/uploads\/2026\/01\/Smeg_logo.svg-300x60.png 300w, https:\/\/tammetorubbq.ee\/wp-content\/uploads\/2026\/01\/Smeg_logo.svg-1024x204.png 1024w, https:\/\/tammetorubbq.ee\/wp-content\/uploads\/2026\/01\/Smeg_logo.svg-768x153.png 768w, https:\/\/tammetorubbq.ee\/wp-content\/uploads\/2026\/01\/Smeg_logo.svg-1536x305.png 1536w, https:\/\/tammetorubbq.ee\/wp-content\/uploads\/2026\/01\/Smeg_logo.svg-2048x407.png 2048w, https:\/\/tammetorubbq.ee\/wp-content\/uploads\/2026\/01\/Smeg_logo.svg-18x4.png 18w, https:\/\/tammetorubbq.ee\/wp-content\/uploads\/2026\/01\/Smeg_logo.svg-600x119.png 600w, https:\/\/tammetorubbq.ee\/wp-content\/uploads\/2026\/01\/Smeg_logo.svg-64x13.png 64w\" sizes=\"auto, (max-width: 230px) 100vw, 230px\" \/><\/p>\n<p>&nbsp;<\/p>\n<p><a href=\"https:\/\/tammetorubbq.ee\/lv\/maksajiet-velak\/\"><strong>P\u0112RCIET TAGAD, MAKS\u0100JIET V\u0112L\u0100K<\/strong><\/a>\u00a0- bez procentiem!<\/p>\n<p><img loading=\"lazy\" decoding=\"async\" class=\"alignnone wp-image-2646\" src=\"http:\/\/tammetorubbq.ee\/wp-content\/uploads\/2023\/12\/inbank-wordmark.png\" alt=\"\" width=\"167\" height=\"75\" srcset=\"https:\/\/tammetorubbq.ee\/wp-content\/uploads\/2023\/12\/inbank-wordmark.png 300w, https:\/\/tammetorubbq.ee\/wp-content\/uploads\/2023\/12\/inbank-wordmark-18x8.png 18w, https:\/\/tammetorubbq.ee\/wp-content\/uploads\/2023\/12\/inbank-wordmark-64x29.png 64w\" sizes=\"auto, (max-width: 167px) 100vw, 167px\" \/><\/p>\n<p>M\u0113s pied\u0101v\u0101jam ar\u012b iesp\u0113ju maks\u0101t v\u0113l\u0101k - vien\u0101, div\u0101s vai trij\u0101s vien\u0101d\u0101s da\u013c\u0101s bez procentiem vai papildu maksas.<\/p>\n<p>M\u016bsu iepirkumu groz\u0101 varat atrast da\u017e\u0101das maks\u0101jumu iesp\u0113jas.<\/p>","protected":false},"featured_media":4953,"comment_status":"closed","ping_status":"closed","template":"","meta":{"_uf_show_specific_survey":0,"_uf_disable_surveys":false},"pwb-brand":[275],"product_brand":[],"product_cat":[268],"product_tag":[222,296,276,305],"class_list":{"0":"post-4943","1":"product","2":"type-product","3":"status-publish","4":"has-post-thumbnail","6":"pwb-brand-smeg","7":"product_cat-koogikombainid","8":"product_tag-koogikombain","9":"product_tag-must","10":"product_tag-smeg","11":"product_tag-smeg-smf05","13":"first","14":"instock","15":"taxable","16":"shipping-taxable","17":"purchasable","18":"product-type-simple"},"brands":[{"id":275,"name":"Smeg","slug":"smeg"}],"_links":{"self":[{"href":"https:\/\/tammetorubbq.ee\/lv\/wp-json\/wp\/v2\/product\/4943","targetHints":{"allow":["GET"]}}],"collection":[{"href":"https:\/\/tammetorubbq.ee\/lv\/wp-json\/wp\/v2\/product"}],"about":[{"href":"https:\/\/tammetorubbq.ee\/lv\/wp-json\/wp\/v2\/types\/product"}],"replies":[{"embeddable":true,"href":"https:\/\/tammetorubbq.ee\/lv\/wp-json\/wp\/v2\/comments?post=4943"}],"wp:featuredmedia":[{"embeddable":true,"href":"https:\/\/tammetorubbq.ee\/lv\/wp-json\/wp\/v2\/media\/4953"}],"wp:attachment":[{"href":"https:\/\/tammetorubbq.ee\/lv\/wp-json\/wp\/v2\/media?parent=4943"}],"wp:term":[{"taxonomy":"pwb-brand","embeddable":true,"href":"https:\/\/tammetorubbq.ee\/lv\/wp-json\/wp\/v2\/pwb-brand?post=4943"},{"taxonomy":"product_brand","embeddable":true,"href":"https:\/\/tammetorubbq.ee\/lv\/wp-json\/wp\/v2\/product_brand?post=4943"},{"taxonomy":"product_cat","embeddable":true,"href":"https:\/\/tammetorubbq.ee\/lv\/wp-json\/wp\/v2\/product_cat?post=4943"},{"taxonomy":"product_tag","embeddable":true,"href":"https:\/\/tammetorubbq.ee\/lv\/wp-json\/wp\/v2\/product_tag?post=4943"}],"curies":[{"name":"wp","href":"https:\/\/api.w.org\/{rel}","templated":true}]}}