{"id":516,"date":"2023-12-03T12:55:38","date_gmt":"2023-12-03T10:55:38","guid":{"rendered":"https:\/\/tammetorubbq.ee\/?post_type=product&#038;p=516"},"modified":"2026-04-15T02:00:12","modified_gmt":"2026-04-14T23:00:12","slug":"kamado-joe-tejkanna-22-56-cm","status":"publish","type":"product","link":"https:\/\/tammetorubbq.ee\/lv\/product-2\/kamado-joe-tejkanna-22-56-cm\/","title":{"rendered":"Kamado Joe Kettle Joe"},"content":{"rendered":"<p><strong>Tehnisk\u0101 inform\u0101cija<\/strong><\/p>\n<p>SVARS 49 kg<\/p>\n<p>Iepakojuma izm\u0113ri 74 \u00d7 120 \u00d7 110 cm<\/p>\n<p>&nbsp;<\/p>\n<p><strong>Garantii<\/strong> &#8211; Kamado Joe keraamilistele osadele kehtib piiratud eluaegne garantii (garantiitingimused: <strong><a href=\"https:\/\/tammetorubbq.ee\/wp-content\/uploads\/2026\/02\/Kamado_Joe_garantii.pdf\">skat\u012bt \u0161eit<\/a><\/strong>); ieskaitot keramikas fl\u012bzes, siltuma atstarot\u0101jus un bl\u012bv\u0113juma fl\u012bzes 3 gadi; met\u0101ls un \u010duguns 5 gadi; termometrs un bl\u012bves 1 gads.<\/p>","protected":false},"excerpt":{"rendered":"<h4>Kaasa kingitus + TASUTA tarne.<\/h4>\n<p><strong>Kamado Joe Kettle Joe\u2122 22 collu malkas grils ar unik\u0101lu keramikas kokog\u013cu pannu, Sl\u014dRoller\u2122 un pusm\u0113ness formas grila stat\u012bviem.<\/strong><\/p>\n<p>Efekt\u012bva keramikas kurtuve nodro\u0161ina ilg\u0101ku gatavo\u0161anas laiku, izmantojot maz\u0101k degvielas.<\/p>\n<p>2 l\u012bme\u0146u sist\u0113ma Divide &amp; Conquer\u00ae (pusm\u0113ness grili) \u013cauj gatavot \u0113dienu da\u017e\u0101d\u0101s temperat\u016br\u0101s - gan zem\u0101, gan tie\u0161\u0101 karstum\u0101.<\/p>\n<p>Revolucion\u0101raj\u0101 Sl\u014dRoller\u2122 hiperboliskaj\u0101 d\u016bmu kameras ieliktn\u012b tiek izmantota ciklonisk\u0101 gaisa pl\u016bsmas tehnolo\u0123ija, lai kontrol\u0113tu karstumu un d\u016bmus.<\/p>\n<p>Grilam ir regul\u0113jams v\u0101ks, kura augstumu var regul\u0113t un vajadz\u012bbas gad\u012bjum\u0101 ar\u012b no\u0146emt. Kad grila v\u0101ks ir pacelt\u0101 st\u0101vokl\u012b, grila rest\u0113 var ievietot Sl\u014dRoller\u2122 hiperbolisko d\u016bmu kameru, lai ga\u013cu gatavotu zem\u0101 temperat\u016br\u0101 no 70 \u00b0C l\u012bdz 200 \u00b0C. Bez Sl\u014dRoller\u2122 ielikt\u0146a \u0113dienu var gatavot tie\u0161i virs grila liel\u0101 karstum\u0101.<\/p>\n<p>Pl\u012bts ir ar\u012b \u0113rts pelnu nodal\u012bjums un gl\u012bts r\u0101mis ar aizsl\u0113dzamiem rite\u0146iem.<\/p>\n<p>Grila stat\u012bvs \u00d8 56 cm (22\")<\/p>\n<p>Kindlasti soovitame ka juurde osta\u00a0<a href=\"https:\/\/tammetorubbq.ee\/lv\/product-2\/kamado-joe-kettle-joe-iimastikukindel-grillikate\/\"><strong>ilmastikukindla grillikatte<\/strong><\/a>\u00a0mis pakub usaldusv\u00e4\u00e4rset kaitset vihma, lume, p\u00e4ikese ja mustuse eest, pikendades grilli eluiga ning hoides selle puhtana j\u00e4rgmiseks kasutuskorraks.<\/p>\n<p><span style=\"color: #000000;\"><strong>Oleme tootja Kamado Joe ametlik esindaja, edasim\u00fc\u00fcja Eestis!<\/strong><\/span><\/p>\n<p><img loading=\"lazy\" decoding=\"async\" class=\"wp-image-1531\" src=\"http:\/\/tammetorubbq.ee\/wp-content\/uploads\/2024\/03\/kamado-joe-logo-300x40.webp\" alt=\"Kamado Joe logotips\" width=\"173\" height=\"23\" srcset=\"https:\/\/tammetorubbq.ee\/wp-content\/uploads\/2024\/03\/kamado-joe-logo-300x40.webp 300w, https:\/\/tammetorubbq.ee\/wp-content\/uploads\/2024\/03\/kamado-joe-logo-768x104.webp 768w, https:\/\/tammetorubbq.ee\/wp-content\/uploads\/2024\/03\/kamado-joe-logo-18x2.webp 18w, https:\/\/tammetorubbq.ee\/wp-content\/uploads\/2024\/03\/kamado-joe-logo-600x81.webp 600w, https:\/\/tammetorubbq.ee\/wp-content\/uploads\/2024\/03\/kamado-joe-logo-64x9.webp 64w, https:\/\/tammetorubbq.ee\/wp-content\/uploads\/2024\/03\/kamado-joe-logo.webp 1024w\" sizes=\"auto, (max-width: 173px) 100vw, 173px\" \/><\/p>\n<p>&nbsp;<\/p>\n<p><a href=\"https:\/\/tammetorubbq.ee\/lv\/maksajiet-velak\/\"><strong>P\u0112RCIET TAGAD, MAKS\u0100JIET V\u0112L\u0100K<\/strong><\/a> - bez procentiem!<\/p>\n<p><img loading=\"lazy\" decoding=\"async\" class=\"alignnone wp-image-2646\" src=\"http:\/\/tammetorubbq.ee\/wp-content\/uploads\/2023\/12\/inbank-wordmark.png\" alt=\"Inbank\" width=\"164\" height=\"74\" srcset=\"https:\/\/tammetorubbq.ee\/wp-content\/uploads\/2023\/12\/inbank-wordmark.png 300w, https:\/\/tammetorubbq.ee\/wp-content\/uploads\/2023\/12\/inbank-wordmark-18x8.png 18w, https:\/\/tammetorubbq.ee\/wp-content\/uploads\/2023\/12\/inbank-wordmark-64x29.png 64w\" sizes=\"auto, (max-width: 164px) 100vw, 164px\" \/><\/p>\n<p>M\u0113s pied\u0101v\u0101jam ar\u012b iesp\u0113ju maks\u0101t v\u0113l\u0101k - vien\u0101, div\u0101s vai trij\u0101s vien\u0101d\u0101s da\u013c\u0101s bez procentiem vai papildu maksas.<\/p>\n<p>M\u016bsu iepirkumu groz\u0101 varat atrast da\u017e\u0101das maks\u0101jumu iesp\u0113jas.<\/p>","protected":false},"featured_media":517,"comment_status":"open","ping_status":"closed","template":"","meta":{"_uf_show_specific_survey":0,"_uf_disable_surveys":false},"pwb-brand":[69],"product_brand":[],"product_cat":[53,55],"product_tag":[126,316,328,127,78],"class_list":{"0":"post-516","1":"product","2":"type-product","3":"status-publish","4":"has-post-thumbnail","6":"pwb-brand-kamado-joe","7":"product_cat-grillid","8":"product_cat-keraamilised-grillid","9":"product_tag-kamado-joe","10":"product_tag-kamado-joe-keraamiline-grill","11":"product_tag-kamado-joe-kettle-joe","12":"product_tag-keraamilised-grillid","13":"product_tag-soegrill","15":"first","16":"instock","17":"taxable","18":"shipping-taxable","19":"purchasable","20":"product-type-simple"},"brands":[{"id":69,"name":"Kamado Joe","slug":"kamado-joe"}],"_links":{"self":[{"href":"https:\/\/tammetorubbq.ee\/lv\/wp-json\/wp\/v2\/product\/516","targetHints":{"allow":["GET"]}}],"collection":[{"href":"https:\/\/tammetorubbq.ee\/lv\/wp-json\/wp\/v2\/product"}],"about":[{"href":"https:\/\/tammetorubbq.ee\/lv\/wp-json\/wp\/v2\/types\/product"}],"replies":[{"embeddable":true,"href":"https:\/\/tammetorubbq.ee\/lv\/wp-json\/wp\/v2\/comments?post=516"}],"wp:featuredmedia":[{"embeddable":true,"href":"https:\/\/tammetorubbq.ee\/lv\/wp-json\/wp\/v2\/media\/517"}],"wp:attachment":[{"href":"https:\/\/tammetorubbq.ee\/lv\/wp-json\/wp\/v2\/media?parent=516"}],"wp:term":[{"taxonomy":"pwb-brand","embeddable":true,"href":"https:\/\/tammetorubbq.ee\/lv\/wp-json\/wp\/v2\/pwb-brand?post=516"},{"taxonomy":"product_brand","embeddable":true,"href":"https:\/\/tammetorubbq.ee\/lv\/wp-json\/wp\/v2\/product_brand?post=516"},{"taxonomy":"product_cat","embeddable":true,"href":"https:\/\/tammetorubbq.ee\/lv\/wp-json\/wp\/v2\/product_cat?post=516"},{"taxonomy":"product_tag","embeddable":true,"href":"https:\/\/tammetorubbq.ee\/lv\/wp-json\/wp\/v2\/product_tag?post=516"}],"curies":[{"name":"wp","href":"https:\/\/api.w.org\/{rel}","templated":true}]}}