{"id":530,"date":"2023-12-03T15:13:23","date_gmt":"2023-12-03T13:13:23","guid":{"rendered":"https:\/\/tammetorubbq.ee\/?post_type=product&#038;p=530"},"modified":"2026-04-20T02:00:18","modified_gmt":"2026-04-19T23:00:18","slug":"granulu-grils-traeger-ironwood-int","status":"publish","type":"product","link":"https:\/\/tammetorubbq.ee\/lv\/product-2\/granulu-grils-traeger-ironwood-int\/","title":{"rendered":"Granulu grils Traeger Ironwood Int"},"content":{"rendered":"<p>Daudzpus\u012bgas P.A.L. Pop-And-Lock\u00ae piel\u0101go\u0161anas iesp\u0113jas, kas pal\u012bdz izveidot perfektu grilu j\u016bsu gatavo\u0161anas stilam.<\/p>\n<p>Smart Combustion\u2122 sadeg\u0161anas optimiz\u0101cijas tehnolo\u0123ija.<\/p>\n<p>Piln\u012bb\u0101 izol\u0113ta dubultsienu konstrukcija.<\/p>\n<p>EZ-Clean\u2122 jaun\u0101 pelnu un tauku sav\u0101k\u0161anas sist\u0113ma.<\/p>\n<p>WiFIRE\u00ae savienojam\u012bba\/aplik\u0101cija, Super Smoke\u00ae asistenta funkcija. Kr\u0101sains sk\u0101rienekr\u0101ns.<\/p>\n<p>Ar ModiFIRE\u00ae sader\u012bgi grilu re\u017e\u0123i, r\u0101mji, pamatnes. Grila gaisma.<\/p>\n<p>Var integr\u0113t m\u0113bel\u0113s.<\/p>\n<p>10 gadu ierobe\u017eota garantija.<\/p>\n<p>&nbsp;<\/p>\n<p><strong>Komplekt\u0101 ietilpst<\/strong><\/p>\n<p>2 ga\u013cas zondes<\/p>\n<p>Vad\u012bbas panelis,<\/p>\n<p>Apak\u0161\u0113jais plaukts<\/p>\n<p>ModiFIRE malas<\/p>\n<p>Grila zonas gaismeklis<\/p>\n<p>Granulu sensors<\/p>\n<p>Ironwood ir uz laba rite\u0146u r\u0101mja, un to ir \u013coti viegli p\u0101rvietot.<\/p>\n<p>P\u0101rskat\u0101ms un viegli salas\u0101ms vad\u012bbas panelis ar WIFIRE gatav\u012bbu - kontrol\u0113jiet savu grilu no mobil\u0101 t\u0101lru\u0146a neatkar\u012bgi no atra\u0161an\u0101s vietas.<\/p>\n<p>&nbsp;<\/p>\n<p><strong>Tehnisk\u0101 inform\u0101cija <\/strong><\/p>\n<p>Gatavo\u0161anas zona: 3900 cm\u00b2<\/p>\n<p>Grila izm\u0113ri: 150 x 120 x 100 cm<\/p>\n<p>Svars 90 kg<\/p>","protected":false},"excerpt":{"rendered":"<p>Paaugstiniet \u0113diena gatavo\u0161anas l\u012bmeni ar jaunajiem Ironwood griliem, kas apr\u012bkoti ar modern\u0101m funkcij\u0101m, lai vienm\u0113r nodro\u0161in\u0101tu lieliskus rezult\u0101tus.<\/p>\n<p>&nbsp;<\/p>\n<p><img loading=\"lazy\" decoding=\"async\" class=\"size-medium wp-image-1509\" src=\"https:\/\/tammetorubbq.ee\/wp-content\/uploads\/2024\/03\/traeger-grills-logo-vector-300x167.png\" alt=\"Traeger logotips\" width=\"300\" height=\"167\" srcset=\"https:\/\/tammetorubbq.ee\/wp-content\/uploads\/2024\/03\/traeger-grills-logo-vector-300x167.png 300w, https:\/\/tammetorubbq.ee\/wp-content\/uploads\/2024\/03\/traeger-grills-logo-vector-768x427.png 768w, https:\/\/tammetorubbq.ee\/wp-content\/uploads\/2024\/03\/traeger-grills-logo-vector-18x10.png 18w, https:\/\/tammetorubbq.ee\/wp-content\/uploads\/2024\/03\/traeger-grills-logo-vector-600x333.png 600w, https:\/\/tammetorubbq.ee\/wp-content\/uploads\/2024\/03\/traeger-grills-logo-vector-64x36.png 64w, https:\/\/tammetorubbq.ee\/wp-content\/uploads\/2024\/03\/traeger-grills-logo-vector.png 900w\" sizes=\"auto, (max-width: 300px) 100vw, 300px\" \/><\/p>\n<p><a href=\"https:\/\/tammetorubbq.ee\/lv\/maksajiet-velak\/\"><strong>P\u0112RCIET TAGAD, MAKS\u0100JIET V\u0112L\u0100K<\/strong><\/a>\u00a0- bez procentiem!<\/p>\n<p><img loading=\"lazy\" decoding=\"async\" class=\"alignnone wp-image-2646\" src=\"http:\/\/tammetorubbq.ee\/wp-content\/uploads\/2023\/12\/inbank-wordmark.png\" alt=\"Inbank\" width=\"167\" height=\"75\" srcset=\"https:\/\/tammetorubbq.ee\/wp-content\/uploads\/2023\/12\/inbank-wordmark.png 300w, https:\/\/tammetorubbq.ee\/wp-content\/uploads\/2023\/12\/inbank-wordmark-18x8.png 18w, https:\/\/tammetorubbq.ee\/wp-content\/uploads\/2023\/12\/inbank-wordmark-64x29.png 64w\" sizes=\"auto, (max-width: 167px) 100vw, 167px\" \/><\/p>\n<p>M\u0113s pied\u0101v\u0101jam ar\u012b iesp\u0113ju maks\u0101t v\u0113l\u0101k - vien\u0101, div\u0101s vai trij\u0101s vien\u0101d\u0101s da\u013c\u0101s bez procentiem vai papildu maksas.<\/p>\n<p>M\u016bsu iepirkumu groz\u0101 varat atrast da\u017e\u0101das maks\u0101jumu iesp\u0113jas.<\/p>","protected":false},"featured_media":531,"comment_status":"open","ping_status":"closed","template":"","meta":{"_uf_show_specific_survey":0,"_uf_disable_surveys":false},"pwb-brand":[62],"product_brand":[],"product_cat":[53,20,56],"product_tag":[135,141],"class_list":{"0":"post-530","1":"product","2":"type-product","3":"status-publish","4":"has-post-thumbnail","6":"pwb-brand-traeger","7":"product_cat-grillid","8":"product_cat-kampaania","9":"product_cat-pelletgrillid","10":"product_tag-pelletgrillid","11":"product_tag-traeger","13":"first","14":"instock","15":"sale","16":"taxable","17":"shipping-taxable","18":"purchasable","19":"product-type-simple"},"brands":[{"id":62,"name":"Traeger","slug":"traeger"}],"_links":{"self":[{"href":"https:\/\/tammetorubbq.ee\/lv\/wp-json\/wp\/v2\/product\/530","targetHints":{"allow":["GET"]}}],"collection":[{"href":"https:\/\/tammetorubbq.ee\/lv\/wp-json\/wp\/v2\/product"}],"about":[{"href":"https:\/\/tammetorubbq.ee\/lv\/wp-json\/wp\/v2\/types\/product"}],"replies":[{"embeddable":true,"href":"https:\/\/tammetorubbq.ee\/lv\/wp-json\/wp\/v2\/comments?post=530"}],"wp:featuredmedia":[{"embeddable":true,"href":"https:\/\/tammetorubbq.ee\/lv\/wp-json\/wp\/v2\/media\/531"}],"wp:attachment":[{"href":"https:\/\/tammetorubbq.ee\/lv\/wp-json\/wp\/v2\/media?parent=530"}],"wp:term":[{"taxonomy":"pwb-brand","embeddable":true,"href":"https:\/\/tammetorubbq.ee\/lv\/wp-json\/wp\/v2\/pwb-brand?post=530"},{"taxonomy":"product_brand","embeddable":true,"href":"https:\/\/tammetorubbq.ee\/lv\/wp-json\/wp\/v2\/product_brand?post=530"},{"taxonomy":"product_cat","embeddable":true,"href":"https:\/\/tammetorubbq.ee\/lv\/wp-json\/wp\/v2\/product_cat?post=530"},{"taxonomy":"product_tag","embeddable":true,"href":"https:\/\/tammetorubbq.ee\/lv\/wp-json\/wp\/v2\/product_tag?post=530"}],"curies":[{"name":"wp","href":"https:\/\/api.w.org\/{rel}","templated":true}]}}