{"id":5339,"date":"2026-02-01T13:15:32","date_gmt":"2026-02-01T11:15:32","guid":{"rendered":"https:\/\/tammetorubbq.ee\/?post_type=product&#038;p=5339"},"modified":"2026-04-06T02:01:02","modified_gmt":"2026-04-05T23:01:02","slug":"smeg-veekeedukann-50ndate-stiil-kreem-3","status":"publish","type":"product","link":"https:\/\/tammetorubbq.ee\/lv\/product-2\/smeg-veekeedukann-50ndate-stiil-kreem-3\/","title":{"rendered":"Smeg veekeedukann 50`ndate stiil (kreem)"},"content":{"rendered":"<h3 class=\"text-xl font-semibold\">Tehniskie dati<\/h3>\n<div class=\"divider m-1\"><\/div>\n<table class=\"table text-base\">\n<tbody>\n<tr>\n<th class=\"align-top w-1\/2 pl-0 py-1\">Z\u012bmols<\/th>\n<td class=\"align-top w-1\/2 py-1\">Smeg<\/td>\n<\/tr>\n<tr>\n<th class=\"align-top w-1\/2 pl-0 py-1\">Veekeedukannu t\u00fc\u00fcp<\/th>\n<td class=\"align-top w-1\/2 py-1\">Elektriline veekeetja<\/td>\n<\/tr>\n<tr>\n<th class=\"align-top w-1\/2 pl-0 py-1\">Disain<\/th>\n<td class=\"align-top w-1\/2 py-1\">50\u00b4ndate stiil<\/td>\n<\/tr>\n<tr>\n<th class=\"align-top w-1\/2 pl-0 py-1\">Nimiv\u00f5imsus W<\/th>\n<td class=\"align-top w-1\/2 py-1\">2400<\/td>\n<\/tr>\n<tr>\n<th class=\"align-top w-1\/2 pl-0 py-1\">V\u00e4rvus<\/th>\n<td class=\"align-top w-1\/2 py-1\">Kreem<\/td>\n<\/tr>\n<tr>\n<th class=\"align-top w-1\/2 pl-0 py-1\">Maht l<\/th>\n<td class=\"align-top w-1\/2 py-1\">1,7<\/td>\n<\/tr>\n<tr>\n<th class=\"align-top w-1\/2 pl-0 py-1\">Temperatuuri reguleerimine<\/th>\n<td class=\"align-top w-1\/2 py-1\">Jah<\/td>\n<\/tr>\n<tr>\n<th class=\"align-top w-1\/2 pl-0 py-1\">Materi\u0101ls no<\/th>\n<td class=\"align-top w-1\/2 py-1\">rv-teras<\/td>\n<\/tr>\n<tr>\n<th class=\"align-top w-1\/2 pl-0 py-1\">Pakendi k\u00f5rgus<\/th>\n<td class=\"align-top w-1\/2 py-1\">26<\/td>\n<\/tr>\n<tr>\n<th class=\"align-top w-1\/2 pl-0 py-1\">Pakendi laius<\/th>\n<td class=\"align-top w-1\/2 py-1\">29,4<\/td>\n<\/tr>\n<tr>\n<th class=\"align-top w-1\/2 pl-0 py-1\">Pakendi s\u00fcgavus<\/th>\n<td class=\"align-top w-1\/2 py-1\">22,8<\/td>\n<\/tr>\n<\/tbody>\n<\/table>\n<h3 data-start=\"107\" data-end=\"150\">Smeg \u2013 stiil ja kvaliteet teie k\u00f6\u00f6gis<\/h3>\n<p data-start=\"152\" data-end=\"502\">Avastage Smeg v\u00e4ikeelektroonika, mis \u00fchendab\u00a0<strong>Itaalia disain<\/strong>i, funktsionaalsuse ja kvaliteedi. Alates retrostiilis r\u00f6steritest ja kohvimasinatest kuni modernsete blenderite ja veekeetjateni \u2013 Smeg tooted toovad teie k\u00f6\u00f6ki erilise elegantsi. Iga seade on loodud vastupidavaks ja mugavaks kasutamiseks, pakkudes samal ajal stiilset visuaalset elamust.<\/p>\n<p data-start=\"504\" data-end=\"611\">Valige Smeg ja muutke igap\u00e4evane toiduvalmistamine nauditavaks \u2013 sest hea disain ei ole kunagi \u00fcleliigne.<\/p>","protected":false},"excerpt":{"rendered":"<h4>Smeg stiilne ja funktsionaalne elektriline veekeedukann mahutavusega 1,7\u202fl.<\/h4>\n<p data-start=\"268\" data-end=\"583\">Smeg 50\u2019s Style elektriline veekeedukann on stiilne ja funktsionaalne lisand igasse k\u00f6\u00f6ki, mis \u00fchendab retrodisaini ja kaasaegsed funktsioonid. T\u00e4nu 360\u00b0 p\u00f6\u00f6ratavale alusele, \u201eSoft Opening\u201c pehme kaane avamisele ning t\u00e4psele temperatuuri reguleerimisele on igasuguste kuumade jookide valmistamine mugav ja lihtne.<\/p>\n<ul data-start=\"610\" data-end=\"1691\">\n<li data-start=\"610\" data-end=\"715\">\n<p data-start=\"612\" data-end=\"715\"><strong data-start=\"612\" data-end=\"626\">Jauda:<\/strong>\u00a01,7 L \u2013 kuni 7 tassi kuuma joogi valmistamiseks.<\/p>\n<\/li>\n<li data-start=\"716\" data-end=\"857\">\n<p data-start=\"718\" data-end=\"857\"><strong data-start=\"718\" data-end=\"750\">Roostevabast terasest korpus<\/strong>\u00a0ja elegantne 3D logo tagavad vastupidavuse ja luksusliku v\u00e4limuse.<\/p>\n<\/li>\n<li data-start=\"858\" data-end=\"963\">\n<p data-start=\"860\" data-end=\"963\"><strong data-start=\"860\" data-end=\"882\">360\u00b0 p\u00f6\u00f6ratav alus<\/strong>\u00a0\u2013 kannu saab asetada mistahes asendisse.<\/p>\n<\/li>\n<li data-start=\"964\" data-end=\"1133\">\n<p data-start=\"966\" data-end=\"1133\"><strong data-start=\"966\" data-end=\"1011\">Elektrooniline temperatuuri reguleerimine<\/strong>\u00a0\u2013 7 valitavat astet vahemikus 50 \u00b0C kuni 100 \u00b0C ning\u00a0<strong data-start=\"1065\" data-end=\"1092\">LED temperatuuri n\u00e4idik<\/strong>.<\/p>\n<\/li>\n<li data-start=\"1134\" data-end=\"1284\">\n<p data-start=\"1136\" data-end=\"1284\"><strong data-start=\"1136\" data-end=\"1163\">Autom\u0101tiska izsl\u0113g\u0161an\u0101s<\/strong>\u00a0seatud temperatuuri saavutamisel ning\u00a0<strong data-start=\"1202\" data-end=\"1227\">soojashoiu funktsioon<\/strong>\u00a0kuni 20 minutit.<\/p>\n<\/li>\n<li data-start=\"1285\" data-end=\"1389\">\n<p data-start=\"1287\" data-end=\"1389\"><strong data-start=\"1287\" data-end=\"1317\">V\u00e4ljal\u00fclitatav helisignaal<\/strong>\u00a0kasutusmugavuse suurendamiseks.<\/p>\n<\/li>\n<li data-start=\"1390\" data-end=\"1516\">\n<p data-start=\"1392\" data-end=\"1516\"><strong data-start=\"1392\" data-end=\"1435\">Eemaldatav roostevabast terasest filter<\/strong>\u00a0\u2013 lihtne puhastada ja hoiab vee puhtana.<\/p>\n<\/li>\n<li data-start=\"1517\" data-end=\"1608\">\n<p data-start=\"1519\" data-end=\"1608\"><strong data-start=\"1519\" data-end=\"1545\">Pretsl\u012bd\u0113\u0161anas k\u0101jas<\/strong>\u00a0tagavad stabiilse toe.<\/p>\n<\/li>\n<li data-start=\"1609\" data-end=\"1691\">\n<p data-start=\"1611\" data-end=\"1691\"><strong data-start=\"1611\" data-end=\"1623\">Jauda:<\/strong>\u00a02400 W \u2013 kiire veekeetmine.<\/p>\n<\/li>\n<\/ul>\n<p data-start=\"1693\" data-end=\"1910\">See Smeg veekeedukann pakub ideaalset tasakaalu retrostiilis disaini ja kaasaegse kasutusmugavuse vahel, sobides nii igap\u00e4evaseks kasutamiseks kui ka k\u00fclaliste v\u00f5\u00f5rustamiseks.<\/p>\n<p>&nbsp;<\/p>\n<p><img loading=\"lazy\" decoding=\"async\" class=\"wp-image-4840\" src=\"http:\/\/tammetorubbq.ee\/wp-content\/uploads\/2026\/01\/Smeg_logo.svg-300x60.png\" alt=\"Smeg\" width=\"230\" height=\"46\" srcset=\"https:\/\/tammetorubbq.ee\/wp-content\/uploads\/2026\/01\/Smeg_logo.svg-300x60.png 300w, https:\/\/tammetorubbq.ee\/wp-content\/uploads\/2026\/01\/Smeg_logo.svg-1024x204.png 1024w, https:\/\/tammetorubbq.ee\/wp-content\/uploads\/2026\/01\/Smeg_logo.svg-768x153.png 768w, https:\/\/tammetorubbq.ee\/wp-content\/uploads\/2026\/01\/Smeg_logo.svg-1536x305.png 1536w, https:\/\/tammetorubbq.ee\/wp-content\/uploads\/2026\/01\/Smeg_logo.svg-2048x407.png 2048w, https:\/\/tammetorubbq.ee\/wp-content\/uploads\/2026\/01\/Smeg_logo.svg-18x4.png 18w, https:\/\/tammetorubbq.ee\/wp-content\/uploads\/2026\/01\/Smeg_logo.svg-600x119.png 600w, https:\/\/tammetorubbq.ee\/wp-content\/uploads\/2026\/01\/Smeg_logo.svg-64x13.png 64w\" sizes=\"auto, (max-width: 230px) 100vw, 230px\" \/><\/p>\n<p>&nbsp;<\/p>\n<p><a href=\"https:\/\/tammetorubbq.ee\/lv\/maksajiet-velak\/\"><strong>P\u0112RCIET TAGAD, MAKS\u0100JIET V\u0112L\u0100K<\/strong><\/a>\u00a0- bez procentiem!<\/p>\n<p><img loading=\"lazy\" decoding=\"async\" class=\"alignnone wp-image-2646\" src=\"http:\/\/tammetorubbq.ee\/wp-content\/uploads\/2023\/12\/inbank-wordmark.png\" alt=\"\" width=\"167\" height=\"75\" srcset=\"https:\/\/tammetorubbq.ee\/wp-content\/uploads\/2023\/12\/inbank-wordmark.png 300w, https:\/\/tammetorubbq.ee\/wp-content\/uploads\/2023\/12\/inbank-wordmark-18x8.png 18w, https:\/\/tammetorubbq.ee\/wp-content\/uploads\/2023\/12\/inbank-wordmark-64x29.png 64w\" sizes=\"auto, (max-width: 167px) 100vw, 167px\" \/><\/p>\n<p>M\u0113s pied\u0101v\u0101jam ar\u012b iesp\u0113ju maks\u0101t v\u0113l\u0101k - vien\u0101, div\u0101s vai trij\u0101s vien\u0101d\u0101s da\u013c\u0101s bez procentiem vai papildu maksas.<\/p>\n<p>M\u016bsu iepirkumu groz\u0101 varat atrast da\u017e\u0101das maks\u0101jumu iesp\u0113jas.<\/p>","protected":false},"featured_media":5345,"comment_status":"closed","ping_status":"closed","template":"","meta":{"_uf_show_specific_survey":0,"_uf_disable_surveys":false},"pwb-brand":[275],"product_brand":[],"product_cat":[269],"product_tag":[297,276,295,286],"class_list":{"0":"post-5339","1":"product","2":"type-product","3":"status-publish","4":"has-post-thumbnail","6":"pwb-brand-smeg","7":"product_cat-veekeedukannud","8":"product_tag-kreem","9":"product_tag-smeg","10":"product_tag-smeg-klf04","11":"product_tag-veekeedukann","13":"first","14":"instock","15":"taxable","16":"shipping-taxable","17":"purchasable","18":"product-type-simple"},"brands":[{"id":275,"name":"Smeg","slug":"smeg"}],"_links":{"self":[{"href":"https:\/\/tammetorubbq.ee\/lv\/wp-json\/wp\/v2\/product\/5339","targetHints":{"allow":["GET"]}}],"collection":[{"href":"https:\/\/tammetorubbq.ee\/lv\/wp-json\/wp\/v2\/product"}],"about":[{"href":"https:\/\/tammetorubbq.ee\/lv\/wp-json\/wp\/v2\/types\/product"}],"replies":[{"embeddable":true,"href":"https:\/\/tammetorubbq.ee\/lv\/wp-json\/wp\/v2\/comments?post=5339"}],"wp:featuredmedia":[{"embeddable":true,"href":"https:\/\/tammetorubbq.ee\/lv\/wp-json\/wp\/v2\/media\/5345"}],"wp:attachment":[{"href":"https:\/\/tammetorubbq.ee\/lv\/wp-json\/wp\/v2\/media?parent=5339"}],"wp:term":[{"taxonomy":"pwb-brand","embeddable":true,"href":"https:\/\/tammetorubbq.ee\/lv\/wp-json\/wp\/v2\/pwb-brand?post=5339"},{"taxonomy":"product_brand","embeddable":true,"href":"https:\/\/tammetorubbq.ee\/lv\/wp-json\/wp\/v2\/product_brand?post=5339"},{"taxonomy":"product_cat","embeddable":true,"href":"https:\/\/tammetorubbq.ee\/lv\/wp-json\/wp\/v2\/product_cat?post=5339"},{"taxonomy":"product_tag","embeddable":true,"href":"https:\/\/tammetorubbq.ee\/lv\/wp-json\/wp\/v2\/product_tag?post=5339"}],"curies":[{"name":"wp","href":"https:\/\/api.w.org\/{rel}","templated":true}]}}