{"id":534,"date":"2023-12-03T15:15:49","date_gmt":"2023-12-03T13:15:49","guid":{"rendered":"https:\/\/tammetorubbq.ee\/?post_type=product&#038;p=534"},"modified":"2026-04-16T23:00:26","modified_gmt":"2026-04-16T20:00:26","slug":"granulu-grils-traeger-pro-22","status":"publish","type":"product","link":"https:\/\/tammetorubbq.ee\/lv\/product-2\/granulu-grils-traeger-pro-22\/","title":{"rendered":"Granulu grils Traeger Pro 22"},"content":{"rendered":"<p>Vienk\u0101r\u0161s vad\u012bbas panelis, iztur\u012bgs korpuss un vienk\u0101r\u0161a apkope padara \u0161o ier\u012bci par \u012bstu m\u0101jas ier\u012bci ilgiem gadiem. Mucas formas gatavo\u0161anas kamera ir izgatavota no pulverkr\u0101sota augstas kvalit\u0101tes t\u0113rauda, kas savas formas d\u0113\u013c nodro\u0161ina perfektu karstuma un d\u016bmu sadal\u012bjumu vis\u0101 grila telp\u0101. Pateicoties tam, divu l\u012bme\u0146u emalj\u0113t\u0101 t\u0113rauda re\u017e\u0123i gatavo vienm\u0113r\u012bgi abos l\u012bme\u0146os.<\/p>\n<p>Vad\u012bbas panel\u012b var iestat\u012bt temperat\u016bru un izv\u0113l\u0113ties dz\u0113\u0161anas re\u017e\u012bmu, lai p\u0101rtrauktu gril\u0113\u0161anu. Grila komplekt\u0101 ir divas zondes ga\u013cas iek\u0161\u0113j\u0101s temperat\u016bras kontrolei. Nospie\u017eot pogu \"Zonde\" vienu reizi, tiek par\u0101d\u012bta pirm\u0101 zondes temperat\u016bra, bet, nospie\u017eot to divas reizes, tiek par\u0101d\u012bta otr\u0101 zondes temperat\u016bra.<\/p>\n<p>Prec\u012bzi noregul\u0113ts grila temperat\u016bras l\u012bdzsvars un digit\u0101l\u0101 vad\u012bbas sist\u0113ma nodro\u0161ina gar\u0161\u012bgu galarezult\u0101tu. Granulu iztuk\u0161o\u0161anas caurums \u013cauj \u0101tri iz\u0146emt sadegu\u0161\u0101s granulas.<\/p>\n<p>Traeger 22 collu kulta grils vis\u0101 sav\u0101 kr\u0101\u0161\u0146um\u0101. \u012asta retro ma\u0161\u012bna. P\u0101rdo\u0161anas gadu gait\u0101 ir pier\u0101d\u012bjies, ka tas ir \u0101rk\u0101rt\u012bgi iztur\u012bgs modelis. T\u0101 vienk\u0101r\u0161ais vad\u012bbas panelis, iztur\u012bgais korpuss un viegl\u0101 apkope padara to par \u012bstu m\u0101jas ier\u012bci uz daudziem gadiem. Mucas formas gatavo\u0161anas kamera ir izgatavota no pulverkr\u0101sota kvalitat\u012bva t\u0113rauda, kas savas formas d\u0113\u013c nodro\u0161ina perfektu karstuma un d\u016bmu sadal\u012bjumu vis\u0101 grila korpus\u0101. Pateicoties tam, divu l\u012bme\u0146u emalj\u0113t\u0101 t\u0113rauda re\u017e\u0123i gatavo vienm\u0113r\u012bgi abos l\u012bme\u0146os. Temperat\u016bru var iestat\u012bt no vad\u012bbas pane\u013ca, un, lai p\u0101rtrauktu gril\u0113\u0161anu, var izv\u0113l\u0113ties dz\u0113\u0161anas re\u017e\u012bmu. Grila komplekt\u0101cij\u0101 ir divas zondes ga\u013cas iek\u0161\u0113j\u0101s temperat\u016bras kontrolei. Nospie\u017eot pogu \"Zonde\" vienu reizi, tiek par\u0101d\u012bta pirm\u0101s zondes temperat\u016bra, bet, nospie\u017eot to divas reizes, tiek par\u0101d\u012bta otr\u0101s zondes temperat\u016bra. Prec\u012bzi noregul\u0113tais grila temperat\u016bras l\u012bdzsvars un digit\u0101l\u0101 vad\u012bbas sist\u0113ma nodro\u0161ina gar\u0161\u012bgu gala rezult\u0101tu. Granulu iztuk\u0161o\u0161anas caurums \u013cauj \u0101tri iz\u0146emt sadegu\u0161\u0101s granulas.<\/p>\n<ul>\n<li>Granulu bunkura ietilp\u012bba 8 kg<\/li>\n<li>Grila laukuma plat\u012bba 3690 cm\u00b2<\/li>\n<li>Pirmais grila plaukts 56 x 48 cm<\/li>\n<li>Otrais, aug\u0161\u0113jais grila plaukts 56 x 18 cm<\/li>\n<li>Divi ga\u013cas serdes temperat\u016bras zondes<\/li>\n<li>Tauku spainis lieko tauku uzglab\u0101\u0161anai<\/li>\n<li>Gr\u012bdas apmale tauku novad\u012b\u0161anai (p\u0101rkl\u0101jiet ar foliju)<\/li>\n<li>Izm\u0113ri 104 x 69 x 124 cm<\/li>\n<li>Svars 47 kg<\/li>\n<\/ul>\n<p>&nbsp;<\/p>\n<p><strong>Tehnisk\u0101 inform\u0101cija<\/strong><\/p>\n<p>Gatavo\u0161anas zona: 3690 cm\u00b2<\/p>\n<p>Grila virsma: 56 x 45 cm un 56 x 18 cm<\/p>\n<p>Grila izm\u0113ri: 104 x 69 x 124 cm<\/p>\n<p>Stobra diametrs: 55,8 cm<\/p>","protected":false},"excerpt":{"rendered":"<p>Traeger PRO 22 granulu grils ir pasaul\u0113 vislab\u0101k p\u0101rdotais granulu grils, kas ir \u012bsts granulu grila paraugs kvalit\u0101tes un iztur\u012bbas zi\u0146\u0101. \u012asta retro iek\u0101rta.<\/p>\n<p>Vair\u0101ki p\u0101rdo\u0161anas gadi ir pier\u0101d\u012bju\u0161i, ka tas ir \u013coti iztur\u012bgs modelis.<\/p>\n<h6>Saadaval j\u00e4reltellimisel &#8211; enne ostu uuri tarnet.<\/h6>\n<p><img loading=\"lazy\" decoding=\"async\" class=\"size-medium wp-image-1509\" src=\"https:\/\/tammetorubbq.ee\/wp-content\/uploads\/2024\/03\/traeger-grills-logo-vector-300x167.png\" alt=\"Traeger logotips\" width=\"300\" height=\"167\" srcset=\"https:\/\/tammetorubbq.ee\/wp-content\/uploads\/2024\/03\/traeger-grills-logo-vector-300x167.png 300w, https:\/\/tammetorubbq.ee\/wp-content\/uploads\/2024\/03\/traeger-grills-logo-vector-768x427.png 768w, https:\/\/tammetorubbq.ee\/wp-content\/uploads\/2024\/03\/traeger-grills-logo-vector-18x10.png 18w, https:\/\/tammetorubbq.ee\/wp-content\/uploads\/2024\/03\/traeger-grills-logo-vector-600x333.png 600w, https:\/\/tammetorubbq.ee\/wp-content\/uploads\/2024\/03\/traeger-grills-logo-vector-64x36.png 64w, https:\/\/tammetorubbq.ee\/wp-content\/uploads\/2024\/03\/traeger-grills-logo-vector.png 900w\" sizes=\"auto, (max-width: 300px) 100vw, 300px\" \/><\/p>\n<p><a href=\"https:\/\/tammetorubbq.ee\/lv\/maksajiet-velak\/\"><strong>P\u0112RCIET TAGAD, MAKS\u0100JIET V\u0112L\u0100K<\/strong><\/a>\u00a0- bez procentiem!<\/p>\n<p><img loading=\"lazy\" decoding=\"async\" class=\"alignnone wp-image-2646\" src=\"http:\/\/tammetorubbq.ee\/wp-content\/uploads\/2023\/12\/inbank-wordmark.png\" alt=\"Inbank\" width=\"167\" height=\"75\" srcset=\"https:\/\/tammetorubbq.ee\/wp-content\/uploads\/2023\/12\/inbank-wordmark.png 300w, https:\/\/tammetorubbq.ee\/wp-content\/uploads\/2023\/12\/inbank-wordmark-18x8.png 18w, https:\/\/tammetorubbq.ee\/wp-content\/uploads\/2023\/12\/inbank-wordmark-64x29.png 64w\" sizes=\"auto, (max-width: 167px) 100vw, 167px\" \/><\/p>\n<p>M\u0113s pied\u0101v\u0101jam ar\u012b iesp\u0113ju maks\u0101t v\u0113l\u0101k - vien\u0101, div\u0101s vai trij\u0101s vien\u0101d\u0101s da\u013c\u0101s bez procentiem vai papildu maksas.<\/p>\n<p>M\u016bsu iepirkumu groz\u0101 varat atrast da\u017e\u0101das maks\u0101jumu iesp\u0113jas.<\/p>","protected":false},"featured_media":535,"comment_status":"open","ping_status":"closed","template":"","meta":{"_uf_show_specific_survey":0,"_uf_disable_surveys":false},"pwb-brand":[62],"product_brand":[],"product_cat":[53,56],"product_tag":[135,141],"class_list":{"0":"post-534","1":"product","2":"type-product","3":"status-publish","4":"has-post-thumbnail","6":"pwb-brand-traeger","7":"product_cat-grillid","8":"product_cat-pelletgrillid","9":"product_tag-pelletgrillid","10":"product_tag-traeger","12":"first","13":"instock","14":"taxable","15":"shipping-taxable","16":"purchasable","17":"product-type-simple"},"brands":[{"id":62,"name":"Traeger","slug":"traeger"}],"_links":{"self":[{"href":"https:\/\/tammetorubbq.ee\/lv\/wp-json\/wp\/v2\/product\/534","targetHints":{"allow":["GET"]}}],"collection":[{"href":"https:\/\/tammetorubbq.ee\/lv\/wp-json\/wp\/v2\/product"}],"about":[{"href":"https:\/\/tammetorubbq.ee\/lv\/wp-json\/wp\/v2\/types\/product"}],"replies":[{"embeddable":true,"href":"https:\/\/tammetorubbq.ee\/lv\/wp-json\/wp\/v2\/comments?post=534"}],"wp:featuredmedia":[{"embeddable":true,"href":"https:\/\/tammetorubbq.ee\/lv\/wp-json\/wp\/v2\/media\/535"}],"wp:attachment":[{"href":"https:\/\/tammetorubbq.ee\/lv\/wp-json\/wp\/v2\/media?parent=534"}],"wp:term":[{"taxonomy":"pwb-brand","embeddable":true,"href":"https:\/\/tammetorubbq.ee\/lv\/wp-json\/wp\/v2\/pwb-brand?post=534"},{"taxonomy":"product_brand","embeddable":true,"href":"https:\/\/tammetorubbq.ee\/lv\/wp-json\/wp\/v2\/product_brand?post=534"},{"taxonomy":"product_cat","embeddable":true,"href":"https:\/\/tammetorubbq.ee\/lv\/wp-json\/wp\/v2\/product_cat?post=534"},{"taxonomy":"product_tag","embeddable":true,"href":"https:\/\/tammetorubbq.ee\/lv\/wp-json\/wp\/v2\/product_tag?post=534"}],"curies":[{"name":"wp","href":"https:\/\/api.w.org\/{rel}","templated":true}]}}