{"id":538,"date":"2023-12-03T15:19:01","date_gmt":"2023-12-03T13:19:01","guid":{"rendered":"https:\/\/tammetorubbq.ee\/?post_type=product&#038;p=538"},"modified":"2026-04-20T00:00:25","modified_gmt":"2026-04-19T21:00:25","slug":"granulu-grils-traeger-pro-d2-575-wifi","status":"publish","type":"product","link":"https:\/\/tammetorubbq.ee\/lv\/product-2\/granulu-grils-traeger-pro-d2-575-wifi\/","title":{"rendered":"Granulu grils Traeger Pro D2 575 WIFI"},"content":{"rendered":"<p>\u0160im iztur\u012bgajam granulu grilam ir cie\u0161i nosl\u0113gts grila korpuss, kas nodro\u0161ina vislab\u0101ko siltuma un arom\u0101ta p\u0101rnesi uz \u0113dienu. Mucas formas grila korpuss ir izgatavots no augstas kvalit\u0101tes t\u0113rauda ar pulverkr\u0101sas p\u0101rkl\u0101jumu.<\/p>\n<p>Grilam ir divi l\u012bme\u0146i uz porcel\u0101na emalj\u0113ta t\u0113rauda re\u017e\u0123iem, kas ir viegli no\u0146emami.<\/p>\n<p>Traeger PRO ir apr\u012bkots ar WIFIRE\u00ae funkciju. J\u016bs varat viegli kontrol\u0113t grilu un t\u0101 temperat\u016bru no t\u0101lru\u0146a, izmantojot Traeger lietotni. Traeger lietotni var izmantot ar\u012b, lai apskat\u012btu un sekotu l\u012bdzi grila recept\u0113m.<\/p>\n<p>Temperat\u016bras kontrole no 75\u00b0C l\u012bdz 260\u00b0C. Grila un \u0113diena temperat\u016bras sensori ir p\u0113c izv\u0113les.<\/p>\n<p>D2\u00ae tehnolo\u0123ijas transmisija un TurboTemp karstuma regul\u0113\u0161anas funkcija uzkars\u0113 grilu \u0101tr\u0101k.<\/p>\n<p>Granulu kameras ietilp\u012bba 8 kg. Granulu iztuk\u0161o\u0161anas atvere \u013cauj \u0101tri iztuk\u0161ot granulas, lai papildin\u0101tu granulu tvertni ar gatavo\u0161anai piem\u0113rot\u0101kaj\u0101m granul\u0101m.<\/p>\n<p>WOOD CHECKER indikators par\u0101da granulu daudzumu kamer\u0101.<\/p>\n<p>Grila vad\u012bbas sist\u0113ma (izmantojot Traeger lietotni).<\/p>\n<p>KEEP WARM funkcija uztur \u0113dienu pareiz\u0101 temperat\u016br\u0101 l\u012bdz pasnieg\u0161anai.<\/p>\n<p>Traeger granulu grils PRO575, kas tiek vad\u012bts ar mobilo lietotni, \u013cauj gril\u0113t, lai kur j\u016bs atrastos - p\u0101rg\u0101jien\u0101 me\u017e\u0101, s\u0113\u017eot kr\u0113sl\u0101 vai baudot pirti ar draugiem. Viss, kas jums nepiecie\u0161ams, lai izbaud\u012btu \u0161o \u0113rt\u012bbu, ir Traeger grils un ar viedt\u0101lruni sader\u012bga lietotne.<\/p>\n<p><strong>PRO 575 \u013cauj gril\u0113t, s\u0113\u017eot sav\u0101 kr\u0113sl\u0101!<\/strong><br \/>\nAr Traeger Digital Controller ProD2 WiFi kontrolieri un atbilsto\u0161o viedt\u0101lru\u0146a lietotni varat kontrol\u0113t gan d\u016bmu daudzumu, gan karstumu. Izmantojot t\u0101lruni, varat iesl\u0113gt un izsl\u0113gt ier\u012bci, iestat\u012bt gril\u0113\u0161anas laiku utt. Temperat\u016bru var izv\u0113l\u0113ties no 73\u00b0C l\u012bdz 260\u00b0C (regul\u0113\u0161anas solis 5\u00b0C).<br \/>\nGrilam ir ner\u016bs\u0113jo\u0161as, emalj\u0113tas restes. Liel\u0101s pamatnes re\u017e\u0123i un maz\u0101k\u0101s aug\u0161\u0113j\u0101s re\u017e\u0123i. Abi re\u017e\u0123i gril\u0113 vien\u0101di, tikai divi re\u017e\u0123i, lai vienlaic\u012bgi var\u0113tu gril\u0113t vair\u0101k \u0113dienu.<br \/>\nGril\u0113jiet, k\u016bpiniet, cepiet, saut\u0113jiet, saut\u0113jiet, cepiet vai gatavojiet klasisku grila \u0113dienu - visu ar dab\u012bg\u0101m koksnes granul\u0101m. Izv\u0113lieties sev t\u012bkam\u0101ko no septi\u0146\u0101m 100% dab\u012bgaj\u0101m granul\u0101m un piepildiet tvertni. Temperat\u016bru var iestat\u012bt manu\u0101li vai izmantojot attiec\u012bgo Traeger lietotni. Izv\u0113loties no lietotn\u0113 pieejamaj\u0101m recept\u0113m, jums nav nepiecie\u0161amas ne maz\u0101k\u0101s pamatzin\u0101\u0161anas par gril\u0113\u0161anu, lai pagatavotu gard\u0113\u017eu malt\u012bti. Sagatavojiet gril\u0113\u0161anai paredz\u0113to \u0113dienu saska\u0146\u0101 ar nor\u0101d\u012bjumiem un noklik\u0161\u0137iniet uz saites \"COOK NEW \", un Traeger grils par visu par\u016bp\u0113sies autom\u0101tiski.<br \/>\nP\u0113c aptuveni \u010detr\u0101m min\u016bt\u0113m granulas ir gatavas, un var s\u0101kt gatavo\u0161anu. Spir\u0101lveida piedzi\u0146a iestumj granulas kurtuv\u0113 un autom\u0101tiski t\u0101s aizdedzina. \u012apa\u0161s ventilators nodro\u0161ina, ka granulas kv\u0113lojas k\u0101 miniat\u016br\u0101 kalv\u0113. Traeger granulu grilam ir izliekts, ov\u0101ls korpuss, kas nodro\u0161ina perfektu temperat\u016bras un d\u016bmu sadal\u012bjumu pa visu gril\u0113\u0161anas virsmu. Tauku pilieni un citi gril\u0113\u0161anas atkritumi ar starplikas pal\u012bdz\u012bbu tiek novad\u012bti dren\u0101\u017eas kan\u0101l\u0101 un no turienes caur atveri uz tauku uztv\u0113r\u0113ju, kas novietots grila s\u0101nos.<\/p>\n<p>Grila re\u017e\u0123a apak\u0161\u0113jo da\u013cu ir v\u0113rts nosegt ar foliju - tas atvieglos t\u0101 t\u012br\u012b\u0161anu. P\u0113c katras lieto\u0161anas reizes folija nav j\u0101maina. P\u0113c tre\u0161\u0101s lieto\u0161anas reizes vienk\u0101r\u0161i izmetiet foliju atkritumu tvertn\u0113 un nomainiet to ar jaunu. Vienlaikus not\u012briet spir\u0101li ar pelniem vai putek\u013cus\u016bc\u0113ju. \u0160\u0101da vienk\u0101r\u0161a un \u0113rta kop\u0161ana nodro\u0161in\u0101s grila ilgm\u016b\u017e\u012bbu.<\/p>\n<p>Gatavojot \u0113dienu manu\u0101li, varat ar\u012b kontrol\u0113t \u0113diena iek\u0161\u0113jo temperat\u016bru. \u0160im nol\u016bkam kop\u0101 ar grilu tiek pieg\u0101d\u0101ta zonde. Pirms gatavo\u0161anas ievietojiet zondi ga\u013c\u0101, un, tikai ar vienu pogas piesk\u0101rienu, b\u016bs redzama iek\u0161\u0113j\u0101 temperat\u016bra. Lai uzraudz\u012btu pa\u0161a grila iek\u0161\u0113jo temperat\u016bru, grils ir apr\u012bkots ar \u012bpa\u0161u autom\u0101tisko sist\u0113mu, kas p\u0101rbauda temperat\u016bru 50 reizes min\u016bt\u0113.<\/p>\n<p><strong>LIELISKS SILTUMA SADAL\u012aJUMS<\/strong><br \/>\nSpir\u0101le ir p\u0101rkl\u0101ta ar \u012bpa\u0161u pl\u0101ksni, kas vienm\u0113r\u012bgi sadala siltumu vis\u0101 grila korpus\u0101. Apa\u013c\u0101, ov\u0101l\u0101 forma pal\u012bdz karstumam un d\u016bmiem izplat\u012bties visur.<\/p>\n<p><strong>AUTOM\u0100TISKAIS GRANULU BUNKURS<\/strong><br \/>\nPiepildiet piltuvi ar granul\u0101m l\u012bdz mal\u0101m, un spir\u0101lveida piedzi\u0146a piltuves apak\u0161\u0101 nodro\u0161in\u0101s, ka izv\u0113l\u0113tai temperat\u016brai atbilsto\u0161s granulu daudzums non\u0101k sadeg\u0161anas kamer\u0101. Granulu tvertnes ietilp\u012bba ir 8,16 kg, kas ir nedaudz vair\u0101k nek\u0101 puse no standarta maisa.<\/p>\n<p><strong>AUTOM\u0100CIJA<\/strong><br \/>\n\u012apa\u0161s elektriskais aizdedzin\u0101t\u0101js aizdedzina granulas sadeg\u0161anas kamer\u0101. T\u0101 viet\u0101, lai aizdedzin\u0101tu uguni, iedzeriet aukstu alu, jo grils pats veiks garlaic\u012bgo aizdedzin\u0101\u0161anas procesu.<\/p>\n<p><strong>ENERGIJA\u00a0<\/strong><br \/>\nPievienojiet grilu elektrot\u012bklam. Elektr\u012bba ir nepiecie\u0161ama, lai darbin\u0101tu vad\u012bbas bloku un sild\u012bt\u0101ja ventilatoru.<br \/>\nEner\u0123ijas pat\u0113ri\u0146\u0161: 300 vati pirmaj\u0101s \u010detr\u0101s min\u016bt\u0113s un tikai 50 vati p\u0101r\u0113j\u0101 gatavo\u0161anas laik\u0101.<\/p>\n<p><strong>AUTOM\u0100TISKA IZSL\u0112G\u0160AN\u0100S<\/strong><br \/>\nKad gril\u0113\u0161ana ir pabeigta, ventilators darbojas v\u0113l piecas min\u016btes, kuru laik\u0101 no deg\u0161anas tvertnes tiek atbr\u012bvoti pelni, izdz\u0113\u0161ot kv\u0113lojo\u0161\u0101s granulas.<\/p>\n<p><strong>GARANTIJA<\/strong><br \/>\nTraeger granulu b\u0101rbekj\u016b ir tr\u012bs gadu garantija.<\/p>\n<p>&nbsp;<\/p>\n<p><strong>Tehnisk\u0101 inform\u0101cija<\/strong><\/p>\n<p>Gatavo\u0161anas zona: 3690 cm\u00b2<\/p>\n<p>Grila virsma: 56 x 48 cm un 56 x 18 cm<\/p>\n<p>Grila izm\u0113ri: 105 x 69 x 135 cm<\/p>\n<p>Stobra diametrs: 55,8 cm<\/p>\n<p>Svars: 58,06 kg<\/p>","protected":false},"excerpt":{"rendered":"<p><strong data-start=\"0\" data-end=\"39\">Traeger Pro D2 575 WiFi granulu grils - <span style=\"color: #000080;\">PASAUL\u0112 VISLAB\u0100K P\u0100RDOTAIS GRANULU GRILS!<\/span><\/strong><\/p>\n<p>Patiesi gudrs granulu grils, kas apvieno klasisko d\u016bmu gar\u0161u ar m\u016bsdien\u012bg\u0101m tehnolo\u0123ij\u0101m! Traeger Pro 575 ir ide\u0101li piem\u0113rots gan l\u0113nai k\u016bpin\u0101\u0161anai, gan \u0101trai gril\u0113\u0161anai. D2\u00ae vad\u012bbas sist\u0113ma un WiFIRE\u00ae tehnolo\u0123ija \u013cauj \u0113rti vad\u012bt grilu tie\u0161i no viedt\u0101lru\u0146a.<\/p>\n<ul data-start=\"331\" data-end=\"595\">\n<li data-start=\"331\" data-end=\"388\"><strong data-start=\"333\" data-end=\"349\">Grila zona<\/strong>: 3690 cm\u00b2 - ietilp\u012bba l\u012bdz 24 burgeriem<\/li>\n<li data-start=\"389\" data-end=\"427\"><strong data-start=\"391\" data-end=\"414\">Temperat\u016bras diapazons<\/strong>: 73-260 \u00b0C<\/li>\n<li data-start=\"428\" data-end=\"460\"><strong data-start=\"430\" data-end=\"448\">WiFi savienojam\u012bba<\/strong> (WiFIRE\u00ae)<\/li>\n<li data-start=\"461\" data-end=\"500\"><strong data-start=\"463\" data-end=\"477\">TurboTemp\u00ae<\/strong> - \u0101tr\u0101ka sild\u012b\u0161ana<\/li>\n<li data-start=\"501\" data-end=\"530\"><strong data-start=\"503\" data-end=\"520\">Granulu konteiners<\/strong>: 8,1 kg<\/li>\n<li data-start=\"531\" data-end=\"553\"><strong data-start=\"533\" data-end=\"541\">Svars<\/strong>: aptuveni 58 kg<\/li>\n<li data-start=\"554\" data-end=\"595\"><strong data-start=\"556\" data-end=\"570\">Pieg\u0101d\u0101<\/strong>: iek\u0161telpu temperat\u016bras zonde<\/li>\n<\/ul>\n<p data-start=\"597\" data-end=\"712\">Mitmek\u00fclgne: grillib, suitsutab, k\u00fcpsetab, r\u00f6stib ja hautab!<br data-start=\"660\" data-end=\"663\" \/>Juhi oma grilli mobiilist \u2013 lihtne ja t\u00e4pne!<\/p>\n<p data-start=\"714\" data-end=\"774\" data-is-last-node=\"\" data-is-only-node=\"\"><em>Piem\u0113rots pras\u012bgam m\u0101jas pav\u0101ram, kas nov\u0113rt\u0113 gar\u0161u un komfortu.<\/em><\/p>\n<p>Skatiet Traeger Pro D2 575 demonstr\u0101ciju <strong><a href=\"https:\/\/youtu.be\/1Rqhcb3PB6g?si=CrGqRH0LY_53kDLU\">VIDEO<\/a><\/strong>.<\/p>\n<h6>Saadaval j\u00e4reltellimisel \u2013 enne ostu uuri tarnet.<\/h6>\n<p><img loading=\"lazy\" decoding=\"async\" class=\"wp-image-1509\" src=\"http:\/\/tammetorubbq.ee\/wp-content\/uploads\/2024\/03\/traeger-grills-logo-vector-300x167.png\" alt=\"Traeger logotips\" width=\"165\" height=\"92\" srcset=\"https:\/\/tammetorubbq.ee\/wp-content\/uploads\/2024\/03\/traeger-grills-logo-vector-300x167.png 300w, https:\/\/tammetorubbq.ee\/wp-content\/uploads\/2024\/03\/traeger-grills-logo-vector-768x427.png 768w, https:\/\/tammetorubbq.ee\/wp-content\/uploads\/2024\/03\/traeger-grills-logo-vector-18x10.png 18w, https:\/\/tammetorubbq.ee\/wp-content\/uploads\/2024\/03\/traeger-grills-logo-vector-600x333.png 600w, https:\/\/tammetorubbq.ee\/wp-content\/uploads\/2024\/03\/traeger-grills-logo-vector-64x36.png 64w, https:\/\/tammetorubbq.ee\/wp-content\/uploads\/2024\/03\/traeger-grills-logo-vector.png 900w\" sizes=\"auto, (max-width: 165px) 100vw, 165px\" \/><\/p>\n<p>&nbsp;<\/p>\n<p><a href=\"https:\/\/tammetorubbq.ee\/lv\/maksajiet-velak\/\"><strong>P\u0112RCIET TAGAD, MAKS\u0100JIET V\u0112L\u0100K<\/strong><\/a>\u00a0- bez procentiem!<\/p>\n<p><img loading=\"lazy\" decoding=\"async\" class=\"alignnone wp-image-2646\" src=\"http:\/\/tammetorubbq.ee\/wp-content\/uploads\/2023\/12\/inbank-wordmark.png\" alt=\"Inbank\" width=\"169\" height=\"76\" srcset=\"https:\/\/tammetorubbq.ee\/wp-content\/uploads\/2023\/12\/inbank-wordmark.png 300w, https:\/\/tammetorubbq.ee\/wp-content\/uploads\/2023\/12\/inbank-wordmark-18x8.png 18w, https:\/\/tammetorubbq.ee\/wp-content\/uploads\/2023\/12\/inbank-wordmark-64x29.png 64w\" sizes=\"auto, (max-width: 169px) 100vw, 169px\" \/><\/p>\n<p>M\u0113s pied\u0101v\u0101jam ar\u012b iesp\u0113ju maks\u0101t v\u0113l\u0101k - vien\u0101, div\u0101s vai trij\u0101s vien\u0101d\u0101s da\u013c\u0101s bez procentiem vai papildu maksas.<\/p>\n<p>M\u016bsu iepirkumu groz\u0101 varat atrast da\u017e\u0101das maks\u0101jumu iesp\u0113jas.<\/p>","protected":false},"featured_media":539,"comment_status":"open","ping_status":"closed","template":"","meta":{"_uf_show_specific_survey":0,"_uf_disable_surveys":false},"pwb-brand":[62],"product_brand":[],"product_cat":[53,56],"product_tag":[135,141],"class_list":{"0":"post-538","1":"product","2":"type-product","3":"status-publish","4":"has-post-thumbnail","6":"pwb-brand-traeger","7":"product_cat-grillid","8":"product_cat-pelletgrillid","9":"product_tag-pelletgrillid","10":"product_tag-traeger","12":"first","13":"instock","14":"taxable","15":"shipping-taxable","16":"purchasable","17":"product-type-simple"},"brands":[{"id":62,"name":"Traeger","slug":"traeger"}],"_links":{"self":[{"href":"https:\/\/tammetorubbq.ee\/lv\/wp-json\/wp\/v2\/product\/538","targetHints":{"allow":["GET"]}}],"collection":[{"href":"https:\/\/tammetorubbq.ee\/lv\/wp-json\/wp\/v2\/product"}],"about":[{"href":"https:\/\/tammetorubbq.ee\/lv\/wp-json\/wp\/v2\/types\/product"}],"replies":[{"embeddable":true,"href":"https:\/\/tammetorubbq.ee\/lv\/wp-json\/wp\/v2\/comments?post=538"}],"wp:featuredmedia":[{"embeddable":true,"href":"https:\/\/tammetorubbq.ee\/lv\/wp-json\/wp\/v2\/media\/539"}],"wp:attachment":[{"href":"https:\/\/tammetorubbq.ee\/lv\/wp-json\/wp\/v2\/media?parent=538"}],"wp:term":[{"taxonomy":"pwb-brand","embeddable":true,"href":"https:\/\/tammetorubbq.ee\/lv\/wp-json\/wp\/v2\/pwb-brand?post=538"},{"taxonomy":"product_brand","embeddable":true,"href":"https:\/\/tammetorubbq.ee\/lv\/wp-json\/wp\/v2\/product_brand?post=538"},{"taxonomy":"product_cat","embeddable":true,"href":"https:\/\/tammetorubbq.ee\/lv\/wp-json\/wp\/v2\/product_cat?post=538"},{"taxonomy":"product_tag","embeddable":true,"href":"https:\/\/tammetorubbq.ee\/lv\/wp-json\/wp\/v2\/product_tag?post=538"}],"curies":[{"name":"wp","href":"https:\/\/api.w.org\/{rel}","templated":true}]}}