{"id":542,"date":"2023-12-03T15:21:15","date_gmt":"2023-12-03T13:21:15","guid":{"rendered":"https:\/\/tammetorubbq.ee\/?post_type=product&#038;p=542"},"modified":"2026-04-20T00:00:12","modified_gmt":"2026-04-19T21:00:12","slug":"granulu-grils-traeger-ranger","status":"publish","type":"product","link":"https:\/\/tammetorubbq.ee\/lv\/product-2\/granulu-grils-traeger-ranger\/","title":{"rendered":"Granulu grils Traeger Ranger"},"content":{"rendered":"<p>Traeger Ranger Granulu grils ir izstr\u0101d\u0101ts t\u0101, lai jums nekad nevajadz\u0113tu palikt bez gardiem \u0113dieniem pat gar\u0101s ce\u013cojumos. \u0112rts un kompakts, Traeger Ranger ir vienm\u0113r gatavs j\u016bsu piedz\u012bvojumiem. Attiec\u012bb\u0101 uz transport\u0113\u0161anu Traeger ir padom\u0101jis par visu. Augstas kvalit\u0101tes konstrukcijas v\u0101ks ir apr\u012bkots ar klip\u0161iem, kas cie\u0161i aizver grilu. P\u0101rvad\u0101\u0161anas laik\u0101 viss ir dro\u0161i uzglab\u0101ts Ranger gril\u0101. Pateicoties t\u0101 kompaktumam, Ranger var \u0101tri novietot bag\u0101\u017eas nodal\u012bjum\u0101. Neskatoties uz kompakto dizainu, Ranger ir apr\u012bkots ar tehnolo\u0123ij\u0101m. Ranger ir \u0113rti vad\u0101ms ar digit\u0101lo kontrolieri. Vad\u012bbas bloks uztur nemain\u012bgu iestat\u012bto temperat\u016bru. Granulu sadedzin\u0101\u0161ana ir piln\u012bb\u0101 autom\u0101tiska. Papildus taimera funkcijai Ranger izce\u013cas ar sp\u0113ju ilgsto\u0161i gatavot ga\u013cu zem\u0101 temperat\u016br\u0101. Uz komplekt\u0101 iek\u013caut\u0101 \u010duguna re\u017e\u0123a var pat cept olas. Tas ir labs ar\u012b gril\u0113tu \u0113dienu ilgsto\u0161ai saglab\u0101\u0161anai silt\u0101 st\u0101vokl\u012b. Izmantojot temperat\u016bras zondi, j\u016bs vienm\u0113r zin\u0101t ga\u013cas iek\u0161\u0113jo temperat\u016bru. Ar Traeger Ranger j\u016bs varat gril\u0113t, cept, cept, cept, k\u016bpin\u0101t un k\u016bpin\u0101t - to visu vien\u0101 ier\u012bc\u0113!  Traeger Ranger var izmantot visur, kur ir pieejama elektr\u012bbas rozete - 220 V str\u0101vas spriegums.<\/p>\n<p>&nbsp;<\/p>\n<p>Temperat\u016bras diapazons 75 - 230\u00b0C<\/p>\n<p>Temperat\u016bras kontrole: digit\u0101lais vad\u012bbas panelis<\/p>\n<p>Temperat\u016bras izmai\u0146as 5\u00b0C so\u013cos<\/p>\n<p>Temperat\u016bras sensoru skaits 1<\/p>\n<p>Granulu kameras ietilp\u012bba 3,6 kg<\/p>\n<p>Kop\u0113j\u0101 gril\u0113\u0161anas virsma 1200 cm\u00b2<\/p>\n<p>Grila re\u017e\u0123a izm\u0113ri 30 x 40 cm<\/p>\n<p>Grila plaukti 1 \/ T\u0113rauds, porcel\u0101na emalj\u0113ts<\/p>\n<p>Izm\u0113ri salikt\u0101 veid\u0101 (garums x augstums x platums) aptuveni 53 x 33 x 51 cm<\/p>\n<p>Atv\u0113rt\u0101 korpusa izm\u0113ri (garums x augstums x platums) aptuveni 53 x 71 x 51 cm<\/p>\n<p>Svars 27 kg<\/p>\n<p>Iepakojuma izm\u0113ri aptuveni 52 x 37 x 57 cm<\/p>\n<p>Materi\u0101ls t\u0113rauds, pulverkr\u0101sa - 1 iek\u0161\u0113jais temperat\u016bras dev\u0113js<\/p>\n<p>Grila atliekas + malmrest<\/p>\n<p>Tauku uztv\u0113r\u0113js \u0101rpus\u0113<\/p>\n<p>&nbsp;<\/p>\n<p><strong>Tehniskie dati<\/strong><\/p>\n<p>Gatavo\u0161anas virsma: 1225 cm\u00b2<\/p>\n<p>Grila virsma: 25 x 49 cm<\/p>\n<p>Grila izm\u0113ri: 53 x 51 x 33 cm<\/p>\n<p>Svars 27 kg<\/p>","protected":false},"excerpt":{"rendered":"<ul>\n<li>Traeger Ranger portat\u012bvais mazais t\u0101 sauktais portfell granulu grils.<\/li>\n<li>\u0112rta izm\u0113ra Ranger grils ir apr\u012bkots ar \u010duguna gatavo\u0161anas virsmu, kas \u0113dienam pie\u0161\u0137ir siltumu un gar\u0161u.<\/li>\n<li>Granulu kamer\u0101 ir 3,6 kg Traeger granulu, t\u0101p\u0113c ir pietiekami daudz \"degvielas\" stund\u0101m gril\u0113\u0161anas. Izmantojot Traeger granulas, j\u016bs nodro\u0161in\u0101siet, ka j\u016bsu grils darbosies pareizi.<\/li>\n<li>Temperat\u016bru var da\u017e\u0101di regul\u0113t l\u012bdz 230\u00b0C.<\/li>\n<li>Grila LED displejs \u013cauj kontrol\u0113t grila iek\u0161\u0113jo temperat\u016bru, neatverot v\u0101ku. Tam ir temperat\u016bras sensors.<\/li>\n<\/ul>\n<p><img loading=\"lazy\" decoding=\"async\" class=\"wp-image-1509\" src=\"http:\/\/tammetorubbq.ee\/wp-content\/uploads\/2024\/03\/traeger-grills-logo-vector-300x167.png\" alt=\"Traeger logotips\" width=\"165\" height=\"92\" srcset=\"https:\/\/tammetorubbq.ee\/wp-content\/uploads\/2024\/03\/traeger-grills-logo-vector-300x167.png 300w, https:\/\/tammetorubbq.ee\/wp-content\/uploads\/2024\/03\/traeger-grills-logo-vector-768x427.png 768w, https:\/\/tammetorubbq.ee\/wp-content\/uploads\/2024\/03\/traeger-grills-logo-vector-18x10.png 18w, https:\/\/tammetorubbq.ee\/wp-content\/uploads\/2024\/03\/traeger-grills-logo-vector-600x333.png 600w, https:\/\/tammetorubbq.ee\/wp-content\/uploads\/2024\/03\/traeger-grills-logo-vector-64x36.png 64w, https:\/\/tammetorubbq.ee\/wp-content\/uploads\/2024\/03\/traeger-grills-logo-vector.png 900w\" sizes=\"auto, (max-width: 165px) 100vw, 165px\" \/><\/p>\n<p>&nbsp;<\/p>\n<p><a href=\"https:\/\/tammetorubbq.ee\/lv\/maksajiet-velak\/\"><strong>P\u0112RCIET TAGAD, MAKS\u0100JIET V\u0112L\u0100K<\/strong><\/a>\u00a0- bez procentiem!<\/p>\n<p><img loading=\"lazy\" decoding=\"async\" class=\"alignnone wp-image-2646\" src=\"http:\/\/tammetorubbq.ee\/wp-content\/uploads\/2023\/12\/inbank-wordmark.png\" alt=\"Inbank\" width=\"169\" height=\"76\" srcset=\"https:\/\/tammetorubbq.ee\/wp-content\/uploads\/2023\/12\/inbank-wordmark.png 300w, https:\/\/tammetorubbq.ee\/wp-content\/uploads\/2023\/12\/inbank-wordmark-18x8.png 18w, https:\/\/tammetorubbq.ee\/wp-content\/uploads\/2023\/12\/inbank-wordmark-64x29.png 64w\" sizes=\"auto, (max-width: 169px) 100vw, 169px\" \/><\/p>\n<p>M\u0113s pied\u0101v\u0101jam ar\u012b iesp\u0113ju maks\u0101t v\u0113l\u0101k - vien\u0101, div\u0101s vai trij\u0101s vien\u0101d\u0101s da\u013c\u0101s bez procentiem vai papildu maksas.<\/p>\n<p>M\u016bsu iepirkumu groz\u0101 varat atrast da\u017e\u0101das maks\u0101jumu iesp\u0113jas.<\/p>","protected":false},"featured_media":543,"comment_status":"open","ping_status":"closed","template":"","meta":{"_uf_show_specific_survey":0,"_uf_disable_surveys":false},"pwb-brand":[62],"product_brand":[],"product_cat":[53,56],"product_tag":[135,141],"class_list":{"0":"post-542","1":"product","2":"type-product","3":"status-publish","4":"has-post-thumbnail","6":"pwb-brand-traeger","7":"product_cat-grillid","8":"product_cat-pelletgrillid","9":"product_tag-pelletgrillid","10":"product_tag-traeger","12":"first","13":"instock","14":"taxable","15":"shipping-taxable","16":"purchasable","17":"product-type-simple"},"brands":[{"id":62,"name":"Traeger","slug":"traeger"}],"_links":{"self":[{"href":"https:\/\/tammetorubbq.ee\/lv\/wp-json\/wp\/v2\/product\/542","targetHints":{"allow":["GET"]}}],"collection":[{"href":"https:\/\/tammetorubbq.ee\/lv\/wp-json\/wp\/v2\/product"}],"about":[{"href":"https:\/\/tammetorubbq.ee\/lv\/wp-json\/wp\/v2\/types\/product"}],"replies":[{"embeddable":true,"href":"https:\/\/tammetorubbq.ee\/lv\/wp-json\/wp\/v2\/comments?post=542"}],"wp:featuredmedia":[{"embeddable":true,"href":"https:\/\/tammetorubbq.ee\/lv\/wp-json\/wp\/v2\/media\/543"}],"wp:attachment":[{"href":"https:\/\/tammetorubbq.ee\/lv\/wp-json\/wp\/v2\/media?parent=542"}],"wp:term":[{"taxonomy":"pwb-brand","embeddable":true,"href":"https:\/\/tammetorubbq.ee\/lv\/wp-json\/wp\/v2\/pwb-brand?post=542"},{"taxonomy":"product_brand","embeddable":true,"href":"https:\/\/tammetorubbq.ee\/lv\/wp-json\/wp\/v2\/product_brand?post=542"},{"taxonomy":"product_cat","embeddable":true,"href":"https:\/\/tammetorubbq.ee\/lv\/wp-json\/wp\/v2\/product_cat?post=542"},{"taxonomy":"product_tag","embeddable":true,"href":"https:\/\/tammetorubbq.ee\/lv\/wp-json\/wp\/v2\/product_tag?post=542"}],"curies":[{"name":"wp","href":"https:\/\/api.w.org\/{rel}","templated":true}]}}