{"id":545,"date":"2023-12-03T15:23:59","date_gmt":"2023-12-03T13:23:59","guid":{"rendered":"https:\/\/tammetorubbq.ee\/?post_type=product&#038;p=545"},"modified":"2026-04-19T20:00:34","modified_gmt":"2026-04-19T17:00:34","slug":"granulu-grils-traeger-timberline-d2-850-eol-wifi","status":"publish","type":"product","link":"https:\/\/tammetorubbq.ee\/lv\/product-2\/granulu-grils-traeger-timberline-d2-850-eol-wifi\/","title":{"rendered":"Granulu grils Traeger Timberline D2 850 EOL WIFI"},"content":{"rendered":"<p>Traeger Timberline 850 grilam ir cie\u0161i nosl\u0113gts, dubult\u0101 p\u0101rkl\u0101juma grila korpuss, kas nodro\u0161ina siltuma un arom\u0101ta p\u0101rnesi uz \u0113dienu.<\/p>\n<p>Mucas formas grila korpuss ir izgatavots no augstas kvalit\u0101tes t\u0113rauda ar pulverkr\u0101sas p\u0101rkl\u0101jumu.<\/p>\n<p>Grilam ir divu l\u012bme\u0146u porcel\u0101na emaljas t\u0113rauda atveres, kuras ir viegli no\u0146emamas.<\/p>\n<p>Traeger Timberline ir apr\u012bkots ar WIFIRE\u00ae funkcionalit\u0101ti. J\u016bs varat viegli kontrol\u0113t grilu un t\u0101 temperat\u016bru no t\u0101lru\u0146a, izmantojot Traeger lietotni. Izmantojot Traeger lietotni, varat ar\u012b lejupiel\u0101d\u0113t grilam paredz\u0113t\u0101s receptes.<\/p>\n<p>Temperat\u016bras kontrole no 75\u00b0C l\u012bdz 260\u00b0C. Temperat\u016bras sensors iek\u013cauts komplekt\u0101.<\/p>\n<p>D2\u00ae tehnolo\u0123ijas transmisija un TurboTemp karstuma regul\u0113\u0161anas funkcija uzkars\u0113 grilu \u0101tr\u0101k.<\/p>\n<p>Granulu tvertnes ietilp\u012bba 11 kg. Granulu iztuk\u0161o\u0161anas atvere \u013cauj \u0101tri iztuk\u0161ot granulas, lai papildin\u0101tu granulu tvertni ar gatavo\u0161anai piem\u0113rot\u0101kaj\u0101m granul\u0101m.<\/p>\n<p>&nbsp;<\/p>\n<p>WOOD CHECKER indikators par\u0101da granulu daudzumu tvertn\u0113.<\/p>\n<p>Grila vad\u012bbas sist\u0113ma (izmantojot Traeger lietotni).<\/p>\n<p>Traeger TRU CONVECTION\u00ae sist\u0113ma - gatavo \u0113dienu l\u012bdz pat 20% \u0101tr\u0101k.<\/p>\n<p>SUPER SMOKE funkcija p\u0113c piepras\u012bjuma rada perfektu d\u016bmu arom\u0101tu (75\u00b0C-105\u00b0C).<\/p>\n<p>KEEP WARM funkcija uztur \u0113dienu pareiz\u0101 temperat\u016br\u0101 l\u012bdz pasnieg\u0161anai.<\/p>\n<p>&nbsp;<\/p>\n<p>Timberline 850 granulu grils ir Traeger lietotnes vad\u012bts modelis. Tagad j\u016bs varat gril\u0113t no sava kr\u0113sla! Izmantojot D2 WiFi kontrolieri un atbilsto\u0161o lietotni, varat kontrol\u0113t d\u016bmu daudzumu, karstumu, iesl\u0113gt un izsl\u0113gt ier\u012bci, iestat\u012bt gril\u0113\u0161anas laiku u. c. Tagad j\u016bs varat izbaud\u012bt savu grilu, \u0113rti s\u0113\u017eot sav\u0101 kr\u0113sl\u0101. Temperat\u016bru var iestat\u012bt no 74\u00b0C l\u012bdz 260\u00b0C (regul\u0113\u0161anas solis 5\u00b0C). Granulu grils ir apr\u012bkots ar tr\u012bsk\u0101r\u0161u ner\u016bs\u0113jo\u0161\u0101 t\u0113rauda re\u017e\u0123u sist\u0113mu, kas iev\u0113rojami palielina produktu skaitu, kurus var gril\u0113t. Gril\u0113jiet, k\u016bpiniet, cepiet, saut\u0113jiet, saut\u0113jiet, cepiet vai gatavojiet klasisku gril\u0113\u0161anu, izmantojot dab\u012bgas koksnes granulas. Izv\u0113lieties piem\u0113rotas granulas (pieejamas se\u0161as da\u017e\u0101das koksnes), piepildiet tvertni un izv\u0113lieties sev t\u012bkam\u0101ko recepti no lietotn\u0113 pieejamaj\u0101m recept\u0113m. Sagatavojiet b\u0101rbekj\u016b saska\u0146\u0101 ar nor\u0101d\u012bjumiem un noklik\u0161\u0137iniet uz saites \"GATVOT JAUNU \", un viss p\u0101r\u0113jais tiks paveikts j\u016bsu viet\u0101. Aptuveni p\u0113c \u010detr\u0101m min\u016bt\u0113m granulas ir gatavas, un var s\u0101kt gatavo\u0161anu. Spir\u0101lveida skr\u0113j\u0113js iestumj granulas kurtuv\u0113 un autom\u0101tiski aizdegas. \u012apa\u0161s ventilators nodro\u0161ina, ka granulas kv\u0113lojas k\u0101 miniat\u016br\u0101 kalt\u0113. Grila izliektais korpuss nodro\u0161ina perfektu temperat\u016bras un d\u016bmu sadal\u012bjumu pa visu gril\u0113\u0161anas virsmu. Tauku pilieni un citi grila atkritumi tiek novad\u012bti dren\u0101\u017eas kan\u0101l\u0101 un no turienes - \u012bpa\u0161\u0101 tauku tekn\u0113 grila apak\u0161\u0101. Pieredz\u0113ju\u0161\u0101kiem gril\u0113t\u0101jiem iesak\u0101m grila re\u017e\u0123a apak\u0161\u0113jo da\u013cu apkl\u0101t ar foliju, lai grila grilu var\u0113tu uztur\u0113t praktiski bez apkopes.<\/p>\n<p>&nbsp;<\/p>\n<p>Lai kontrol\u0113tu grila iek\u0161\u0113jo temperat\u016bru, tas ir apr\u012bkots ar \u012bpa\u0161u autom\u0101tisko sist\u0113mu, kas 50 reizes min\u016bt\u0113 p\u0101rbauda temperat\u016bru.<\/p>\n<p>Savuk\u0101rt \u0113diena iek\u0161\u0113jo temperat\u016bru var p\u0101rbaud\u012bt ar iztur\u012bgu temperat\u016bras zondi.<\/p>\n<p>&nbsp;<\/p>\n<p><strong>LIELISKS SILTUMA SADAL\u012aJUMS<\/strong><\/p>\n<p>Spir\u0101le ir p\u0101rkl\u0101ta ar \u012bpa\u0161u pl\u0101ksni, kas vienm\u0113r\u012bgi sadala siltumu pa visu grila virsmu. Apa\u013c\u0101 forma pal\u012bdz karstumam un d\u016bmiem izplat\u012bties visur. K\u0101 jaunums ir tas, ka grila v\u0101kam ir dubultas sienas, kas samazina ener\u0123ijas pat\u0113ri\u0146u un ir liela priek\u0161roc\u012bba, gril\u0113jot ziem\u0101.<\/p>\n<p>&nbsp;<\/p>\n<p><strong>AUTOM\u0100TISKAIS GRANULU BUNKURS<\/strong><\/p>\n<p>Piepildiet piltuvi ar granul\u0101m l\u012bdz mal\u0101m, un spir\u0101lveida piedzi\u0146a piltuves apak\u0161\u0101 nodro\u0161in\u0101s, ka izv\u0113l\u0113tai temperat\u016brai atbilsto\u0161s granulu daudzums non\u0101k sadeg\u0161anas kamer\u0101.<\/p>\n<p>Granulu bunkura ietilp\u012bba 10,98 kg<\/p>\n<p>&nbsp;<\/p>\n<p><strong>AUTOM\u0100CIJA<\/strong><\/p>\n<p>Granulas sadeg\u0161anas kamer\u0101 aizdedzina \u012bpa\u0161s aizdedzin\u0101t\u0101js. T\u0101 viet\u0101, lai dzertu aukstu alu, b\u0101rbekj\u016b pats veic garlaic\u012bgo aizdedzin\u0101\u0161anas procesu.<\/p>\n<p>&nbsp;<\/p>\n<p><strong>ENERGIJA<\/strong><\/p>\n<p>Pievienojiet grilu elektrot\u012bklam. Elektr\u012bba ir nepiecie\u0161ama, lai darbin\u0101tu vad\u012bbas bloku un sild\u012bt\u0101ja ventilatoru. Inovat\u012bv\u0101 TRU Comvection sist\u0113ma nodro\u0161ina vienm\u0113r\u012bgu karstuma un d\u016bmu sadal\u012bjumu vis\u0101 grila korpus\u0101.<br \/>\nEner\u0123ijas pat\u0113ri\u0146\u0161: 300 vati pirmaj\u0101s \u010detr\u0101s min\u016bt\u0113s un tikai 50 vati p\u0101r\u0113j\u0101 gatavo\u0161anas laik\u0101.<\/p>\n<p>&nbsp;<\/p>\n<p><strong>AUTOM\u0100TISKA IZSL\u0112G\u0160AN\u0100S<\/strong><\/p>\n<p>Kad gril\u0113\u0161ana ir pabeigta, ventilators darbojas v\u0113l piecas min\u016btes, kuru laik\u0101 no deg\u0161anas tvertnes tiek atbr\u012bvoti pelni, izdz\u0113\u0161ot kv\u0113lojo\u0161\u0101s granulas.<\/p>\n<p>&nbsp;<\/p>\n<p><strong>GARANTIJA<\/strong><\/p>\n<p>Traeger granulu b\u0101rbekj\u016b ir tr\u012bs gadu garantija.<\/p>\n<p>&nbsp;<\/p>\n<p><strong>CEP\u0160ANAS PAPL\u0100TES<\/strong><\/p>\n<p>Cep\u0161anas plaukti ir izgatavoti no viegli t\u012br\u0101ma ner\u016bs\u0113jo\u0161\u0101 t\u0113rauda.<\/p>\n<p>Gatavo\u0161anas zona: 5480 cm\u00b2<\/p>\n<p>Balstu izm\u0113ri:<br \/>\n- pirmais jeb apak\u0161\u0113jais l\u012bmenis 56 x 40 cm<br \/>\n- otrais l\u012bmenis 56 x 36 cm<br \/>\n- tre\u0161ais l\u012bmenis 56 x 23 cm<\/p>\n<p>&nbsp;<\/p>\n<p><strong>Tehnisk\u0101 inform\u0101cija<\/strong><br \/>\nGatavo\u0161anas zona: 5480 cm\u00b2<\/p>\n<p>Grila virsma: 56 x 40 cm un 56 x 36 cm un 56 x 23 cm.<\/p>\n<p>Stobra diametrs 55 cm<\/p>\n<p>Grila izm\u0113ri (samont\u0113ts): aptuveni 1171 x 694 x 1209 mm.<\/p>\n<p>Kastes izm\u0113ri: aptuveni 1100 x 790 x 570 mm<\/p>\n<p>Svars: 96,5 kg<\/p>\n<p>&nbsp;<\/p>\n<p>&nbsp;<\/p>\n<p><strong>VIDEO<\/strong><\/p>\n<p><a href=\"https:\/\/www.traeger.com\/pellet-grills\/timberline\/850\" target=\"_blank\" rel=\"noopener\">https:\/\/www.traeger.com\/pellet-grills\/timberline\/850<\/a><\/p>\n<p>&nbsp;<\/p>\n<p><strong>TRAEGER MOBIL\u0100 LIETOTNE (APP)<\/strong><\/p>\n<p><a href=\"https:\/\/play.google.com\/store\/apps\/details?id=com.traegergrills.app\" target=\"_blank\" rel=\"noopener\">https:\/\/play.google.com\/store\/apps\/details?id=com.traegergrills.app<\/a><\/p>","protected":false},"excerpt":{"rendered":"<p>Traeger Timberline 850 grilam ir cie\u0161i nosl\u0113gts, dubult\u0101 p\u0101rkl\u0101juma grila korpuss, kas nodro\u0161ina siltuma un arom\u0101ta p\u0101rnesi uz \u0113dienu.<\/p>\n<p>Mucas formas grila korpuss ir izgatavots no augstas kvalit\u0101tes t\u0113rauda ar pulverkr\u0101sas p\u0101rkl\u0101jumu.<\/p>\n<p><img loading=\"lazy\" decoding=\"async\" class=\"wp-image-1509\" src=\"http:\/\/tammetorubbq.ee\/wp-content\/uploads\/2024\/03\/traeger-grills-logo-vector-300x167.png\" alt=\"Traeger logotips\" width=\"165\" height=\"92\" srcset=\"https:\/\/tammetorubbq.ee\/wp-content\/uploads\/2024\/03\/traeger-grills-logo-vector-300x167.png 300w, https:\/\/tammetorubbq.ee\/wp-content\/uploads\/2024\/03\/traeger-grills-logo-vector-768x427.png 768w, https:\/\/tammetorubbq.ee\/wp-content\/uploads\/2024\/03\/traeger-grills-logo-vector-18x10.png 18w, https:\/\/tammetorubbq.ee\/wp-content\/uploads\/2024\/03\/traeger-grills-logo-vector-600x333.png 600w, https:\/\/tammetorubbq.ee\/wp-content\/uploads\/2024\/03\/traeger-grills-logo-vector-64x36.png 64w, https:\/\/tammetorubbq.ee\/wp-content\/uploads\/2024\/03\/traeger-grills-logo-vector.png 900w\" sizes=\"auto, (max-width: 165px) 100vw, 165px\" \/><\/p>\n<p>&nbsp;<\/p>\n<p><a href=\"https:\/\/tammetorubbq.ee\/lv\/maksajiet-velak\/\"><strong>P\u0112RCIET TAGAD, MAKS\u0100JIET V\u0112L\u0100K<\/strong><\/a>\u00a0- bez procentiem!<\/p>\n<p><img loading=\"lazy\" decoding=\"async\" class=\"alignnone wp-image-2646\" src=\"http:\/\/tammetorubbq.ee\/wp-content\/uploads\/2023\/12\/inbank-wordmark.png\" alt=\"Inbank\" width=\"169\" height=\"76\" srcset=\"https:\/\/tammetorubbq.ee\/wp-content\/uploads\/2023\/12\/inbank-wordmark.png 300w, https:\/\/tammetorubbq.ee\/wp-content\/uploads\/2023\/12\/inbank-wordmark-18x8.png 18w, https:\/\/tammetorubbq.ee\/wp-content\/uploads\/2023\/12\/inbank-wordmark-64x29.png 64w\" sizes=\"auto, (max-width: 169px) 100vw, 169px\" \/><\/p>\n<p>M\u0113s pied\u0101v\u0101jam ar\u012b iesp\u0113ju maks\u0101t v\u0113l\u0101k - vien\u0101, div\u0101s vai trij\u0101s vien\u0101d\u0101s da\u013c\u0101s bez procentiem vai papildu maksas.<\/p>\n<p>M\u016bsu iepirkumu groz\u0101 varat atrast da\u017e\u0101das maks\u0101jumu iesp\u0113jas.<\/p>","protected":false},"featured_media":546,"comment_status":"open","ping_status":"closed","template":"","meta":{"_uf_show_specific_survey":0,"_uf_disable_surveys":false},"pwb-brand":[62],"product_brand":[],"product_cat":[53,20,56],"product_tag":[135,141],"class_list":{"0":"post-545","1":"product","2":"type-product","3":"status-publish","4":"has-post-thumbnail","6":"pwb-brand-traeger","7":"product_cat-grillid","8":"product_cat-kampaania","9":"product_cat-pelletgrillid","10":"product_tag-pelletgrillid","11":"product_tag-traeger","13":"first","14":"instock","15":"sale","16":"taxable","17":"shipping-taxable","18":"purchasable","19":"product-type-simple"},"brands":[{"id":62,"name":"Traeger","slug":"traeger"}],"_links":{"self":[{"href":"https:\/\/tammetorubbq.ee\/lv\/wp-json\/wp\/v2\/product\/545","targetHints":{"allow":["GET"]}}],"collection":[{"href":"https:\/\/tammetorubbq.ee\/lv\/wp-json\/wp\/v2\/product"}],"about":[{"href":"https:\/\/tammetorubbq.ee\/lv\/wp-json\/wp\/v2\/types\/product"}],"replies":[{"embeddable":true,"href":"https:\/\/tammetorubbq.ee\/lv\/wp-json\/wp\/v2\/comments?post=545"}],"wp:featuredmedia":[{"embeddable":true,"href":"https:\/\/tammetorubbq.ee\/lv\/wp-json\/wp\/v2\/media\/546"}],"wp:attachment":[{"href":"https:\/\/tammetorubbq.ee\/lv\/wp-json\/wp\/v2\/media?parent=545"}],"wp:term":[{"taxonomy":"pwb-brand","embeddable":true,"href":"https:\/\/tammetorubbq.ee\/lv\/wp-json\/wp\/v2\/pwb-brand?post=545"},{"taxonomy":"product_brand","embeddable":true,"href":"https:\/\/tammetorubbq.ee\/lv\/wp-json\/wp\/v2\/product_brand?post=545"},{"taxonomy":"product_cat","embeddable":true,"href":"https:\/\/tammetorubbq.ee\/lv\/wp-json\/wp\/v2\/product_cat?post=545"},{"taxonomy":"product_tag","embeddable":true,"href":"https:\/\/tammetorubbq.ee\/lv\/wp-json\/wp\/v2\/product_tag?post=545"}],"curies":[{"name":"wp","href":"https:\/\/api.w.org\/{rel}","templated":true}]}}