{"id":550,"date":"2023-12-03T15:26:30","date_gmt":"2023-12-03T13:26:30","guid":{"rendered":"https:\/\/tammetorubbq.ee\/?post_type=product&#038;p=550"},"modified":"2026-04-15T00:00:16","modified_gmt":"2026-04-14T21:00:16","slug":"granulu-grils-traeger-timberline-xl-int-ar-indukcijas-pliti","status":"publish","type":"product","link":"https:\/\/tammetorubbq.ee\/lv\/product-2\/granulu-grils-traeger-timberline-xl-int-ar-indukcijas-pliti\/","title":{"rendered":"Granulu grils Traeger Timberline XL Int ar indukcijas pl\u012bti"},"content":{"rendered":"<p>Paaugstiniet \u0113diena gatavo\u0161anas l\u012bmeni ar jaunajiem Timberline un Ironwood griliem, kas apr\u012bkoti ar modern\u0101m funkcij\u0101m, lai vienm\u0113r nodro\u0161in\u0101tu lieliskus rezult\u0101tus.<\/p>\n<p>Daudzpus\u012bgas P.A.L. Pop-And-Lock\u00ae piel\u0101go\u0161anas iesp\u0113jas, kas pal\u012bdz izveidot perfektu grilu j\u016bsu gatavo\u0161anas stilam.<\/p>\n<p>Smart Combustion\u2122 sadeg\u0161anas optimiz\u0101cijas tehnolo\u0123ija.<\/p>\n<p>Piln\u012bb\u0101 izol\u0113ta dubultsienu konstrukcija.<\/p>\n<p>Traeger Induction\u00ae indukcijas pl\u012bts.<\/p>\n<p>EZ-Clean\u2122 jaun\u0101 pelnu un tauku sav\u0101k\u0161anas sist\u0113ma.<\/p>\n<p>WiFIRE\u00ae savienojam\u012bba\/aplik\u0101cija, Super Smoke\u00ae asistenta funkcija. Kr\u0101sains sk\u0101rienekr\u0101ns.<\/p>\n<p>Ar ModiFIRE\u00ae sader\u012bgi grilu re\u017e\u0123i, r\u0101mji, pamatnes. Grila gaisma.<\/p>\n<p>Var integr\u0113t m\u0113bel\u0113s.<\/p>\n<p>10 gadu ierobe\u017eota garantija.<\/p>\n<p>&nbsp;<\/p>\n<p>Pateicoties Traeger WiFIRE\u00ae tehnolo\u0123ijai, j\u016bs varat kontrol\u0113t savu grilu jebkur\u0101 viet\u0101 un jebkur\u0101 laik\u0101, izmantojot Traeger viedo lietotni. Regul\u0113jiet grila temperat\u016bru, kontrol\u0113jiet \u0113dienu, iestatiet taimerus un atg\u0101din\u0101jumus, p\u0101rl\u016bkojiet vair\u0101k nek\u0101 1600 ori\u0123in\u0101lo recep\u0161u - un to visu varat dar\u012bt no sava t\u0101lru\u0146a. J\u016bs pat varat kontrol\u0113t grilu ar balss komand\u0101m, izmantojot Alexa\u00ae vai Google Home\u00ae.<\/p>\n<p>Traegeri\u00a0<em>ModiFIRE\u00ae<\/em>\u00a0piederumi \u013cauj viegli pievienot un nomain\u012bt da\u017e\u0101das gatavo\u0161anas virsmas, un jaun\u0101.\u00a0<em>P.A.L. Pop-And-Lock\u00ae.<\/em>\u00a0piederumu sist\u0113ma \u013cauj viegli konfigur\u0113t plauktus, glab\u0101\u0161anas kastes, piederumu \u0101\u0137us un daudz ko citu.<\/p>\n<p>Ar\u012b k\u0101rt\u012bba ir k\u013cuvusi lieka - tauki un pelni tagad tiek sav\u0101kti vien\u0101, viegli pieejam\u0101 trauk\u0101, padarot t\u012br\u012b\u0161anu \u013coti vienk\u0101r\u0161u. Atlikumus var vienk\u0101r\u0161i izmest kop\u0101 ar vienu folijas gabali\u0146u.<\/p>\n<p>Traeger nav atst\u0101jis nov\u0101rt\u0101 nevienu deta\u013cu, kas noz\u012bm\u0113, ka kvalitat\u012bvi materi\u0101li un meistar\u012bba ir redzami katr\u0101 kvadr\u0101tcentimetr\u0101. Pievienojiet tam \u0101rk\u0101rt\u012bgi iztur\u012bgu konstrukciju un pien\u0101c\u012bgus materi\u0101lus, un jums ir lab\u0101kais granulu grils pasaul\u0113 m\u016bsdien\u0101s.<\/p>\n<p><u>\u00a0<\/u><\/p>\n<p><strong>Grila tehniskie parametri<\/strong><\/p>\n<p><em>Smart Combustion\u2122<\/em>\u00a0tehnolo\u0123ija - \u013coti prec\u012bza temperat\u016bras kontrole un uztur\u0113\u0161ana<\/p>\n<p>Temperat\u016bras kontrole: 75 - 260\u00b0C<\/p>\n<p>EvenFlow\u2122 Heat Shield izol\u0113ta dubultsienu konstrukcija<\/p>\n<p><em>SwiftStart\u2122<\/em>\u00a0keramikas starteris \u0101trai iedarbin\u0101\u0161anai<\/p>\n<p><em>FreeFlow\u2122<\/em>\u00a0kurtuve palielina d\u016bmu daudzumu un samazina pelnu uzkr\u0101\u0161anos.<\/p>\n<p><em>Super Smoke\u00ae<\/em>\u00a0sm\u0113\u0137\u0113\u0161ana<\/p>\n<p><em>Traeger Downdraft Exhaust\u00ae<\/em>\u00a0d\u016bmu ekstrakcija<\/p>\n<p>WiFi\u00ae tehnolo\u0123ija - p\u0101rveido j\u016bsu grilu par \"gudro grilu\", \u013caujot jums kontrol\u0113t savu grilu no jebkuras vietas.<\/p>\n<p><em>ModiFIRE\u00ae<\/em>\u00a0piederumi \u013cauj viegli p\u0101rsl\u0113gties starp da\u017e\u0101d\u0101m gatavo\u0161anas virsm\u0101m vai griliem.<\/p>\n<p><em>Traeger Induction\u2122<\/em>\u00a0Indukcijas pl\u012bts uz grila jebkura veida \u0113diena pagatavo\u0161anai<\/p>\n<p><em>EZ-Clean\u2122<\/em>\u00a0tauku un pelnu tvertne apkopo taukus un pelnus vien\u0101 trauk\u0101.<\/p>\n<p>Komplekt\u0101 ir 2 bezvadu \"Meater\" un 2 vadu Traeger gatavo\u0161anas m\u0113r\u012bt\u0101ji, lai uzraudz\u012btu gatavo\u0161anas procesu no viedier\u012bces.<\/p>\n<p>P.A.L. (Pop and Lock) piederumu uzglab\u0101\u0161anas sist\u0113ma - \u0161autenes siksna, uz kuras var piek\u0101rt \u0101\u0137us, gar\u0161vielu stat\u012bvu un pap\u012bra tur\u0113t\u0101ju.<\/p>\n<p>Liels s\u0101nu d\u0113lis un no\u0146emams bambusa grie\u0161anas d\u0113lis ar magn\u0113tisko skavu<\/p>\n<p>Uzglab\u0101\u0161anas skapis un koka plaukti<\/p>\n<p>Tr\u012bs ner\u016bs\u0113jo\u0161\u0101 t\u0113rauda l\u012bme\u0146i<\/p>\n<p>Integr\u0113ts grila zonas apgaismojums<\/p>\n<p>Sk\u0101rienekr\u0101ns \u0113rtai vad\u012bbai<\/p>\n<p>Grila virsma: aptuveni 8516,11 cm2<\/p>\n<p>Aug\u0161\u0113jais plaukts: 2 (p\u0101rkl\u0101jas), 84 x 28 cm (garums x platums)<\/p>\n<p>Apak\u0161\u0113jais nodal\u012bjums: 3 (blakus), 28,5 x 46 cm (garums x platums), kop\u0113jais platums 85,5 cm.<\/p>\n<p>Granulu tvertnes ietilp\u012bba: aptuveni 10 kg<\/p>\n<p>Granulu tvertnes sensors - nor\u0101da granulu beigas gril\u0113\u0161anas laik\u0101.<\/p>\n<p>Viegla granulu nomai\u0146a<\/p>\n<p><em>StayDry\u2122<\/em>\u00a0granulu uzglab\u0101\u0161ana<\/p>\n<p>Pretkorozijas apdare<\/p>\n<p><em>Amazon Alexa<\/em>\u00a0un\u00a0<em>Google Home<\/em>\u00a0\u00a0Savietojam\u012bba<\/p>\n<p>Izm\u0113ri: 129,54 x 180,34 x 63,5 cm<\/p>\n<p>Svars: 131 kg<\/p>\n<p>Darba spriegums: 220 - 240 V 50\/60 Hz<\/p>\n<p>Ener\u0123ijas pat\u0113ri\u0146\u0161 granulu padevei: 300 W, p\u0113c v\u0113lam\u0101s temperat\u016bras sasnieg\u0161anas - aptuveni 45-100 W.<\/p>\n<p>Indukcijas pl\u012bts: maks. 1410 W<\/p>\n<p>B\u0101rbekj\u016b var integr\u0113t d\u0101rza m\u0113bel\u0113s.<\/p>\n<p>&nbsp;<\/p>\n<p>Timberline XL INT grila korpusam ir 10 gadu garantija, bet visai vad\u012bbas sist\u0113mai un t\u0113rauda re\u017e\u0123iem - 3 gadu garantija.<\/p>","protected":false},"excerpt":{"rendered":"<p>Paaugstiniet \u0113diena gatavo\u0161anas l\u012bmeni ar jaunajiem Timberline un Ironwood griliem, kas apr\u012bkoti ar modern\u0101m funkcij\u0101m, lai vienm\u0113r nodro\u0161in\u0101tu lieliskus rezult\u0101tus.<\/p>\n<p><img loading=\"lazy\" decoding=\"async\" class=\"wp-image-1509\" src=\"http:\/\/tammetorubbq.ee\/wp-content\/uploads\/2024\/03\/traeger-grills-logo-vector-300x167.png\" alt=\"Traeger logotips\" width=\"165\" height=\"92\" srcset=\"https:\/\/tammetorubbq.ee\/wp-content\/uploads\/2024\/03\/traeger-grills-logo-vector-300x167.png 300w, https:\/\/tammetorubbq.ee\/wp-content\/uploads\/2024\/03\/traeger-grills-logo-vector-768x427.png 768w, https:\/\/tammetorubbq.ee\/wp-content\/uploads\/2024\/03\/traeger-grills-logo-vector-18x10.png 18w, https:\/\/tammetorubbq.ee\/wp-content\/uploads\/2024\/03\/traeger-grills-logo-vector-600x333.png 600w, https:\/\/tammetorubbq.ee\/wp-content\/uploads\/2024\/03\/traeger-grills-logo-vector-64x36.png 64w, https:\/\/tammetorubbq.ee\/wp-content\/uploads\/2024\/03\/traeger-grills-logo-vector.png 900w\" sizes=\"auto, (max-width: 165px) 100vw, 165px\" \/><\/p>\n<p>&nbsp;<\/p>\n<p><a href=\"https:\/\/tammetorubbq.ee\/lv\/maksajiet-velak\/\"><strong>P\u0112RCIET TAGAD, MAKS\u0100JIET V\u0112L\u0100K<\/strong><\/a>\u00a0- bez procentiem!<\/p>\n<p><img loading=\"lazy\" decoding=\"async\" class=\"alignnone wp-image-2646\" src=\"http:\/\/tammetorubbq.ee\/wp-content\/uploads\/2023\/12\/inbank-wordmark.png\" alt=\"Inbank\" width=\"169\" height=\"76\" srcset=\"https:\/\/tammetorubbq.ee\/wp-content\/uploads\/2023\/12\/inbank-wordmark.png 300w, https:\/\/tammetorubbq.ee\/wp-content\/uploads\/2023\/12\/inbank-wordmark-18x8.png 18w, https:\/\/tammetorubbq.ee\/wp-content\/uploads\/2023\/12\/inbank-wordmark-64x29.png 64w\" sizes=\"auto, (max-width: 169px) 100vw, 169px\" \/><\/p>\n<p>M\u0113s pied\u0101v\u0101jam ar\u012b iesp\u0113ju maks\u0101t v\u0113l\u0101k - vien\u0101, div\u0101s vai trij\u0101s vien\u0101d\u0101s da\u013c\u0101s bez procentiem vai papildu maksas.<\/p>\n<p>M\u016bsu iepirkumu groz\u0101 varat atrast da\u017e\u0101das maks\u0101jumu iesp\u0113jas.<\/p>","protected":false},"featured_media":551,"comment_status":"open","ping_status":"closed","template":"","meta":{"_uf_show_specific_survey":0,"_uf_disable_surveys":false},"pwb-brand":[62],"product_brand":[],"product_cat":[53,20,56],"product_tag":[135,141],"class_list":{"0":"post-550","1":"product","2":"type-product","3":"status-publish","4":"has-post-thumbnail","6":"pwb-brand-traeger","7":"product_cat-grillid","8":"product_cat-kampaania","9":"product_cat-pelletgrillid","10":"product_tag-pelletgrillid","11":"product_tag-traeger","13":"first","14":"instock","15":"sale","16":"taxable","17":"shipping-taxable","18":"purchasable","19":"product-type-simple"},"brands":[{"id":62,"name":"Traeger","slug":"traeger"}],"_links":{"self":[{"href":"https:\/\/tammetorubbq.ee\/lv\/wp-json\/wp\/v2\/product\/550","targetHints":{"allow":["GET"]}}],"collection":[{"href":"https:\/\/tammetorubbq.ee\/lv\/wp-json\/wp\/v2\/product"}],"about":[{"href":"https:\/\/tammetorubbq.ee\/lv\/wp-json\/wp\/v2\/types\/product"}],"replies":[{"embeddable":true,"href":"https:\/\/tammetorubbq.ee\/lv\/wp-json\/wp\/v2\/comments?post=550"}],"wp:featuredmedia":[{"embeddable":true,"href":"https:\/\/tammetorubbq.ee\/lv\/wp-json\/wp\/v2\/media\/551"}],"wp:attachment":[{"href":"https:\/\/tammetorubbq.ee\/lv\/wp-json\/wp\/v2\/media?parent=550"}],"wp:term":[{"taxonomy":"pwb-brand","embeddable":true,"href":"https:\/\/tammetorubbq.ee\/lv\/wp-json\/wp\/v2\/pwb-brand?post=550"},{"taxonomy":"product_brand","embeddable":true,"href":"https:\/\/tammetorubbq.ee\/lv\/wp-json\/wp\/v2\/product_brand?post=550"},{"taxonomy":"product_cat","embeddable":true,"href":"https:\/\/tammetorubbq.ee\/lv\/wp-json\/wp\/v2\/product_cat?post=550"},{"taxonomy":"product_tag","embeddable":true,"href":"https:\/\/tammetorubbq.ee\/lv\/wp-json\/wp\/v2\/product_tag?post=550"}],"curies":[{"name":"wp","href":"https:\/\/api.w.org\/{rel}","templated":true}]}}