{"id":564,"date":"2023-12-04T09:54:28","date_gmt":"2023-12-04T07:54:28","guid":{"rendered":"https:\/\/tammetorubbq.ee\/?post_type=product&#038;p=564"},"modified":"2026-04-28T05:00:07","modified_gmt":"2026-04-28T02:00:07","slug":"traeger-fsc-signature-blend-koksnes-granulas-malkas-krasnij-9-kg","status":"publish","type":"product","link":"https:\/\/tammetorubbq.ee\/lv\/toode\/traeger-fsc-signature-blend-puidupelletid-suitsuahjule-9-kg\/","title":{"rendered":"Traeger grila granulas Signature Blend (FSC) 9kg"},"content":{"rendered":"<p class=\"p2\">Traeger granulu mais\u012bjums satur hikorija, k\u013cavas un \u0137ir\u0161u koksni un ir piem\u0113rots visu veidu \u0113dienu pagatavo\u0161anai, s\u0101kot ar klasisku gril\u0113tas ga\u013cas pagatavo\u0161anu un beidzot ar zivju un d\u0101rze\u0146u gatavo\u0161anu.<\/p>","protected":false},"excerpt":{"rendered":"<p class=\"p2\">Traeger granulu mais\u012bjums <em><strong>ir hikori, k\u013cavas un \u0137ir\u0161i.<\/strong><\/em> un ir piem\u0113rots visu veidu \u0113dienu gatavo\u0161anai, s\u0101kot ar klasisko gril\u0113tu ga\u013cu un beidzot ar ziv\u012bm un d\u0101rze\u0146iem.<\/p>\n<p>FSC - ra\u017eots no koksnes, kas ieg\u016bta no ilgtsp\u0113j\u012bgi apsaimniekotiem me\u017eiem.<\/p>\n<p><img loading=\"lazy\" decoding=\"async\" class=\"wp-image-1509\" src=\"http:\/\/tammetorubbq.ee\/wp-content\/uploads\/2024\/03\/traeger-grills-logo-vector-300x167.png\" alt=\"Traeger logotips\" width=\"165\" height=\"92\" srcset=\"https:\/\/tammetorubbq.ee\/wp-content\/uploads\/2024\/03\/traeger-grills-logo-vector-300x167.png 300w, https:\/\/tammetorubbq.ee\/wp-content\/uploads\/2024\/03\/traeger-grills-logo-vector-768x427.png 768w, https:\/\/tammetorubbq.ee\/wp-content\/uploads\/2024\/03\/traeger-grills-logo-vector-18x10.png 18w, https:\/\/tammetorubbq.ee\/wp-content\/uploads\/2024\/03\/traeger-grills-logo-vector-600x333.png 600w, https:\/\/tammetorubbq.ee\/wp-content\/uploads\/2024\/03\/traeger-grills-logo-vector-64x36.png 64w, https:\/\/tammetorubbq.ee\/wp-content\/uploads\/2024\/03\/traeger-grills-logo-vector.png 900w\" sizes=\"auto, (max-width: 165px) 100vw, 165px\" \/><\/p>","protected":false},"featured_media":565,"comment_status":"open","ping_status":"closed","template":"","meta":{"_uf_show_specific_survey":0,"_uf_disable_surveys":false},"pwb-brand":[62],"product_brand":[],"product_cat":[54],"product_tag":[225,141],"class_list":{"0":"post-564","1":"product","2":"type-product","3":"status-publish","4":"has-post-thumbnail","6":"pwb-brand-traeger","7":"product_cat-puidupellet","8":"product_tag-puidupellet","9":"product_tag-traeger","11":"first","12":"outofstock","13":"taxable","14":"shipping-taxable","15":"purchasable","16":"product-type-simple"},"brands":[{"id":62,"name":"Traeger","slug":"traeger"}],"_links":{"self":[{"href":"https:\/\/tammetorubbq.ee\/lv\/wp-json\/wp\/v2\/product\/564","targetHints":{"allow":["GET"]}}],"collection":[{"href":"https:\/\/tammetorubbq.ee\/lv\/wp-json\/wp\/v2\/product"}],"about":[{"href":"https:\/\/tammetorubbq.ee\/lv\/wp-json\/wp\/v2\/types\/product"}],"replies":[{"embeddable":true,"href":"https:\/\/tammetorubbq.ee\/lv\/wp-json\/wp\/v2\/comments?post=564"}],"wp:featuredmedia":[{"embeddable":true,"href":"https:\/\/tammetorubbq.ee\/lv\/wp-json\/wp\/v2\/media\/565"}],"wp:attachment":[{"href":"https:\/\/tammetorubbq.ee\/lv\/wp-json\/wp\/v2\/media?parent=564"}],"wp:term":[{"taxonomy":"pwb-brand","embeddable":true,"href":"https:\/\/tammetorubbq.ee\/lv\/wp-json\/wp\/v2\/pwb-brand?post=564"},{"taxonomy":"product_brand","embeddable":true,"href":"https:\/\/tammetorubbq.ee\/lv\/wp-json\/wp\/v2\/product_brand?post=564"},{"taxonomy":"product_cat","embeddable":true,"href":"https:\/\/tammetorubbq.ee\/lv\/wp-json\/wp\/v2\/product_cat?post=564"},{"taxonomy":"product_tag","embeddable":true,"href":"https:\/\/tammetorubbq.ee\/lv\/wp-json\/wp\/v2\/product_tag?post=564"}],"curies":[{"name":"wp","href":"https:\/\/api.w.org\/{rel}","templated":true}]}}