{"id":576,"date":"2023-12-04T10:03:34","date_gmt":"2023-12-04T08:03:34","guid":{"rendered":"https:\/\/tammetorubbq.ee\/?post_type=product&#038;p=576"},"modified":"2026-04-14T15:00:32","modified_gmt":"2026-04-14T12:00:32","slug":"traeger-oun-koksnes-granulas-malkas-plits-krasnij-9-kg","status":"publish","type":"product","link":"https:\/\/tammetorubbq.ee\/lv\/product-2\/traeger-oun-koksnes-granulas-malkas-plits-krasnij-9-kg\/","title":{"rendered":"Traeger \u0101bolu koksnes granulas 9kg"},"content":{"rendered":"<p class=\"p1\">Traeger \u0101bolu granulas ir ide\u0101li piem\u0113rotas d\u0101rze\u0146u, c\u016bkga\u013cas un vistas ga\u013cas pagatavo\u0161anai, pie\u0161\u0137irot \u0113dienam vieglu un nedaudz aug\u013cu d\u016bmu gar\u0161u.<\/p>","protected":false},"excerpt":{"rendered":"<p class=\"p1\">Traeger \u0101bolu granulas ir ide\u0101li piem\u0113rotas d\u0101rze\u0146u, c\u016bkga\u013cas un vistas ga\u013cas pagatavo\u0161anai, pie\u0161\u0137irot \u0113dienam vieglu un nedaudz aug\u013cu d\u016bmu gar\u0161u.<\/p>\n<p>&nbsp;<\/p>\n<p><img loading=\"lazy\" decoding=\"async\" class=\"wp-image-1509\" src=\"http:\/\/tammetorubbq.ee\/wp-content\/uploads\/2024\/03\/traeger-grills-logo-vector-300x167.png\" alt=\"Traeger logotips\" width=\"167\" height=\"93\" srcset=\"https:\/\/tammetorubbq.ee\/wp-content\/uploads\/2024\/03\/traeger-grills-logo-vector-300x167.png 300w, https:\/\/tammetorubbq.ee\/wp-content\/uploads\/2024\/03\/traeger-grills-logo-vector-768x427.png 768w, https:\/\/tammetorubbq.ee\/wp-content\/uploads\/2024\/03\/traeger-grills-logo-vector-18x10.png 18w, https:\/\/tammetorubbq.ee\/wp-content\/uploads\/2024\/03\/traeger-grills-logo-vector-600x333.png 600w, https:\/\/tammetorubbq.ee\/wp-content\/uploads\/2024\/03\/traeger-grills-logo-vector-64x36.png 64w, https:\/\/tammetorubbq.ee\/wp-content\/uploads\/2024\/03\/traeger-grills-logo-vector.png 900w\" sizes=\"auto, (max-width: 167px) 100vw, 167px\" \/><\/p>","protected":false},"featured_media":577,"comment_status":"open","ping_status":"closed","template":"","meta":{"_uf_show_specific_survey":0,"_uf_disable_surveys":false},"pwb-brand":[62],"product_brand":[],"product_cat":[54],"product_tag":[225,141],"class_list":{"0":"post-576","1":"product","2":"type-product","3":"status-publish","4":"has-post-thumbnail","6":"pwb-brand-traeger","7":"product_cat-puidupellet","8":"product_tag-puidupellet","9":"product_tag-traeger","11":"first","12":"outofstock","13":"taxable","14":"shipping-taxable","15":"purchasable","16":"product-type-simple"},"brands":[{"id":62,"name":"Traeger","slug":"traeger"}],"_links":{"self":[{"href":"https:\/\/tammetorubbq.ee\/lv\/wp-json\/wp\/v2\/product\/576","targetHints":{"allow":["GET"]}}],"collection":[{"href":"https:\/\/tammetorubbq.ee\/lv\/wp-json\/wp\/v2\/product"}],"about":[{"href":"https:\/\/tammetorubbq.ee\/lv\/wp-json\/wp\/v2\/types\/product"}],"replies":[{"embeddable":true,"href":"https:\/\/tammetorubbq.ee\/lv\/wp-json\/wp\/v2\/comments?post=576"}],"wp:featuredmedia":[{"embeddable":true,"href":"https:\/\/tammetorubbq.ee\/lv\/wp-json\/wp\/v2\/media\/577"}],"wp:attachment":[{"href":"https:\/\/tammetorubbq.ee\/lv\/wp-json\/wp\/v2\/media?parent=576"}],"wp:term":[{"taxonomy":"pwb-brand","embeddable":true,"href":"https:\/\/tammetorubbq.ee\/lv\/wp-json\/wp\/v2\/pwb-brand?post=576"},{"taxonomy":"product_brand","embeddable":true,"href":"https:\/\/tammetorubbq.ee\/lv\/wp-json\/wp\/v2\/product_brand?post=576"},{"taxonomy":"product_cat","embeddable":true,"href":"https:\/\/tammetorubbq.ee\/lv\/wp-json\/wp\/v2\/product_cat?post=576"},{"taxonomy":"product_tag","embeddable":true,"href":"https:\/\/tammetorubbq.ee\/lv\/wp-json\/wp\/v2\/product_tag?post=576"}],"curies":[{"name":"wp","href":"https:\/\/api.w.org\/{rel}","templated":true}]}}