{"id":582,"date":"2023-12-04T10:12:25","date_gmt":"2023-12-04T08:12:25","guid":{"rendered":"https:\/\/tammetorubbq.ee\/?post_type=product&#038;p=582"},"modified":"2026-04-20T11:00:53","modified_gmt":"2026-04-20T08:00:53","slug":"slikts-byrons-dups-berzet-128g","status":"publish","type":"product","link":"https:\/\/tammetorubbq.ee\/lv\/product-2\/slikts-byrons-dups-berzet-128g\/","title":{"rendered":"Bad Byron's BUTT Rub 128g"},"content":{"rendered":"<p class=\"p1\"><strong>Sast\u0101vda\u013cas<\/strong>: S\u0101ls, pipari, \u0137iploki, s\u012bpoli, k\u016bpin\u0101ts jalapeno, dab\u012bgs pretsalipes l\u012bdzeklis.<\/p>\n<p class=\"p1\">Butt Rub nesatur lipekli.<\/p>\n<p>Bad Byron's Butt Rub pieder pasaul\u0113 atz\u012btam BBQ meistaram Byronam E. Chismam, kur\u0161 ir uzvar\u0113jis aptuveni 100 BBQ konkursos vis\u0101 pasaul\u0113 un ir absol\u016bts savas jomas l\u012bderis.<\/p>\n<p><iframe loading=\"lazy\" title=\"Cooking With Butt Rub 04 - Butt Rub\/Apple Glazed Pork Ribs\" width=\"500\" height=\"281\" src=\"https:\/\/www.youtube.com\/embed\/8hIpbsN6m6U?feature=oembed&#038;enablejsapi=1&#038;origin=https:\/\/tammetorubbq.ee\" frameborder=\"0\" allow=\"accelerometer; autoplay; clipboard-write; encrypted-media; gyroscope; picture-in-picture; web-share\" referrerpolicy=\"strict-origin-when-cross-origin\" allowfullscreen><\/iframe><\/p>","protected":false},"excerpt":{"rendered":"<p><span style=\"color: #0000ff;\"><strong>\"Mazliet dupsi\u0146u berz\u0113t padara visu lab\u0101ku\"<\/strong><\/span><\/p>\n<p class=\"p1\">Vair\u0101k nek\u0101 25 gadu v\u0113sture.<\/p>\n<p data-start=\"40\" data-end=\"358\">Bad Byron\u2019s Butt Rub on legendaarne Ameerika BBQ-maitseainesegu, mis on loodud t\u00f5elistele grillihuvilistele, kes hindavad rikkalikku, tasakaalustatud ja suitsust BBQ-maitset. Tegemist on universaalse dry rub\u2019iga, mis annab lihale s\u00fcgava maitses\u00fcgavuse, kerge suitsuse noodi ning isu\u00e4ratava kr\u00f5beda kooriku grillimisel.<\/p>\n<p data-start=\"360\" data-end=\"538\">Segu on tuntud oma lihtsa, kuid efektiivse koostise poolest \u2013 see ei vaja lisaks midagi keerulist, vaid t\u00f6\u00f6tab suurep\u00e4raselt nii aeglasel suitsutamisel kui ka kiirel grillimisel.<\/p>\n<p class=\"p1\">Unikaalne maitsekooslus sibulast, k\u00fc\u00fcslaugust, paprikast ja suitsutatud pipardest mis teeb selle kergelt v\u00fcrtsikaks &#8211; <strong>piem\u0113rot\u012bba 10\/10 ir ar sarkanaj\u0101m ziv\u012bm<\/strong>, k\u0101 ar\u012b lieliski sader ar j\u016bras velt\u0113m, c\u016bkga\u013cu, liellopu ga\u013cu un vistas ga\u013cu.<\/p>\n<p>&nbsp;<\/p>\n<p><img loading=\"lazy\" decoding=\"async\" class=\"wp-image-6544\" src=\"https:\/\/tammetorubbq.ee\/wp-content\/uploads\/2023\/12\/Butt-rub-logo-lg-300x234.jpg\" alt=\"Bad Byron\u2019s\" width=\"235\" height=\"183\" srcset=\"https:\/\/tammetorubbq.ee\/wp-content\/uploads\/2023\/12\/Butt-rub-logo-lg-300x234.jpg 300w, https:\/\/tammetorubbq.ee\/wp-content\/uploads\/2023\/12\/Butt-rub-logo-lg-1024x800.jpg 1024w, https:\/\/tammetorubbq.ee\/wp-content\/uploads\/2023\/12\/Butt-rub-logo-lg-768x600.jpg 768w, https:\/\/tammetorubbq.ee\/wp-content\/uploads\/2023\/12\/Butt-rub-logo-lg-1536x1201.jpg 1536w, https:\/\/tammetorubbq.ee\/wp-content\/uploads\/2023\/12\/Butt-rub-logo-lg-15x12.jpg 15w, https:\/\/tammetorubbq.ee\/wp-content\/uploads\/2023\/12\/Butt-rub-logo-lg-600x469.jpg 600w, https:\/\/tammetorubbq.ee\/wp-content\/uploads\/2023\/12\/Butt-rub-logo-lg-64x50.jpg 64w, https:\/\/tammetorubbq.ee\/wp-content\/uploads\/2023\/12\/Butt-rub-logo-lg.jpg 1832w\" sizes=\"auto, (max-width: 235px) 100vw, 235px\" \/><\/p>\n<p>&nbsp;<\/p>","protected":false},"featured_media":583,"comment_status":"open","ping_status":"closed","template":"","meta":{"_uf_show_specific_survey":0,"_uf_disable_surveys":false},"pwb-brand":[61],"product_brand":[381],"product_cat":[21],"product_tag":[176,138,163,118,159,121,259,120,166,114,122,123],"class_list":{"0":"post-582","1":"product","2":"type-product","3":"status-publish","4":"has-post-thumbnail","6":"pwb-brand-buttrub","7":"product_brand-bad-byrons","8":"product_cat-maitseainesegud","9":"product_tag-brisket","10":"product_tag-burger","11":"product_tag-kala","12":"product_tag-kanaliha","13":"product_tag-kanatiivad","14":"product_tag-koogiviljad","15":"product_tag-lohe","16":"product_tag-mereannid","17":"product_tag-rebitudliha","18":"product_tag-sealiha","19":"product_tag-searibi","20":"product_tag-steik","22":"first","23":"instock","24":"taxable","25":"shipping-taxable","26":"purchasable","27":"product-type-simple"},"brands":[{"id":61,"name":"Buttrub","slug":"buttrub"}],"_links":{"self":[{"href":"https:\/\/tammetorubbq.ee\/lv\/wp-json\/wp\/v2\/product\/582","targetHints":{"allow":["GET"]}}],"collection":[{"href":"https:\/\/tammetorubbq.ee\/lv\/wp-json\/wp\/v2\/product"}],"about":[{"href":"https:\/\/tammetorubbq.ee\/lv\/wp-json\/wp\/v2\/types\/product"}],"replies":[{"embeddable":true,"href":"https:\/\/tammetorubbq.ee\/lv\/wp-json\/wp\/v2\/comments?post=582"}],"wp:featuredmedia":[{"embeddable":true,"href":"https:\/\/tammetorubbq.ee\/lv\/wp-json\/wp\/v2\/media\/583"}],"wp:attachment":[{"href":"https:\/\/tammetorubbq.ee\/lv\/wp-json\/wp\/v2\/media?parent=582"}],"wp:term":[{"taxonomy":"pwb-brand","embeddable":true,"href":"https:\/\/tammetorubbq.ee\/lv\/wp-json\/wp\/v2\/pwb-brand?post=582"},{"taxonomy":"product_brand","embeddable":true,"href":"https:\/\/tammetorubbq.ee\/lv\/wp-json\/wp\/v2\/product_brand?post=582"},{"taxonomy":"product_cat","embeddable":true,"href":"https:\/\/tammetorubbq.ee\/lv\/wp-json\/wp\/v2\/product_cat?post=582"},{"taxonomy":"product_tag","embeddable":true,"href":"https:\/\/tammetorubbq.ee\/lv\/wp-json\/wp\/v2\/product_tag?post=582"}],"curies":[{"name":"wp","href":"https:\/\/api.w.org\/{rel}","templated":true}]}}