{"id":585,"date":"2023-12-04T10:23:33","date_gmt":"2023-12-04T08:23:33","guid":{"rendered":"https:\/\/tammetorubbq.ee\/?post_type=product&#038;p=585"},"modified":"2026-04-19T21:00:26","modified_gmt":"2026-04-19T18:00:26","slug":"garsvielu-maisijums-apelsinu-aromata-bbq-berz-200g","status":"publish","type":"product","link":"https:\/\/tammetorubbq.ee\/lv\/product-2\/garsvielu-maisijums-apelsinu-aromata-bbq-berz-200g\/","title":{"rendered":"Apels\u012bnu arom\u0101ta BBQ Rub 200g"},"content":{"rendered":"<p class=\"p1\">Unik\u0101ls arom\u0101ts un gar\u0161a!<\/p>\n<p class=\"p1\">Maigi pikants gar\u0161vielu mais\u012bjums ar apels\u012bnu gar\u0161u.<\/p>\n<p class=\"p1\">Unik\u0101ls gar\u0161vielu mais\u012bjums pie\u0161\u0137ir ga\u013cai zeltainu nokr\u0101su<\/p>\n<p class=\"p1\">\u0100tri ies\u016bcas ga\u013c\u0101, t\u0101p\u0113c ir nepiecie\u0161ams tikai nomain\u012bt gar\u0161vielas - \u0161\u0101d\u0101 veid\u0101 vair\u0101k sulas paliek ga\u013c\u0101, saglab\u0101jot t\u0101s dab\u012bgumu!<\/p>\n<p class=\"p1\">Ide\u0101li piem\u0113rots m\u0101jputnu ga\u013cai (tostarp p\u012bles kr\u016bti\u0146as filejai) un ribi\u0146\u0101m, k\u0101 ar\u012b lieliski piem\u0113rots c\u016bkga\u013cai un sarkanaj\u0101m ziv\u012bm (piem\u0113ram, la\u0161a filejai). Noteikti izm\u0113\u0123iniet to ar cept\u0101m ol\u0101m, fr\u012b kartupe\u013ciem, ceptiem kartupe\u013ciem un makaronu \u0113dieniem.<\/p>\n<p class=\"p1\">Sast\u0101vda\u013cas: s\u0101ls (31%), cukurs, maltodekstr\u012bns, aromatiz\u0113t\u0101ji (ieskaitot seleriju), s\u012bpoli, \u0137iploki, sinepes, paprika, kaj\u0113nas pipari, sk\u0101buma regul\u0113t\u0101js (citronsk\u0101be), pretsalipes viela (E551).<\/p>\n<p class=\"p1\">Uzglab\u0101t istabas temperat\u016br\u0101 saus\u0101 viet\u0101.<\/p>\n<p class=\"p1\">Ekskluz\u012bvi gatavots p\u0113c pas\u016bt\u012bjuma p\u0113c Enn Tobrelutsu izstr\u0101d\u0101tas receptes.<\/p>\n<p class=\"p1\">Ra\u017eots Igaunij\u0101.<\/p>\n<p class=\"p1\">Ra\u017eot\u0101js: Santa Maria AS.<\/p>","protected":false},"excerpt":{"rendered":"<p class=\"p1\">Unik\u0101ls arom\u0101ts un gar\u0161a!<\/p>\n<p class=\"p1\">Maigi pikants gar\u0161vielu mais\u012bjums ar apels\u012bnu gar\u0161u.<\/p>\n<p class=\"p1\">Unik\u0101ls gar\u0161vielu mais\u012bjums pie\u0161\u0137ir ga\u013cai zeltainu nokr\u0101su<\/p>\n<p class=\"p1\">\u0100tri ies\u016bcas ga\u013c\u0101, t\u0101p\u0113c ir nepiecie\u0161ams tikai nomain\u012bt gar\u0161vielas - \u0161\u0101d\u0101 veid\u0101 vair\u0101k sulas paliek ga\u013c\u0101, saglab\u0101jot t\u0101s dab\u012bgumu!<\/p>\n<p class=\"p1\">Ide\u0101li piem\u0113rots m\u0101jputnu ga\u013cai (tostarp p\u012bles kr\u016bti\u0146as filejai) un ribi\u0146\u0101m, k\u0101 ar\u012b lieliski piem\u0113rots c\u016bkga\u013cai un sarkanaj\u0101m ziv\u012bm (piem\u0113ram, la\u0161a filejai). Noteikti izm\u0113\u0123iniet to ar cept\u0101m ol\u0101m, fr\u012b kartupe\u013ciem, ceptiem kartupe\u013ciem un makaronu \u0113dieniem.<\/p>","protected":false},"featured_media":586,"comment_status":"open","ping_status":"closed","template":"","meta":{"_uf_show_specific_survey":0,"_uf_disable_surveys":false},"pwb-brand":[65],"product_brand":[],"product_cat":[21],"product_tag":[],"class_list":{"0":"post-585","1":"product","2":"type-product","3":"status-publish","4":"has-post-thumbnail","6":"pwb-brand-bbqentertainment","7":"product_cat-maitseainesegud","9":"first","10":"outofstock","11":"taxable","12":"shipping-taxable","13":"purchasable","14":"product-type-simple"},"brands":[{"id":65,"name":"BBQizklaide un izklaide","slug":"bbqizklaide-un-izklaide"}],"_links":{"self":[{"href":"https:\/\/tammetorubbq.ee\/lv\/wp-json\/wp\/v2\/product\/585","targetHints":{"allow":["GET"]}}],"collection":[{"href":"https:\/\/tammetorubbq.ee\/lv\/wp-json\/wp\/v2\/product"}],"about":[{"href":"https:\/\/tammetorubbq.ee\/lv\/wp-json\/wp\/v2\/types\/product"}],"replies":[{"embeddable":true,"href":"https:\/\/tammetorubbq.ee\/lv\/wp-json\/wp\/v2\/comments?post=585"}],"wp:featuredmedia":[{"embeddable":true,"href":"https:\/\/tammetorubbq.ee\/lv\/wp-json\/wp\/v2\/media\/586"}],"wp:attachment":[{"href":"https:\/\/tammetorubbq.ee\/lv\/wp-json\/wp\/v2\/media?parent=585"}],"wp:term":[{"taxonomy":"pwb-brand","embeddable":true,"href":"https:\/\/tammetorubbq.ee\/lv\/wp-json\/wp\/v2\/pwb-brand?post=585"},{"taxonomy":"product_brand","embeddable":true,"href":"https:\/\/tammetorubbq.ee\/lv\/wp-json\/wp\/v2\/product_brand?post=585"},{"taxonomy":"product_cat","embeddable":true,"href":"https:\/\/tammetorubbq.ee\/lv\/wp-json\/wp\/v2\/product_cat?post=585"},{"taxonomy":"product_tag","embeddable":true,"href":"https:\/\/tammetorubbq.ee\/lv\/wp-json\/wp\/v2\/product_tag?post=585"}],"curies":[{"name":"wp","href":"https:\/\/api.w.org\/{rel}","templated":true}]}}