{"id":5888,"date":"2026-03-11T10:21:28","date_gmt":"2026-03-11T08:21:28","guid":{"rendered":"https:\/\/tammetorubbq.ee\/?post_type=product&#038;p=5888"},"modified":"2026-04-28T06:00:03","modified_gmt":"2026-04-28T03:00:03","slug":"maldon-helvessoola-kinkekomplekt-plekk-karbis-250g","status":"publish","type":"product","link":"https:\/\/tammetorubbq.ee\/lv\/toode\/maldon-helvessoola-kinkekomplekt-plekk-karbis-250g\/","title":{"rendered":"Maldonas p\u0101rslu s\u0101ls d\u0101vanu komplekts sk\u0101rda kast\u012bt\u0113 250g"},"content":{"rendered":"<p><strong data-start=\"556\" data-end=\"572\">S\u00e4ilitamine: <\/strong>Hoida jahedas ja kuivas kohas.<\/p>\n<p>Kop\u0161 1882. gada Osbornu \u0123imenei piedero\u0161ais uz\u0146\u0113mums Maldon Salt Company Limited ra\u017eo pasaul\u0113 visaugst\u0101k nov\u0113rt\u0113tos dab\u012bgos j\u016bras s\u0101ls koktei\u013cus. Maldonas p\u0101rslu s\u0101li ir apstiprin\u0101jusi Biolo\u0123isk\u0101s p\u0101rtikas feder\u0101cija, un t\u0101 ir sertific\u0113ta k\u0101 ko\u0161era. Maldonas s\u0101\u013ci ir pieejami praktiski vis\u0101 pasaul\u0113, un tie ir absol\u016bts kvalit\u0101tes virsotn\u0113!<\/p>\n<ul>\n<li>Maldons ir piem\u0113rots ga\u013cas, zivju, j\u016bras vel\u0161u, d\u0101rze\u0146u, m\u0113r\u010du, zupu un marin\u0101\u017eu pagatavo\u0161anai. Tom\u0113r to galvenok\u0101rt izmanto, lai pie\u0161\u0137irtu \u0113dienam gal\u012bgo gar\u0161u, piem\u0113ram, kratot ga\u013cu tie\u0161i pirms \u0113\u0161anas.<\/li>\n<li>Maldonas s\u0101ls p\u0101rslas atbr\u012bvo savu s\u0101\u013cumu ar nedaudz saldu piesk\u0101rienu un pie\u0161\u0137ir \u0113dienam v\u0113l vienu gardu tekst\u016bras sl\u0101ni un mut\u0113 k\u016bsto\u0161u krauk\u0161\u0137\u012bgumu.<\/li>\n<li>Maldonas maigaj\u0101m, krauk\u0161\u0137\u012bgaj\u0101m, br\u012bni\u0161\u0137\u012bgi pl\u0101naj\u0101m s\u0101ls p\u0101rsl\u0101m piem\u012bt svaiga intensit\u0101te un t\u012bra gar\u0161a, kas satur ide\u0101lu dab\u012bgo miner\u0101lvielu l\u012bdzsvaru, lai uzlabotu jebkuru \u0113dienu!<\/li>\n<li>Lietojot Maldonas p\u0101rslu s\u0101li, j\u016bs pat\u0113r\u0113siet maz\u0101k s\u0101ls nek\u0101 citk\u0101rt, jo p\u0101rslas ir \u013coti pl\u0101nas un t\u0101s pievieno ga\u013cai galvenok\u0101rt p\u0113c cep\u0161anas\/grauzd\u0113\u0161anas (tie\u0161i pirms \u0113\u0161anas), t\u0101p\u0113c s\u0101ls daudzums parasti ir daudz maz\u0101ks. S\u0101ls krauk\u0161\u0137\u012bgums mut\u0113 atver ar\u012b m\u016bsu gar\u0161as k\u0101rpi\u0146as un padara ga\u013cu (\u0113dienu) daudz gar\u0161\u012bg\u0101ku.<\/li>\n<\/ul>\n<p>Ar\u012b Igaunij\u0101 arvien popul\u0101r\u0101ka k\u013c\u016bst Maldona s\u0101\u013cu izmanto\u0161ana.<\/p>","protected":false},"excerpt":{"rendered":"<h5><strong>Kinkige erakordne maitseelamus!<\/strong><\/h5>\n<p>\u00dcle sajandi pikkuse k\u00e4sit\u00f6\u00f6traditsiooniga Maldon Sea Salt on kvaliteedi ja maitse puhtuse s\u00fcmbol, mida kasutavad tippkokad \u00fcle maailma. See kinkekomplekt on praktiline kingitus neile, kes hindavad head toitu ja kvaliteetseid koostisosi.<\/p>\n<p>Maldon Sea Salt helbed\u00a0on oma tuntud p\u00fcramiidse kujuga, looduslikult mineraalirikkad ja kergesti murenevad. Helbed lahustuvad kiiresti ja \u00fchtlaselt. Need sobivad ideaalselt nii toidu viimistlemiseks kui serveerimisel lisamiseks.<\/p>\n<p data-start=\"600\" data-end=\"616\"><strong data-start=\"600\" data-end=\"614\">Pieg\u0101d\u0101<\/strong><\/p>\n<ul>\n<li data-start=\"619\" data-end=\"664\">1 \u00d7 Maldon Sea Salt Original plekk-karp<\/li>\n<li data-start=\"667\" data-end=\"723\">1 \u00d7 Maldon Sea Salt helbelise meresoola karp 250 g<\/li>\n<\/ul>\n<p data-start=\"725\" data-end=\"908\">Sobib liha, kala, k\u00f6\u00f6giviljade, salatite ja magustoitude maitsestamiseks. T\u00e4nu oma \u00f5rnale tekstuurile on Maldoni helvessool ka ideaalne serveerimisel viimistluseks.<\/p>\n<p data-start=\"725\" data-end=\"908\">\n<p><img loading=\"lazy\" decoding=\"async\" class=\"size-medium wp-image-1589\" src=\"https:\/\/tammetorubbq.ee\/wp-content\/uploads\/2024\/04\/Maldon-salt-logo-300x225.png\" alt=\"Maldona s\u0101ls\" width=\"300\" height=\"225\" srcset=\"https:\/\/tammetorubbq.ee\/wp-content\/uploads\/2024\/04\/Maldon-salt-logo-300x225.png 300w, https:\/\/tammetorubbq.ee\/wp-content\/uploads\/2024\/04\/Maldon-salt-logo-16x12.png 16w, https:\/\/tammetorubbq.ee\/wp-content\/uploads\/2024\/04\/Maldon-salt-logo-64x48.png 64w, https:\/\/tammetorubbq.ee\/wp-content\/uploads\/2024\/04\/Maldon-salt-logo.png 600w\" sizes=\"auto, (max-width: 300px) 100vw, 300px\" \/><\/p>\n<p>&nbsp;<\/p>","protected":false},"featured_media":5889,"comment_status":"closed","ping_status":"closed","template":"","meta":{"_uf_show_specific_survey":0,"_uf_disable_surveys":false},"pwb-brand":[91],"product_brand":[],"product_cat":[90],"product_tag":[311,237],"class_list":{"0":"post-5888","1":"product","2":"type-product","3":"status-publish","4":"has-post-thumbnail","6":"pwb-brand-maldon","7":"product_cat-soolad","8":"product_tag-maldon","9":"product_tag-meresool","11":"first","12":"instock","13":"taxable","14":"shipping-taxable","15":"purchasable","16":"product-type-simple"},"brands":[{"id":91,"name":"Maldona","slug":"maldon"}],"_links":{"self":[{"href":"https:\/\/tammetorubbq.ee\/lv\/wp-json\/wp\/v2\/product\/5888","targetHints":{"allow":["GET"]}}],"collection":[{"href":"https:\/\/tammetorubbq.ee\/lv\/wp-json\/wp\/v2\/product"}],"about":[{"href":"https:\/\/tammetorubbq.ee\/lv\/wp-json\/wp\/v2\/types\/product"}],"replies":[{"embeddable":true,"href":"https:\/\/tammetorubbq.ee\/lv\/wp-json\/wp\/v2\/comments?post=5888"}],"wp:featuredmedia":[{"embeddable":true,"href":"https:\/\/tammetorubbq.ee\/lv\/wp-json\/wp\/v2\/media\/5889"}],"wp:attachment":[{"href":"https:\/\/tammetorubbq.ee\/lv\/wp-json\/wp\/v2\/media?parent=5888"}],"wp:term":[{"taxonomy":"pwb-brand","embeddable":true,"href":"https:\/\/tammetorubbq.ee\/lv\/wp-json\/wp\/v2\/pwb-brand?post=5888"},{"taxonomy":"product_brand","embeddable":true,"href":"https:\/\/tammetorubbq.ee\/lv\/wp-json\/wp\/v2\/product_brand?post=5888"},{"taxonomy":"product_cat","embeddable":true,"href":"https:\/\/tammetorubbq.ee\/lv\/wp-json\/wp\/v2\/product_cat?post=5888"},{"taxonomy":"product_tag","embeddable":true,"href":"https:\/\/tammetorubbq.ee\/lv\/wp-json\/wp\/v2\/product_tag?post=5888"}],"curies":[{"name":"wp","href":"https:\/\/api.w.org\/{rel}","templated":true}]}}