{"id":5894,"date":"2026-03-11T11:10:46","date_gmt":"2026-03-11T09:10:46","guid":{"rendered":"https:\/\/tammetorubbq.ee\/?post_type=product&#038;p=5894"},"modified":"2026-04-28T08:00:03","modified_gmt":"2026-04-28T05:00:03","slug":"stokes-vahendatud-suhkrusisaldusega-tomatiketsup-475g","status":"publish","type":"product","link":"https:\/\/tammetorubbq.ee\/lv\/toode\/stokes-vahendatud-suhkrusisaldusega-tomatiketsup-475g\/","title":{"rendered":"Stokes v\u00e4hendatud suhkrusisaldusega tomatiket\u0161up 475g"},"content":{"rendered":"<p data-start=\"0\" data-end=\"31\"><strong data-start=\"0\" data-end=\"31\">Koostisosad: <\/strong>tomatid (212 g tomateid 100 g ket\u0161upi kohta), rafineerimata toor-roosuhkur, piiritus\u00e4\u00e4dikas, maisit\u00e4rklis, meresool, k\u00fc\u00fcslaugupulber, sibulapulber, s\u00e4ilitusaine: sorbiinhape, maitseaine (sool, v\u00fcrtsiekstraktid [sisaldab sellerit], sibulaekstrakt).<\/p>\n<p data-start=\"0\" data-end=\"31\">\n<div class=\"flex max-w-full flex-col gap-4 grow\">\n<div class=\"min-h-8 text-message relative flex w-full flex-col items-end gap-2 text-start break-words whitespace-normal [.text-message+&amp;]:mt-1\" dir=\"auto\" data-message-author-role=\"assistant\" data-message-id=\"b912aa45-8a9d-4d77-a2f9-4f7f77ed8841\" data-message-model-slug=\"gpt-5-mini\">\n<div class=\"flex w-full flex-col gap-1 empty:hidden\">\n<div class=\"markdown prose dark:prose-invert w-full wrap-break-word light markdown-new-styling\">\n<p data-start=\"0\" data-end=\"53\"><strong data-start=\"0\" data-end=\"51\">Toitev\u00e4\u00e4rtus 100 g kohta (keskmised v\u00e4\u00e4rtused):<\/strong><\/p>\n<ul data-start=\"55\" data-end=\"225\" data-is-last-node=\"\" data-is-only-node=\"\">\n<li data-section-id=\"1kgi707\" data-start=\"55\" data-end=\"84\">\n<p data-start=\"57\" data-end=\"84\">Energia: 80 kcal \/ 342 kJ<\/p>\n<\/li>\n<li data-section-id=\"1l133w7\" data-start=\"85\" data-end=\"140\">\n<p data-start=\"87\" data-end=\"100\">Rasv: 0,0 g<\/p>\n<ul data-start=\"103\" data-end=\"140\">\n<li data-section-id=\"xcv87r\" data-start=\"103\" data-end=\"140\">\n<p data-start=\"105\" data-end=\"140\">millest k\u00fcllastunud rasvad: 0,0 g<\/p>\n<\/li>\n<\/ul>\n<\/li>\n<li data-section-id=\"1wsdypa\" data-start=\"141\" data-end=\"193\">\n<p data-start=\"143\" data-end=\"164\">S\u00fcsivesikud: 17,0 g<\/p>\n<ul data-start=\"167\" data-end=\"193\">\n<li data-section-id=\"1jgh1e0\" data-start=\"167\" data-end=\"193\">\n<p data-start=\"169\" data-end=\"193\">millest suhkur: 14,0 g<\/p>\n<\/li>\n<\/ul>\n<\/li>\n<li data-section-id=\"s2oth8\" data-start=\"194\" data-end=\"211\">\n<p data-start=\"196\" data-end=\"211\">Valgud: 1,9 g<\/p>\n<\/li>\n<li data-section-id=\"1nhebeo\" data-start=\"212\" data-end=\"225\" data-is-last-node=\"\">\n<p data-start=\"214\" data-end=\"225\" data-is-last-node=\"\">Sool: 1,7 g<\/p>\n<\/li>\n<\/ul>\n<\/div>\n<\/div>\n<\/div>\n<\/div>\n<div class=\"z-0 flex min-h-[46px] justify-start\"><\/div>\n<div class=\"mt-3 w-full empty:hidden\">\n<div class=\"text-center\">\n<div class=\"inline-flex border border-gray-100 dark:border-gray-700 rounded-xl\">\n<div class=\"text-token-text-secondary flex items-center justify-center gap-4 px-4 py-2.5 text-sm whitespace-nowrap\">\n<p data-start=\"0\" data-end=\"18\"><strong data-start=\"0\" data-end=\"16\">S\u00e4ilitamine: <\/strong>hoida jahedas kohas, eemal otsesest p\u00e4ikesevalgusest. P\u00e4rast avamist hoida k\u00fclmkapis ja tarbida 6 n\u00e4dala jooksul ning kindlasti enne s\u00e4ilivusaega.<\/p>\n<p data-start=\"0\" data-end=\"18\">\n<h5 data-start=\"0\" data-end=\"18\"><strong data-start=\"35\" data-end=\"84\">Stokes \u2013 aus maitse, ehtsatest koostisosadest!<\/strong><\/h5>\n<\/div>\n<p data-start=\"86\" data-end=\"416\">Stokes on Suurbritannia pereettev\u00f5te, mis on tuntud oma kvaliteetsete kastmete ja maitseainete poolest. Nende toodete keskmes on ehtsad koostisosad, rikkalikud retseptid ja k\u00e4sit\u00f6\u00f6na valminud kvaliteet. Igas purgis ja pudelis on tunda p\u00fchendumust \u2013 olgu tegu ket\u0161upi, majoneesi, BBQ-kastme, chutney, moosi v\u00f5i kreemja m\u00e4dar\u00f5ikaga.<\/p>\n<p data-start=\"418\" data-end=\"702\">Stokes ei kasuta kiirmeetodeid ega l\u00fchendatud teid. Tomatiket\u0161upid sisaldavad rohkem tomateid kui enamik konkurente. Kastmetes on kasutatud ehtsat mett, r\u00f5\u00f5ska koort, v\u00fcrtside naturaalseid ekstrakte ja muid kvaliteetseid komponente, mis loovad tasakaalustatud, puhta ja koduse maitse.<\/p>\n<p data-start=\"704\" data-end=\"908\">Valikust leiab lisaks klassikalistele tomatiket\u0161upitele ka suitsuse chipotle ket\u0161upi, erinevad BBQ-kastmed, t\u00e4idlase majoneesi, mitmed chutney\u2019d, puuviljased moosid ja elegantsed lisandid igap\u00e4evatoidule.<\/p>\n<p data-start=\"1003\" data-end=\"1074\" data-is-only-node=\"\" data-is-last-node=\"\"><strong data-start=\"1003\" data-end=\"1019\">P\u00e4ritolumaa:<\/strong>\u00a0\u00dchendkuningriik<\/p>\n<\/div>\n<\/div>\n<\/div>\n","protected":false},"excerpt":{"rendered":"<p data-start=\"0\" data-end=\"220\">Stokes <strong>v\u00e4hendatud suhkrusisaldusega tomatiket\u0161up<\/strong> on valmistatud Vahemere piirkonna k\u00fcpsetest tomatitest, millele on lisatud v\u00fcrtse. Maitserikas ja v\u00e4rvik\u00fcllane ket\u0161up sobib h\u00e4sti erinevate roogade k\u00f5rvale.<\/p>\n<p data-start=\"222\" data-end=\"451\" data-is-last-node=\"\" data-is-only-node=\"\">Ideaalne kala ja friikartulite, verivorstide ja kartulipudru ning loomulikult ka suurep\u00e4rase briti hommikus\u00f6\u00f6gi k\u00f5rvale. Samuti fantastiline koostisosa sinu lemmikretseptidesse, n\u00e4iteks Shepherd\u2019s Pie\u2019i v\u00f5i Spaghetti Bolognese\u2019i.<\/p>\n<p data-start=\"222\" data-end=\"451\" data-is-last-node=\"\" data-is-only-node=\"\">Sobib taimetoitlastele, veganitele, laktoositalumatusega inimestele ja gluteenivabaks dieediks.<\/p>\n<h5 data-start=\"0\" data-end=\"220\">Kui hindad maitset, mis on korraga aus, lihtne ja l\u00e4bim\u00f5eldud, siis Stokes on kindel valik!<\/h5>\n<p data-start=\"222\" data-end=\"451\" data-is-last-node=\"\" data-is-only-node=\"\"><img loading=\"lazy\" decoding=\"async\" class=\"alignnone  wp-image-1551\" src=\"https:\/\/tammetorubbq.ee\/wp-content\/uploads\/2023\/12\/stokes-logo-vector-1.png\" alt=\"\" width=\"231\" height=\"128\" srcset=\"https:\/\/tammetorubbq.ee\/wp-content\/uploads\/2023\/12\/stokes-logo-vector-1.png 300w, https:\/\/tammetorubbq.ee\/wp-content\/uploads\/2023\/12\/stokes-logo-vector-1-18x10.png 18w, https:\/\/tammetorubbq.ee\/wp-content\/uploads\/2023\/12\/stokes-logo-vector-1-64x35.png 64w\" sizes=\"auto, (max-width: 231px) 100vw, 231px\" \/><\/p>","protected":false},"featured_media":5895,"comment_status":"closed","ping_status":"closed","template":"","meta":{"_uf_show_specific_survey":0,"_uf_disable_surveys":false},"pwb-brand":[89],"product_brand":[],"product_cat":[22],"product_tag":[333,334],"class_list":{"0":"post-5894","1":"product","2":"type-product","3":"status-publish","4":"has-post-thumbnail","6":"pwb-brand-stokes","7":"product_cat-kastmed-ja-marinaadid","8":"product_tag-stokes","9":"product_tag-tomatiketsup","11":"first","12":"instock","13":"taxable","14":"shipping-taxable","15":"purchasable","16":"product-type-simple"},"brands":[{"id":89,"name":"Stokes","slug":"stokes"}],"_links":{"self":[{"href":"https:\/\/tammetorubbq.ee\/lv\/wp-json\/wp\/v2\/product\/5894","targetHints":{"allow":["GET"]}}],"collection":[{"href":"https:\/\/tammetorubbq.ee\/lv\/wp-json\/wp\/v2\/product"}],"about":[{"href":"https:\/\/tammetorubbq.ee\/lv\/wp-json\/wp\/v2\/types\/product"}],"replies":[{"embeddable":true,"href":"https:\/\/tammetorubbq.ee\/lv\/wp-json\/wp\/v2\/comments?post=5894"}],"wp:featuredmedia":[{"embeddable":true,"href":"https:\/\/tammetorubbq.ee\/lv\/wp-json\/wp\/v2\/media\/5895"}],"wp:attachment":[{"href":"https:\/\/tammetorubbq.ee\/lv\/wp-json\/wp\/v2\/media?parent=5894"}],"wp:term":[{"taxonomy":"pwb-brand","embeddable":true,"href":"https:\/\/tammetorubbq.ee\/lv\/wp-json\/wp\/v2\/pwb-brand?post=5894"},{"taxonomy":"product_brand","embeddable":true,"href":"https:\/\/tammetorubbq.ee\/lv\/wp-json\/wp\/v2\/product_brand?post=5894"},{"taxonomy":"product_cat","embeddable":true,"href":"https:\/\/tammetorubbq.ee\/lv\/wp-json\/wp\/v2\/product_cat?post=5894"},{"taxonomy":"product_tag","embeddable":true,"href":"https:\/\/tammetorubbq.ee\/lv\/wp-json\/wp\/v2\/product_tag?post=5894"}],"curies":[{"name":"wp","href":"https:\/\/api.w.org\/{rel}","templated":true}]}}