{"id":594,"date":"2023-12-04T10:31:17","date_gmt":"2023-12-04T08:31:17","guid":{"rendered":"https:\/\/tammetorubbq.ee\/?post_type=product&#038;p=594"},"modified":"2026-04-18T11:00:53","modified_gmt":"2026-04-18T08:00:53","slug":"garsvielu-maisijums-piri-piri-bbq-rub-200g","status":"publish","type":"product","link":"https:\/\/tammetorubbq.ee\/lv\/product-2\/garsvielu-maisijums-piri-piri-bbq-rub-200g\/","title":{"rendered":"Piri-Piri BBQ Rub 200g"},"content":{"rendered":"<p class=\"p2\">\u012apa\u0161i gar\u0161\u012bgs, nedaudz pikants piri-piri gar\u0161vielu mais\u012bjums.<\/p>\n<p class=\"p2\">Unik\u0101ls arom\u0101ts un gar\u0161a!<\/p>\n<p class=\"p2\">Ide\u0101li piem\u0113rots maltai ga\u013cai, burgeriem, c\u016bkga\u013cai, vistas ga\u013cai, liellopu ga\u013cai, k\u0101 ar\u012b j\u016bras velt\u0113m (tostarp garnel\u0113m) u. c.<\/p>\n<p class=\"p2\">Ekskluz\u012bvi ra\u017eots Apvienotaj\u0101 Karalist\u0113 p\u0113c \u012bpa\u0161as Enn Tobrelutsu izstr\u0101d\u0101tas receptes.<\/p>\n<p class=\"p2\"><b>Sast\u0101vs<\/b>: S\u0101ls, r\u012bvmaize (NISU), sarkanie pipari, gar\u0161vielas (paprika, \u010dilli), s\u012bpolu pulveris, \u0137iploku pulveris, citronu sulas pulveris, gar\u0161vielu ekstrakti, rauga ekstrakti, grauzd\u0113tu s\u012bpolu ekstrakts.<\/p>\n<p class=\"p2\">Alerg\u0113ni: NISU<\/p>","protected":false},"excerpt":{"rendered":"<p class=\"p2\">\u012apa\u0161i gar\u0161\u012bgs, nedaudz pikants piri-piri gar\u0161vielu mais\u012bjums.<\/p>\n<p class=\"p2\">Unik\u0101ls arom\u0101ts un gar\u0161a!<\/p>\n<p class=\"p2\">Ide\u0101li piem\u0113rots maltai ga\u013cai, burgeriem, c\u016bkga\u013cai, vistas ga\u013cai, liellopu ga\u013cai, k\u0101 ar\u012b j\u016bras velt\u0113m (tostarp garnel\u0113m) u. c.<\/p>\n<p class=\"p2\">Ekskluz\u012bvi ra\u017eots Apvienotaj\u0101 Karalist\u0113 p\u0113c \u012bpa\u0161as Enn Tobrelutsu izstr\u0101d\u0101tas receptes.<\/p>\n<p>&nbsp;<\/p>\n<p><img loading=\"lazy\" decoding=\"async\" class=\"size-medium wp-image-3475\" src=\"https:\/\/tammetorubbq.ee\/wp-content\/uploads\/2025\/07\/BBQ-Entertainment-N-Catering-Enn-Tobreluts-Logo-300x127.png\" alt=\"BBQ izklaide\" width=\"300\" height=\"127\" srcset=\"https:\/\/tammetorubbq.ee\/wp-content\/uploads\/2025\/07\/BBQ-Entertainment-N-Catering-Enn-Tobreluts-Logo-300x127.png 300w, https:\/\/tammetorubbq.ee\/wp-content\/uploads\/2025\/07\/BBQ-Entertainment-N-Catering-Enn-Tobreluts-Logo-18x8.png 18w, https:\/\/tammetorubbq.ee\/wp-content\/uploads\/2025\/07\/BBQ-Entertainment-N-Catering-Enn-Tobreluts-Logo-600x254.png 600w, https:\/\/tammetorubbq.ee\/wp-content\/uploads\/2025\/07\/BBQ-Entertainment-N-Catering-Enn-Tobreluts-Logo-64x27.png 64w, https:\/\/tammetorubbq.ee\/wp-content\/uploads\/2025\/07\/BBQ-Entertainment-N-Catering-Enn-Tobreluts-Logo.png 628w\" sizes=\"auto, (max-width: 300px) 100vw, 300px\" \/><\/p>","protected":false},"featured_media":597,"comment_status":"open","ping_status":"closed","template":"","meta":{"_uf_show_specific_survey":0,"_uf_disable_surveys":false},"pwb-brand":[183],"product_brand":[],"product_cat":[21],"product_tag":[280,118,120,114,119],"class_list":{"0":"post-594","1":"product","2":"type-product","3":"status-publish","4":"has-post-thumbnail","6":"pwb-brand-bbq-entertainment","7":"product_cat-maitseainesegud","8":"product_tag-enn-tobreluts","9":"product_tag-kanaliha","10":"product_tag-mereannid","11":"product_tag-sealiha","12":"product_tag-veiseliha","14":"first","15":"instock","16":"taxable","17":"shipping-taxable","18":"purchasable","19":"product-type-simple"},"brands":[{"id":183,"name":"BBQ izklaide","slug":"bbq-entertainment"}],"_links":{"self":[{"href":"https:\/\/tammetorubbq.ee\/lv\/wp-json\/wp\/v2\/product\/594","targetHints":{"allow":["GET"]}}],"collection":[{"href":"https:\/\/tammetorubbq.ee\/lv\/wp-json\/wp\/v2\/product"}],"about":[{"href":"https:\/\/tammetorubbq.ee\/lv\/wp-json\/wp\/v2\/types\/product"}],"replies":[{"embeddable":true,"href":"https:\/\/tammetorubbq.ee\/lv\/wp-json\/wp\/v2\/comments?post=594"}],"wp:featuredmedia":[{"embeddable":true,"href":"https:\/\/tammetorubbq.ee\/lv\/wp-json\/wp\/v2\/media\/597"}],"wp:attachment":[{"href":"https:\/\/tammetorubbq.ee\/lv\/wp-json\/wp\/v2\/media?parent=594"}],"wp:term":[{"taxonomy":"pwb-brand","embeddable":true,"href":"https:\/\/tammetorubbq.ee\/lv\/wp-json\/wp\/v2\/pwb-brand?post=594"},{"taxonomy":"product_brand","embeddable":true,"href":"https:\/\/tammetorubbq.ee\/lv\/wp-json\/wp\/v2\/product_brand?post=594"},{"taxonomy":"product_cat","embeddable":true,"href":"https:\/\/tammetorubbq.ee\/lv\/wp-json\/wp\/v2\/product_cat?post=594"},{"taxonomy":"product_tag","embeddable":true,"href":"https:\/\/tammetorubbq.ee\/lv\/wp-json\/wp\/v2\/product_tag?post=594"}],"curies":[{"name":"wp","href":"https:\/\/api.w.org\/{rel}","templated":true}]}}