{"id":602,"date":"2023-12-04T10:40:12","date_gmt":"2023-12-04T08:40:12","guid":{"rendered":"https:\/\/tammetorubbq.ee\/?post_type=product&#038;p=602"},"modified":"2026-04-19T23:00:38","modified_gmt":"2026-04-19T20:00:38","slug":"garsvielu-maisijums-classic-bbq-rub-200g","status":"publish","type":"product","link":"https:\/\/tammetorubbq.ee\/lv\/product-2\/garsvielu-maisijums-classic-bbq-rub-200g\/","title":{"rendered":"Classic BBQ Rub 200g"},"content":{"rendered":"<p class=\"p1\">Unik\u0101ls arom\u0101ts un gar\u0161a!<\/p>\n<p class=\"p1\">Maigi pikants klasiskais BBQ gar\u0161vielu mais\u012bjums<\/p>\n<p class=\"p1\">Ide\u0101li piem\u0113rots c\u016bkga\u013cai (jo \u012bpa\u0161i ribi\u0146\u0101m, plecu da\u013cai, kaklam) un ar\u012b citai ga\u013cai.<\/p>\n<p class=\"p1\">Klasiskais BBQ RUB ir laba izv\u0113le ikvienam grila meistaram. Vislab\u0101ko c\u016bkga\u013cu pagatavosiet, to gar\u0161ojot ar \u0161o gar\u0161vielu.<\/p>\n<p class=\"p1\">Pietiek ar gar\u0161viel\u0101m, bet biez\u0101ku ga\u013cu nepiecie\u0161ams gatavot uz l\u0113nas uguns, lai ga\u013ca m\u012bkstin\u0101tos un v\u0101r\u012b\u0161anas laik\u0101 ga\u013c\u0101 ies\u016bktos arom\u0101ts.<\/p>\n<p class=\"p1\">Ja v\u0113laties, gar\u0161ojot ar BBQ RUB, ga\u013cai varat pievienot ar\u012b nedaudz kvalitat\u012bvas auksti spiestas ol\u012bve\u013c\u013cas. Lai sasniegtu v\u0113lamo rezult\u0101tu, berz\u0113jumu var ar\u012b sajaukt ar cit\u0101m da\u017e\u0101d\u0101m gar\u0161viel\u0101m.<\/p>\n<p class=\"p1\">Sast\u0101vda\u013cas: s\u0101ls (31%), cukurs, \u017e\u0101v\u0113ts glikozes s\u012brups, aromatiz\u0113t\u0101ji (satur sinepes), s\u012bpolu pulveris, \u0137iploku granulas, sk\u0101buma regulators E330 vai citronsk\u0101be, gar\u0161vielu ekstrakts (selerijas).<\/p>\n<p class=\"p1\">Uzglab\u0101t istabas temperat\u016br\u0101 saus\u0101 viet\u0101.<\/p>\n<p class=\"p1\">Ekskluz\u012bvi ra\u017eots Apvienotaj\u0101 Karalist\u0113 p\u0113c \u012bpa\u0161as Enn Tobrelutsu izstr\u0101d\u0101tas receptes.<\/p>","protected":false},"excerpt":{"rendered":"<p class=\"p1\">Unik\u0101ls arom\u0101ts un gar\u0161a!<\/p>\n<p class=\"p1\">Maigi pikants klasiskais BBQ gar\u0161vielu mais\u012bjums<\/p>\n<p class=\"p1\">Ide\u0101li piem\u0113rots c\u016bkga\u013cai (jo \u012bpa\u0161i ribi\u0146\u0101m, plecu da\u013cai, kaklam) un ar\u012b citai ga\u013cai.<\/p>\n<p class=\"p1\">Klasiskais BBQ RUB ir laba izv\u0113le ikvienam grila meistaram. Vislab\u0101ko c\u016bkga\u013cu pagatavosiet, to gar\u0161ojot ar \u0161o gar\u0161vielu.<\/p>\n<p>&nbsp;<\/p>\n<p><img loading=\"lazy\" decoding=\"async\" class=\"alignnone  wp-image-650\" src=\"https:\/\/tammetorubbq.ee\/wp-content\/uploads\/2023\/11\/BBQ-Entertainment-N-Catering-Enn-Tobreluts-Logo-300x127.png\" alt=\"bbqentertainment logo\" width=\"267\" height=\"113\" srcset=\"https:\/\/tammetorubbq.ee\/wp-content\/uploads\/2023\/11\/BBQ-Entertainment-N-Catering-Enn-Tobreluts-Logo-300x127.png 300w, https:\/\/tammetorubbq.ee\/wp-content\/uploads\/2023\/11\/BBQ-Entertainment-N-Catering-Enn-Tobreluts-Logo-18x8.png 18w, https:\/\/tammetorubbq.ee\/wp-content\/uploads\/2023\/11\/BBQ-Entertainment-N-Catering-Enn-Tobreluts-Logo-600x254.png 600w, https:\/\/tammetorubbq.ee\/wp-content\/uploads\/2023\/11\/BBQ-Entertainment-N-Catering-Enn-Tobreluts-Logo-64x27.png 64w, https:\/\/tammetorubbq.ee\/wp-content\/uploads\/2023\/11\/BBQ-Entertainment-N-Catering-Enn-Tobreluts-Logo.png 628w\" sizes=\"auto, (max-width: 267px) 100vw, 267px\" \/><\/p>","protected":false},"featured_media":606,"comment_status":"open","ping_status":"closed","template":"","meta":{"_uf_show_specific_survey":0,"_uf_disable_surveys":false},"pwb-brand":[183],"product_brand":[],"product_cat":[21],"product_tag":[280,166,114,122],"class_list":{"0":"post-602","1":"product","2":"type-product","3":"status-publish","4":"has-post-thumbnail","6":"pwb-brand-bbq-entertainment","7":"product_cat-maitseainesegud","8":"product_tag-enn-tobreluts","9":"product_tag-rebitudliha","10":"product_tag-sealiha","11":"product_tag-searibi","13":"first","14":"instock","15":"taxable","16":"shipping-taxable","17":"purchasable","18":"product-type-simple"},"brands":[{"id":183,"name":"BBQ izklaide","slug":"bbq-entertainment"}],"_links":{"self":[{"href":"https:\/\/tammetorubbq.ee\/lv\/wp-json\/wp\/v2\/product\/602","targetHints":{"allow":["GET"]}}],"collection":[{"href":"https:\/\/tammetorubbq.ee\/lv\/wp-json\/wp\/v2\/product"}],"about":[{"href":"https:\/\/tammetorubbq.ee\/lv\/wp-json\/wp\/v2\/types\/product"}],"replies":[{"embeddable":true,"href":"https:\/\/tammetorubbq.ee\/lv\/wp-json\/wp\/v2\/comments?post=602"}],"wp:featuredmedia":[{"embeddable":true,"href":"https:\/\/tammetorubbq.ee\/lv\/wp-json\/wp\/v2\/media\/606"}],"wp:attachment":[{"href":"https:\/\/tammetorubbq.ee\/lv\/wp-json\/wp\/v2\/media?parent=602"}],"wp:term":[{"taxonomy":"pwb-brand","embeddable":true,"href":"https:\/\/tammetorubbq.ee\/lv\/wp-json\/wp\/v2\/pwb-brand?post=602"},{"taxonomy":"product_brand","embeddable":true,"href":"https:\/\/tammetorubbq.ee\/lv\/wp-json\/wp\/v2\/product_brand?post=602"},{"taxonomy":"product_cat","embeddable":true,"href":"https:\/\/tammetorubbq.ee\/lv\/wp-json\/wp\/v2\/product_cat?post=602"},{"taxonomy":"product_tag","embeddable":true,"href":"https:\/\/tammetorubbq.ee\/lv\/wp-json\/wp\/v2\/product_tag?post=602"}],"curies":[{"name":"wp","href":"https:\/\/api.w.org\/{rel}","templated":true}]}}