{"id":6120,"date":"2026-03-19T13:35:27","date_gmt":"2026-03-19T11:35:27","guid":{"rendered":"https:\/\/tammetorubbq.ee\/?post_type=product&#038;p=6120"},"modified":"2026-05-06T17:00:14","modified_gmt":"2026-05-06T14:00:14","slug":"gmg-ledge-prime2-0-wifi-pelletgrill","status":"publish","type":"product","link":"https:\/\/tammetorubbq.ee\/lv\/toode\/gmg-ledge-prime2-0-wifi-pelletgrill\/","title":{"rendered":"GMG LEDGE Prime\u21222.0 WiFi pelletgrill"},"content":{"rendered":"<h6 data-start=\"65\" data-end=\"122\"><strong data-start=\"65\" data-end=\"120\">Tehnilised andmed ja omadused<\/strong><\/h6>\n<ul data-start=\"124\" data-end=\"1545\">\n<li data-section-id=\"162d76u\" data-start=\"124\" data-end=\"193\">\n<p data-start=\"126\" data-end=\"193\">Automaatne temperatuuri j\u00e4lgimine ja hoidmine vahemikus 65\u2013260\u202f\u00b0C<\/p>\n<\/li>\n<li data-section-id=\"6bukgg\" data-start=\"194\" data-end=\"253\">\n<p data-start=\"196\" data-end=\"253\">T\u00f6\u00f6kindel tiguajam pelletite automaatseks etteandmiseks<\/p>\n<\/li>\n<li data-section-id=\"1fkyr7x\" data-start=\"254\" data-end=\"334\">\n<p data-start=\"256\" data-end=\"334\">12\u202fV voolupinge v\u00f5imaldab grilli toita akupanga v\u00f5i v\u00e4iksema p\u00e4iksepaneeliga<\/p>\n<\/li>\n<li data-section-id=\"82vcvn\" data-start=\"335\" data-end=\"382\">\n<p data-start=\"337\" data-end=\"382\">V\u00f5imalik \u00fchendada ka tavapistikusse (220\u202fV)<\/p>\n<\/li>\n<li data-section-id=\"19rto4e\" data-start=\"383\" data-end=\"460\">\n<p data-start=\"385\" data-end=\"460\">Voolutarve: esimesed kolm minutit 100\u202fW, \u00fclej\u00e4\u00e4nud grillimise ajal 16,6\u202fW<\/p>\n<\/li>\n<li data-section-id=\"9lyiq0\" data-start=\"461\" data-end=\"564\">\n<p data-start=\"463\" data-end=\"564\">Selge ja arusaadav juhtpult, mis n\u00e4itab hetketemperatuuri ja nupule vajutades liha sisetemperatuuri<\/p>\n<\/li>\n<li data-section-id=\"zxpdcf\" data-start=\"565\" data-end=\"619\">\n<p data-start=\"567\" data-end=\"619\">Komplektis kaks sondi sisetemperatuuri j\u00e4lgimiseks<\/p>\n<\/li>\n<li data-section-id=\"1d8fwe0\" data-start=\"620\" data-end=\"632\">\n<p data-start=\"622\" data-end=\"632\">USB-port<\/p>\n<\/li>\n<li data-section-id=\"h67sx2\" data-start=\"633\" data-end=\"805\">\n<p data-start=\"635\" data-end=\"805\">RACKT\u2122 kohaldatav riiulis\u00fcsteem, v\u00f5imaldab lisariiuleid lisada ja eemaldada vastavalt vajadusele (lisavarustusena saadaval riiulrest, ribialus v\u00f5i roostevaba r\u00f6stialus)<\/p>\n<\/li>\n<li data-section-id=\"om4jya\" data-start=\"806\" data-end=\"835\">\n<p data-start=\"808\" data-end=\"835\">Keskelt pooleks k\u00e4iv rest<\/p>\n<\/li>\n<li data-section-id=\"174bq6y\" data-start=\"836\" data-end=\"895\">\n<p data-start=\"838\" data-end=\"895\">K\u00fcljel konksud tarvikute paigutamiseks v\u00f5i riputamiseks<\/p>\n<\/li>\n<li data-section-id=\"1fbsrs7\" data-start=\"896\" data-end=\"1011\">\n<p data-start=\"898\" data-end=\"1011\">Spetsiaalne v\u00e4lisklapiga puhastuskanal k\u00fcttekolde tuha eemaldamiseks tuhaimuriga, ilma grilliplaate eemaldamata<\/p>\n<\/li>\n<li data-section-id=\"1g078dl\" data-start=\"1012\" data-end=\"1070\">\n<p data-start=\"1014\" data-end=\"1070\">Pelletianuma tagak\u00fcljel luuk pelletite v\u00e4ljalaskmiseks<\/p>\n<\/li>\n<li data-section-id=\"19bd89b\" data-start=\"1071\" data-end=\"1122\">\n<p data-start=\"1073\" data-end=\"1122\">Aken pelletianumal pelletite taseme j\u00e4lgimiseks<\/p>\n<\/li>\n<li data-section-id=\"1ic429i\" data-start=\"1123\" data-end=\"1178\">\n<p data-start=\"1125\" data-end=\"1178\">Aken kaanel toidu valmimise visuaalseks j\u00e4lgimiseks<\/p>\n<\/li>\n<li data-section-id=\"1w7ikz\" data-start=\"1179\" data-end=\"1238\">\n<p data-start=\"1181\" data-end=\"1238\">K\u00fcpsetuskambri sisemine valgustus \u00f5htuseks grillimiseks<\/p>\n<\/li>\n<li data-section-id=\"8l8g74\" data-start=\"1239\" data-end=\"1320\">\n<p data-start=\"1241\" data-end=\"1320\">Valmis p\u00f6\u00f6rdvarda paigaldamiseks (p\u00f6\u00f6rdvarda s\u00fcsteem m\u00fc\u00fcakse lisavarustusena)<\/p>\n<\/li>\n<li data-section-id=\"1bfkexm\" data-start=\"1321\" data-end=\"1347\">\n<p data-start=\"1323\" data-end=\"1347\">K\u00fcpsetuspind: 2955\u202fcm\u00b2<\/p>\n<\/li>\n<li data-section-id=\"1aclwqv\" data-start=\"1348\" data-end=\"1388\">\n<p data-start=\"1350\" data-end=\"1388\">K\u00fcttekolde siseosa vabak\u00f5rgus: 34\u202fcm<\/p>\n<\/li>\n<li data-section-id=\"156an57\" data-start=\"1389\" data-end=\"1451\">\n<p data-start=\"1391\" data-end=\"1451\">Grilli m\u00f5\u00f5tmed: k\u00f5rgus 134\u202fcm, laius 134\u202fcm, s\u00fcgavus 86\u202fcm<\/p>\n<\/li>\n<li data-section-id=\"1pha6pq\" data-start=\"1452\" data-end=\"1467\">\n<p data-start=\"1454\" data-end=\"1467\">Kaal: 80\u202fkg<\/p>\n<\/li>\n<li data-section-id=\"41whnb\" data-start=\"1468\" data-end=\"1507\">\n<p data-start=\"1470\" data-end=\"1507\">Pelletipunker mahutab 9\u202fkg pelletit<\/p>\n<\/li>\n<li data-section-id=\"seb39w\" data-start=\"1508\" data-end=\"1545\">\n<p data-start=\"1510\" data-end=\"1545\">Grillil kehtib 3-aastane garantii<\/p>\n<\/li>\n<\/ul>\n<table class=\"woocommerce-product-attributes shop_attributes\" aria-label=\"Inform\u0101cija par produktu\">\n<tbody>\n<tr class=\"woocommerce-product-attributes-item woocommerce-product-attributes-item--weight\">\n<th class=\"woocommerce-product-attributes-item__label\" scope=\"row\">Svars<\/th>\n<td class=\"woocommerce-product-attributes-item__value\">80 kg<\/td>\n<\/tr>\n<tr class=\"woocommerce-product-attributes-item woocommerce-product-attributes-item--dimensions\">\n<th class=\"woocommerce-product-attributes-item__label\" scope=\"row\">Pakendi m\u00f5\u00f5tmed<\/th>\n<td class=\"woocommerce-product-attributes-item__value\">122 \u00d7 69 \u00d7 140 cm<\/td>\n<\/tr>\n<\/tbody>\n<\/table>\n<p><iframe loading=\"lazy\" title=\"Introducing GMG&#039;s Prime 2.0\" width=\"500\" height=\"281\" src=\"https:\/\/www.youtube.com\/embed\/Vlw35sNk08U?feature=oembed\" frameborder=\"0\" allow=\"accelerometer; autoplay; clipboard-write; encrypted-media; gyroscope; picture-in-picture; web-share\" referrerpolicy=\"strict-origin-when-cross-origin\" allowfullscreen><\/iframe><\/p>\n<p>&nbsp;<\/p>\n<p data-start=\"0\" data-end=\"249\">Green Mountain Grills (GMG) on kaubam\u00e4rk, mis iseloomustab end kui\u00a0<strong data-start=\"67\" data-end=\"143\">innovatiivset, kvaliteetset ja kasutajas\u00f5bralikku pelletgrillide tootjat<\/strong>, keskendudes nii kodu- kui ka harrastusgrillijate kogemusele. Siin on peamised iseloomustavad omadused:<\/p>\n<ul data-start=\"251\" data-end=\"1407\">\n<li data-section-id=\"1xhz8db\" data-start=\"251\" data-end=\"399\">\n<p data-start=\"253\" data-end=\"399\"><strong data-start=\"253\" data-end=\"284\">Tehnoloogiline innovatsioon<\/strong>\u00a0\u2013 GMG grillid on WiFi ja nutirakendustega juhitavad, v\u00f5imaldades t\u00e4pset temperatuuri kontrolli ja kaugj\u00e4lgimist.<\/p>\n<\/li>\n<li data-section-id=\"17154mo\" data-start=\"400\" data-end=\"641\">\n<p data-start=\"402\" data-end=\"641\"><strong data-start=\"402\" data-end=\"418\">Daudzveid\u012bba<\/strong>\u00a0\u2013 pelletigrillid v\u00f5imaldavad k\u00fcpsetada, suitsutada, grillida ja r\u00f6stitud toitu valmistada \u00fches seadmes. GMG tooted on modulaarse disainiga (RACKT\u2122 s\u00fcsteem), et lisada erinevaid riiuleid ja tarvikuid vastavalt vajadusele.<\/p>\n<\/li>\n<li data-section-id=\"krzxsh\" data-start=\"642\" data-end=\"814\">\n<p data-start=\"644\" data-end=\"814\"><strong data-start=\"644\" data-end=\"667\">Kasutajas\u00f5bralikkus<\/strong>\u00a0\u2013 intuitiivsed juhtpaneelid, automaatsed temperatuuriandurid (Sense-Mate), kiire ettevalmistus ja lihtne puhastamine teevad grillimise mugavaks.<\/p>\n<\/li>\n<li data-section-id=\"1fwf4wf\" data-start=\"815\" data-end=\"985\">\n<p data-start=\"817\" data-end=\"985\"><strong data-start=\"817\" data-end=\"848\">Tippkvaliteet ja t\u00f6\u00f6kindlus<\/strong>\u00a0\u2013 vastupidav konstruktsioon, roostevabast terasest grillpinnad, t\u00f6\u00f6kindlad tiguajamid ja turvalised s\u00fcsteemid pelletite etteandmiseks.<\/p>\n<\/li>\n<li data-section-id=\"9h35me\" data-start=\"986\" data-end=\"1132\">\n<p data-start=\"988\" data-end=\"1132\"><strong data-start=\"988\" data-end=\"1007\">Premium kogemus<\/strong>\u00a0\u2013 GMG pakub toidule autentset suitsumaitset, s\u00e4ilitades samal ajal k\u00f5rge grillimiskiiruse, mis on sarnane gaasigrillidele.<\/p>\n<\/li>\n<li data-section-id=\"29o9zs\" data-start=\"1133\" data-end=\"1275\">\n<p data-start=\"1135\" data-end=\"1275\"><strong data-start=\"1135\" data-end=\"1177\">Keskkonnas\u00f5bralikkus ja energiat\u00f5husus<\/strong>\u00a0\u2013 pelletid on taastuvk\u00fctus, grillid tarbivad minimaalselt elektrit ja v\u00e4hendavad rasvap\u00f5lemist.<\/p>\n<\/li>\n<li data-section-id=\"1jhny14\" data-start=\"1276\" data-end=\"1407\">\n<p data-start=\"1278\" data-end=\"1407\"><strong data-start=\"1278\" data-end=\"1296\">Kliendikesksus<\/strong>\u00a0\u2013 garantii, lisatarvikute valik ja nutirakendused, mis muudavad grillimise kogemuse paindlikuks ja l\u00f5busaks.<\/p>\n<\/li>\n<\/ul>\n<p data-start=\"1409\" data-end=\"1570\">Kokkuv\u00f5ttes v\u00f5ib \u00f6elda, et\u00a0<strong data-start=\"1436\" data-end=\"1508\">GMG br\u00e4nd t\u00e4histab \u201ctarku, efektiivseid ja nauditavaid pelletgrille\u201d<\/strong>, kus tehnoloogia ja traditsiooniline suitsumaitse kohtuvad.<\/p>","protected":false},"excerpt":{"rendered":"<p><strong>GMG = Green Mountain Grills<\/strong><\/p>\n<p data-start=\"67\" data-end=\"370\">L\u00e4bi WiFi\u00a0 juhitav, <strong>kahte voolupinget kasutav (220V ja12V)<\/strong> unikaalne pelletgrill. Saad \u00fchendada kas otse vooluv\u00f5rku, vajadusel ka auto sigaris\u00fc\u00fctajasse v\u00f5i akupanka.<\/p>\n<p data-start=\"67\" data-end=\"370\">Grillil on integreeritud digitaalne juhtpaneel, mida saab WiFi kaudu juhtida. Paari minutiga on grill k\u00fcpsetusvalmis. Sense-Mate temperatuuriandur j\u00e4lgib nii toidu kui ka \u00fcmbritsevat temperatuuri \u2013 k\u00fclmemal ilmaga aktiveerub andur automaatselt turbore\u017eiim, mis kiirendab grillimise temperatuuri t\u00f5usu.<\/p>\n<p data-start=\"372\" data-end=\"658\">K\u00f5rge k\u00fcpsetuskamber v\u00f5imaldab k\u00fcpsetada kana, kalkunit ja ribisid p\u00fcsti. Pellet tagab alati kerge suitsumaitse, samas ei j\u00e4\u00e4 grillimise kiirus palju alla gaasigrillile. Unikaalne ventilaatoris\u00fcsteem tekitab k\u00fcttekoldesse \u00fcler\u00f5hu, v\u00e4ltides pelletite tagasip\u00f5lemist spiraalajami kaudu.<\/p>\n<p data-start=\"660\" data-end=\"901\">Suur, roostevabast terasest kaheosaline grillpind v\u00f5imaldab korraga k\u00fcpsetada erinevaid toidugruppe. Kaasasoleva sondi abil saab reaalajas j\u00e4lgida toidu sisetemperatuuri. Toekas alusraam kummiratastega v\u00f5imaldab grillit lihtsalt liigutada.<\/p>\n<p data-start=\"903\" data-end=\"1117\">Lihtne hooldus: allatilkuv rasv kogutakse kalduoleva alusplaadi abil kokku ja juhitakse k\u00fcljes oleva rasvakogumise topsi. Rasv ei tilgu p\u00f5letitele, mis v\u00e4hendab suitsu ja tagab tervislikuma toiduvalmistamise.<\/p>\n<p data-start=\"1152\" data-end=\"1368\"><a href=\"https:\/\/tammetorubbq.ee\/wp-content\/uploads\/2026\/03\/GMG-logo.svg\"><img loading=\"lazy\" decoding=\"async\" class=\"alignnone wp-image-6108\" src=\"https:\/\/tammetorubbq.ee\/wp-content\/uploads\/2026\/03\/GMG-logo.svg\" alt=\"\" width=\"244\" height=\"152\" \/><\/a><\/p>\n<p><a href=\"https:\/\/tammetorubbq.ee\/lv\/maksajiet-velak\/\"><strong>P\u0112RCIET TAGAD, MAKS\u0100JIET V\u0112L\u0100K<\/strong><\/a>\u00a0- bez procentiem!<\/p>\n<p><img loading=\"lazy\" decoding=\"async\" class=\"alignnone wp-image-2646\" src=\"http:\/\/tammetorubbq.ee\/wp-content\/uploads\/2023\/12\/inbank-wordmark.png\" alt=\"Inbank\" width=\"167\" height=\"75\" srcset=\"https:\/\/tammetorubbq.ee\/wp-content\/uploads\/2023\/12\/inbank-wordmark.png 300w, https:\/\/tammetorubbq.ee\/wp-content\/uploads\/2023\/12\/inbank-wordmark-18x8.png 18w, https:\/\/tammetorubbq.ee\/wp-content\/uploads\/2023\/12\/inbank-wordmark-64x29.png 64w\" sizes=\"auto, (max-width: 167px) 100vw, 167px\" \/><\/p>\n<p>M\u0113s pied\u0101v\u0101jam ar\u012b iesp\u0113ju maks\u0101t v\u0113l\u0101k - vien\u0101, div\u0101s vai trij\u0101s vien\u0101d\u0101s da\u013c\u0101s bez procentiem vai papildu maksas.<\/p>\n<p>M\u016bsu iepirkumu groz\u0101 varat atrast da\u017e\u0101das maks\u0101jumu iesp\u0113jas.<\/p>","protected":false},"featured_media":6121,"comment_status":"closed","ping_status":"closed","template":"","meta":{"_uf_show_specific_survey":0,"_uf_disable_surveys":false},"pwb-brand":[351],"product_brand":[],"product_cat":[56],"product_tag":[352,353,135],"class_list":{"0":"post-6120","1":"product","2":"type-product","3":"status-publish","4":"has-post-thumbnail","6":"pwb-brand-gmg","7":"product_cat-pelletgrillid","8":"product_tag-gmg","9":"product_tag-gmg-pelletgrill","10":"product_tag-pelletgrillid","12":"first","13":"instock","14":"taxable","15":"shipping-taxable","16":"purchasable","17":"product-type-simple"},"brands":[{"id":351,"name":"GMG","slug":"gmg"}],"_links":{"self":[{"href":"https:\/\/tammetorubbq.ee\/lv\/wp-json\/wp\/v2\/product\/6120","targetHints":{"allow":["GET"]}}],"collection":[{"href":"https:\/\/tammetorubbq.ee\/lv\/wp-json\/wp\/v2\/product"}],"about":[{"href":"https:\/\/tammetorubbq.ee\/lv\/wp-json\/wp\/v2\/types\/product"}],"replies":[{"embeddable":true,"href":"https:\/\/tammetorubbq.ee\/lv\/wp-json\/wp\/v2\/comments?post=6120"}],"wp:featuredmedia":[{"embeddable":true,"href":"https:\/\/tammetorubbq.ee\/lv\/wp-json\/wp\/v2\/media\/6121"}],"wp:attachment":[{"href":"https:\/\/tammetorubbq.ee\/lv\/wp-json\/wp\/v2\/media?parent=6120"}],"wp:term":[{"taxonomy":"pwb-brand","embeddable":true,"href":"https:\/\/tammetorubbq.ee\/lv\/wp-json\/wp\/v2\/pwb-brand?post=6120"},{"taxonomy":"product_brand","embeddable":true,"href":"https:\/\/tammetorubbq.ee\/lv\/wp-json\/wp\/v2\/product_brand?post=6120"},{"taxonomy":"product_cat","embeddable":true,"href":"https:\/\/tammetorubbq.ee\/lv\/wp-json\/wp\/v2\/product_cat?post=6120"},{"taxonomy":"product_tag","embeddable":true,"href":"https:\/\/tammetorubbq.ee\/lv\/wp-json\/wp\/v2\/product_tag?post=6120"}],"curies":[{"name":"wp","href":"https:\/\/api.w.org\/{rel}","templated":true}]}}