{"id":615,"date":"2023-12-04T10:59:42","date_gmt":"2023-12-04T08:59:42","guid":{"rendered":"https:\/\/tammetorubbq.ee\/?post_type=product&#038;p=615"},"modified":"2026-04-19T21:00:21","modified_gmt":"2026-04-19T18:00:21","slug":"bbq-barbekju-folija-folija-30m","status":"publish","type":"product","link":"https:\/\/tammetorubbq.ee\/lv\/product-2\/bbq-barbekju-folija-folija-30m\/","title":{"rendered":"BBQ &amp; GRILL 30m folijas p\u0101rpakojums"},"content":{"rendered":"<p class=\"p1\">30 metri vien\u0101 rull\u012b, izklied\u0113t\u0101ja kast\u0113 ar griez\u0113ju<\/p>\n<p class=\"p1\">Folija ir 44 cm plata un 21 mikrona bieza (t. i., \u012bpa\u0161i plata, bieza un iztur\u012bga).<\/p>\n<p class=\"p1\">T\u0101 ir vislab\u0101k\u0101 folija \u0161im darbam, vislab\u0101k\u0101 gril\u0113\u0161anai un vislab\u0101k\u0101 ikdienas lieto\u0161anai virtuv\u0113.<\/p>\n<p class=\"p1\">Augstas kvalit\u0101tes, iztur\u012bgs un karstumiztur\u012bgs.<\/p>","protected":false},"excerpt":{"rendered":"<p class=\"p1\">30 metri vien\u0101 rull\u012b, izklied\u0113t\u0101ja kast\u0113 ar griez\u0113ju<\/p>\n<p class=\"p1\">Folija ir 44 cm plata un 21 mikrona bieza (t. i., \u012bpa\u0161i plata, bieza un iztur\u012bga).<\/p>\n<p class=\"p1\">T\u0101 ir vislab\u0101k\u0101 folija \u0161im darbam, vislab\u0101k\u0101 gril\u0113\u0161anai un vislab\u0101k\u0101 ikdienas lieto\u0161anai virtuv\u0113.<\/p>\n<p class=\"p1\">Augstas kvalit\u0101tes, iztur\u012bgs un karstumiztur\u012bgs.<\/p>","protected":false},"featured_media":616,"comment_status":"open","ping_status":"closed","template":"","meta":{"_uf_show_specific_survey":0,"_uf_disable_surveys":false},"pwb-brand":[],"product_brand":[],"product_cat":[30],"product_tag":[358,134],"class_list":{"0":"post-615","1":"product","2":"type-product","3":"status-publish","4":"has-post-thumbnail","6":"product_cat-grillimise-tarvikud","7":"product_tag-foolium","8":"product_tag-grillimise-tarvikud","10":"first","11":"instock","12":"taxable","13":"shipping-taxable","14":"purchasable","15":"product-type-simple"},"brands":[],"_links":{"self":[{"href":"https:\/\/tammetorubbq.ee\/lv\/wp-json\/wp\/v2\/product\/615","targetHints":{"allow":["GET"]}}],"collection":[{"href":"https:\/\/tammetorubbq.ee\/lv\/wp-json\/wp\/v2\/product"}],"about":[{"href":"https:\/\/tammetorubbq.ee\/lv\/wp-json\/wp\/v2\/types\/product"}],"replies":[{"embeddable":true,"href":"https:\/\/tammetorubbq.ee\/lv\/wp-json\/wp\/v2\/comments?post=615"}],"wp:featuredmedia":[{"embeddable":true,"href":"https:\/\/tammetorubbq.ee\/lv\/wp-json\/wp\/v2\/media\/616"}],"wp:attachment":[{"href":"https:\/\/tammetorubbq.ee\/lv\/wp-json\/wp\/v2\/media?parent=615"}],"wp:term":[{"taxonomy":"pwb-brand","embeddable":true,"href":"https:\/\/tammetorubbq.ee\/lv\/wp-json\/wp\/v2\/pwb-brand?post=615"},{"taxonomy":"product_brand","embeddable":true,"href":"https:\/\/tammetorubbq.ee\/lv\/wp-json\/wp\/v2\/product_brand?post=615"},{"taxonomy":"product_cat","embeddable":true,"href":"https:\/\/tammetorubbq.ee\/lv\/wp-json\/wp\/v2\/product_cat?post=615"},{"taxonomy":"product_tag","embeddable":true,"href":"https:\/\/tammetorubbq.ee\/lv\/wp-json\/wp\/v2\/product_tag?post=615"}],"curies":[{"name":"wp","href":"https:\/\/api.w.org\/{rel}","templated":true}]}}