{"id":6164,"date":"2026-03-23T09:55:08","date_gmt":"2026-03-23T07:55:08","guid":{"rendered":"https:\/\/tammetorubbq.ee\/?post_type=product&#038;p=6164"},"modified":"2026-05-10T01:00:13","modified_gmt":"2026-05-09T22:00:13","slug":"grilltangid-char-griller-44cm","status":"publish","type":"product","link":"https:\/\/tammetorubbq.ee\/lv\/toode\/grilltangid-char-griller-44cm\/","title":{"rendered":"Char-Griller grilltangid"},"content":{"rendered":"","protected":false},"excerpt":{"rendered":"<p data-start=\"105\" data-end=\"310\">Char-Griller vedruga grilltangid on loodud mugavaks ja kindlaks grilltoidu k\u00e4sitsemiseks. T\u00e4nu vedrumehhanismile saad \u00fche k\u00e4ega h\u00f5lpsasti t\u00f5sta, p\u00f6\u00f6rata ja liigutada liha, k\u00f6\u00f6givilju ning muud grillitavat.<\/p>\n<p data-start=\"312\" data-end=\"598\">Tugev roostevabast terasest konstruktsioon tagab tangide vastupidavuse ka intensiivsel kasutamisel. Kummeeritud k\u00e4epide pakub kindlat libisemiskindlat haaret ning aitab kaitsta k\u00e4tt kuumuse eest. Tangidel on ka lukustatav riputusaas, mis muudab hoiustamise lihtsaks ja ruumis\u00e4\u00e4stlikuks.<\/p>\n<h5 data-section-id=\"1064f1e\" data-start=\"534\" data-end=\"550\"><strong>Galven\u0101s iez\u012bmes<\/strong><\/h5>\n<ul data-start=\"614\" data-end=\"822\">\n<li data-section-id=\"zdj4op\" data-start=\"614\" data-end=\"630\">Pikkus 44 cm<\/li>\n<li data-section-id=\"ng1yon\" data-start=\"631\" data-end=\"681\">Vedrumehhanism mugavaks \u00fche k\u00e4ega kasutamiseks<\/li>\n<li data-section-id=\"nw8uye\" data-start=\"682\" data-end=\"733\">Roostevabast terasest vastupidav konstruktsioon<\/li>\n<li data-section-id=\"1gx0q1g\" data-start=\"734\" data-end=\"773\">Libisemiskindel kummeeritud k\u00e4epide<\/li>\n<li data-section-id=\"11nkp0z\" data-start=\"774\" data-end=\"822\">Lukustatav riputusaas mugavaks hoiustamiseks<\/li>\n<\/ul>\n<p><img loading=\"lazy\" decoding=\"async\" class=\"wp-image-1726\" src=\"http:\/\/tammetorubbq.ee\/wp-content\/uploads\/2024\/05\/char-griller_brandmark_1x.png\" alt=\"og\u013cu grilleris\" width=\"131\" height=\"131\" srcset=\"https:\/\/tammetorubbq.ee\/wp-content\/uploads\/2024\/05\/char-griller_brandmark_1x.png 195w, https:\/\/tammetorubbq.ee\/wp-content\/uploads\/2024\/05\/char-griller_brandmark_1x-150x150.png 150w, https:\/\/tammetorubbq.ee\/wp-content\/uploads\/2024\/05\/char-griller_brandmark_1x-12x12.png 12w, https:\/\/tammetorubbq.ee\/wp-content\/uploads\/2024\/05\/char-griller_brandmark_1x-64x64.png 64w\" sizes=\"auto, (max-width: 131px) 100vw, 131px\" \/><\/p>","protected":false},"featured_media":6165,"comment_status":"closed","ping_status":"closed","template":"","meta":{"_uf_show_specific_survey":0,"_uf_disable_surveys":false},"pwb-brand":[95],"product_brand":[],"product_cat":[30],"product_tag":[134,355],"class_list":{"0":"post-6164","1":"product","2":"type-product","3":"status-publish","4":"has-post-thumbnail","6":"pwb-brand-chargriller","7":"product_cat-grillimise-tarvikud","8":"product_tag-grillimise-tarvikud","9":"product_tag-grilltangid","11":"first","12":"instock","13":"taxable","14":"shipping-taxable","15":"purchasable","16":"product-type-simple"},"brands":[{"id":95,"name":"CharGriller","slug":"oglskrejejs"}],"_links":{"self":[{"href":"https:\/\/tammetorubbq.ee\/lv\/wp-json\/wp\/v2\/product\/6164","targetHints":{"allow":["GET"]}}],"collection":[{"href":"https:\/\/tammetorubbq.ee\/lv\/wp-json\/wp\/v2\/product"}],"about":[{"href":"https:\/\/tammetorubbq.ee\/lv\/wp-json\/wp\/v2\/types\/product"}],"replies":[{"embeddable":true,"href":"https:\/\/tammetorubbq.ee\/lv\/wp-json\/wp\/v2\/comments?post=6164"}],"wp:featuredmedia":[{"embeddable":true,"href":"https:\/\/tammetorubbq.ee\/lv\/wp-json\/wp\/v2\/media\/6165"}],"wp:attachment":[{"href":"https:\/\/tammetorubbq.ee\/lv\/wp-json\/wp\/v2\/media?parent=6164"}],"wp:term":[{"taxonomy":"pwb-brand","embeddable":true,"href":"https:\/\/tammetorubbq.ee\/lv\/wp-json\/wp\/v2\/pwb-brand?post=6164"},{"taxonomy":"product_brand","embeddable":true,"href":"https:\/\/tammetorubbq.ee\/lv\/wp-json\/wp\/v2\/product_brand?post=6164"},{"taxonomy":"product_cat","embeddable":true,"href":"https:\/\/tammetorubbq.ee\/lv\/wp-json\/wp\/v2\/product_cat?post=6164"},{"taxonomy":"product_tag","embeddable":true,"href":"https:\/\/tammetorubbq.ee\/lv\/wp-json\/wp\/v2\/product_tag?post=6164"}],"curies":[{"name":"wp","href":"https:\/\/api.w.org\/{rel}","templated":true}]}}