{"id":6182,"date":"2026-03-23T11:31:55","date_gmt":"2026-03-23T09:31:55","guid":{"rendered":"https:\/\/tammetorubbq.ee\/?post_type=product&#038;p=6182"},"modified":"2026-05-10T01:00:12","modified_gmt":"2026-05-09T22:00:12","slug":"napoleon-grillitarvikute-kaheosaline-komplekt","status":"publish","type":"product","link":"https:\/\/tammetorubbq.ee\/lv\/toode\/napoleon-grillitarvikute-kaheosaline-komplekt\/","title":{"rendered":"Napoleon grillitarvikute kaheosaline komplekt"},"content":{"rendered":"<h5 data-start=\"121\" data-end=\"152\"><strong>K\u0101p\u0113c izv\u0113l\u0113ties Napoleon Grill?<\/strong><\/h5>\n<p class=\"\" data-start=\"154\" data-end=\"369\"><strong data-start=\"154\" data-end=\"166\">Napoleons<\/strong>\u00a0ir Kan\u0101d\u0101 b\u0101z\u0113ts \u0123imenes uz\u0146\u0113mums, kas jau vair\u0101kus gadu desmitus izstr\u0101d\u0101 augstas kvalit\u0101tes grilus un \u0101ra virtuves risin\u0101jumus. \u0160is z\u012bmols ir atz\u012bts vis\u0101 pasaul\u0113 par uzticamu, inovat\u012bvu un ilgm\u016b\u017e\u012bgu.<\/p>\n<p class=\"\" data-start=\"371\" data-end=\"751\">Jebkur\u0161\u00a0<strong data-start=\"375\" data-end=\"394\">Napoleon grils<\/strong>\u00a0ir izstr\u0101d\u0101tas t\u0101, lai nodro\u0161in\u0101tu prec\u012bzu siltuma kontroli, iztur\u012bgu konstrukciju un \u0113rtu lieto\u0161anu. Neatkar\u012bgi no t\u0101, vai tas ir kokog\u013cu, g\u0101zes vai granulu grils, Napoleon apvieno m\u016bsdien\u012bgu dizainu ar praktiskiem risin\u0101jumiem: ner\u016bs\u0113jo\u0161\u0101 t\u0113rauda deg\u013ci, \u010duguna grili, JETFIRE\u2122 aizdedzes sist\u0113ma, ACCU-PROBE\u2122 termometrs un vied\u0101s uzglab\u0101\u0161anas iesp\u0113jas ir tikai da\u017ei piem\u0113ri.<\/p>\n<p class=\"\" data-start=\"753\" data-end=\"994\"><strong data-start=\"753\" data-end=\"777\">Napoleon produktu kl\u0101sts<\/strong>\u00a0apmierina visas vajadz\u012bbas - no portat\u012bviem mode\u013ciem l\u012bdz piln\u012bgiem \u0101ra virtuves risin\u0101jumiem. Ja nov\u0113rt\u0113jat uzticam\u012bbu, funkcionalit\u0101ti un iesp\u0113ju gril\u0113t visu gadu, Napoleon ir pareiz\u0101 izv\u0113le.<\/p>","protected":false},"excerpt":{"rendered":"<h5>Grillitangid ja -labidas<\/h5>\n<p data-start=\"110\" data-end=\"409\">Grilli mugavalt ja stiilselt selle 2-osalise Grill Starter t\u00f6\u00f6riistakomplektiga, mis sisaldab k\u00f5iki olulisi grillitarvikuid. Komplekti kuuluvad 3-k\u00fclgne faasitud servaga spaatel, mis v\u00f5imaldab toitu kergesti p\u00f6\u00f6rata ja t\u00f5sta, ning soonilised tangid, mis annavad t\u00e4pse kontrolli toidu k\u00e4sitlemisel.<\/p>\n<p data-start=\"411\" data-end=\"782\">Tangidel on lihtne t\u00f5mba-ja-lukusta ning vabasta mehhanism, mis muudab hoiustamise ja transportimise mugavaks. M\u00f5lemal t\u00f6\u00f6riistal on ergonoomilised libisemiskindlad k\u00e4epidemed, mis tagavad turvalise ja mugava kasutuse. Lisafunktsioonina toimib spaatli riputusava ka pudeliavajana ning m\u00f5lemal t\u00f6\u00f6riistal on riputusaas, et need oleksid grillimise ajal alati k\u00e4eulatuses.<\/p>\n<p data-start=\"784\" data-end=\"889\">See vastupidav, praktiline ja mitmek\u00fclgne komplekt teeb iga grillimiskorra lihtsamaks ja nauditavamaks.<\/p>\n<h3 data-section-id=\"1064f1e\" data-start=\"891\" data-end=\"907\">Galven\u0101s iez\u012bmes<\/h3>\n<ul data-start=\"908\" data-end=\"1303\">\n<li data-section-id=\"1f79ps4\" data-start=\"908\" data-end=\"989\">T\u00f5mba-ja-lukusta mehhanism tangide mugavaks hoiustamiseks ja transportimiseks<\/li>\n<li data-section-id=\"zlalu2\" data-start=\"990\" data-end=\"1054\">3-k\u00fclgne faasitud servaga spaatel lihtsaks toidu p\u00f6\u00f6ramiseks<\/li>\n<li data-section-id=\"p15u9t\" data-start=\"1055\" data-end=\"1101\">Soonilised tangid t\u00e4pseks toiduk\u00e4sitluseks<\/li>\n<li data-section-id=\"1baoft2\" data-start=\"1102\" data-end=\"1173\">Libisemiskindlad ergonoomilised k\u00e4epidemed turvaliseks kasutamiseks<\/li>\n<li data-section-id=\"ldmhxg\" data-start=\"1174\" data-end=\"1256\">Riputusaasad hoiustamiseks ja grillimise ajal t\u00f6\u00f6riistade k\u00e4ep\u00e4rast hoidmiseks<\/li>\n<li data-section-id=\"1aet9vx\" data-start=\"1257\" data-end=\"1303\">Spaatli riputusava toimib ka pudeliavajana<\/li>\n<\/ul>\n<p><img loading=\"lazy\" decoding=\"async\" class=\"wp-image-2098\" src=\"http:\/\/tammetorubbq.ee\/wp-content\/uploads\/2024\/11\/napoleon-gas-grills-logo-vector-1-300x124.png\" alt=\"Napoleon g\u0101zes grili logo vektors\" width=\"174\" height=\"72\" srcset=\"https:\/\/tammetorubbq.ee\/wp-content\/uploads\/2024\/11\/napoleon-gas-grills-logo-vector-1-300x124.png 300w, https:\/\/tammetorubbq.ee\/wp-content\/uploads\/2024\/11\/napoleon-gas-grills-logo-vector-1-768x317.png 768w, https:\/\/tammetorubbq.ee\/wp-content\/uploads\/2024\/11\/napoleon-gas-grills-logo-vector-1-18x7.png 18w, https:\/\/tammetorubbq.ee\/wp-content\/uploads\/2024\/11\/napoleon-gas-grills-logo-vector-1-600x248.png 600w, https:\/\/tammetorubbq.ee\/wp-content\/uploads\/2024\/11\/napoleon-gas-grills-logo-vector-1-64x26.png 64w, https:\/\/tammetorubbq.ee\/wp-content\/uploads\/2024\/11\/napoleon-gas-grills-logo-vector-1.png 847w\" sizes=\"auto, (max-width: 174px) 100vw, 174px\" \/><\/p>","protected":false},"featured_media":6183,"comment_status":"closed","ping_status":"closed","template":"","meta":{"_uf_show_specific_survey":0,"_uf_disable_surveys":false},"pwb-brand":[101],"product_brand":[389],"product_cat":[30],"product_tag":[356,134,355],"class_list":{"0":"post-6182","1":"product","2":"type-product","3":"status-publish","4":"has-post-thumbnail","6":"pwb-brand-napoleon","7":"product_brand-napoleon","8":"product_cat-grillimise-tarvikud","9":"product_tag-grilli-labidas","10":"product_tag-grillimise-tarvikud","11":"product_tag-grilltangid","13":"first","14":"instock","15":"taxable","16":"shipping-taxable","17":"purchasable","18":"product-type-simple"},"brands":[{"id":101,"name":"Napoleons","slug":"napoleon"}],"_links":{"self":[{"href":"https:\/\/tammetorubbq.ee\/lv\/wp-json\/wp\/v2\/product\/6182","targetHints":{"allow":["GET"]}}],"collection":[{"href":"https:\/\/tammetorubbq.ee\/lv\/wp-json\/wp\/v2\/product"}],"about":[{"href":"https:\/\/tammetorubbq.ee\/lv\/wp-json\/wp\/v2\/types\/product"}],"replies":[{"embeddable":true,"href":"https:\/\/tammetorubbq.ee\/lv\/wp-json\/wp\/v2\/comments?post=6182"}],"wp:featuredmedia":[{"embeddable":true,"href":"https:\/\/tammetorubbq.ee\/lv\/wp-json\/wp\/v2\/media\/6183"}],"wp:attachment":[{"href":"https:\/\/tammetorubbq.ee\/lv\/wp-json\/wp\/v2\/media?parent=6182"}],"wp:term":[{"taxonomy":"pwb-brand","embeddable":true,"href":"https:\/\/tammetorubbq.ee\/lv\/wp-json\/wp\/v2\/pwb-brand?post=6182"},{"taxonomy":"product_brand","embeddable":true,"href":"https:\/\/tammetorubbq.ee\/lv\/wp-json\/wp\/v2\/product_brand?post=6182"},{"taxonomy":"product_cat","embeddable":true,"href":"https:\/\/tammetorubbq.ee\/lv\/wp-json\/wp\/v2\/product_cat?post=6182"},{"taxonomy":"product_tag","embeddable":true,"href":"https:\/\/tammetorubbq.ee\/lv\/wp-json\/wp\/v2\/product_tag?post=6182"}],"curies":[{"name":"wp","href":"https:\/\/api.w.org\/{rel}","templated":true}]}}