{"id":6489,"date":"2026-04-08T09:43:18","date_gmt":"2026-04-08T06:43:18","guid":{"rendered":"https:\/\/tammetorubbq.ee\/?post_type=product&#038;p=6489"},"modified":"2026-04-08T15:00:56","modified_gmt":"2026-04-08T12:00:56","slug":"blues-hog-sweet-savory-rub-354g","status":"publish","type":"product","link":"https:\/\/tammetorubbq.ee\/lv\/product-2\/blues-hog-sweet-savory-rub-354g\/","title":{"rendered":"Blues Hog Sweet &#038; Savory Rub 354g"},"content":{"rendered":"<p><strong>Koostisosad:<\/strong>\u00a0Sool, suhkur, v\u00fcrtsid (n\u00e4iteks paprika), pruun suhkur, k\u00fc\u00fcslauk, p\u00e4rmi ekstrakt, sibul, soja\u00f5li, naturaalne hikkorisuitsu maitse.<\/p>\n<p>&nbsp;<\/p>\n<div class=\"wp-playlist wp-video-playlist wp-playlist-light\">\n\t\t<video controls=\"controls\" preload=\"none\" width=\"640\"\n\t\t height=\"360\"\t><\/video>\n\t<div class=\"wp-playlist-next\"><\/div>\n\t<div class=\"wp-playlist-prev\"><\/div>\n\t<noscript>\n\t<ol>\n\t\t<li><a href='https:\/\/tammetorubbq.ee\/wp-content\/uploads\/2024\/02\/7cfec8087cc94e8fb3c437e35d91eaa5.HD-1080p-7.2Mbps-49158460.mp4'>7cfec8087cc94e8fb3c437e35d91eaa5.HD-1080p-7.2Mbps-49158460<\/a><\/li>\t<\/ol>\n\t<\/noscript>\n\t<script type=\"application\/json\" class=\"wp-playlist-script\">{\"type\":\"video\",\"tracklist\":true,\"tracknumbers\":true,\"images\":true,\"artists\":true,\"tracks\":[{\"src\":\"https:\/\/tammetorubbq.ee\/wp-content\/uploads\/2024\/02\/7cfec8087cc94e8fb3c437e35d91eaa5.HD-1080p-7.2Mbps-49158460.mp4\",\"type\":\"video\/mp4\",\"title\":\"7cfec8087cc94e8fb3c437e35d91eaa5.HD-1080p-7.2Mbps-49158460\",\"caption\":\"Blues Hog Sweet & Savory Rub\",\"description\":\"Blues Hog Sweet & Savory Rub\",\"meta\":{\"length_formatted\":\"0:13\"},\"dimensions\":{\"original\":{\"width\":1920,\"height\":1080},\"resized\":{\"width\":640,\"height\":360}},\"image\":{\"src\":\"https:\/\/tammetorubbq.ee\/wp-includes\/images\/media\/video.svg\",\"width\":48,\"height\":64},\"thumb\":{\"src\":\"https:\/\/tammetorubbq.ee\/wp-includes\/images\/media\/video.svg\",\"width\":48,\"height\":64}}]}<\/script>\n<\/div>\n\t\n","protected":false},"excerpt":{"rendered":"<h5 data-start=\"0\" data-end=\"415\"><strong>Iedvesiet uzvar\u0113t\u0101ju gar\u0161u savam b\u0101rbekj\u016b ar Blues Hog Sweet &amp; Savory!<\/strong><\/h5>\n<p data-start=\"0\" data-end=\"415\"><strong data-start=\"0\" data-end=\"38\">Blues Hog sald\u0101 un pikant\u0101 gar\u0161viela<\/strong>\u00a0lieliski apvieno sald\u0101s un d\u016bmakain\u0101s gar\u0161vielas ar maigu pikantumu, radot bag\u0101t\u012bgu gar\u0161u ar katru krauk\u0161\u0137i. \u0160is gar\u0161vielu mais\u012bjums, kas paredz\u0113ts sacens\u012bbu l\u012bme\u0146a BBQ, nodro\u0161ina sp\u0113c\u012bgu un neaizmirstamu gar\u0161as pieredzi. Ide\u0101li piem\u0113rots kr\u016bts ga\u013cai, c\u016bkga\u013cai, ribi\u0146\u0101m, vistas sp\u0101rni\u0146iem vai pat popkornam, lai pie\u0161\u0137irtu gar\u0161vielu un gard\u0113\u017eu filozofiju sav\u0101m uzkod\u0101m.<\/p>\n<p data-start=\"417\" data-end=\"920\">Izgatavots ASV, izmantojot tikai dab\u012bgas un augstas kvalit\u0101tes sast\u0101vda\u013cas, un nesatur lipekli. \u0160im mais\u012bjumam piem\u012bt ikonisk\u0101 gar\u0161a, kurai uzticas BBQ meistari vis\u0101 pasaul\u0113. Ide\u0101li piem\u0113rots gan m\u0101jas pav\u0101riem, gan picmeistariem, izmanto\u0161anai gril\u0113\u0161an\u0101, k\u016bpin\u0101\u0161an\u0101, cep\u0161an\u0101 vai ikdienas \u0113dienu, piem\u0113ram, olu, kartupe\u013cu un d\u0101rze\u0146u, pagatavo\u0161an\u0101. Blues Hog Sweet &amp; Savory ir gar\u0161vielu mais\u012bjums, kas j\u016bsu \u0113dienu gatavo\u0161anu pacels jaun\u0101 l\u012bmen\u012b - no piem\u0101jas griliem l\u012bdz pat liel\u0101m sacens\u012bb\u0101m.<\/p>\n<p data-start=\"922\" data-end=\"1140\"><strong data-start=\"922\" data-end=\"949\">Izv\u0113l\u0113j\u0101s uzvar\u0113t\u0101ji:<\/strong>\u00a0Blues Hog Sweet &amp; Savory pied\u0101v\u0101 maigu, labi sabalans\u0113tu gar\u0161vielu mais\u012bjumu, kas uzlabo katra \u0113diena kvalit\u0101ti. Uzsm\u0113r\u0113jiet, cepiet uz grila un izbaudiet, k\u0101p\u0113c \u0161is mais\u012bjums ir k\u013cuvis par iecien\u012btu gril\u0113\u0161anas kopien\u0101.<\/p>\n<ul data-start=\"1142\" data-end=\"1953\">\n<li data-start=\"1142\" data-end=\"1302\">\n<p data-start=\"1144\" data-end=\"1302\"><strong data-start=\"1144\" data-end=\"1174\">SALDS UN NEDAUDZ PIKANTS:<\/strong>\u00a0Lieliski sabalans\u0113ts saldo gar\u0161vielu un maiga karstuma mais\u012bjums, kas ide\u0101li piem\u0113rots c\u016bkga\u013cai, kr\u016bts ga\u013cai, ribi\u0146\u0101m un vistas ga\u013cai.<\/p>\n<\/li>\n<li data-start=\"1303\" data-end=\"1436\">\n<p data-start=\"1305\" data-end=\"1436\"><strong data-start=\"1305\" data-end=\"1335\">GOURMEE BBQ GAR\u0160VIELU MAIS\u012aJUMS:<\/strong>\u00a0Paaugstiniet \u0113diena gatavo\u0161anas l\u012bmeni, izmantojot sauso berz\u0113jumu, ar kuru j\u016bs ieg\u016bsiet balvas uz grila, k\u016bpin\u0101tav\u0101 vai virtuv\u0113.<\/p>\n<\/li>\n<li data-start=\"1437\" data-end=\"1577\">\n<p data-start=\"1439\" data-end=\"1577\"><strong data-start=\"1439\" data-end=\"1468\">DAB\u012aGS UN NESATUR LIPEKLI:<\/strong>\u00a0Izgatavots no augstas kvalit\u0101tes dab\u012bg\u0101m sast\u0101vda\u013c\u0101m, bez m\u0101ksl\u012bg\u0101m piedev\u0101m un pildviel\u0101m.<\/p>\n<\/li>\n<li data-start=\"1578\" data-end=\"1748\">\n<p data-start=\"1580\" data-end=\"1748\"><strong data-start=\"1580\" data-end=\"1604\">\u013bOTI DAUDZPUS\u012aGS:<\/strong>\u00a0Lieliski der uz c\u016bkga\u013cas, m\u0101jputnu ga\u013cas, kr\u016btsgriezuma, garnel\u0113m, ziv\u012bm, kabobiem, d\u0101rze\u0146iem, fr\u012b kartupe\u013ciem un pat popkorna.<\/p>\n<\/li>\n<li data-start=\"1749\" data-end=\"1875\">\n<p data-start=\"1751\" data-end=\"1875\"><strong data-start=\"1751\" data-end=\"1773\">GODALGOTA GAR\u0160A:<\/strong>\u00a0K\u0101 da\u013ca no Blues Hog s\u0113rijas \"\u010cempionu izv\u0113le\", ko izmanto BBQ komandas no visas valsts.<\/p>\n<\/li>\n<li data-start=\"1876\" data-end=\"1953\">\n<p data-start=\"1878\" data-end=\"1953\"><strong data-start=\"1878\" data-end=\"1900\">RA\u017dOTS ASV:<\/strong>\u00a0Lieliska kvalit\u0101te un gar\u0161a, par ko varat b\u016bt dro\u0161i<\/p>\n<\/li>\n<\/ul>\n<p data-start=\"1955\" data-end=\"2025\" data-is-last-node=\"\" data-is-only-node=\"\">\n<p><img loading=\"lazy\" decoding=\"async\" class=\"alignnone wp-image-3462\" src=\"http:\/\/tammetorubbq.ee\/wp-content\/uploads\/2024\/02\/BH_Logo_2022-300x280.avif\" alt=\"\" width=\"129\" height=\"120\" srcset=\"https:\/\/tammetorubbq.ee\/wp-content\/uploads\/2024\/02\/BH_Logo_2022-300x280.avif 300w, https:\/\/tammetorubbq.ee\/wp-content\/uploads\/2024\/02\/BH_Logo_2022-13x12.avif 13w, https:\/\/tammetorubbq.ee\/wp-content\/uploads\/2024\/02\/BH_Logo_2022-64x60.avif 64w, https:\/\/tammetorubbq.ee\/wp-content\/uploads\/2024\/02\/BH_Logo_2022.avif 322w\" sizes=\"auto, (max-width: 129px) 100vw, 129px\" \/><img loading=\"lazy\" decoding=\"async\" class=\"alignnone  wp-image-1333\" src=\"http:\/\/tammetorubbq.ee\/wp-content\/uploads\/2024\/02\/Sweet-Savory-Seasoning.png\" alt=\"\" width=\"190\" height=\"103\" srcset=\"https:\/\/tammetorubbq.ee\/wp-content\/uploads\/2024\/02\/Sweet-Savory-Seasoning.png 291w, https:\/\/tammetorubbq.ee\/wp-content\/uploads\/2024\/02\/Sweet-Savory-Seasoning-18x10.png 18w, https:\/\/tammetorubbq.ee\/wp-content\/uploads\/2024\/02\/Sweet-Savory-Seasoning-64x35.png 64w\" sizes=\"auto, (max-width: 190px) 100vw, 190px\" \/><\/p>","protected":false},"featured_media":6491,"comment_status":"closed","ping_status":"closed","template":"","meta":{"_uf_show_specific_survey":0,"_uf_disable_surveys":false},"pwb-brand":[74],"product_brand":[],"product_cat":[21],"product_tag":[331,376,377,118,159,121,120,178,166,114,122],"class_list":{"0":"post-6489","1":"product","2":"type-product","3":"status-publish","4":"has-post-thumbnail","6":"pwb-brand-blues-hog","7":"product_cat-maitseainesegud","8":"product_tag-blues-hog","9":"product_tag-blues-hog-rub","10":"product_tag-blues-hog-sweet-savory","11":"product_tag-kanaliha","12":"product_tag-kanatiivad","13":"product_tag-koogiviljad","14":"product_tag-mereannid","15":"product_tag-popkorn","16":"product_tag-rebitudliha","17":"product_tag-sealiha","18":"product_tag-searibi","20":"first","21":"instock","22":"taxable","23":"shipping-taxable","24":"purchasable","25":"product-type-simple"},"brands":[{"id":74,"name":"Blues Hog","slug":"blues-hog"}],"_links":{"self":[{"href":"https:\/\/tammetorubbq.ee\/lv\/wp-json\/wp\/v2\/product\/6489","targetHints":{"allow":["GET"]}}],"collection":[{"href":"https:\/\/tammetorubbq.ee\/lv\/wp-json\/wp\/v2\/product"}],"about":[{"href":"https:\/\/tammetorubbq.ee\/lv\/wp-json\/wp\/v2\/types\/product"}],"replies":[{"embeddable":true,"href":"https:\/\/tammetorubbq.ee\/lv\/wp-json\/wp\/v2\/comments?post=6489"}],"wp:featuredmedia":[{"embeddable":true,"href":"https:\/\/tammetorubbq.ee\/lv\/wp-json\/wp\/v2\/media\/6491"}],"wp:attachment":[{"href":"https:\/\/tammetorubbq.ee\/lv\/wp-json\/wp\/v2\/media?parent=6489"}],"wp:term":[{"taxonomy":"pwb-brand","embeddable":true,"href":"https:\/\/tammetorubbq.ee\/lv\/wp-json\/wp\/v2\/pwb-brand?post=6489"},{"taxonomy":"product_brand","embeddable":true,"href":"https:\/\/tammetorubbq.ee\/lv\/wp-json\/wp\/v2\/product_brand?post=6489"},{"taxonomy":"product_cat","embeddable":true,"href":"https:\/\/tammetorubbq.ee\/lv\/wp-json\/wp\/v2\/product_cat?post=6489"},{"taxonomy":"product_tag","embeddable":true,"href":"https:\/\/tammetorubbq.ee\/lv\/wp-json\/wp\/v2\/product_tag?post=6489"}],"curies":[{"name":"wp","href":"https:\/\/api.w.org\/{rel}","templated":true}]}}